{"id":5519,"date":"2017-06-21T17:11:23","date_gmt":"2017-06-21T21:11:23","guid":{"rendered":"https:\/\/al-anon.org\/membres\/contributions\/membres-al-anon\/"},"modified":"2025-03-12T15:41:15","modified_gmt":"2025-03-12T19:41:15","slug":"membres-al-anon","status":"publish","type":"page","link":"https:\/\/al-anon.org\/fr\/contributions\/membres-al-anon\/","title":{"rendered":"Membres Al-Anon"},"content":{"rendered":"<div class=\"fusion-fullwidth fullwidth-box fusion-builder-row-1 nonhundred-percent-fullwidth non-hundred-percent-height-scrolling\" style=\"--awb-border-radius-top-left:0px;--awb-border-radius-top-right:0px;--awb-border-radius-bottom-right:0px;--awb-border-radius-bottom-left:0px;--awb-padding-top:20px;--awb-padding-bottom:20px;--awb-flex-wrap:wrap;\" ><div class=\"fusion-builder-row fusion-row\"><div class=\"fusion-layout-column fusion_builder_column fusion-builder-column-0 fusion_builder_column_1_1 1_1 fusion-one-full fusion-column-first fusion-column-last\" style=\"--awb-bg-size:cover;\"><div class=\"fusion-column-wrapper fusion-flex-column-wrapper-legacy\"><div class=\"fusion-title title fusion-title-1 fusion-sep-none fusion-title-center fusion-title-text fusion-title-size-two\" style=\"--awb-margin-top-small:0px;--awb-margin-right-small:0px;--awb-margin-bottom-small:20px;--awb-margin-left-small:0px;\"><h2 class=\"fusion-title-heading title-heading-center fusion-responsive-typography-calculated\" style=\"margin:0;--fontSize:35;line-height:1.29;\"><h2>Faire une contribution au Bureau des Services Mondiaux d\u2019Al-Anon<\/h2><\/h2><\/div><div class=\"fusion-text fusion-text-1\"><p style=\"text-align: center;\">Un membre Al-Anon peut faire une contribution au Bureau des Services Mondiaux en utilisant les m\u00e9thodes suivantes:<\/p>\n<\/div><div class=\"fusion-sep-clear\"><\/div><div class=\"fusion-separator fusion-full-width-sep\" style=\"margin-left: auto;margin-right: auto;margin-top:20px;margin-bottom:20px;width:100%;\"><\/div><div class=\"fusion-sep-clear\"><\/div><div class=\"fusion-clearfix\"><\/div><\/div><\/div><div class=\"fusion-layout-column fusion_builder_column fusion-builder-column-1 fusion_builder_column_1_1 1_1 fusion-one-full fusion-column-first fusion-column-last\" style=\"--awb-bg-size:cover;\"><div class=\"fusion-column-wrapper fusion-flex-column-wrapper-legacy\"><div class=\"fusion-sep-clear\"><\/div><div class=\"fusion-separator fusion-full-width-sep\" style=\"margin-left: auto;margin-right: auto;margin-top:5px;margin-bottom:5px;width:100%;\"><\/div><div class=\"fusion-sep-clear\"><\/div><div class=\"fusion-text fusion-text-2\"><p><a href=\"https:\/\/ecomm.al-anon.org\/FR\/Contributions\/FR\/RiSE\/Contributions\/Donate_00_Landing.aspx\"><strong>Contributions en ligne<\/strong><\/a>: Les membres peuvent pr\u00e9ciser si leur contribution unique est une contribution du groupe, d\u2019appel, d\u2019anniversaire, comm\u00e9morative, ou individuelle. Un re\u00e7u sera envoy\u00e9 par la poste au donateur en reconnaissant leur cadeau aupr\u00e8s du Bureau des Services Mondiaux. Les membres peuvent \u00e9galement acheter de la documentation Al-Anon ou un abonnement au magazine <em>The Forum<\/em> lorsqu\u2019ils visitent ce site.<\/p>\n<\/div><div class=\"fusion-button-wrapper fusion-aligncenter\"><a class=\"fusion-button button-flat fusion-button-default-size button-default fusion-button-default button-1 fusion-button-span-no fusion-button-default-type\" style=\"--button-border-radius-top-left:25px;--button-border-radius-top-right:25px;--button-border-radius-bottom-right:25px;--button-border-radius-bottom-left:25px;\" target=\"_blank\" rel=\"noopener noreferrer\" href=\"https:\/\/ecomm.al-anon.org\/FR\/Contributions\/FR\/RiSE\/Contributions\/Donate_00_Landing.aspx\"><i class=\"fa-play fas awb-button__icon awb-button__icon--default button-icon-left\" aria-hidden=\"true\"><\/i><span class=\"fusion-button-text awb-button__text awb-button__text--default\">Contributions par carte de cr\u00e9dit<\/span><\/a><\/div><div class=\"fusion-sep-clear\"><\/div><div class=\"fusion-separator fusion-full-width-sep\" style=\"margin-left: auto;margin-right: auto;margin-top:20px;margin-bottom:20px;width:100%;\"><\/div><div class=\"fusion-sep-clear\"><\/div><div class=\"fusion-sep-clear\"><\/div><div class=\"fusion-separator fusion-full-width-sep\" style=\"margin-left: auto;margin-right: auto;margin-top:5px;margin-bottom:10px;width:100%;\"><div class=\"fusion-separator-border sep-single sep-solid\" style=\"--awb-height:20px;--awb-amount:20px;--awb-sep-color:var(--awb-custom13);border-color:var(--awb-custom13);border-top-width:5px;\"><\/div><\/div><div class=\"fusion-sep-clear\"><\/div><div class=\"fusion-text fusion-text-3\"><p><strong><a href=\"https:\/\/www.paypal.com\/cgi-bin\/webscr?cmd=_s-xclick&amp;hosted_button_id=EYRKTWF8GN58W\">PayPal<\/a><\/strong>: Les membres peuvent faire une contribution individuelle unique ou arranger une traite bancaire mensuelle. Dans les quelques minutes suivant l\u2019envoi de chaque contribution provenant de votre carte de cr\u00e9dit\/de d\u00e9bit, ou de votre compte bancaire, un re\u00e7u \u00e9lectronique vous sera envoy\u00e9. Il n\u2019est pas n\u00e9cessaire d\u2019avoir un compte Paypal pour faire une contribution unique; toutefois, un compte Paypal est requis pour arranger des contributions p\u00e9riodiques. Bien que ce portail de paiement soit compatible avec PayPal, Al-Anon n\u2019a aucune affiliation avec PayPal ou aucun autre fournisseur de service \u00e9lectronique.<\/p>\n<\/div><div class=\"fusion-image-element fusion-image-align-center in-legacy-container\" style=\"text-align:center;--awb-caption-title-font-family:var(--h2_typography-font-family);--awb-caption-title-font-weight:var(--h2_typography-font-weight);--awb-caption-title-font-style:var(--h2_typography-font-style);--awb-caption-title-size:var(--h2_typography-font-size);--awb-caption-title-transform:var(--h2_typography-text-transform);--awb-caption-title-line-height:var(--h2_typography-line-height);--awb-caption-title-letter-spacing:var(--h2_typography-letter-spacing);\"><div class=\"imageframe-align-center\"><span class=\" fusion-imageframe imageframe-none imageframe-1 hover-type-none\"><a class=\"fusion-no-lightbox\" href=\"https:\/\/www.paypal.com\/cgi-bin\/webscr?cmd=_s-xclick&amp;hosted_button_id=EYRKTWF8GN58W&amp;source=url\" target=\"_self\" aria-label=\"PayPalLogoFr\"><img decoding=\"async\" width=\"300\" height=\"70\" src=\"\/wp-content\/uploads\/PayPalLogoFr-300x70.jpg\" alt class=\"img-responsive wp-image-24169\" srcset=\"https:\/\/al-anon.org\/wp-content\/uploads\/PayPalLogoFr-200x47.jpg 200w, https:\/\/al-anon.org\/wp-content\/uploads\/PayPalLogoFr.jpg 300w\" sizes=\"(max-width: 950px) 100vw, 300px\" \/><\/a><\/span><\/div><\/div><div class=\"fusion-sep-clear\"><\/div><div class=\"fusion-separator fusion-full-width-sep\" style=\"margin-left: auto;margin-right: auto;margin-top:20px;margin-bottom:20px;width:100%;\"><\/div><div class=\"fusion-sep-clear\"><\/div><div class=\"fusion-text fusion-text-4\"><p><strong>Courrier<\/strong> : Les ch\u00e8ques ou mandats-poste \u00e0 l\u2019ordre de AFG Inc sont envoy\u00e9s \u00e0 :<\/p>\n<p style=\"margin: 0in; margin-bottom: .0001pt;\"><span style=\"font-family: 'Georgia',serif; color: #333333;\">AFG Inc.<\/span><\/p>\n<p style=\"margin: 0in; margin-bottom: .0001pt; font-variant-ligatures: normal; font-variant-caps: normal; orphans: 2; text-align: start; widows: 2; -webkit-text-stroke-width: 0px; text-decoration-style: initial; text-decoration-color: initial; word-spacing: 0px;\"><span style=\"font-family: 'Georgia',serif; color: #333333;\">1600 Corporate Landing Parkway<\/span><\/p>\n<p style=\"margin: 0in; margin-bottom: .0001pt; font-variant-ligatures: normal; font-variant-caps: normal; orphans: 2; text-align: start; widows: 2; -webkit-text-stroke-width: 0px; text-decoration-style: initial; text-decoration-color: initial; word-spacing: 0px;\"><span style=\"font-family: 'Georgia',serif; color: #333333;\">Virginia Beach, VA 23454<\/span><\/p>\n<p>Si vous faites une contribution pour le groupe, pri\u00e8re de fournir le nom du groupe ou son num\u00e9ro d\u2019identification avec votre paiement. Un re\u00e7u vous sera envoy\u00e9 \u00e0 l\u2019adresse indiqu\u00e9e.<\/p>\n<p>***Les contributions peuvent \u00eatre exempt\u00e9es d\u2019imp\u00f4ts aux \u00c9tats-Unis et au Canada. Veuillez consulter le <a href=\"\/fr\/pour-les-membres\/ressources-pour-les-membres\/manuels-et-directives\/manuel-de-service\/\"><em>Manuel de Service<\/em><\/a> pour savoir la limite des contributions.<\/p>\n<\/div><div class=\"fusion-clearfix\"><\/div><\/div><\/div><\/div><\/div>\n","protected":false},"excerpt":{"rendered":"","protected":false},"author":36,"featured_media":0,"parent":5513,"menu_order":0,"comment_status":"closed","ping_status":"closed","template":"","meta":{"footnotes":""},"class_list":["post-5519","page","type-page","status-publish","hentry"],"yoast_head":"<!-- This site is optimized with the Yoast SEO plugin v27.5 - https:\/\/yoast.com\/product\/yoast-seo-wordpress\/ -->\n<title>Membres Al-Anon - Al-Anon Family Groups<\/title>\n<meta name=\"robots\" content=\"noindex, nofollow\" \/>\n<meta property=\"og:locale\" content=\"fr_FR\" \/>\n<meta property=\"og:type\" content=\"article\" \/>\n<meta property=\"og:title\" content=\"Membres Al-Anon - Al-Anon Family Groups\" \/>\n<meta property=\"og:url\" content=\"https:\/\/al-anon.org\/fr\/contributions\/membres-al-anon\/\" \/>\n<meta property=\"og:site_name\" content=\"Al-Anon Family Groups\" \/>\n<meta property=\"article:publisher\" content=\"http:\/\/www.facebook.com\/AlAnonFamilyGroupsWSO\" \/>\n<meta property=\"article:modified_time\" content=\"2025-03-12T19:41:15+00:00\" \/>\n<meta name=\"twitter:card\" content=\"summary_large_image\" \/>\n<meta name=\"twitter:site\" content=\"@AlAnon_WSO\" \/>\n<meta name=\"twitter:label1\" content=\"Dur\u00e9e de lecture estim\u00e9e\" \/>\n\t<meta name=\"twitter:data1\" content=\"2 minutes\" \/>\n<script type=\"application\/ld+json\" class=\"yoast-schema-graph\">{\"@context\":\"https:\\\/\\\/schema.org\",\"@graph\":[{\"@type\":\"WebPage\",\"@id\":\"https:\\\/\\\/al-anon.org\\\/fr\\\/contributions\\\/membres-al-anon\\\/\",\"url\":\"https:\\\/\\\/al-anon.org\\\/fr\\\/contributions\\\/membres-al-anon\\\/\",\"name\":\"Membres Al-Anon - Al-Anon Family Groups\",\"isPartOf\":{\"@id\":\"https:\\\/\\\/al-anon.org\\\/fr\\\/#website\"},\"datePublished\":\"2017-06-21T21:11:23+00:00\",\"dateModified\":\"2025-03-12T19:41:15+00:00\",\"breadcrumb\":{\"@id\":\"https:\\\/\\\/al-anon.org\\\/fr\\\/contributions\\\/membres-al-anon\\\/#breadcrumb\"},\"inLanguage\":\"fr-FR\",\"potentialAction\":[{\"@type\":\"ReadAction\",\"target\":[\"https:\\\/\\\/al-anon.org\\\/fr\\\/contributions\\\/membres-al-anon\\\/\"]}]},{\"@type\":\"BreadcrumbList\",\"@id\":\"https:\\\/\\\/al-anon.org\\\/fr\\\/contributions\\\/membres-al-anon\\\/#breadcrumb\",\"itemListElement\":[{\"@type\":\"ListItem\",\"position\":1,\"name\":\"Contributions\",\"item\":\"https:\\\/\\\/al-anon.org\\\/fr\\\/contributions\\\/\"},{\"@type\":\"ListItem\",\"position\":2,\"name\":\"Membres Al-Anon\"}]},{\"@type\":\"WebSite\",\"@id\":\"https:\\\/\\\/al-anon.org\\\/fr\\\/#website\",\"url\":\"https:\\\/\\\/al-anon.org\\\/fr\\\/\",\"name\":\"Al-Anon Family Groups\",\"description\":\"Help and hope for families and friends of alcoholics\",\"publisher\":{\"@id\":\"https:\\\/\\\/al-anon.org\\\/fr\\\/#organization\"},\"potentialAction\":[{\"@type\":\"SearchAction\",\"target\":{\"@type\":\"EntryPoint\",\"urlTemplate\":\"https:\\\/\\\/al-anon.org\\\/fr\\\/?s={search_term_string}\"},\"query-input\":{\"@type\":\"PropertyValueSpecification\",\"valueRequired\":true,\"valueName\":\"search_term_string\"}}],\"inLanguage\":\"fr-FR\"},{\"@type\":\"Organization\",\"@id\":\"https:\\\/\\\/al-anon.org\\\/fr\\\/#organization\",\"name\":\"Al-Anon Family Group Headquarters, Inc.\",\"url\":\"https:\\\/\\\/al-anon.org\\\/fr\\\/\",\"logo\":{\"@type\":\"ImageObject\",\"inLanguage\":\"fr-FR\",\"@id\":\"https:\\\/\\\/al-anon.org\\\/fr\\\/#\\\/schema\\\/logo\\\/image\\\/\",\"url\":\"https:\\\/\\\/al-anon.org\\\/wp-content\\\/uploads\\\/2017\\\/04\\\/AFGlogo-e1492189694634.jpg\",\"contentUrl\":\"https:\\\/\\\/al-anon.org\\\/wp-content\\\/uploads\\\/2017\\\/04\\\/AFGlogo-e1492189694634.jpg\",\"width\":167,\"height\":50,\"caption\":\"Al-Anon Family Group Headquarters, Inc.\"},\"image\":{\"@id\":\"https:\\\/\\\/al-anon.org\\\/fr\\\/#\\\/schema\\\/logo\\\/image\\\/\"},\"sameAs\":[\"http:\\\/\\\/www.facebook.com\\\/AlAnonFamilyGroupsWSO\",\"https:\\\/\\\/x.com\\\/AlAnon_WSO\",\"http:\\\/\\\/www.instagram.com\\\/alanon_wso\",\"https:\\\/\\\/www.linkedin.com\\\/company\\\/al-anon-wso\\\/\",\"https:\\\/\\\/www.youtube.com\\\/user\\\/AlAnonFamilyGroupHQ\\\/\"]}]}<\/script>\n<!-- \/ Yoast SEO plugin. -->","yoast_head_json":{"title":"Membres Al-Anon - Al-Anon Family Groups","robots":{"index":"noindex","follow":"nofollow"},"og_locale":"fr_FR","og_type":"article","og_title":"Membres Al-Anon - Al-Anon Family Groups","og_url":"https:\/\/al-anon.org\/fr\/contributions\/membres-al-anon\/","og_site_name":"Al-Anon Family Groups","article_publisher":"http:\/\/www.facebook.com\/AlAnonFamilyGroupsWSO","article_modified_time":"2025-03-12T19:41:15+00:00","twitter_card":"summary_large_image","twitter_site":"@AlAnon_WSO","twitter_misc":{"Dur\u00e9e de lecture estim\u00e9e":"2 minutes"},"schema":{"@context":"https:\/\/schema.org","@graph":[{"@type":"WebPage","@id":"https:\/\/al-anon.org\/fr\/contributions\/membres-al-anon\/","url":"https:\/\/al-anon.org\/fr\/contributions\/membres-al-anon\/","name":"Membres Al-Anon - Al-Anon Family Groups","isPartOf":{"@id":"https:\/\/al-anon.org\/fr\/#website"},"datePublished":"2017-06-21T21:11:23+00:00","dateModified":"2025-03-12T19:41:15+00:00","breadcrumb":{"@id":"https:\/\/al-anon.org\/fr\/contributions\/membres-al-anon\/#breadcrumb"},"inLanguage":"fr-FR","potentialAction":[{"@type":"ReadAction","target":["https:\/\/al-anon.org\/fr\/contributions\/membres-al-anon\/"]}]},{"@type":"BreadcrumbList","@id":"https:\/\/al-anon.org\/fr\/contributions\/membres-al-anon\/#breadcrumb","itemListElement":[{"@type":"ListItem","position":1,"name":"Contributions","item":"https:\/\/al-anon.org\/fr\/contributions\/"},{"@type":"ListItem","position":2,"name":"Membres Al-Anon"}]},{"@type":"WebSite","@id":"https:\/\/al-anon.org\/fr\/#website","url":"https:\/\/al-anon.org\/fr\/","name":"Al-Anon Family Groups","description":"Help and hope for families and friends of alcoholics","publisher":{"@id":"https:\/\/al-anon.org\/fr\/#organization"},"potentialAction":[{"@type":"SearchAction","target":{"@type":"EntryPoint","urlTemplate":"https:\/\/al-anon.org\/fr\/?s={search_term_string}"},"query-input":{"@type":"PropertyValueSpecification","valueRequired":true,"valueName":"search_term_string"}}],"inLanguage":"fr-FR"},{"@type":"Organization","@id":"https:\/\/al-anon.org\/fr\/#organization","name":"Al-Anon Family Group Headquarters, Inc.","url":"https:\/\/al-anon.org\/fr\/","logo":{"@type":"ImageObject","inLanguage":"fr-FR","@id":"https:\/\/al-anon.org\/fr\/#\/schema\/logo\/image\/","url":"https:\/\/al-anon.org\/wp-content\/uploads\/2017\/04\/AFGlogo-e1492189694634.jpg","contentUrl":"https:\/\/al-anon.org\/wp-content\/uploads\/2017\/04\/AFGlogo-e1492189694634.jpg","width":167,"height":50,"caption":"Al-Anon Family Group Headquarters, Inc."},"image":{"@id":"https:\/\/al-anon.org\/fr\/#\/schema\/logo\/image\/"},"sameAs":["http:\/\/www.facebook.com\/AlAnonFamilyGroupsWSO","https:\/\/x.com\/AlAnon_WSO","http:\/\/www.instagram.com\/alanon_wso","https:\/\/www.linkedin.com\/company\/al-anon-wso\/","https:\/\/www.youtube.com\/user\/AlAnonFamilyGroupHQ\/"]}]}},"_links":{"self":[{"href":"https:\/\/al-anon.org\/fr\/wp-json\/wp\/v2\/pages\/5519","targetHints":{"allow":["GET"]}}],"collection":[{"href":"https:\/\/al-anon.org\/fr\/wp-json\/wp\/v2\/pages"}],"about":[{"href":"https:\/\/al-anon.org\/fr\/wp-json\/wp\/v2\/types\/page"}],"author":[{"embeddable":true,"href":"https:\/\/al-anon.org\/fr\/wp-json\/wp\/v2\/users\/36"}],"replies":[{"embeddable":true,"href":"https:\/\/al-anon.org\/fr\/wp-json\/wp\/v2\/comments?post=5519"}],"version-history":[{"count":23,"href":"https:\/\/al-anon.org\/fr\/wp-json\/wp\/v2\/pages\/5519\/revisions"}],"predecessor-version":[{"id":44755,"href":"https:\/\/al-anon.org\/fr\/wp-json\/wp\/v2\/pages\/5519\/revisions\/44755"}],"up":[{"embeddable":true,"href":"https:\/\/al-anon.org\/fr\/wp-json\/wp\/v2\/pages\/5513"}],"wp:attachment":[{"href":"https:\/\/al-anon.org\/fr\/wp-json\/wp\/v2\/media?parent=5519"}],"curies":[{"name":"wp","href":"https:\/\/api.w.org\/{rel}","templated":true}]}}