{"id":5266,"date":"2017-06-19T12:56:51","date_gmt":"2017-06-19T16:56:51","guid":{"rendered":"https:\/\/al-anon.org\/decouvrez-si-al-anonalateen-peut-vous-aider\/"},"modified":"2017-07-27T09:27:56","modified_gmt":"2017-07-27T13:27:56","slug":"decouvrez-si-al-anonalateen-peut-vous-aider","status":"publish","type":"page","link":"https:\/\/al-anon.org\/fr\/nouveaux-venus\/decouvrez-si-al-anonalateen-peut-vous-aider\/","title":{"rendered":"D\u00e9couvrez si Al-Anon\/Alateen peut vous aider"},"content":{"rendered":"<div class=\"fusion-fullwidth fullwidth-box fusion-builder-row-1 nonhundred-percent-fullwidth non-hundred-percent-height-scrolling\" style=\"--awb-background-position:left top;--awb-border-radius-top-left:0px;--awb-border-radius-top-right:0px;--awb-border-radius-bottom-right:0px;--awb-border-radius-bottom-left:0px;--awb-padding-top:20px;--awb-padding-bottom:20px;--awb-border-sizes-top:0px;--awb-border-sizes-bottom:0px;--awb-flex-wrap:wrap;\" ><div class=\"fusion-builder-row fusion-row\"><div class=\"fusion-layout-column fusion_builder_column fusion-builder-column-0 fusion_builder_column_1_1 1_1 fusion-one-full fusion-column-first fusion-column-last\" style=\"--awb-bg-size:cover;\"><div class=\"fusion-column-wrapper fusion-flex-column-wrapper-legacy\"><div class=\"fusion-title title fusion-title-1 fusion-sep-none fusion-title-center fusion-title-text fusion-title-size-two\" style=\"--awb-margin-top-small:0px;--awb-margin-right-small:0px;--awb-margin-bottom-small:20px;--awb-margin-left-small:0px;\"><h2 class=\"fusion-title-heading title-heading-center fusion-responsive-typography-calculated\" style=\"margin:0;--fontSize:35;line-height:1.29;\"><h2>Votre vie a-t-elle \u00e9t\u00e9 affect\u00e9e par la consommation d\u2019alcool d\u2019une autre personne?<\/h2><\/h2><\/div><div class=\"fusion-clearfix\"><\/div><\/div><\/div><div class=\"fusion-layout-column fusion_builder_column fusion-builder-column-1 fusion_builder_column_1_1 1_1 fusion-one-full fusion-column-first fusion-column-last\" style=\"--awb-bg-size:cover;\"><div class=\"fusion-column-wrapper fusion-flex-column-wrapper-legacy\"><div class=\"fusion-text fusion-text-1\"><p>Si une personne de votre entourage, tel qu\u2019un membre de votre famille, un ami, un coll\u00e8gue de travail ou un voisin a \u2013 ou a eu \u2013 un probl\u00e8me de consommation d\u2019alcool, Al\u2011Anon peut vous aider.<\/p>\n<p><strong data-redactor-tag=\"strong\">Nous offrons ces trois questionnaires d\u2019auto\u00e9valuation tout simples afin de vous aider \u00e0 d\u00e9terminer si Al\u2011Anon peut vous aider :<\/strong><\/p>\n<ol>\n<li>Pour les <strong data-redactor-tag=\"strong\">adultes <\/strong> qui ont \u00e9t\u00e9 affect\u00e9s par la consommation d\u2019alcool d\u2019une autre personne<\/li>\n<li>Pour les\u00a0<strong data-redactor-tag=\"strong\">adultes qui ont grandi dans le contexte de <\/strong>l\u2019alcoolisme et \u00e9t\u00e9 affect\u00e9s par la consommation d\u2019alcool d\u2019une autre personne<\/li>\n<li>Pour les <strong data-redactor-tag=\"strong\">adolescents <\/strong> qui ont \u00e9t\u00e9 affect\u00e9s par la consommation d\u2019alcool d\u2019une autre personne<\/li>\n<\/ol>\n<p>Les questions dans ces questionnaires n\u2019ont pas pour but de juger qui que ce soit ou d\u2019imposer une \u00e9tiquette aux personnes qui comptent pour nous. Elles ont simplement pour but de vous aider \u00e0 d\u00e9terminer si Al\u2011Anon ou Alateen peut vous aider.<\/p>\n<\/div><div class=\"fusion-clearfix\"><\/div><\/div><\/div><div class=\"fusion-layout-column fusion_builder_column fusion-builder-column-2 fusion_builder_column_1_4 1_4 fusion-one-fourth fusion-column-first\" style=\"--awb-padding-bottom:10px;--awb-bg-size:cover;width:25%;width:calc(25% - ( ( 4% + 4% ) * 0.25 ) );margin-right: 4%;\"><div class=\"fusion-column-wrapper fusion-flex-column-wrapper-legacy\"><div class=\"fusion-button-wrapper fusion-aligncenter\"><a class=\"fusion-button button-flat fusion-button-default-size button-default fusion-button-default button-1 fusion-button-span-no fusion-button-default-type\" style=\"--button-border-radius-top-left:25px;--button-border-radius-top-right:25px;--button-border-radius-bottom-right:25px;--button-border-radius-bottom-left:25px;\" target=\"_blank\" rel=\"noopener noreferrer\" href=\"\/fr\/nouveaux-venus\/decouvrez-si-al-anonalateen-peut-vous-aider\/questionnaire-pour-les-adultes\/\"><span class=\"fusion-button-text awb-button__text awb-button__text--default\">Adultes<\/span><\/a><\/div><div class=\"fusion-clearfix\"><\/div><\/div><\/div><div class=\"fusion-layout-column fusion_builder_column fusion-builder-column-3 fusion_builder_column_1_2 1_2 fusion-one-half\" style=\"--awb-padding-bottom:10px;--awb-bg-size:cover;width:50%;width:calc(50% - ( ( 4% + 4% ) * 0.5 ) );margin-right: 4%;\"><div class=\"fusion-column-wrapper fusion-flex-column-wrapper-legacy\"><div class=\"fusion-button-wrapper fusion-aligncenter\"><a class=\"fusion-button button-flat fusion-button-default-size button-default fusion-button-default button-2 fusion-button-span-no fusion-button-default-type\" style=\"--button-border-radius-top-left:25px;--button-border-radius-top-right:25px;--button-border-radius-bottom-right:25px;--button-border-radius-bottom-left:25px;\" target=\"_blank\" rel=\"noopener noreferrer\" href=\"\/fr\/nouveaux-venus\/decouvrez-si-al-anonalateen-peut-vous-aider\/avez-vous-grandi-aupres-dun-buveur-probleme\/\"><span class=\"fusion-button-text awb-button__text awb-button__text--default\">Adultes ayant grandi aupr\u00e8s d\u2019une personne alcoolique<\/span><\/a><\/div><div class=\"fusion-clearfix\"><\/div><\/div><\/div><div class=\"fusion-layout-column fusion_builder_column fusion-builder-column-4 fusion_builder_column_1_4 1_4 fusion-one-fourth fusion-column-last\" style=\"--awb-bg-size:cover;width:25%;width:calc(25% - ( ( 4% + 4% ) * 0.25 ) );\"><div class=\"fusion-column-wrapper fusion-flex-column-wrapper-legacy\"><div class=\"fusion-button-wrapper fusion-aligncenter\"><a class=\"fusion-button button-flat fusion-button-default-size button-default fusion-button-default button-3 fusion-button-span-no fusion-button-default-type\" style=\"--button-border-radius-top-left:25px;--button-border-radius-top-right:25px;--button-border-radius-bottom-right:25px;--button-border-radius-bottom-left:25px;\" target=\"_blank\" rel=\"noopener noreferrer\" href=\"\/fr\/nouveaux-venus\/decouvrez-si-al-anonalateen-peut-vous-aider\/questionnaire-pour-les-adolescents\/\"><span class=\"fusion-button-text awb-button__text awb-button__text--default\">Adolescents<\/span><\/a><\/div><div class=\"fusion-clearfix\"><\/div><\/div><\/div><\/div><\/div>\n","protected":false},"excerpt":{"rendered":"","protected":false},"author":36,"featured_media":20759,"parent":5537,"menu_order":2,"comment_status":"closed","ping_status":"closed","template":"","meta":{"footnotes":""},"class_list":["post-5266","page","type-page","status-publish","has-post-thumbnail","hentry"],"yoast_head":"<!-- This site is optimized with the Yoast SEO plugin v27.4 - https:\/\/yoast.com\/product\/yoast-seo-wordpress\/ -->\n<title>20 Question Quiz pour toute personne affect\u00e9e par un alcoolique | R\u00e9unions: 888-425-2666 | Groupes Familiaux Al-Anon<\/title>\n<meta name=\"description\" content=\"Al-Anon peut vous aider. Al-Anon peut vous aider. Al-Anon peut vous aider.\" \/>\n<meta name=\"robots\" content=\"index, follow, max-snippet:-1, max-image-preview:large, max-video-preview:-1\" \/>\n<link rel=\"canonical\" href=\"https:\/\/al-anon.org\/fr\/nouveaux-venus\/decouvrez-si-al-anonalateen-peut-vous-aider\/\" \/>\n<meta property=\"og:locale\" content=\"fr_FR\" \/>\n<meta property=\"og:type\" content=\"article\" \/>\n<meta property=\"og:title\" content=\"20 Question Quiz pour toute personne affect\u00e9e par un alcoolique | R\u00e9unions: 888-425-2666 | Groupes Familiaux Al-Anon\" \/>\n<meta property=\"og:description\" content=\"Al-Anon peut vous aider. Al-Anon peut vous aider. Al-Anon peut vous aider.\" \/>\n<meta property=\"og:url\" content=\"https:\/\/al-anon.org\/fr\/nouveaux-venus\/decouvrez-si-al-anonalateen-peut-vous-aider\/\" \/>\n<meta property=\"og:site_name\" content=\"Al-Anon Family Groups\" \/>\n<meta property=\"article:publisher\" content=\"http:\/\/www.facebook.com\/AlAnonFamilyGroupsWSO\" \/>\n<meta property=\"article:modified_time\" content=\"2017-07-27T13:27:56+00:00\" \/>\n<meta property=\"og:image\" content=\"https:\/\/al-anon.org\/wp-content\/uploads\/is_for_you-1.jpg\" \/>\n\t<meta property=\"og:image:width\" content=\"1200\" \/>\n\t<meta property=\"og:image:height\" content=\"450\" \/>\n\t<meta property=\"og:image:type\" content=\"image\/jpeg\" \/>\n<meta name=\"twitter:card\" content=\"summary_large_image\" \/>\n<meta name=\"twitter:site\" content=\"@AlAnon_WSO\" \/>\n<meta name=\"twitter:label1\" content=\"Dur\u00e9e de lecture estim\u00e9e\" \/>\n\t<meta name=\"twitter:data1\" content=\"4 minutes\" \/>\n<script type=\"application\/ld+json\" class=\"yoast-schema-graph\">{\"@context\":\"https:\\\/\\\/schema.org\",\"@graph\":[{\"@type\":\"WebPage\",\"@id\":\"https:\\\/\\\/al-anon.org\\\/fr\\\/nouveaux-venus\\\/decouvrez-si-al-anonalateen-peut-vous-aider\\\/\",\"url\":\"https:\\\/\\\/al-anon.org\\\/fr\\\/nouveaux-venus\\\/decouvrez-si-al-anonalateen-peut-vous-aider\\\/\",\"name\":\"20 Question Quiz pour toute personne affect\u00e9e par un alcoolique | R\u00e9unions: 888-425-2666 | Groupes Familiaux Al-Anon\",\"isPartOf\":{\"@id\":\"https:\\\/\\\/al-anon.org\\\/fr\\\/#website\"},\"primaryImageOfPage\":{\"@id\":\"https:\\\/\\\/al-anon.org\\\/fr\\\/nouveaux-venus\\\/decouvrez-si-al-anonalateen-peut-vous-aider\\\/#primaryimage\"},\"image\":{\"@id\":\"https:\\\/\\\/al-anon.org\\\/fr\\\/nouveaux-venus\\\/decouvrez-si-al-anonalateen-peut-vous-aider\\\/#primaryimage\"},\"thumbnailUrl\":\"https:\\\/\\\/al-anon.org\\\/wp-content\\\/uploads\\\/is_for_you-1.jpg\",\"datePublished\":\"2017-06-19T16:56:51+00:00\",\"dateModified\":\"2017-07-27T13:27:56+00:00\",\"description\":\"Al-Anon peut vous aider. Al-Anon peut vous aider. Al-Anon peut vous aider.\",\"breadcrumb\":{\"@id\":\"https:\\\/\\\/al-anon.org\\\/fr\\\/nouveaux-venus\\\/decouvrez-si-al-anonalateen-peut-vous-aider\\\/#breadcrumb\"},\"inLanguage\":\"fr-FR\",\"potentialAction\":[{\"@type\":\"ReadAction\",\"target\":[\"https:\\\/\\\/al-anon.org\\\/fr\\\/nouveaux-venus\\\/decouvrez-si-al-anonalateen-peut-vous-aider\\\/\"]}]},{\"@type\":\"ImageObject\",\"inLanguage\":\"fr-FR\",\"@id\":\"https:\\\/\\\/al-anon.org\\\/fr\\\/nouveaux-venus\\\/decouvrez-si-al-anonalateen-peut-vous-aider\\\/#primaryimage\",\"url\":\"https:\\\/\\\/al-anon.org\\\/wp-content\\\/uploads\\\/is_for_you-1.jpg\",\"contentUrl\":\"https:\\\/\\\/al-anon.org\\\/wp-content\\\/uploads\\\/is_for_you-1.jpg\",\"width\":1200,\"height\":450},{\"@type\":\"BreadcrumbList\",\"@id\":\"https:\\\/\\\/al-anon.org\\\/fr\\\/nouveaux-venus\\\/decouvrez-si-al-anonalateen-peut-vous-aider\\\/#breadcrumb\",\"itemListElement\":[{\"@type\":\"ListItem\",\"position\":1,\"name\":\"Nouveaux venus\",\"item\":\"https:\\\/\\\/al-anon.org\\\/fr\\\/nouveaux-venus\\\/\"},{\"@type\":\"ListItem\",\"position\":2,\"name\":\"D\u00e9couvrez si Al-Anon\\\/Alateen peut vous aider\"}]},{\"@type\":\"WebSite\",\"@id\":\"https:\\\/\\\/al-anon.org\\\/fr\\\/#website\",\"url\":\"https:\\\/\\\/al-anon.org\\\/fr\\\/\",\"name\":\"Al-Anon Family Groups\",\"description\":\"Help and hope for families and friends of alcoholics\",\"publisher\":{\"@id\":\"https:\\\/\\\/al-anon.org\\\/fr\\\/#organization\"},\"potentialAction\":[{\"@type\":\"SearchAction\",\"target\":{\"@type\":\"EntryPoint\",\"urlTemplate\":\"https:\\\/\\\/al-anon.org\\\/fr\\\/?s={search_term_string}\"},\"query-input\":{\"@type\":\"PropertyValueSpecification\",\"valueRequired\":true,\"valueName\":\"search_term_string\"}}],\"inLanguage\":\"fr-FR\"},{\"@type\":\"Organization\",\"@id\":\"https:\\\/\\\/al-anon.org\\\/fr\\\/#organization\",\"name\":\"Al-Anon Family Group Headquarters, Inc.\",\"url\":\"https:\\\/\\\/al-anon.org\\\/fr\\\/\",\"logo\":{\"@type\":\"ImageObject\",\"inLanguage\":\"fr-FR\",\"@id\":\"https:\\\/\\\/al-anon.org\\\/fr\\\/#\\\/schema\\\/logo\\\/image\\\/\",\"url\":\"https:\\\/\\\/al-anon.org\\\/wp-content\\\/uploads\\\/2017\\\/04\\\/AFGlogo-e1492189694634.jpg\",\"contentUrl\":\"https:\\\/\\\/al-anon.org\\\/wp-content\\\/uploads\\\/2017\\\/04\\\/AFGlogo-e1492189694634.jpg\",\"width\":167,\"height\":50,\"caption\":\"Al-Anon Family Group Headquarters, Inc.\"},\"image\":{\"@id\":\"https:\\\/\\\/al-anon.org\\\/fr\\\/#\\\/schema\\\/logo\\\/image\\\/\"},\"sameAs\":[\"http:\\\/\\\/www.facebook.com\\\/AlAnonFamilyGroupsWSO\",\"https:\\\/\\\/x.com\\\/AlAnon_WSO\",\"http:\\\/\\\/www.instagram.com\\\/alanon_wso\",\"https:\\\/\\\/www.linkedin.com\\\/company\\\/al-anon-wso\\\/\",\"https:\\\/\\\/www.youtube.com\\\/user\\\/AlAnonFamilyGroupHQ\\\/\"]}]}<\/script>\n<!-- \/ Yoast SEO plugin. -->","yoast_head_json":{"title":"20 Question Quiz pour toute personne affect\u00e9e par un alcoolique | R\u00e9unions: 888-425-2666 | Groupes Familiaux Al-Anon","description":"Al-Anon peut vous aider. Al-Anon peut vous aider. Al-Anon peut vous aider.","robots":{"index":"index","follow":"follow","max-snippet":"max-snippet:-1","max-image-preview":"max-image-preview:large","max-video-preview":"max-video-preview:-1"},"canonical":"https:\/\/al-anon.org\/fr\/nouveaux-venus\/decouvrez-si-al-anonalateen-peut-vous-aider\/","og_locale":"fr_FR","og_type":"article","og_title":"20 Question Quiz pour toute personne affect\u00e9e par un alcoolique | R\u00e9unions: 888-425-2666 | Groupes Familiaux Al-Anon","og_description":"Al-Anon peut vous aider. Al-Anon peut vous aider. Al-Anon peut vous aider.","og_url":"https:\/\/al-anon.org\/fr\/nouveaux-venus\/decouvrez-si-al-anonalateen-peut-vous-aider\/","og_site_name":"Al-Anon Family Groups","article_publisher":"http:\/\/www.facebook.com\/AlAnonFamilyGroupsWSO","article_modified_time":"2017-07-27T13:27:56+00:00","og_image":[{"width":1200,"height":450,"url":"https:\/\/al-anon.org\/wp-content\/uploads\/is_for_you-1.jpg","type":"image\/jpeg"}],"twitter_card":"summary_large_image","twitter_site":"@AlAnon_WSO","twitter_misc":{"Dur\u00e9e de lecture estim\u00e9e":"4 minutes"},"schema":{"@context":"https:\/\/schema.org","@graph":[{"@type":"WebPage","@id":"https:\/\/al-anon.org\/fr\/nouveaux-venus\/decouvrez-si-al-anonalateen-peut-vous-aider\/","url":"https:\/\/al-anon.org\/fr\/nouveaux-venus\/decouvrez-si-al-anonalateen-peut-vous-aider\/","name":"20 Question Quiz pour toute personne affect\u00e9e par un alcoolique | R\u00e9unions: 888-425-2666 | Groupes Familiaux Al-Anon","isPartOf":{"@id":"https:\/\/al-anon.org\/fr\/#website"},"primaryImageOfPage":{"@id":"https:\/\/al-anon.org\/fr\/nouveaux-venus\/decouvrez-si-al-anonalateen-peut-vous-aider\/#primaryimage"},"image":{"@id":"https:\/\/al-anon.org\/fr\/nouveaux-venus\/decouvrez-si-al-anonalateen-peut-vous-aider\/#primaryimage"},"thumbnailUrl":"https:\/\/al-anon.org\/wp-content\/uploads\/is_for_you-1.jpg","datePublished":"2017-06-19T16:56:51+00:00","dateModified":"2017-07-27T13:27:56+00:00","description":"Al-Anon peut vous aider. Al-Anon peut vous aider. Al-Anon peut vous aider.","breadcrumb":{"@id":"https:\/\/al-anon.org\/fr\/nouveaux-venus\/decouvrez-si-al-anonalateen-peut-vous-aider\/#breadcrumb"},"inLanguage":"fr-FR","potentialAction":[{"@type":"ReadAction","target":["https:\/\/al-anon.org\/fr\/nouveaux-venus\/decouvrez-si-al-anonalateen-peut-vous-aider\/"]}]},{"@type":"ImageObject","inLanguage":"fr-FR","@id":"https:\/\/al-anon.org\/fr\/nouveaux-venus\/decouvrez-si-al-anonalateen-peut-vous-aider\/#primaryimage","url":"https:\/\/al-anon.org\/wp-content\/uploads\/is_for_you-1.jpg","contentUrl":"https:\/\/al-anon.org\/wp-content\/uploads\/is_for_you-1.jpg","width":1200,"height":450},{"@type":"BreadcrumbList","@id":"https:\/\/al-anon.org\/fr\/nouveaux-venus\/decouvrez-si-al-anonalateen-peut-vous-aider\/#breadcrumb","itemListElement":[{"@type":"ListItem","position":1,"name":"Nouveaux venus","item":"https:\/\/al-anon.org\/fr\/nouveaux-venus\/"},{"@type":"ListItem","position":2,"name":"D\u00e9couvrez si Al-Anon\/Alateen peut vous aider"}]},{"@type":"WebSite","@id":"https:\/\/al-anon.org\/fr\/#website","url":"https:\/\/al-anon.org\/fr\/","name":"Al-Anon Family Groups","description":"Help and hope for families and friends of alcoholics","publisher":{"@id":"https:\/\/al-anon.org\/fr\/#organization"},"potentialAction":[{"@type":"SearchAction","target":{"@type":"EntryPoint","urlTemplate":"https:\/\/al-anon.org\/fr\/?s={search_term_string}"},"query-input":{"@type":"PropertyValueSpecification","valueRequired":true,"valueName":"search_term_string"}}],"inLanguage":"fr-FR"},{"@type":"Organization","@id":"https:\/\/al-anon.org\/fr\/#organization","name":"Al-Anon Family Group Headquarters, Inc.","url":"https:\/\/al-anon.org\/fr\/","logo":{"@type":"ImageObject","inLanguage":"fr-FR","@id":"https:\/\/al-anon.org\/fr\/#\/schema\/logo\/image\/","url":"https:\/\/al-anon.org\/wp-content\/uploads\/2017\/04\/AFGlogo-e1492189694634.jpg","contentUrl":"https:\/\/al-anon.org\/wp-content\/uploads\/2017\/04\/AFGlogo-e1492189694634.jpg","width":167,"height":50,"caption":"Al-Anon Family Group Headquarters, Inc."},"image":{"@id":"https:\/\/al-anon.org\/fr\/#\/schema\/logo\/image\/"},"sameAs":["http:\/\/www.facebook.com\/AlAnonFamilyGroupsWSO","https:\/\/x.com\/AlAnon_WSO","http:\/\/www.instagram.com\/alanon_wso","https:\/\/www.linkedin.com\/company\/al-anon-wso\/","https:\/\/www.youtube.com\/user\/AlAnonFamilyGroupHQ\/"]}]}},"_links":{"self":[{"href":"https:\/\/al-anon.org\/fr\/wp-json\/wp\/v2\/pages\/5266","targetHints":{"allow":["GET"]}}],"collection":[{"href":"https:\/\/al-anon.org\/fr\/wp-json\/wp\/v2\/pages"}],"about":[{"href":"https:\/\/al-anon.org\/fr\/wp-json\/wp\/v2\/types\/page"}],"author":[{"embeddable":true,"href":"https:\/\/al-anon.org\/fr\/wp-json\/wp\/v2\/users\/36"}],"replies":[{"embeddable":true,"href":"https:\/\/al-anon.org\/fr\/wp-json\/wp\/v2\/comments?post=5266"}],"version-history":[{"count":0,"href":"https:\/\/al-anon.org\/fr\/wp-json\/wp\/v2\/pages\/5266\/revisions"}],"up":[{"embeddable":true,"href":"https:\/\/al-anon.org\/fr\/wp-json\/wp\/v2\/pages\/5537"}],"wp:featuredmedia":[{"embeddable":true,"href":"https:\/\/al-anon.org\/fr\/wp-json\/wp\/v2\/media\/20759"}],"wp:attachment":[{"href":"https:\/\/al-anon.org\/fr\/wp-json\/wp\/v2\/media?parent=5266"}],"curies":[{"name":"wp","href":"https:\/\/api.w.org\/{rel}","templated":true}]}}