{"id":5261,"date":"2017-06-19T12:31:09","date_gmt":"2017-06-19T16:31:09","guid":{"rendered":"https:\/\/al-anon.org\/contactez-nous\/"},"modified":"2024-11-06T16:50:33","modified_gmt":"2024-11-06T21:50:33","slug":"contactez-nous","status":"publish","type":"page","link":"https:\/\/al-anon.org\/fr\/contactez-nous\/","title":{"rendered":"Contactez-nous"},"content":{"rendered":"<div class=\"fusion-fullwidth fullwidth-box fusion-builder-row-1 nonhundred-percent-fullwidth non-hundred-percent-height-scrolling\" style=\"--awb-background-position:left top;--awb-border-sizes-top:0px;--awb-border-sizes-bottom:0px;--awb-border-sizes-left:0px;--awb-border-sizes-right:0px;--awb-border-radius-top-left:0px;--awb-border-radius-top-right:0px;--awb-border-radius-bottom-right:0px;--awb-border-radius-bottom-left:0px;--awb-padding-top:20px;--awb-padding-right:15%;--awb-padding-bottom:20px;--awb-padding-left:15%;--awb-flex-wrap:wrap;\" ><div class=\"fusion-builder-row fusion-row\"><div class=\"fusion-layout-column fusion_builder_column fusion-builder-column-0 fusion_builder_column_1_5 1_5 fusion-one-fifth fusion-column-first\" style=\"--awb-bg-size:cover;width:16.8%; margin-right: 4%;\"><div class=\"fusion-column-wrapper fusion-flex-column-wrapper-legacy\"><div class=\"fusion-image-element in-legacy-container\" style=\"--awb-caption-title-font-family:var(--h2_typography-font-family);--awb-caption-title-font-weight:var(--h2_typography-font-weight);--awb-caption-title-font-style:var(--h2_typography-font-style);--awb-caption-title-size:var(--h2_typography-font-size);--awb-caption-title-transform:var(--h2_typography-text-transform);--awb-caption-title-line-height:var(--h2_typography-line-height);--awb-caption-title-letter-spacing:var(--h2_typography-letter-spacing);\"><span class=\" fusion-imageframe imageframe-none imageframe-1 hover-type-none\"><img decoding=\"async\" width=\"100\" height=\"80\" title=\"Al-Anon Contact\" src=\"https:\/\/al-anon.org\/wp-content\/uploads\/2016\/07\/Al-Anon-Contact.jpg\" alt class=\"img-responsive wp-image-2507\"\/><\/span><\/div><div class=\"fusion-clearfix\"><\/div><\/div><\/div><div class=\"fusion-layout-column fusion_builder_column fusion-builder-column-1 fusion_builder_column_4_5 4_5 fusion-four-fifth fusion-column-last\" style=\"--awb-bg-size:cover;width:79.2%;\"><div class=\"fusion-column-wrapper fusion-flex-column-wrapper-legacy\"><div class=\"fusion-text fusion-text-1\"><h3>Contacter les Groupes Familiaux Al-Anon<\/h3>\n<\/div><div class=\"fusion-text fusion-text-2\"><h4>Information concernant les r\u00e9unions: 1-888-4AL-ANON (1-888-425-2666)<\/h4>\n<\/div><div class=\"fusion-text fusion-text-3\"><p><strong>Al-Anon Family Group Headquarters, Inc.<\/strong><br \/>1600 Corporate Landing Parkway<br \/>Virginia Beach, Virginia 23454-5617<br \/>USA<\/p>\n<p>T\u00e9l\u00e9phone: (757) 563-1600<br \/>T\u00e9l\u00e9copieur: (757) 563-1655<\/p>\n<\/div><div class=\"fusion-text fusion-text-4\"><p><strong>Al-Anon Family Group Headquarters (Canada), Inc.<\/strong><\/p>\n<p>222 Queen Street, Suite 1000<br \/>Ottawa, Ontario, K1P 5V9<br \/>Canada<\/p>\n<p>T\u00e9l\u00e9phone: (613) 723-8484<\/p>\n<p>Courriel:\u00a0<a href=\"mailto:wso@al-anon.org\">wso@al-anon.org<\/a><\/p>\n<\/div><div class=\"fusion-clearfix\"><\/div><\/div><\/div><\/div><\/div>\n","protected":false},"excerpt":{"rendered":"","protected":false},"author":36,"featured_media":3478,"parent":0,"menu_order":11,"comment_status":"closed","ping_status":"closed","template":"","meta":{"footnotes":""},"class_list":["post-5261","page","type-page","status-publish","has-post-thumbnail","hentry"],"yoast_head":"<!-- This site is optimized with the Yoast SEO plugin v27.4 - https:\/\/yoast.com\/product\/yoast-seo-wordpress\/ -->\n<title>Contactez-nous - Al-Anon Family Groups<\/title>\n<meta name=\"description\" content=\"\u00cates-vous pr\u00e9occup\u00e9 par la consommation excessive d&#039;alcool d&#039;une autre personne? Vous n&#039;\u00eates pas seul. Al-Anon et Alateen peuvent vous aider. Pour obtenir des renseignements sur les r\u00e9unions, composez le 1-888-4AL-ANON (1-888-425-2666)\" \/>\n<meta name=\"robots\" content=\"index, follow, max-snippet:-1, max-image-preview:large, max-video-preview:-1\" \/>\n<link rel=\"canonical\" href=\"https:\/\/al-anon.org\/fr\/contactez-nous\/\" \/>\n<meta property=\"og:locale\" content=\"fr_FR\" \/>\n<meta property=\"og:type\" content=\"article\" \/>\n<meta property=\"og:title\" content=\"Contactez-nous - Al-Anon Family Groups\" \/>\n<meta property=\"og:description\" content=\"\u00cates-vous pr\u00e9occup\u00e9 par la consommation excessive d&#039;alcool d&#039;une autre personne? Vous n&#039;\u00eates pas seul. Al-Anon et Alateen peuvent vous aider. Pour obtenir des renseignements sur les r\u00e9unions, composez le 1-888-4AL-ANON (1-888-425-2666)\" \/>\n<meta property=\"og:url\" content=\"https:\/\/al-anon.org\/fr\/contactez-nous\/\" \/>\n<meta property=\"og:site_name\" content=\"Al-Anon Family Groups\" \/>\n<meta property=\"article:publisher\" content=\"http:\/\/www.facebook.com\/AlAnonFamilyGroupsWSO\" \/>\n<meta property=\"article:modified_time\" content=\"2024-11-06T21:50:33+00:00\" \/>\n<meta property=\"og:image\" content=\"https:\/\/al-anon.org\/wp-content\/uploads\/2017\/03\/contact_us.jpg\" \/>\n\t<meta property=\"og:image:width\" content=\"1360\" \/>\n\t<meta property=\"og:image:height\" content=\"589\" \/>\n\t<meta property=\"og:image:type\" content=\"image\/jpeg\" \/>\n<meta name=\"twitter:card\" content=\"summary_large_image\" \/>\n<meta name=\"twitter:site\" content=\"@AlAnon_WSO\" \/>\n<meta name=\"twitter:label1\" content=\"Dur\u00e9e de lecture estim\u00e9e\" \/>\n\t<meta name=\"twitter:data1\" content=\"1 minute\" \/>\n<script type=\"application\/ld+json\" class=\"yoast-schema-graph\">{\"@context\":\"https:\\\/\\\/schema.org\",\"@graph\":[{\"@type\":\"WebPage\",\"@id\":\"https:\\\/\\\/al-anon.org\\\/fr\\\/contactez-nous\\\/\",\"url\":\"https:\\\/\\\/al-anon.org\\\/fr\\\/contactez-nous\\\/\",\"name\":\"Contactez-nous - Al-Anon Family Groups\",\"isPartOf\":{\"@id\":\"https:\\\/\\\/al-anon.org\\\/fr\\\/#website\"},\"primaryImageOfPage\":{\"@id\":\"https:\\\/\\\/al-anon.org\\\/fr\\\/contactez-nous\\\/#primaryimage\"},\"image\":{\"@id\":\"https:\\\/\\\/al-anon.org\\\/fr\\\/contactez-nous\\\/#primaryimage\"},\"thumbnailUrl\":\"https:\\\/\\\/al-anon.org\\\/wp-content\\\/uploads\\\/2017\\\/03\\\/contact_us.jpg\",\"datePublished\":\"2017-06-19T16:31:09+00:00\",\"dateModified\":\"2024-11-06T21:50:33+00:00\",\"description\":\"\u00cates-vous pr\u00e9occup\u00e9 par la consommation excessive d'alcool d'une autre personne? Vous n'\u00eates pas seul. Al-Anon et Alateen peuvent vous aider. Pour obtenir des renseignements sur les r\u00e9unions, composez le 1-888-4AL-ANON (1-888-425-2666)\",\"inLanguage\":\"fr-FR\",\"potentialAction\":[{\"@type\":\"ReadAction\",\"target\":[\"https:\\\/\\\/al-anon.org\\\/fr\\\/contactez-nous\\\/\"]}]},{\"@type\":\"ImageObject\",\"inLanguage\":\"fr-FR\",\"@id\":\"https:\\\/\\\/al-anon.org\\\/fr\\\/contactez-nous\\\/#primaryimage\",\"url\":\"https:\\\/\\\/al-anon.org\\\/wp-content\\\/uploads\\\/2017\\\/03\\\/contact_us.jpg\",\"contentUrl\":\"https:\\\/\\\/al-anon.org\\\/wp-content\\\/uploads\\\/2017\\\/03\\\/contact_us.jpg\",\"width\":1360,\"height\":589},{\"@type\":\"WebSite\",\"@id\":\"https:\\\/\\\/al-anon.org\\\/fr\\\/#website\",\"url\":\"https:\\\/\\\/al-anon.org\\\/fr\\\/\",\"name\":\"Al-Anon Family Groups\",\"description\":\"Help and hope for families and friends of alcoholics\",\"publisher\":{\"@id\":\"https:\\\/\\\/al-anon.org\\\/fr\\\/#organization\"},\"potentialAction\":[{\"@type\":\"SearchAction\",\"target\":{\"@type\":\"EntryPoint\",\"urlTemplate\":\"https:\\\/\\\/al-anon.org\\\/fr\\\/?s={search_term_string}\"},\"query-input\":{\"@type\":\"PropertyValueSpecification\",\"valueRequired\":true,\"valueName\":\"search_term_string\"}}],\"inLanguage\":\"fr-FR\"},{\"@type\":\"Organization\",\"@id\":\"https:\\\/\\\/al-anon.org\\\/fr\\\/#organization\",\"name\":\"Al-Anon Family Group Headquarters, Inc.\",\"url\":\"https:\\\/\\\/al-anon.org\\\/fr\\\/\",\"logo\":{\"@type\":\"ImageObject\",\"inLanguage\":\"fr-FR\",\"@id\":\"https:\\\/\\\/al-anon.org\\\/fr\\\/#\\\/schema\\\/logo\\\/image\\\/\",\"url\":\"https:\\\/\\\/al-anon.org\\\/wp-content\\\/uploads\\\/2017\\\/04\\\/AFGlogo-e1492189694634.jpg\",\"contentUrl\":\"https:\\\/\\\/al-anon.org\\\/wp-content\\\/uploads\\\/2017\\\/04\\\/AFGlogo-e1492189694634.jpg\",\"width\":167,\"height\":50,\"caption\":\"Al-Anon Family Group Headquarters, Inc.\"},\"image\":{\"@id\":\"https:\\\/\\\/al-anon.org\\\/fr\\\/#\\\/schema\\\/logo\\\/image\\\/\"},\"sameAs\":[\"http:\\\/\\\/www.facebook.com\\\/AlAnonFamilyGroupsWSO\",\"https:\\\/\\\/x.com\\\/AlAnon_WSO\",\"http:\\\/\\\/www.instagram.com\\\/alanon_wso\",\"https:\\\/\\\/www.linkedin.com\\\/company\\\/al-anon-wso\\\/\",\"https:\\\/\\\/www.youtube.com\\\/user\\\/AlAnonFamilyGroupHQ\\\/\"]}]}<\/script>\n<!-- \/ Yoast SEO plugin. -->","yoast_head_json":{"title":"Contactez-nous - Al-Anon Family Groups","description":"\u00cates-vous pr\u00e9occup\u00e9 par la consommation excessive d'alcool d'une autre personne? Vous n'\u00eates pas seul. Al-Anon et Alateen peuvent vous aider. Pour obtenir des renseignements sur les r\u00e9unions, composez le 1-888-4AL-ANON (1-888-425-2666)","robots":{"index":"index","follow":"follow","max-snippet":"max-snippet:-1","max-image-preview":"max-image-preview:large","max-video-preview":"max-video-preview:-1"},"canonical":"https:\/\/al-anon.org\/fr\/contactez-nous\/","og_locale":"fr_FR","og_type":"article","og_title":"Contactez-nous - Al-Anon Family Groups","og_description":"\u00cates-vous pr\u00e9occup\u00e9 par la consommation excessive d'alcool d'une autre personne? Vous n'\u00eates pas seul. Al-Anon et Alateen peuvent vous aider. Pour obtenir des renseignements sur les r\u00e9unions, composez le 1-888-4AL-ANON (1-888-425-2666)","og_url":"https:\/\/al-anon.org\/fr\/contactez-nous\/","og_site_name":"Al-Anon Family Groups","article_publisher":"http:\/\/www.facebook.com\/AlAnonFamilyGroupsWSO","article_modified_time":"2024-11-06T21:50:33+00:00","og_image":[{"width":1360,"height":589,"url":"https:\/\/al-anon.org\/wp-content\/uploads\/2017\/03\/contact_us.jpg","type":"image\/jpeg"}],"twitter_card":"summary_large_image","twitter_site":"@AlAnon_WSO","twitter_misc":{"Dur\u00e9e de lecture estim\u00e9e":"1 minute"},"schema":{"@context":"https:\/\/schema.org","@graph":[{"@type":"WebPage","@id":"https:\/\/al-anon.org\/fr\/contactez-nous\/","url":"https:\/\/al-anon.org\/fr\/contactez-nous\/","name":"Contactez-nous - Al-Anon Family Groups","isPartOf":{"@id":"https:\/\/al-anon.org\/fr\/#website"},"primaryImageOfPage":{"@id":"https:\/\/al-anon.org\/fr\/contactez-nous\/#primaryimage"},"image":{"@id":"https:\/\/al-anon.org\/fr\/contactez-nous\/#primaryimage"},"thumbnailUrl":"https:\/\/al-anon.org\/wp-content\/uploads\/2017\/03\/contact_us.jpg","datePublished":"2017-06-19T16:31:09+00:00","dateModified":"2024-11-06T21:50:33+00:00","description":"\u00cates-vous pr\u00e9occup\u00e9 par la consommation excessive d'alcool d'une autre personne? Vous n'\u00eates pas seul. Al-Anon et Alateen peuvent vous aider. Pour obtenir des renseignements sur les r\u00e9unions, composez le 1-888-4AL-ANON (1-888-425-2666)","inLanguage":"fr-FR","potentialAction":[{"@type":"ReadAction","target":["https:\/\/al-anon.org\/fr\/contactez-nous\/"]}]},{"@type":"ImageObject","inLanguage":"fr-FR","@id":"https:\/\/al-anon.org\/fr\/contactez-nous\/#primaryimage","url":"https:\/\/al-anon.org\/wp-content\/uploads\/2017\/03\/contact_us.jpg","contentUrl":"https:\/\/al-anon.org\/wp-content\/uploads\/2017\/03\/contact_us.jpg","width":1360,"height":589},{"@type":"WebSite","@id":"https:\/\/al-anon.org\/fr\/#website","url":"https:\/\/al-anon.org\/fr\/","name":"Al-Anon Family Groups","description":"Help and hope for families and friends of alcoholics","publisher":{"@id":"https:\/\/al-anon.org\/fr\/#organization"},"potentialAction":[{"@type":"SearchAction","target":{"@type":"EntryPoint","urlTemplate":"https:\/\/al-anon.org\/fr\/?s={search_term_string}"},"query-input":{"@type":"PropertyValueSpecification","valueRequired":true,"valueName":"search_term_string"}}],"inLanguage":"fr-FR"},{"@type":"Organization","@id":"https:\/\/al-anon.org\/fr\/#organization","name":"Al-Anon Family Group Headquarters, Inc.","url":"https:\/\/al-anon.org\/fr\/","logo":{"@type":"ImageObject","inLanguage":"fr-FR","@id":"https:\/\/al-anon.org\/fr\/#\/schema\/logo\/image\/","url":"https:\/\/al-anon.org\/wp-content\/uploads\/2017\/04\/AFGlogo-e1492189694634.jpg","contentUrl":"https:\/\/al-anon.org\/wp-content\/uploads\/2017\/04\/AFGlogo-e1492189694634.jpg","width":167,"height":50,"caption":"Al-Anon Family Group Headquarters, Inc."},"image":{"@id":"https:\/\/al-anon.org\/fr\/#\/schema\/logo\/image\/"},"sameAs":["http:\/\/www.facebook.com\/AlAnonFamilyGroupsWSO","https:\/\/x.com\/AlAnon_WSO","http:\/\/www.instagram.com\/alanon_wso","https:\/\/www.linkedin.com\/company\/al-anon-wso\/","https:\/\/www.youtube.com\/user\/AlAnonFamilyGroupHQ\/"]}]}},"_links":{"self":[{"href":"https:\/\/al-anon.org\/fr\/wp-json\/wp\/v2\/pages\/5261","targetHints":{"allow":["GET"]}}],"collection":[{"href":"https:\/\/al-anon.org\/fr\/wp-json\/wp\/v2\/pages"}],"about":[{"href":"https:\/\/al-anon.org\/fr\/wp-json\/wp\/v2\/types\/page"}],"author":[{"embeddable":true,"href":"https:\/\/al-anon.org\/fr\/wp-json\/wp\/v2\/users\/36"}],"replies":[{"embeddable":true,"href":"https:\/\/al-anon.org\/fr\/wp-json\/wp\/v2\/comments?post=5261"}],"version-history":[{"count":14,"href":"https:\/\/al-anon.org\/fr\/wp-json\/wp\/v2\/pages\/5261\/revisions"}],"predecessor-version":[{"id":43807,"href":"https:\/\/al-anon.org\/fr\/wp-json\/wp\/v2\/pages\/5261\/revisions\/43807"}],"wp:featuredmedia":[{"embeddable":true,"href":"https:\/\/al-anon.org\/fr\/wp-json\/wp\/v2\/media\/3478"}],"wp:attachment":[{"href":"https:\/\/al-anon.org\/fr\/wp-json\/wp\/v2\/media?parent=5261"}],"curies":[{"name":"wp","href":"https:\/\/api.w.org\/{rel}","templated":true}]}}