{"id":5250,"date":"2017-06-19T12:15:07","date_gmt":"2017-06-19T16:15:07","guid":{"rendered":"https:\/\/al-anon.org\/avis-de-non-responsabilite\/"},"modified":"2019-09-30T16:01:30","modified_gmt":"2019-09-30T20:01:30","slug":"avis-de-non-responsabilite","status":"publish","type":"page","link":"https:\/\/al-anon.org\/fr\/avis-de-non-responsabilite\/","title":{"rendered":"Avis de non-responsabilit\u00e9"},"content":{"rendered":"<div class=\"fusion-fullwidth fullwidth-box fusion-builder-row-1 nonhundred-percent-fullwidth non-hundred-percent-height-scrolling\" style=\"--awb-background-position:left top;--awb-border-radius-top-left:0px;--awb-border-radius-top-right:0px;--awb-border-radius-bottom-right:0px;--awb-border-radius-bottom-left:0px;--awb-padding-top:0px;--awb-padding-right:15%;--awb-padding-bottom:20px;--awb-padding-left:15%;--awb-border-sizes-top:0px;--awb-border-sizes-bottom:0px;--awb-flex-wrap:wrap;\" ><div class=\"fusion-builder-row fusion-row\"><div class=\"fusion-layout-column fusion_builder_column fusion-builder-column-0 fusion_builder_column_1_1 1_1 fusion-one-full fusion-column-first fusion-column-last fusion-column-no-min-height\" style=\"--awb-bg-size:cover;\"><div class=\"fusion-column-wrapper fusion-flex-column-wrapper-legacy\"><div class=\"fusion-text fusion-text-1\"><p>Conform\u00e9ment aux Onzi\u00e8me et Douzi\u00e8me Traditions, les Groupes Familiaux Al-Anon respectent l\u2019anonymat de tous les membres Al-Anon, Alateen et Alcooliques Anonymes (AA). Aucune des personnes dont on voit clairement le visage n\u2019est un membre Al-Anon, Alateen ou AA.<\/p>\n<\/div><div class=\"fusion-text fusion-text-2\"><p>Aucun extrait de cette publication ne peut \u00eatre reproduit, m\u00e9moris\u00e9, ou transmis de quelque fa\u00e7on ou par quelque proc\u00e9d\u00e9 que ce soit (\u00e9lectronique, m\u00e9canique, photographique, sonore ou autre) sans avoir obtenu au pr\u00e9alable la permission \u00e9crite d\u2019Al\u2011Anon Family Group Headquarters, Inc.<\/p>\n<\/div><div class=\"fusion-text fusion-text-3\"><p>Les liens dirig\u00e9s vers des tiers, fournisseurs de documentation Al-Anon sont uniquement fournis \u00e0 titre informatif et n\u2019indique aucunement que nous approuvons un quelconque fournisseur de m\u00e9dias \u00e9lectroniques, les liseuses \u00e9lectroniques ou autres produits vendus par ceux-ci.<\/p>\n<\/div><div class=\"fusion-clearfix\"><\/div><\/div><\/div><\/div><\/div>\n","protected":false},"excerpt":{"rendered":"","protected":false},"author":36,"featured_media":0,"parent":0,"menu_order":12,"comment_status":"closed","ping_status":"closed","template":"","meta":{"footnotes":""},"class_list":["post-5250","page","type-page","status-publish","hentry"],"yoast_head":"<!-- This site is optimized with the Yoast SEO plugin v27.5 - https:\/\/yoast.com\/product\/yoast-seo-wordpress\/ -->\n<title>Al-Anon Disclaimer | R\u00e9unions: 888-425-2666 | Groupes Familiaux Al-Anon<\/title>\n<meta name=\"description\" content=\"Groupes Familiaux Al-Anon, pour les familles et les amis des alcooliques, respectant l&#039;anonymat de tous Al-Anon, Alateen et A.A. membres. Pour les r\u00e9unions, appelez le 888-425-2666\" \/>\n<meta name=\"robots\" content=\"index, follow, max-snippet:-1, max-image-preview:large, max-video-preview:-1\" \/>\n<link rel=\"canonical\" href=\"https:\/\/al-anon.org\/fr\/avis-de-non-responsabilite\/\" \/>\n<meta property=\"og:locale\" content=\"fr_FR\" \/>\n<meta property=\"og:type\" content=\"article\" \/>\n<meta property=\"og:title\" content=\"Al-Anon Disclaimer | R\u00e9unions: 888-425-2666 | Groupes Familiaux Al-Anon\" \/>\n<meta property=\"og:description\" content=\"Groupes Familiaux Al-Anon, pour les familles et les amis des alcooliques, respectant l&#039;anonymat de tous Al-Anon, Alateen et A.A. membres. Pour les r\u00e9unions, appelez le 888-425-2666\" \/>\n<meta property=\"og:url\" content=\"https:\/\/al-anon.org\/fr\/avis-de-non-responsabilite\/\" \/>\n<meta property=\"og:site_name\" content=\"Al-Anon Family Groups\" \/>\n<meta property=\"article:publisher\" content=\"http:\/\/www.facebook.com\/AlAnonFamilyGroupsWSO\" \/>\n<meta property=\"article:modified_time\" content=\"2019-09-30T20:01:30+00:00\" \/>\n<meta name=\"twitter:card\" content=\"summary_large_image\" \/>\n<meta name=\"twitter:site\" content=\"@AlAnon_WSO\" \/>\n<meta name=\"twitter:label1\" content=\"Dur\u00e9e de lecture estim\u00e9e\" \/>\n\t<meta name=\"twitter:data1\" content=\"1 minute\" \/>\n<script type=\"application\/ld+json\" class=\"yoast-schema-graph\">{\"@context\":\"https:\\\/\\\/schema.org\",\"@graph\":[{\"@type\":\"WebPage\",\"@id\":\"https:\\\/\\\/al-anon.org\\\/fr\\\/avis-de-non-responsabilite\\\/\",\"url\":\"https:\\\/\\\/al-anon.org\\\/fr\\\/avis-de-non-responsabilite\\\/\",\"name\":\"Al-Anon Disclaimer | R\u00e9unions: 888-425-2666 | Groupes Familiaux Al-Anon\",\"isPartOf\":{\"@id\":\"https:\\\/\\\/al-anon.org\\\/fr\\\/#website\"},\"datePublished\":\"2017-06-19T16:15:07+00:00\",\"dateModified\":\"2019-09-30T20:01:30+00:00\",\"description\":\"Groupes Familiaux Al-Anon, pour les familles et les amis des alcooliques, respectant l'anonymat de tous Al-Anon, Alateen et A.A. membres. Pour les r\u00e9unions, appelez le 888-425-2666\",\"inLanguage\":\"fr-FR\",\"potentialAction\":[{\"@type\":\"ReadAction\",\"target\":[\"https:\\\/\\\/al-anon.org\\\/fr\\\/avis-de-non-responsabilite\\\/\"]}]},{\"@type\":\"WebSite\",\"@id\":\"https:\\\/\\\/al-anon.org\\\/fr\\\/#website\",\"url\":\"https:\\\/\\\/al-anon.org\\\/fr\\\/\",\"name\":\"Al-Anon Family Groups\",\"description\":\"Help and hope for families and friends of alcoholics\",\"publisher\":{\"@id\":\"https:\\\/\\\/al-anon.org\\\/fr\\\/#organization\"},\"potentialAction\":[{\"@type\":\"SearchAction\",\"target\":{\"@type\":\"EntryPoint\",\"urlTemplate\":\"https:\\\/\\\/al-anon.org\\\/fr\\\/?s={search_term_string}\"},\"query-input\":{\"@type\":\"PropertyValueSpecification\",\"valueRequired\":true,\"valueName\":\"search_term_string\"}}],\"inLanguage\":\"fr-FR\"},{\"@type\":\"Organization\",\"@id\":\"https:\\\/\\\/al-anon.org\\\/fr\\\/#organization\",\"name\":\"Al-Anon Family Group Headquarters, Inc.\",\"url\":\"https:\\\/\\\/al-anon.org\\\/fr\\\/\",\"logo\":{\"@type\":\"ImageObject\",\"inLanguage\":\"fr-FR\",\"@id\":\"https:\\\/\\\/al-anon.org\\\/fr\\\/#\\\/schema\\\/logo\\\/image\\\/\",\"url\":\"https:\\\/\\\/al-anon.org\\\/wp-content\\\/uploads\\\/2017\\\/04\\\/AFGlogo-e1492189694634.jpg\",\"contentUrl\":\"https:\\\/\\\/al-anon.org\\\/wp-content\\\/uploads\\\/2017\\\/04\\\/AFGlogo-e1492189694634.jpg\",\"width\":167,\"height\":50,\"caption\":\"Al-Anon Family Group Headquarters, Inc.\"},\"image\":{\"@id\":\"https:\\\/\\\/al-anon.org\\\/fr\\\/#\\\/schema\\\/logo\\\/image\\\/\"},\"sameAs\":[\"http:\\\/\\\/www.facebook.com\\\/AlAnonFamilyGroupsWSO\",\"https:\\\/\\\/x.com\\\/AlAnon_WSO\",\"http:\\\/\\\/www.instagram.com\\\/alanon_wso\",\"https:\\\/\\\/www.linkedin.com\\\/company\\\/al-anon-wso\\\/\",\"https:\\\/\\\/www.youtube.com\\\/user\\\/AlAnonFamilyGroupHQ\\\/\"]}]}<\/script>\n<!-- \/ Yoast SEO plugin. -->","yoast_head_json":{"title":"Al-Anon Disclaimer | R\u00e9unions: 888-425-2666 | Groupes Familiaux Al-Anon","description":"Groupes Familiaux Al-Anon, pour les familles et les amis des alcooliques, respectant l'anonymat de tous Al-Anon, Alateen et A.A. membres. Pour les r\u00e9unions, appelez le 888-425-2666","robots":{"index":"index","follow":"follow","max-snippet":"max-snippet:-1","max-image-preview":"max-image-preview:large","max-video-preview":"max-video-preview:-1"},"canonical":"https:\/\/al-anon.org\/fr\/avis-de-non-responsabilite\/","og_locale":"fr_FR","og_type":"article","og_title":"Al-Anon Disclaimer | R\u00e9unions: 888-425-2666 | Groupes Familiaux Al-Anon","og_description":"Groupes Familiaux Al-Anon, pour les familles et les amis des alcooliques, respectant l'anonymat de tous Al-Anon, Alateen et A.A. membres. Pour les r\u00e9unions, appelez le 888-425-2666","og_url":"https:\/\/al-anon.org\/fr\/avis-de-non-responsabilite\/","og_site_name":"Al-Anon Family Groups","article_publisher":"http:\/\/www.facebook.com\/AlAnonFamilyGroupsWSO","article_modified_time":"2019-09-30T20:01:30+00:00","twitter_card":"summary_large_image","twitter_site":"@AlAnon_WSO","twitter_misc":{"Dur\u00e9e de lecture estim\u00e9e":"1 minute"},"schema":{"@context":"https:\/\/schema.org","@graph":[{"@type":"WebPage","@id":"https:\/\/al-anon.org\/fr\/avis-de-non-responsabilite\/","url":"https:\/\/al-anon.org\/fr\/avis-de-non-responsabilite\/","name":"Al-Anon Disclaimer | R\u00e9unions: 888-425-2666 | Groupes Familiaux Al-Anon","isPartOf":{"@id":"https:\/\/al-anon.org\/fr\/#website"},"datePublished":"2017-06-19T16:15:07+00:00","dateModified":"2019-09-30T20:01:30+00:00","description":"Groupes Familiaux Al-Anon, pour les familles et les amis des alcooliques, respectant l'anonymat de tous Al-Anon, Alateen et A.A. membres. Pour les r\u00e9unions, appelez le 888-425-2666","inLanguage":"fr-FR","potentialAction":[{"@type":"ReadAction","target":["https:\/\/al-anon.org\/fr\/avis-de-non-responsabilite\/"]}]},{"@type":"WebSite","@id":"https:\/\/al-anon.org\/fr\/#website","url":"https:\/\/al-anon.org\/fr\/","name":"Al-Anon Family Groups","description":"Help and hope for families and friends of alcoholics","publisher":{"@id":"https:\/\/al-anon.org\/fr\/#organization"},"potentialAction":[{"@type":"SearchAction","target":{"@type":"EntryPoint","urlTemplate":"https:\/\/al-anon.org\/fr\/?s={search_term_string}"},"query-input":{"@type":"PropertyValueSpecification","valueRequired":true,"valueName":"search_term_string"}}],"inLanguage":"fr-FR"},{"@type":"Organization","@id":"https:\/\/al-anon.org\/fr\/#organization","name":"Al-Anon Family Group Headquarters, Inc.","url":"https:\/\/al-anon.org\/fr\/","logo":{"@type":"ImageObject","inLanguage":"fr-FR","@id":"https:\/\/al-anon.org\/fr\/#\/schema\/logo\/image\/","url":"https:\/\/al-anon.org\/wp-content\/uploads\/2017\/04\/AFGlogo-e1492189694634.jpg","contentUrl":"https:\/\/al-anon.org\/wp-content\/uploads\/2017\/04\/AFGlogo-e1492189694634.jpg","width":167,"height":50,"caption":"Al-Anon Family Group Headquarters, Inc."},"image":{"@id":"https:\/\/al-anon.org\/fr\/#\/schema\/logo\/image\/"},"sameAs":["http:\/\/www.facebook.com\/AlAnonFamilyGroupsWSO","https:\/\/x.com\/AlAnon_WSO","http:\/\/www.instagram.com\/alanon_wso","https:\/\/www.linkedin.com\/company\/al-anon-wso\/","https:\/\/www.youtube.com\/user\/AlAnonFamilyGroupHQ\/"]}]}},"_links":{"self":[{"href":"https:\/\/al-anon.org\/fr\/wp-json\/wp\/v2\/pages\/5250","targetHints":{"allow":["GET"]}}],"collection":[{"href":"https:\/\/al-anon.org\/fr\/wp-json\/wp\/v2\/pages"}],"about":[{"href":"https:\/\/al-anon.org\/fr\/wp-json\/wp\/v2\/types\/page"}],"author":[{"embeddable":true,"href":"https:\/\/al-anon.org\/fr\/wp-json\/wp\/v2\/users\/36"}],"replies":[{"embeddable":true,"href":"https:\/\/al-anon.org\/fr\/wp-json\/wp\/v2\/comments?post=5250"}],"version-history":[{"count":1,"href":"https:\/\/al-anon.org\/fr\/wp-json\/wp\/v2\/pages\/5250\/revisions"}],"predecessor-version":[{"id":26313,"href":"https:\/\/al-anon.org\/fr\/wp-json\/wp\/v2\/pages\/5250\/revisions\/26313"}],"wp:attachment":[{"href":"https:\/\/al-anon.org\/fr\/wp-json\/wp\/v2\/media?parent=5250"}],"curies":[{"name":"wp","href":"https:\/\/api.w.org\/{rel}","templated":true}]}}