{"id":38545,"date":"2023-03-03T16:34:19","date_gmt":"2023-03-03T21:34:19","guid":{"rendered":"https:\/\/al-anon.org\/?page_id=38545"},"modified":"2023-03-21T11:11:19","modified_gmt":"2023-03-21T15:11:19","slug":"demande-de-transfert-de-circonscription-dun-groupe-electronique-al-anon","status":"publish","type":"page","link":"https:\/\/al-anon.org\/fr\/pour-les-membres\/ressources-pour-le-groupe\/fichiers-groupes\/demande-de-transfert-de-circonscription-dun-groupe-electronique-al-anon\/","title":{"rendered":"Demande de transfert de Circonscription d\u2019un groupe \u00e9lectronique Al-Anon"},"content":{"rendered":"<div class=\"fusion-fullwidth fullwidth-box fusion-builder-row-1 nonhundred-percent-fullwidth non-hundred-percent-height-scrolling\" style=\"--awb-background-position:left top;--awb-border-sizes-top:0px;--awb-border-sizes-bottom:0px;--awb-border-sizes-left:0px;--awb-border-sizes-right:0px;--awb-border-radius-top-left:0px;--awb-border-radius-top-right:0px;--awb-border-radius-bottom-right:0px;--awb-border-radius-bottom-left:0px;--awb-padding-top:20px;--awb-padding-bottom:20px;--awb-flex-wrap:wrap;\" ><div class=\"fusion-builder-row fusion-row\"><div class=\"fusion-layout-column fusion_builder_column fusion-builder-column-0 fusion_builder_column_1_1 1_1 fusion-one-full fusion-column-first fusion-column-last\" style=\"--awb-bg-size:cover;\"><div class=\"fusion-column-wrapper fusion-flex-column-wrapper-legacy\"><div class=\"fusion-title title fusion-title-1 fusion-sep-none fusion-title-center fusion-title-text fusion-title-size-two\" style=\"--awb-margin-top-small:0px;--awb-margin-right-small:0px;--awb-margin-bottom-small:20px;--awb-margin-left-small:0px;\"><h2 class=\"fusion-title-heading title-heading-center fusion-responsive-typography-calculated\" style=\"margin:0;--fontSize:35;line-height:1.29;\"><h2 id=\"header_1\" class=\"form-header\" data-component=\"header\">Demande de transfert de Circonscription d\u2019un groupe \u00e9lectronique Al\u2011Anon<\/h2><\/h2><\/div><div class=\"fusion-text fusion-text-1\"><p>Les groupes Al\u2011Anon qui se r\u00e9unissent par voie \u00e9lectronique peuvent, par le biais de la conscience de groupe et en suivant les proc\u00e9dures de la Circonscription, demander un transfert de Circonscription. Cette d\u00e9marche signifie que le groupe devra demander \u00e0 se joindre \u00e0 une autre Circonscription et renoncer \u00e0 participer \u00e0 la Circonscription o\u00f9 il est actuellement inscrit. Les deux Circonscriptions en question doivent s\u2019entendre par un vote \u00e0 l\u2019Assembl\u00e9e.<\/p>\n<p>Les groupes \u00e9lectroniques qui font partie de la Circonscription \u00e9lectronique mondiale (CEM) peuvent demander le transfert \u00e0 une Circonscription g\u00e9ographique si cette derni\u00e8re a mis en place un processus pour accepter les groupes \u00e9lectroniques. La Circonscription g\u00e9ographique doit appara\u00eetre dans le menu d\u00e9roulant pour que la demande puisse \u00eatre soumise. Ce processus de transfert \u00e9lectronique restera en vigueur jusqu\u2019\u00e0 ce que la CEM ait \u00e9tabli des liens de service pour soutenir le processus d\u2019approbation officiel de l\u2019Assembl\u00e9e.<\/p>\n<\/div><div class=\"fusion-sep-clear\"><\/div><div class=\"fusion-separator fusion-full-width-sep\" style=\"margin-left: auto;margin-right: auto;margin-top:2px;margin-bottom:2px;width:100%;\"><\/div><div class=\"fusion-sep-clear\"><\/div><div class=\"fusion-clearfix\"><\/div><\/div><\/div><div class=\"fusion-layout-column fusion_builder_column fusion-builder-column-1 fusion_builder_column_1_2 1_2 fusion-one-half fusion-column-first\" style=\"--awb-bg-size:cover;width:48%; margin-right: 4%;\"><div class=\"fusion-column-wrapper fusion-flex-column-wrapper-legacy\"><div class=\"fusion-button-wrapper fusion-aligncenter\"><a class=\"fusion-button button-3d button-medium button-default fusion-button-default button-1 fusion-button-span-no \" style=\"--awb-margin-right:25px;--awb-margin-left:25px;--button-border-radius-top-left:25px;--button-border-radius-top-right:25px;--button-border-radius-bottom-right:25px;--button-border-radius-bottom-left:25px;\" target=\"_self\" href=\"\/fr\/pour-les-membres\/ressources-pour-le-groupe\/fichiers-groupes\/demande-de-transfert-de-circonscription-dun-groupe-electronique-al-anon\/transfert-dun-la-circonscription-electronique-mondiale-a-une-circonscription-geographique\/\"><span class=\"fusion-button-text awb-button__text awb-button__text--default\">Transfert de la CEM\u00a0vers\u00a0une Circonscription g\u00e9ographique<\/span><\/a><\/div><div class=\"fusion-sep-clear\"><\/div><div class=\"fusion-separator fusion-full-width-sep\" style=\"margin-left: auto;margin-right: auto;margin-top:10px;margin-bottom:10px;width:100%;\"><\/div><div class=\"fusion-sep-clear\"><\/div><div class=\"fusion-clearfix\"><\/div><\/div><\/div><div class=\"fusion-layout-column fusion_builder_column fusion-builder-column-2 fusion_builder_column_1_2 1_2 fusion-one-half fusion-column-last\" style=\"--awb-bg-size:cover;width:48%;\"><div class=\"fusion-column-wrapper fusion-flex-column-wrapper-legacy\"><div class=\"fusion-button-wrapper fusion-aligncenter\"><a class=\"fusion-button button-3d button-medium button-default fusion-button-default button-2 fusion-button-span-no \" style=\"--awb-margin-right:25px;--awb-margin-left:25px;--button-border-radius-top-left:25px;--button-border-radius-top-right:25px;--button-border-radius-bottom-right:25px;--button-border-radius-bottom-left:25px;\" target=\"_self\" href=\"\/fr\/pour-les-membres\/ressources-pour-le-groupe\/fichiers-groupes\/demande-de-transfert-de-circonscription-dun-groupe-electronique-al-anon\/transfert-dun-la-circonscription-geographique-a-une-circonscription-electronique-mondiale\/\"><span class=\"fusion-button-text awb-button__text awb-button__text--default\">Transfert de la\u00a0Circonscription g\u00e9ographique\u00a0vers une CEM<\/span><\/a><\/div><div class=\"fusion-sep-clear\"><\/div><div class=\"fusion-separator fusion-full-width-sep\" style=\"margin-left: auto;margin-right: auto;margin-top:10px;margin-bottom:10px;width:100%;\"><\/div><div class=\"fusion-sep-clear\"><\/div><div class=\"fusion-clearfix\"><\/div><\/div><\/div><\/div><\/div>\n","protected":false},"excerpt":{"rendered":"","protected":false},"author":36,"featured_media":0,"parent":10923,"menu_order":0,"comment_status":"closed","ping_status":"closed","template":"","meta":{"footnotes":""},"class_list":["post-38545","page","type-page","status-publish","hentry"],"yoast_head":"<!-- This site is optimized with the Yoast SEO plugin v27.5 - https:\/\/yoast.com\/product\/yoast-seo-wordpress\/ -->\n<title>Demande de transfert de Circonscription d\u2019un groupe \u00e9lectronique Al-Anon - Al-Anon Family Groups<\/title>\n<meta name=\"robots\" content=\"index, follow, max-snippet:-1, max-image-preview:large, max-video-preview:-1\" \/>\n<link rel=\"canonical\" href=\"https:\/\/al-anon.org\/fr\/pour-les-membres\/ressources-pour-le-groupe\/fichiers-groupes\/demande-de-transfert-de-circonscription-dun-groupe-electronique-al-anon\/\" \/>\n<meta property=\"og:locale\" content=\"fr_FR\" \/>\n<meta property=\"og:type\" content=\"article\" \/>\n<meta property=\"og:title\" content=\"Demande de transfert de Circonscription d\u2019un groupe \u00e9lectronique Al-Anon - Al-Anon Family Groups\" \/>\n<meta property=\"og:url\" content=\"https:\/\/al-anon.org\/fr\/pour-les-membres\/ressources-pour-le-groupe\/fichiers-groupes\/demande-de-transfert-de-circonscription-dun-groupe-electronique-al-anon\/\" \/>\n<meta property=\"og:site_name\" content=\"Al-Anon Family Groups\" \/>\n<meta property=\"article:publisher\" content=\"http:\/\/www.facebook.com\/AlAnonFamilyGroupsWSO\" \/>\n<meta property=\"article:modified_time\" content=\"2023-03-21T15:11:19+00:00\" \/>\n<meta name=\"twitter:card\" content=\"summary_large_image\" \/>\n<meta name=\"twitter:site\" content=\"@AlAnon_WSO\" \/>\n<meta name=\"twitter:label1\" content=\"Dur\u00e9e de lecture estim\u00e9e\" \/>\n\t<meta name=\"twitter:data1\" content=\"3 minutes\" \/>\n<script type=\"application\/ld+json\" class=\"yoast-schema-graph\">{\"@context\":\"https:\\\/\\\/schema.org\",\"@graph\":[{\"@type\":\"WebPage\",\"@id\":\"https:\\\/\\\/al-anon.org\\\/fr\\\/pour-les-membres\\\/ressources-pour-le-groupe\\\/fichiers-groupes\\\/demande-de-transfert-de-circonscription-dun-groupe-electronique-al-anon\\\/\",\"url\":\"https:\\\/\\\/al-anon.org\\\/fr\\\/pour-les-membres\\\/ressources-pour-le-groupe\\\/fichiers-groupes\\\/demande-de-transfert-de-circonscription-dun-groupe-electronique-al-anon\\\/\",\"name\":\"Demande de transfert de Circonscription d\u2019un groupe \u00e9lectronique Al-Anon - Al-Anon Family Groups\",\"isPartOf\":{\"@id\":\"https:\\\/\\\/al-anon.org\\\/fr\\\/#website\"},\"datePublished\":\"2023-03-03T21:34:19+00:00\",\"dateModified\":\"2023-03-21T15:11:19+00:00\",\"breadcrumb\":{\"@id\":\"https:\\\/\\\/al-anon.org\\\/fr\\\/pour-les-membres\\\/ressources-pour-le-groupe\\\/fichiers-groupes\\\/demande-de-transfert-de-circonscription-dun-groupe-electronique-al-anon\\\/#breadcrumb\"},\"inLanguage\":\"fr-FR\",\"potentialAction\":[{\"@type\":\"ReadAction\",\"target\":[\"https:\\\/\\\/al-anon.org\\\/fr\\\/pour-les-membres\\\/ressources-pour-le-groupe\\\/fichiers-groupes\\\/demande-de-transfert-de-circonscription-dun-groupe-electronique-al-anon\\\/\"]}]},{\"@type\":\"BreadcrumbList\",\"@id\":\"https:\\\/\\\/al-anon.org\\\/fr\\\/pour-les-membres\\\/ressources-pour-le-groupe\\\/fichiers-groupes\\\/demande-de-transfert-de-circonscription-dun-groupe-electronique-al-anon\\\/#breadcrumb\",\"itemListElement\":[{\"@type\":\"ListItem\",\"position\":1,\"name\":\"Pour les membres\",\"item\":\"https:\\\/\\\/al-anon.org\\\/fr\\\/pour-les-membres\\\/\"},{\"@type\":\"ListItem\",\"position\":2,\"name\":\"Ressources pour le groupe\",\"item\":\"https:\\\/\\\/al-anon.org\\\/fr\\\/pour-les-membres\\\/ressources-pour-le-groupe\\\/\"},{\"@type\":\"ListItem\",\"position\":3,\"name\":\"Fichiers groupes\",\"item\":\"https:\\\/\\\/al-anon.org\\\/fr\\\/pour-les-membres\\\/ressources-pour-le-groupe\\\/fichiers-groupes\\\/\"},{\"@type\":\"ListItem\",\"position\":4,\"name\":\"Demande de transfert de Circonscription d\u2019un groupe \u00e9lectronique Al-Anon\"}]},{\"@type\":\"WebSite\",\"@id\":\"https:\\\/\\\/al-anon.org\\\/fr\\\/#website\",\"url\":\"https:\\\/\\\/al-anon.org\\\/fr\\\/\",\"name\":\"Al-Anon Family Groups\",\"description\":\"Help and hope for families and friends of alcoholics\",\"publisher\":{\"@id\":\"https:\\\/\\\/al-anon.org\\\/fr\\\/#organization\"},\"potentialAction\":[{\"@type\":\"SearchAction\",\"target\":{\"@type\":\"EntryPoint\",\"urlTemplate\":\"https:\\\/\\\/al-anon.org\\\/fr\\\/?s={search_term_string}\"},\"query-input\":{\"@type\":\"PropertyValueSpecification\",\"valueRequired\":true,\"valueName\":\"search_term_string\"}}],\"inLanguage\":\"fr-FR\"},{\"@type\":\"Organization\",\"@id\":\"https:\\\/\\\/al-anon.org\\\/fr\\\/#organization\",\"name\":\"Al-Anon Family Group Headquarters, Inc.\",\"url\":\"https:\\\/\\\/al-anon.org\\\/fr\\\/\",\"logo\":{\"@type\":\"ImageObject\",\"inLanguage\":\"fr-FR\",\"@id\":\"https:\\\/\\\/al-anon.org\\\/fr\\\/#\\\/schema\\\/logo\\\/image\\\/\",\"url\":\"https:\\\/\\\/al-anon.org\\\/wp-content\\\/uploads\\\/2017\\\/04\\\/AFGlogo-e1492189694634.jpg\",\"contentUrl\":\"https:\\\/\\\/al-anon.org\\\/wp-content\\\/uploads\\\/2017\\\/04\\\/AFGlogo-e1492189694634.jpg\",\"width\":167,\"height\":50,\"caption\":\"Al-Anon Family Group Headquarters, Inc.\"},\"image\":{\"@id\":\"https:\\\/\\\/al-anon.org\\\/fr\\\/#\\\/schema\\\/logo\\\/image\\\/\"},\"sameAs\":[\"http:\\\/\\\/www.facebook.com\\\/AlAnonFamilyGroupsWSO\",\"https:\\\/\\\/x.com\\\/AlAnon_WSO\",\"http:\\\/\\\/www.instagram.com\\\/alanon_wso\",\"https:\\\/\\\/www.linkedin.com\\\/company\\\/al-anon-wso\\\/\",\"https:\\\/\\\/www.youtube.com\\\/user\\\/AlAnonFamilyGroupHQ\\\/\"]}]}<\/script>\n<!-- \/ Yoast SEO plugin. -->","yoast_head_json":{"title":"Demande de transfert de Circonscription d\u2019un groupe \u00e9lectronique Al-Anon - Al-Anon Family Groups","robots":{"index":"index","follow":"follow","max-snippet":"max-snippet:-1","max-image-preview":"max-image-preview:large","max-video-preview":"max-video-preview:-1"},"canonical":"https:\/\/al-anon.org\/fr\/pour-les-membres\/ressources-pour-le-groupe\/fichiers-groupes\/demande-de-transfert-de-circonscription-dun-groupe-electronique-al-anon\/","og_locale":"fr_FR","og_type":"article","og_title":"Demande de transfert de Circonscription d\u2019un groupe \u00e9lectronique Al-Anon - Al-Anon Family Groups","og_url":"https:\/\/al-anon.org\/fr\/pour-les-membres\/ressources-pour-le-groupe\/fichiers-groupes\/demande-de-transfert-de-circonscription-dun-groupe-electronique-al-anon\/","og_site_name":"Al-Anon Family Groups","article_publisher":"http:\/\/www.facebook.com\/AlAnonFamilyGroupsWSO","article_modified_time":"2023-03-21T15:11:19+00:00","twitter_card":"summary_large_image","twitter_site":"@AlAnon_WSO","twitter_misc":{"Dur\u00e9e de lecture estim\u00e9e":"3 minutes"},"schema":{"@context":"https:\/\/schema.org","@graph":[{"@type":"WebPage","@id":"https:\/\/al-anon.org\/fr\/pour-les-membres\/ressources-pour-le-groupe\/fichiers-groupes\/demande-de-transfert-de-circonscription-dun-groupe-electronique-al-anon\/","url":"https:\/\/al-anon.org\/fr\/pour-les-membres\/ressources-pour-le-groupe\/fichiers-groupes\/demande-de-transfert-de-circonscription-dun-groupe-electronique-al-anon\/","name":"Demande de transfert de Circonscription d\u2019un groupe \u00e9lectronique Al-Anon - Al-Anon Family Groups","isPartOf":{"@id":"https:\/\/al-anon.org\/fr\/#website"},"datePublished":"2023-03-03T21:34:19+00:00","dateModified":"2023-03-21T15:11:19+00:00","breadcrumb":{"@id":"https:\/\/al-anon.org\/fr\/pour-les-membres\/ressources-pour-le-groupe\/fichiers-groupes\/demande-de-transfert-de-circonscription-dun-groupe-electronique-al-anon\/#breadcrumb"},"inLanguage":"fr-FR","potentialAction":[{"@type":"ReadAction","target":["https:\/\/al-anon.org\/fr\/pour-les-membres\/ressources-pour-le-groupe\/fichiers-groupes\/demande-de-transfert-de-circonscription-dun-groupe-electronique-al-anon\/"]}]},{"@type":"BreadcrumbList","@id":"https:\/\/al-anon.org\/fr\/pour-les-membres\/ressources-pour-le-groupe\/fichiers-groupes\/demande-de-transfert-de-circonscription-dun-groupe-electronique-al-anon\/#breadcrumb","itemListElement":[{"@type":"ListItem","position":1,"name":"Pour les membres","item":"https:\/\/al-anon.org\/fr\/pour-les-membres\/"},{"@type":"ListItem","position":2,"name":"Ressources pour le groupe","item":"https:\/\/al-anon.org\/fr\/pour-les-membres\/ressources-pour-le-groupe\/"},{"@type":"ListItem","position":3,"name":"Fichiers groupes","item":"https:\/\/al-anon.org\/fr\/pour-les-membres\/ressources-pour-le-groupe\/fichiers-groupes\/"},{"@type":"ListItem","position":4,"name":"Demande de transfert de Circonscription d\u2019un groupe \u00e9lectronique Al-Anon"}]},{"@type":"WebSite","@id":"https:\/\/al-anon.org\/fr\/#website","url":"https:\/\/al-anon.org\/fr\/","name":"Al-Anon Family Groups","description":"Help and hope for families and friends of alcoholics","publisher":{"@id":"https:\/\/al-anon.org\/fr\/#organization"},"potentialAction":[{"@type":"SearchAction","target":{"@type":"EntryPoint","urlTemplate":"https:\/\/al-anon.org\/fr\/?s={search_term_string}"},"query-input":{"@type":"PropertyValueSpecification","valueRequired":true,"valueName":"search_term_string"}}],"inLanguage":"fr-FR"},{"@type":"Organization","@id":"https:\/\/al-anon.org\/fr\/#organization","name":"Al-Anon Family Group Headquarters, Inc.","url":"https:\/\/al-anon.org\/fr\/","logo":{"@type":"ImageObject","inLanguage":"fr-FR","@id":"https:\/\/al-anon.org\/fr\/#\/schema\/logo\/image\/","url":"https:\/\/al-anon.org\/wp-content\/uploads\/2017\/04\/AFGlogo-e1492189694634.jpg","contentUrl":"https:\/\/al-anon.org\/wp-content\/uploads\/2017\/04\/AFGlogo-e1492189694634.jpg","width":167,"height":50,"caption":"Al-Anon Family Group Headquarters, Inc."},"image":{"@id":"https:\/\/al-anon.org\/fr\/#\/schema\/logo\/image\/"},"sameAs":["http:\/\/www.facebook.com\/AlAnonFamilyGroupsWSO","https:\/\/x.com\/AlAnon_WSO","http:\/\/www.instagram.com\/alanon_wso","https:\/\/www.linkedin.com\/company\/al-anon-wso\/","https:\/\/www.youtube.com\/user\/AlAnonFamilyGroupHQ\/"]}]}},"_links":{"self":[{"href":"https:\/\/al-anon.org\/fr\/wp-json\/wp\/v2\/pages\/38545","targetHints":{"allow":["GET"]}}],"collection":[{"href":"https:\/\/al-anon.org\/fr\/wp-json\/wp\/v2\/pages"}],"about":[{"href":"https:\/\/al-anon.org\/fr\/wp-json\/wp\/v2\/types\/page"}],"author":[{"embeddable":true,"href":"https:\/\/al-anon.org\/fr\/wp-json\/wp\/v2\/users\/36"}],"replies":[{"embeddable":true,"href":"https:\/\/al-anon.org\/fr\/wp-json\/wp\/v2\/comments?post=38545"}],"version-history":[{"count":9,"href":"https:\/\/al-anon.org\/fr\/wp-json\/wp\/v2\/pages\/38545\/revisions"}],"predecessor-version":[{"id":38773,"href":"https:\/\/al-anon.org\/fr\/wp-json\/wp\/v2\/pages\/38545\/revisions\/38773"}],"up":[{"embeddable":true,"href":"https:\/\/al-anon.org\/fr\/wp-json\/wp\/v2\/pages\/10923"}],"wp:attachment":[{"href":"https:\/\/al-anon.org\/fr\/wp-json\/wp\/v2\/media?parent=38545"}],"curies":[{"name":"wp","href":"https:\/\/api.w.org\/{rel}","templated":true}]}}