{"id":36401,"date":"2022-05-12T16:39:14","date_gmt":"2022-05-12T20:39:14","guid":{"rendered":"https:\/\/al-anon.org\/?page_id=36401"},"modified":"2026-02-24T14:45:05","modified_gmt":"2026-02-24T19:45:05","slug":"les-groupes-a-loeuvre","status":"publish","type":"page","link":"https:\/\/al-anon.org\/fr\/pour-les-membres\/ressources-pour-les-membres\/manuels-et-directives\/les-groupes-a-loeuvre\/","title":{"rendered":"Les Groupes Al-Anon et Alateen \u00e0 l\u2019oeuvre (FP-24)"},"content":{"rendered":"<div class=\"fusion-fullwidth fullwidth-box fusion-builder-row-1 nonhundred-percent-fullwidth non-hundred-percent-height-scrolling\" style=\"--awb-border-radius-top-left:0px;--awb-border-radius-top-right:0px;--awb-border-radius-bottom-right:0px;--awb-border-radius-bottom-left:0px;--awb-padding-top:20px;--awb-padding-bottom:20px;--awb-flex-wrap:wrap;\" ><div class=\"fusion-builder-row fusion-row\"><div class=\"fusion-layout-column fusion_builder_column fusion-builder-column-0 fusion_builder_column_1_1 1_1 fusion-one-full fusion-column-first fusion-column-last\" style=\"--awb-bg-size:cover;\"><div class=\"fusion-column-wrapper fusion-flex-column-wrapper-legacy\"><iframe style='width:100%;height:700px' src='https:\/\/online.pubhtml5.com\/aisa\/rmrw\/'  seamless='seamless' scrolling='no' frameborder='0' allowtransparency='true' allowfullscreen='true' ><\/iframe><div class=\"fusion-sep-clear\"><\/div><div class=\"fusion-separator fusion-full-width-sep\" style=\"margin-left: auto;margin-right: auto;margin-top:10px;margin-bottom:10px;width:100%;\"><\/div><div class=\"fusion-sep-clear\"><\/div><div class=\"fusion-clearfix\"><\/div><\/div><\/div><div class=\"fusion-layout-column fusion_builder_column fusion-builder-column-1 fusion_builder_column_1_1 1_1 fusion-one-full fusion-column-first fusion-column-last\" style=\"--awb-bg-size:cover;\"><div class=\"fusion-column-wrapper fusion-flex-column-wrapper-legacy\"><div class=\"fusion-button-wrapper fusion-aligncenter\"><a class=\"fusion-button button-3d button-medium button-default fusion-button-default button-1 fusion-button-span-no \" style=\"--button-border-radius-top-left:50px;--button-border-radius-top-right:50px;--button-border-radius-bottom-right:50px;--button-border-radius-bottom-left:50px;\" target=\"_blank\" rel=\"noopener noreferrer\" href=\"\/pdf\/FP24.pdf\"><span class=\"fusion-button-text awb-button__text awb-button__text--default\">T\u00e9l\u00e9charger maintenant<\/span><\/a><\/div><div class=\"fusion-sep-clear\"><\/div><div class=\"fusion-separator fusion-full-width-sep\" style=\"margin-left: auto;margin-right: auto;margin-top:5px;margin-bottom:5px;width:100%;\"><\/div><div class=\"fusion-sep-clear\"><\/div><div class=\"fusion-clearfix\"><\/div><\/div><\/div><\/div><\/div>\n","protected":false},"excerpt":{"rendered":"","protected":false},"author":36,"featured_media":0,"parent":13915,"menu_order":0,"comment_status":"closed","ping_status":"closed","template":"","meta":{"footnotes":""},"class_list":["post-36401","page","type-page","status-publish","hentry"],"yoast_head":"<!-- This site is optimized with the Yoast SEO plugin v27.5 - https:\/\/yoast.com\/product\/yoast-seo-wordpress\/ -->\n<title>Les Groupes Al-Anon et Alateen \u00e0 l\u2019oeuvre (FP-24) - Al-Anon Family Groups<\/title>\n<meta name=\"description\" content=\"La section \u00ab Les Groupes Al-Anon et Alateen \u00e0 l\u2019oeuvre \u00bb fournit un cadre\u00e0 l\u2019int\u00e9rieur duquel chaque groupe peut se d\u00e9velopper et progresser. Cettesection offre \u00e0 tous les membres du groupe de l\u2019information de base relative\u00e0 la structure du groupe et explique comment cela s\u2019applique aux autresgroupes et \u00e0 Al-Anon dans son ensemble.\" \/>\n<meta name=\"robots\" content=\"index, follow, max-snippet:-1, max-image-preview:large, max-video-preview:-1\" \/>\n<link rel=\"canonical\" href=\"https:\/\/al-anon.org\/fr\/pour-les-membres\/ressources-pour-les-membres\/manuels-et-directives\/les-groupes-a-loeuvre\/\" \/>\n<meta property=\"og:locale\" content=\"fr_FR\" \/>\n<meta property=\"og:type\" content=\"article\" \/>\n<meta property=\"og:title\" content=\"Les Groupes Al-Anon et Alateen \u00e0 l\u2019oeuvre (FP-24) - Al-Anon Family Groups\" \/>\n<meta property=\"og:description\" content=\"La section \u00ab Les Groupes Al-Anon et Alateen \u00e0 l\u2019oeuvre \u00bb fournit un cadre\u00e0 l\u2019int\u00e9rieur duquel chaque groupe peut se d\u00e9velopper et progresser. Cettesection offre \u00e0 tous les membres du groupe de l\u2019information de base relative\u00e0 la structure du groupe et explique comment cela s\u2019applique aux autresgroupes et \u00e0 Al-Anon dans son ensemble.\" \/>\n<meta property=\"og:url\" content=\"https:\/\/al-anon.org\/fr\/pour-les-membres\/ressources-pour-les-membres\/manuels-et-directives\/les-groupes-a-loeuvre\/\" \/>\n<meta property=\"og:site_name\" content=\"Al-Anon Family Groups\" \/>\n<meta property=\"article:publisher\" content=\"http:\/\/www.facebook.com\/AlAnonFamilyGroupsWSO\" \/>\n<meta property=\"article:modified_time\" content=\"2026-02-24T19:45:05+00:00\" \/>\n<meta name=\"twitter:card\" content=\"summary_large_image\" \/>\n<meta name=\"twitter:site\" content=\"@AlAnon_WSO\" \/>\n<meta name=\"twitter:label1\" content=\"Dur\u00e9e de lecture estim\u00e9e\" \/>\n\t<meta name=\"twitter:data1\" content=\"1 minute\" \/>\n<script type=\"application\/ld+json\" class=\"yoast-schema-graph\">{\"@context\":\"https:\\\/\\\/schema.org\",\"@graph\":[{\"@type\":\"WebPage\",\"@id\":\"https:\\\/\\\/al-anon.org\\\/fr\\\/pour-les-membres\\\/ressources-pour-les-membres\\\/manuels-et-directives\\\/les-groupes-a-loeuvre\\\/\",\"url\":\"https:\\\/\\\/al-anon.org\\\/fr\\\/pour-les-membres\\\/ressources-pour-les-membres\\\/manuels-et-directives\\\/les-groupes-a-loeuvre\\\/\",\"name\":\"Les Groupes Al-Anon et Alateen \u00e0 l\u2019oeuvre (FP-24) - Al-Anon Family Groups\",\"isPartOf\":{\"@id\":\"https:\\\/\\\/al-anon.org\\\/fr\\\/#website\"},\"datePublished\":\"2022-05-12T20:39:14+00:00\",\"dateModified\":\"2026-02-24T19:45:05+00:00\",\"description\":\"La section \u00ab Les Groupes Al-Anon et Alateen \u00e0 l\u2019oeuvre \u00bb fournit un cadre\u00e0 l\u2019int\u00e9rieur duquel chaque groupe peut se d\u00e9velopper et progresser. Cettesection offre \u00e0 tous les membres du groupe de l\u2019information de base relative\u00e0 la structure du groupe et explique comment cela s\u2019applique aux autresgroupes et \u00e0 Al-Anon dans son ensemble.\",\"breadcrumb\":{\"@id\":\"https:\\\/\\\/al-anon.org\\\/fr\\\/pour-les-membres\\\/ressources-pour-les-membres\\\/manuels-et-directives\\\/les-groupes-a-loeuvre\\\/#breadcrumb\"},\"inLanguage\":\"fr-FR\",\"potentialAction\":[{\"@type\":\"ReadAction\",\"target\":[\"https:\\\/\\\/al-anon.org\\\/fr\\\/pour-les-membres\\\/ressources-pour-les-membres\\\/manuels-et-directives\\\/les-groupes-a-loeuvre\\\/\"]}]},{\"@type\":\"BreadcrumbList\",\"@id\":\"https:\\\/\\\/al-anon.org\\\/fr\\\/pour-les-membres\\\/ressources-pour-les-membres\\\/manuels-et-directives\\\/les-groupes-a-loeuvre\\\/#breadcrumb\",\"itemListElement\":[{\"@type\":\"ListItem\",\"position\":1,\"name\":\"Pour les membres\",\"item\":\"https:\\\/\\\/al-anon.org\\\/fr\\\/pour-les-membres\\\/\"},{\"@type\":\"ListItem\",\"position\":2,\"name\":\"Ressources pour les membres\",\"item\":\"https:\\\/\\\/al-anon.org\\\/fr\\\/pour-les-membres\\\/ressources-pour-les-membres\\\/\"},{\"@type\":\"ListItem\",\"position\":3,\"name\":\"Manuels et Directives\",\"item\":\"https:\\\/\\\/al-anon.org\\\/fr\\\/pour-les-membres\\\/ressources-pour-les-membres\\\/manuels-et-directives\\\/\"},{\"@type\":\"ListItem\",\"position\":4,\"name\":\"Les Groupes Al-Anon et Alateen \u00e0 l\u2019oeuvre (FP-24)\"}]},{\"@type\":\"WebSite\",\"@id\":\"https:\\\/\\\/al-anon.org\\\/fr\\\/#website\",\"url\":\"https:\\\/\\\/al-anon.org\\\/fr\\\/\",\"name\":\"Al-Anon Family Groups\",\"description\":\"Help and hope for families and friends of alcoholics\",\"publisher\":{\"@id\":\"https:\\\/\\\/al-anon.org\\\/fr\\\/#organization\"},\"potentialAction\":[{\"@type\":\"SearchAction\",\"target\":{\"@type\":\"EntryPoint\",\"urlTemplate\":\"https:\\\/\\\/al-anon.org\\\/fr\\\/?s={search_term_string}\"},\"query-input\":{\"@type\":\"PropertyValueSpecification\",\"valueRequired\":true,\"valueName\":\"search_term_string\"}}],\"inLanguage\":\"fr-FR\"},{\"@type\":\"Organization\",\"@id\":\"https:\\\/\\\/al-anon.org\\\/fr\\\/#organization\",\"name\":\"Al-Anon Family Group Headquarters, Inc.\",\"url\":\"https:\\\/\\\/al-anon.org\\\/fr\\\/\",\"logo\":{\"@type\":\"ImageObject\",\"inLanguage\":\"fr-FR\",\"@id\":\"https:\\\/\\\/al-anon.org\\\/fr\\\/#\\\/schema\\\/logo\\\/image\\\/\",\"url\":\"https:\\\/\\\/al-anon.org\\\/wp-content\\\/uploads\\\/2017\\\/04\\\/AFGlogo-e1492189694634.jpg\",\"contentUrl\":\"https:\\\/\\\/al-anon.org\\\/wp-content\\\/uploads\\\/2017\\\/04\\\/AFGlogo-e1492189694634.jpg\",\"width\":167,\"height\":50,\"caption\":\"Al-Anon Family Group Headquarters, Inc.\"},\"image\":{\"@id\":\"https:\\\/\\\/al-anon.org\\\/fr\\\/#\\\/schema\\\/logo\\\/image\\\/\"},\"sameAs\":[\"http:\\\/\\\/www.facebook.com\\\/AlAnonFamilyGroupsWSO\",\"https:\\\/\\\/x.com\\\/AlAnon_WSO\",\"http:\\\/\\\/www.instagram.com\\\/alanon_wso\",\"https:\\\/\\\/www.linkedin.com\\\/company\\\/al-anon-wso\\\/\",\"https:\\\/\\\/www.youtube.com\\\/user\\\/AlAnonFamilyGroupHQ\\\/\"]}]}<\/script>\n<!-- \/ Yoast SEO plugin. -->","yoast_head_json":{"title":"Les Groupes Al-Anon et Alateen \u00e0 l\u2019oeuvre (FP-24) - Al-Anon Family Groups","description":"La section \u00ab Les Groupes Al-Anon et Alateen \u00e0 l\u2019oeuvre \u00bb fournit un cadre\u00e0 l\u2019int\u00e9rieur duquel chaque groupe peut se d\u00e9velopper et progresser. Cettesection offre \u00e0 tous les membres du groupe de l\u2019information de base relative\u00e0 la structure du groupe et explique comment cela s\u2019applique aux autresgroupes et \u00e0 Al-Anon dans son ensemble.","robots":{"index":"index","follow":"follow","max-snippet":"max-snippet:-1","max-image-preview":"max-image-preview:large","max-video-preview":"max-video-preview:-1"},"canonical":"https:\/\/al-anon.org\/fr\/pour-les-membres\/ressources-pour-les-membres\/manuels-et-directives\/les-groupes-a-loeuvre\/","og_locale":"fr_FR","og_type":"article","og_title":"Les Groupes Al-Anon et Alateen \u00e0 l\u2019oeuvre (FP-24) - Al-Anon Family Groups","og_description":"La section \u00ab Les Groupes Al-Anon et Alateen \u00e0 l\u2019oeuvre \u00bb fournit un cadre\u00e0 l\u2019int\u00e9rieur duquel chaque groupe peut se d\u00e9velopper et progresser. Cettesection offre \u00e0 tous les membres du groupe de l\u2019information de base relative\u00e0 la structure du groupe et explique comment cela s\u2019applique aux autresgroupes et \u00e0 Al-Anon dans son ensemble.","og_url":"https:\/\/al-anon.org\/fr\/pour-les-membres\/ressources-pour-les-membres\/manuels-et-directives\/les-groupes-a-loeuvre\/","og_site_name":"Al-Anon Family Groups","article_publisher":"http:\/\/www.facebook.com\/AlAnonFamilyGroupsWSO","article_modified_time":"2026-02-24T19:45:05+00:00","twitter_card":"summary_large_image","twitter_site":"@AlAnon_WSO","twitter_misc":{"Dur\u00e9e de lecture estim\u00e9e":"1 minute"},"schema":{"@context":"https:\/\/schema.org","@graph":[{"@type":"WebPage","@id":"https:\/\/al-anon.org\/fr\/pour-les-membres\/ressources-pour-les-membres\/manuels-et-directives\/les-groupes-a-loeuvre\/","url":"https:\/\/al-anon.org\/fr\/pour-les-membres\/ressources-pour-les-membres\/manuels-et-directives\/les-groupes-a-loeuvre\/","name":"Les Groupes Al-Anon et Alateen \u00e0 l\u2019oeuvre (FP-24) - Al-Anon Family Groups","isPartOf":{"@id":"https:\/\/al-anon.org\/fr\/#website"},"datePublished":"2022-05-12T20:39:14+00:00","dateModified":"2026-02-24T19:45:05+00:00","description":"La section \u00ab Les Groupes Al-Anon et Alateen \u00e0 l\u2019oeuvre \u00bb fournit un cadre\u00e0 l\u2019int\u00e9rieur duquel chaque groupe peut se d\u00e9velopper et progresser. Cettesection offre \u00e0 tous les membres du groupe de l\u2019information de base relative\u00e0 la structure du groupe et explique comment cela s\u2019applique aux autresgroupes et \u00e0 Al-Anon dans son ensemble.","breadcrumb":{"@id":"https:\/\/al-anon.org\/fr\/pour-les-membres\/ressources-pour-les-membres\/manuels-et-directives\/les-groupes-a-loeuvre\/#breadcrumb"},"inLanguage":"fr-FR","potentialAction":[{"@type":"ReadAction","target":["https:\/\/al-anon.org\/fr\/pour-les-membres\/ressources-pour-les-membres\/manuels-et-directives\/les-groupes-a-loeuvre\/"]}]},{"@type":"BreadcrumbList","@id":"https:\/\/al-anon.org\/fr\/pour-les-membres\/ressources-pour-les-membres\/manuels-et-directives\/les-groupes-a-loeuvre\/#breadcrumb","itemListElement":[{"@type":"ListItem","position":1,"name":"Pour les membres","item":"https:\/\/al-anon.org\/fr\/pour-les-membres\/"},{"@type":"ListItem","position":2,"name":"Ressources pour les membres","item":"https:\/\/al-anon.org\/fr\/pour-les-membres\/ressources-pour-les-membres\/"},{"@type":"ListItem","position":3,"name":"Manuels et Directives","item":"https:\/\/al-anon.org\/fr\/pour-les-membres\/ressources-pour-les-membres\/manuels-et-directives\/"},{"@type":"ListItem","position":4,"name":"Les Groupes Al-Anon et Alateen \u00e0 l\u2019oeuvre (FP-24)"}]},{"@type":"WebSite","@id":"https:\/\/al-anon.org\/fr\/#website","url":"https:\/\/al-anon.org\/fr\/","name":"Al-Anon Family Groups","description":"Help and hope for families and friends of alcoholics","publisher":{"@id":"https:\/\/al-anon.org\/fr\/#organization"},"potentialAction":[{"@type":"SearchAction","target":{"@type":"EntryPoint","urlTemplate":"https:\/\/al-anon.org\/fr\/?s={search_term_string}"},"query-input":{"@type":"PropertyValueSpecification","valueRequired":true,"valueName":"search_term_string"}}],"inLanguage":"fr-FR"},{"@type":"Organization","@id":"https:\/\/al-anon.org\/fr\/#organization","name":"Al-Anon Family Group Headquarters, Inc.","url":"https:\/\/al-anon.org\/fr\/","logo":{"@type":"ImageObject","inLanguage":"fr-FR","@id":"https:\/\/al-anon.org\/fr\/#\/schema\/logo\/image\/","url":"https:\/\/al-anon.org\/wp-content\/uploads\/2017\/04\/AFGlogo-e1492189694634.jpg","contentUrl":"https:\/\/al-anon.org\/wp-content\/uploads\/2017\/04\/AFGlogo-e1492189694634.jpg","width":167,"height":50,"caption":"Al-Anon Family Group Headquarters, Inc."},"image":{"@id":"https:\/\/al-anon.org\/fr\/#\/schema\/logo\/image\/"},"sameAs":["http:\/\/www.facebook.com\/AlAnonFamilyGroupsWSO","https:\/\/x.com\/AlAnon_WSO","http:\/\/www.instagram.com\/alanon_wso","https:\/\/www.linkedin.com\/company\/al-anon-wso\/","https:\/\/www.youtube.com\/user\/AlAnonFamilyGroupHQ\/"]}]}},"_links":{"self":[{"href":"https:\/\/al-anon.org\/fr\/wp-json\/wp\/v2\/pages\/36401","targetHints":{"allow":["GET"]}}],"collection":[{"href":"https:\/\/al-anon.org\/fr\/wp-json\/wp\/v2\/pages"}],"about":[{"href":"https:\/\/al-anon.org\/fr\/wp-json\/wp\/v2\/types\/page"}],"author":[{"embeddable":true,"href":"https:\/\/al-anon.org\/fr\/wp-json\/wp\/v2\/users\/36"}],"replies":[{"embeddable":true,"href":"https:\/\/al-anon.org\/fr\/wp-json\/wp\/v2\/comments?post=36401"}],"version-history":[{"count":8,"href":"https:\/\/al-anon.org\/fr\/wp-json\/wp\/v2\/pages\/36401\/revisions"}],"predecessor-version":[{"id":47039,"href":"https:\/\/al-anon.org\/fr\/wp-json\/wp\/v2\/pages\/36401\/revisions\/47039"}],"up":[{"embeddable":true,"href":"https:\/\/al-anon.org\/fr\/wp-json\/wp\/v2\/pages\/13915"}],"wp:attachment":[{"href":"https:\/\/al-anon.org\/fr\/wp-json\/wp\/v2\/media?parent=36401"}],"curies":[{"name":"wp","href":"https:\/\/api.w.org\/{rel}","templated":true}]}}