{"id":31059,"date":"2020-12-18T10:33:32","date_gmt":"2020-12-18T15:33:32","guid":{"rendered":"https:\/\/al-anon.org\/?page_id=31059"},"modified":"2026-04-30T13:06:33","modified_gmt":"2026-04-30T17:06:33","slug":"blogue-pour-les-membres","status":"publish","type":"page","link":"https:\/\/al-anon.org\/fr\/pour-les-membres\/ressources-pour-les-membres\/blogue-pour-les-membres\/","title":{"rendered":"Blogue pour les membres"},"content":{"rendered":"<p><div class=\"fusion-fullwidth fullwidth-box fusion-builder-row-1 nonhundred-percent-fullwidth non-hundred-percent-height-scrolling\" style=\"--awb-border-radius-top-left:0px;--awb-border-radius-top-right:0px;--awb-border-radius-bottom-right:0px;--awb-border-radius-bottom-left:0px;--awb-padding-right:20px;--awb-padding-left:20px;--awb-flex-wrap:wrap;\" ><div class=\"fusion-builder-row fusion-row\"><div class=\"fusion-layout-column fusion_builder_column fusion-builder-column-0 fusion_builder_column_1_1 1_1 fusion-one-full fusion-column-first fusion-column-last\" style=\"--awb-bg-size:cover;\"><div class=\"fusion-column-wrapper fusion-column-has-shadow fusion-flex-column-wrapper-legacy\"><div class=\"fusion-text fusion-text-1\"><h2 style=\"text-align: center;\">Blogue pour les membres<\/h2>\n<h3 style=\"text-align: center;\">Partagez votre exp\u00e9rience, votre force et votre espoir<\/h3>\n<p>Les Groupes Familiaux Al\u2011Anon offrent un environnement s\u00fbr o\u00f9 les parents et les amis des alcooliques peuvent trouver une communaut\u00e9 et un soutien pour faire face \u00e0 leurs probl\u00e8mes communs. Notre Blogue pour les membres est un endroit o\u00f9 vous pouvez lire des t\u00e9moignages d\u2019exp\u00e9rience, de force et d&rsquo;espoir de membres sur les sujets mensuels, et o\u00f9 vous pourrez partager les v\u00f4tres.<\/p>\n<p>Outre l&rsquo;utilisation du blogue pour votre r\u00e9tablissement personnel, celui\u2011ci est une source fantastique de sujets de r\u00e9union. Les membres peuvent utiliser n&rsquo;importe quel sujet de blogue pour pr\u00e9sider une r\u00e9union. Ceci pourrait contribuer \u00e0 inciter d&rsquo;autres membres \u00e0 \u00e9crire et \u00e0 publier leurs propres t\u00e9moignages sur le blogue. Il va sans dire que plus les membres partagent l\u2019histoire de leur r\u00e9tablissement, plus le nombre de personnes ayant acc\u00e8s au r\u00e9tablissement a le potentiel d\u2019augmenter.<\/p>\n<p>N&rsquo;oubliez pas que les commentaires sur le blogue pour les membres ne sont pas destin\u00e9s \u00e0 \u00eatre lus pendant les r\u00e9unions, car ils n&rsquo;ont pas \u00e9t\u00e9 soumis au processus de la Documentation Approuv\u00e9e par la Conf\u00e9rence (DAC) et ne sont pas consid\u00e9r\u00e9s comme telle. Les opinions exprim\u00e9es ici sont strictement celles de la personne qui les a \u00e9mises. Prenez ce qui vous pla\u00eet et laissez le reste. Les commentaires des membres sur le blogue sont susceptibles d\u2019\u00eatre utilis\u00e9s dans de futures publications Al\u2011Anon.<\/p>\n<\/div><div class=\"fusion-clearfix\"><\/div><\/div><\/div><\/div><\/div><div class=\"fusion-fullwidth fullwidth-box fusion-builder-row-2 nonhundred-percent-fullwidth non-hundred-percent-height-scrolling fusion-equal-height-columns\" style=\"--awb-border-radius-top-left:0px;--awb-border-radius-top-right:0px;--awb-border-radius-bottom-right:0px;--awb-border-radius-bottom-left:0px;--awb-padding-right:20px;--awb-padding-left:20px;--awb-flex-wrap:wrap;\" ><div class=\"fusion-builder-row fusion-row\"><div class=\"fusion-layout-column fusion_builder_column fusion-builder-column-1 fusion_builder_column_1_2 1_2 fusion-one-half fusion-column-first\" style=\"--awb-bg-size:cover;width:50%;width:calc(50% - ( ( 4% ) * 0.5 ) );margin-right: 4%;\"><div class=\"fusion-column-wrapper fusion-column-has-shadow fusion-flex-column-wrapper-legacy\"><div class=\"fusion-title title fusion-title-1 fusion-sep-none fusion-title-text fusion-title-size-two\" style=\"--awb-margin-top-small:0px;--awb-margin-right-small:0px;--awb-margin-bottom-small:20px;--awb-margin-left-small:0px;\"><h2 class=\"fusion-title-heading title-heading-left fusion-responsive-typography-calculated\" style=\"margin:0;--fontSize:35;line-height:1.29;\"><h3 style=\"text-align: left;\"><a href=\"https:\/\/al-anon.org\/fr\/blog\/category\/sujet\/\"><strong>Sujet du mois<\/strong><\/a><\/h3><\/h2><\/div><div class=\"fusion-blog-shortcode fusion-blog-shortcode-1 fusion-blog-archive fusion-blog-layout-medium fusion-blog-no fusion-blog-no-images\"><div class=\"fusion-posts-container fusion-posts-container-no\" data-pages=\"67\"><article id=\"blog-1-post-47405\" class=\"fusion-post-medium post-47405 post type-post status-publish format-standard hentry category-sujet\">\n<div class=\"fusion-post-content post-content\"><div class=\"fusion-post-content-container\"><br>\n<h2 style=\"text-align: center;\">Quelle est votre exp\u00e9rience en ce qui a trait \u00e0 l\u2019\u00e9tude du Manuel de Service Al\u2011Anon\/Alateen?<\/h2>\n<p>Le Manuel de Service Al\u2011Anon\/Alateen (FP\u201124\/27) donne une image claire et concise de la fraternit\u00e9 Al\u2011Anon, de son but et de son fonctionnement, et illustre les principes qui permettent de r\u00e9soudre les probl\u00e8mes de groupe et de favoriser l\u2019unit\u00e9.<\/p>\n<p>Le sujet du blogue du mois de mai est\u00a0: \u00ab\u00a0Quelle est votre exp\u00e9rience en ce qui a trait \u00e0 l\u2019\u00e9tude du Manuel de Service<\/p>\n<\/div><\/div><div class=\"fusion-clearfix\"><\/div><div class=\"fusion-meta-info\"><div class=\"fusion-alignleft\"><span class=\"vcard\" style=\"display: none;\"><span class=\"fn\"><a href=\"https:\/\/al-anon.org\/fr\/blog\/author\/bob\/\" title=\"Articles par Al-Anon\" rel=\"author\">Al-Anon<\/a><\/span><\/span><span class=\"updated\" style=\"display:none;\">2026-04-30T13:05:50-04:00<\/span>Categories: <a href=\"https:\/\/al-anon.org\/fr\/blog\/category\/sujet\/\" rel=\"category tag\">Sujet<\/a><span class=\"fusion-inline-sep\">|<\/span><span class=\"fusion-comments\"><a href=\"https:\/\/al-anon.org\/fr\/blog\/quelle-est-votre-experience-en-ce-qui-a-trait-a-letude-du-manuel-de-service-al-anon-alateen\/#respond\">0 Comments<\/a><\/span><\/div><div class=\"fusion-alignright\"><a class=\"fusion-read-more\" href=\"https:\/\/al-anon.org\/fr\/blog\/quelle-est-votre-experience-en-ce-qui-a-trait-a-letude-du-manuel-de-service-al-anon-alateen\/\" aria-label=\"More on Quelle est votre exp\u00e9rience en ce qui a trait \u00e0 l&rsquo;\u00e9tude du Manuel de Service Al-Anon\/Alateen?\">Read More<\/a><\/div><\/div><\/article>\n<\/div><\/div><div class=\"fusion-clearfix\"><\/div><\/div><\/div><div class=\"fusion-layout-column fusion_builder_column fusion-builder-column-2 fusion_builder_column_1_2 1_2 fusion-one-half fusion-column-last\" style=\"--awb-bg-size:cover;width:50%;width:calc(50% - ( ( 4% ) * 0.5 ) );\"><div class=\"fusion-column-wrapper fusion-column-has-shadow fusion-flex-column-wrapper-legacy\"><div class=\"fusion-title title fusion-title-2 fusion-sep-none fusion-title-text fusion-title-size-two\" style=\"--awb-margin-top-small:0px;--awb-margin-right-small:0px;--awb-margin-bottom-small:20px;--awb-margin-left-small:0px;\"><h2 class=\"fusion-title-heading title-heading-left fusion-responsive-typography-calculated\" style=\"margin:0;--fontSize:35;line-height:1.29;\"><h3 style=\"text-align: center;\"><a href=\"https:\/\/al-anon.org\/fr\/blog\/category\/etapes\/\"><strong>Le r\u00e9tablissement<br \/>\npar les \u00c9tapes<\/strong><\/a><\/h3><\/h2><\/div><div class=\"fusion-blog-shortcode fusion-blog-shortcode-2 fusion-blog-archive fusion-blog-layout-medium fusion-blog-no fusion-blog-no-images\"><div class=\"fusion-posts-container fusion-posts-container-no\" data-pages=\"8\"><article id=\"blog-2-post-30908\" class=\"fusion-post-medium post-30908 post type-post status-publish format-standard hentry category-etapes\">\n<div class=\"fusion-post-content post-content\"><div class=\"fusion-post-content-container\"><br>\n<h2 style=\"text-align: center;\">Cinqui\u00e8me \u00c9tape<\/h2>\n<blockquote>\n<p>Nous avons avou\u00e9 \u00e0 Dieu, \u00e0 nous\u2011m\u00eames et \u00e0 un autre \u00eatre humain la nature exacte de nos torts.<\/p>\n<\/blockquote>\n<p>Veuillez partager votre exp\u00e9rience, votre force et votre espoir en ce qui a trait \u00e0 la Cinqui\u00e8me \u00c9tape. Les opinions exprim\u00e9es ici sont strictement celles de l\u2019auteur. Prenez ce qui vous plait et laissez le reste. Les t\u00e9moignages donn\u00e9s sur le Blogue pour les membres sont susceptibles d\u2019\u00eatre utilis\u00e9s dans de futures publications<\/p>\n<\/div><\/div><div class=\"fusion-clearfix\"><\/div><div class=\"fusion-meta-info\"><div class=\"fusion-alignleft\"><span class=\"vcard\" style=\"display: none;\"><span class=\"fn\"><a href=\"https:\/\/al-anon.org\/fr\/blog\/author\/bob\/\" title=\"Articles par Al-Anon\" rel=\"author\">Al-Anon<\/a><\/span><\/span><span class=\"updated\" style=\"display:none;\">2020-12-17T15:20:01-05:00<\/span>Categories: <a href=\"https:\/\/al-anon.org\/fr\/blog\/category\/etapes\/\" rel=\"category tag\">\u00c9tapes<\/a><span class=\"fusion-inline-sep\">|<\/span><span class=\"fusion-comments\"><a href=\"https:\/\/al-anon.org\/fr\/blog\/cinquieme-etape\/#respond\">0 Comments<\/a><\/span><\/div><div class=\"fusion-alignright\"><a class=\"fusion-read-more\" href=\"https:\/\/al-anon.org\/fr\/blog\/cinquieme-etape\/\" aria-label=\"More on Cinqui\u00e8me \u00c9tape\">Read More<\/a><\/div><\/div><\/article>\n<\/div><\/div><div class=\"fusion-clearfix\"><\/div><\/div><\/div><\/div><\/div><div class=\"fusion-fullwidth fullwidth-box fusion-builder-row-3 nonhundred-percent-fullwidth non-hundred-percent-height-scrolling\" style=\"--awb-border-radius-top-left:0px;--awb-border-radius-top-right:0px;--awb-border-radius-bottom-right:0px;--awb-border-radius-bottom-left:0px;--awb-padding-right:20px;--awb-padding-left:20px;--awb-flex-wrap:wrap;\" ><div class=\"fusion-builder-row fusion-row\"><div class=\"fusion-layout-column fusion_builder_column fusion-builder-column-3 fusion_builder_column_1_2 1_2 fusion-one-half fusion-column-first\" style=\"--awb-bg-size:cover;width:50%;width:calc(50% - ( ( 4% ) * 0.5 ) );margin-right: 4%;\"><div class=\"fusion-column-wrapper fusion-column-has-shadow fusion-flex-column-wrapper-legacy\"><div class=\"fusion-title title fusion-title-3 fusion-sep-none fusion-title-text fusion-title-size-two\" style=\"--awb-margin-top-small:0px;--awb-margin-right-small:0px;--awb-margin-bottom-small:20px;--awb-margin-left-small:0px;\"><h2 class=\"fusion-title-heading title-heading-left fusion-responsive-typography-calculated\" style=\"margin:0;--fontSize:35;line-height:1.29;\"><h3 style=\"text-align: center;\"><a href=\"https:\/\/al-anon.org\/fr\/blog\/category\/traditions\/\"><strong>L&rsquo;unit\u00e9<br \/>\npar les Traditions<\/strong><\/a><\/h3><\/h2><\/div><div class=\"fusion-blog-shortcode fusion-blog-shortcode-3 fusion-blog-archive fusion-blog-layout-medium fusion-blog-no fusion-blog-no-images\"><div class=\"fusion-posts-container fusion-posts-container-no\" data-pages=\"8\"><article id=\"blog-3-post-30942\" class=\"fusion-post-medium post-30942 post type-post status-publish format-standard hentry category-traditions\">\n<div class=\"fusion-post-content post-content\"><div class=\"fusion-post-content-container\"><br>\n<h2 style=\"text-align: center;\">Cinqui\u00e8me Tradition<\/h2>\n<blockquote>\n<p>Chaque groupe Al\u2011Anon n\u2019a qu\u2019un but : aider les familles des alcooliques. Nous y parvenons en pratiquant <em>nous\u2011m\u00eames<\/em> les Douze \u00c9tapes d\u2019AA, en encourageant et comprenant nos parents alcooliques, et en accueillant et r\u00e9confortant les familles des alcooliques.<\/p>\n<\/blockquote>\n<p> Veuillez partager votre exp\u00e9rience, votre force et votre espoir en ce qui a trait \u00e0 la Cinqui\u00e8me Tradition. Les opinions exprim\u00e9es ici sont strictement celles de l\u2019auteur. Prenez ce qui vous plait et laissez le reste. Les t\u00e9moignages donn\u00e9s sur le Blogue pour les membres sont susceptibles d\u2019\u00eatre utilis\u00e9s dans de futures publications<\/p>\n<\/div><\/div><div class=\"fusion-clearfix\"><\/div><div class=\"fusion-meta-info\"><div class=\"fusion-alignleft\"><span class=\"vcard\" style=\"display: none;\"><span class=\"fn\"><a href=\"https:\/\/al-anon.org\/fr\/blog\/author\/bob\/\" title=\"Articles par Al-Anon\" rel=\"author\">Al-Anon<\/a><\/span><\/span><span class=\"updated\" style=\"display:none;\">2020-12-17T16:06:35-05:00<\/span>Categories: <a href=\"https:\/\/al-anon.org\/fr\/blog\/category\/traditions\/\" rel=\"category tag\">Traditions<\/a><span class=\"fusion-inline-sep\">|<\/span><span class=\"fusion-comments\"><a href=\"https:\/\/al-anon.org\/fr\/blog\/cinquieme-tradition\/#respond\">0 Comments<\/a><\/span><\/div><div class=\"fusion-alignright\"><a class=\"fusion-read-more\" href=\"https:\/\/al-anon.org\/fr\/blog\/cinquieme-tradition\/\" aria-label=\"More on Cinqui\u00e8me Tradition\">Read More<\/a><\/div><\/div><\/article>\n<\/div><\/div><div class=\"fusion-clearfix\"><\/div><\/div><\/div><div class=\"fusion-layout-column fusion_builder_column fusion-builder-column-4 fusion_builder_column_1_2 1_2 fusion-one-half fusion-column-last\" style=\"--awb-bg-size:cover;width:50%;width:calc(50% - ( ( 4% ) * 0.5 ) );\"><div class=\"fusion-column-wrapper fusion-column-has-shadow fusion-flex-column-wrapper-legacy\"><div class=\"fusion-title title fusion-title-4 fusion-sep-none fusion-title-text fusion-title-size-two\" style=\"--awb-margin-top-small:0px;--awb-margin-right-small:0px;--awb-margin-bottom-small:20px;--awb-margin-left-small:0px;\"><h2 class=\"fusion-title-heading title-heading-left fusion-responsive-typography-calculated\" style=\"margin:0;--fontSize:35;line-height:1.29;\"><h3 style=\"text-align: center;\"><a href=\"https:\/\/al-anon.org\/fr\/blog\/category\/concepts\/\"><strong>Le service<br \/>\npar les Concepts<\/strong><\/a><\/h3><\/h2><\/div><div class=\"fusion-blog-shortcode fusion-blog-shortcode-4 fusion-blog-archive fusion-blog-layout-medium fusion-blog-no fusion-blog-no-images\"><div class=\"fusion-posts-container fusion-posts-container-no\" data-pages=\"8\"><article id=\"blog-4-post-31013\" class=\"fusion-post-medium post-31013 post type-post status-publish format-standard hentry category-concepts\">\n<div class=\"fusion-post-content post-content\"><div class=\"fusion-post-content-container\"><br>\n<h2 style=\"text-align: center;\">Cinqui\u00e8me Concept<\/h2>\n<blockquote><p>Les droits d\u2019appel et de p\u00e9tition prot\u00e8gent les minorit\u00e9s et assurent qu\u2019elles seront entendues.<\/p><\/blockquote>\n<p>Veuillez partager votre exp\u00e9rience, votre force et votre espoir en ce qui a trait \u00e0 la Cinqui\u00e8me Concept. Les opinions exprim\u00e9es ici sont strictement celles de l\u2019auteur. Prenez ce qui vous plait et laissez le reste. Les t\u00e9moignages donn\u00e9s sur le Blogue pour les membres sont susceptibles d\u2019\u00eatre utilis\u00e9s dans de futures publications<\/p>\n<\/div><\/div><div class=\"fusion-clearfix\"><\/div><div class=\"fusion-meta-info\"><div class=\"fusion-alignleft\"><span class=\"vcard\" style=\"display: none;\"><span class=\"fn\"><a href=\"https:\/\/al-anon.org\/fr\/blog\/author\/bob\/\" title=\"Articles par Al-Anon\" rel=\"author\">Al-Anon<\/a><\/span><\/span><span class=\"updated\" style=\"display:none;\">2020-12-17T16:57:35-05:00<\/span>Categories: <a href=\"https:\/\/al-anon.org\/fr\/blog\/category\/concepts\/\" rel=\"category tag\">Concepts<\/a><span class=\"fusion-inline-sep\">|<\/span><span class=\"fusion-comments\"><a href=\"https:\/\/al-anon.org\/fr\/blog\/cinquieme-concept\/#respond\">0 Comments<\/a><\/span><\/div><div class=\"fusion-alignright\"><a class=\"fusion-read-more\" href=\"https:\/\/al-anon.org\/fr\/blog\/cinquieme-concept\/\" aria-label=\"More on Cinqui\u00e8me Concept\">Read More<\/a><\/div><\/div><\/article>\n<\/div><\/div><div class=\"fusion-clearfix\"><\/div><\/div><\/div><\/div><\/div><\/p>\n","protected":false},"excerpt":{"rendered":"","protected":false},"author":36,"featured_media":0,"parent":13663,"menu_order":0,"comment_status":"closed","ping_status":"closed","template":"","meta":{"footnotes":""},"class_list":["post-31059","page","type-page","status-publish","hentry"],"yoast_head":"<!-- This site is optimized with the Yoast SEO plugin v27.5 - https:\/\/yoast.com\/product\/yoast-seo-wordpress\/ -->\n<title>Blogue pour les membres - Al-Anon Family Groups<\/title>\n<meta name=\"description\" content=\"Partagez votre exp\u00e9rience en faisant des commentaires sur les sujets ci-dessous. Les opinions exprim\u00e9es ici sont strictement celles de l\u2019auteur. Prenez ce qui vous plait et laissez le reste.\" \/>\n<meta name=\"robots\" content=\"index, follow, max-snippet:-1, max-image-preview:large, max-video-preview:-1\" \/>\n<link rel=\"canonical\" href=\"https:\/\/al-anon.org\/fr\/pour-les-membres\/ressources-pour-les-membres\/blogue-pour-les-membres\/\" \/>\n<meta property=\"og:locale\" content=\"fr_FR\" \/>\n<meta property=\"og:type\" content=\"article\" \/>\n<meta property=\"og:title\" content=\"Blogue pour les membres - Al-Anon Family Groups\" \/>\n<meta property=\"og:description\" content=\"Partagez votre exp\u00e9rience en faisant des commentaires sur les sujets ci-dessous. Les opinions exprim\u00e9es ici sont strictement celles de l\u2019auteur. Prenez ce qui vous plait et laissez le reste.\" \/>\n<meta property=\"og:url\" content=\"https:\/\/al-anon.org\/fr\/pour-les-membres\/ressources-pour-les-membres\/blogue-pour-les-membres\/\" \/>\n<meta property=\"og:site_name\" content=\"Al-Anon Family Groups\" \/>\n<meta property=\"article:publisher\" content=\"http:\/\/www.facebook.com\/AlAnonFamilyGroupsWSO\" \/>\n<meta property=\"article:modified_time\" content=\"2026-04-30T17:06:33+00:00\" \/>\n<meta name=\"twitter:card\" content=\"summary_large_image\" \/>\n<meta name=\"twitter:site\" content=\"@AlAnon_WSO\" \/>\n<meta name=\"twitter:label1\" content=\"Dur\u00e9e de lecture estim\u00e9e\" \/>\n\t<meta name=\"twitter:data1\" content=\"3 minutes\" \/>\n<script type=\"application\/ld+json\" class=\"yoast-schema-graph\">{\"@context\":\"https:\\\/\\\/schema.org\",\"@graph\":[{\"@type\":\"WebPage\",\"@id\":\"https:\\\/\\\/al-anon.org\\\/fr\\\/pour-les-membres\\\/ressources-pour-les-membres\\\/blogue-pour-les-membres\\\/\",\"url\":\"https:\\\/\\\/al-anon.org\\\/fr\\\/pour-les-membres\\\/ressources-pour-les-membres\\\/blogue-pour-les-membres\\\/\",\"name\":\"Blogue pour les membres - Al-Anon Family Groups\",\"isPartOf\":{\"@id\":\"https:\\\/\\\/al-anon.org\\\/fr\\\/#website\"},\"datePublished\":\"2020-12-18T15:33:32+00:00\",\"dateModified\":\"2026-04-30T17:06:33+00:00\",\"description\":\"Partagez votre exp\u00e9rience en faisant des commentaires sur les sujets ci-dessous. Les opinions exprim\u00e9es ici sont strictement celles de l\u2019auteur. Prenez ce qui vous plait et laissez le reste.\",\"breadcrumb\":{\"@id\":\"https:\\\/\\\/al-anon.org\\\/fr\\\/pour-les-membres\\\/ressources-pour-les-membres\\\/blogue-pour-les-membres\\\/#breadcrumb\"},\"inLanguage\":\"fr-FR\",\"potentialAction\":[{\"@type\":\"ReadAction\",\"target\":[\"https:\\\/\\\/al-anon.org\\\/fr\\\/pour-les-membres\\\/ressources-pour-les-membres\\\/blogue-pour-les-membres\\\/\"]}]},{\"@type\":\"BreadcrumbList\",\"@id\":\"https:\\\/\\\/al-anon.org\\\/fr\\\/pour-les-membres\\\/ressources-pour-les-membres\\\/blogue-pour-les-membres\\\/#breadcrumb\",\"itemListElement\":[{\"@type\":\"ListItem\",\"position\":1,\"name\":\"Pour les membres\",\"item\":\"https:\\\/\\\/al-anon.org\\\/fr\\\/pour-les-membres\\\/\"},{\"@type\":\"ListItem\",\"position\":2,\"name\":\"Ressources pour les membres\",\"item\":\"https:\\\/\\\/al-anon.org\\\/fr\\\/pour-les-membres\\\/ressources-pour-les-membres\\\/\"},{\"@type\":\"ListItem\",\"position\":3,\"name\":\"Blogue pour les membres\"}]},{\"@type\":\"WebSite\",\"@id\":\"https:\\\/\\\/al-anon.org\\\/fr\\\/#website\",\"url\":\"https:\\\/\\\/al-anon.org\\\/fr\\\/\",\"name\":\"Al-Anon Family Groups\",\"description\":\"Help and hope for families and friends of alcoholics\",\"publisher\":{\"@id\":\"https:\\\/\\\/al-anon.org\\\/fr\\\/#organization\"},\"potentialAction\":[{\"@type\":\"SearchAction\",\"target\":{\"@type\":\"EntryPoint\",\"urlTemplate\":\"https:\\\/\\\/al-anon.org\\\/fr\\\/?s={search_term_string}\"},\"query-input\":{\"@type\":\"PropertyValueSpecification\",\"valueRequired\":true,\"valueName\":\"search_term_string\"}}],\"inLanguage\":\"fr-FR\"},{\"@type\":\"Organization\",\"@id\":\"https:\\\/\\\/al-anon.org\\\/fr\\\/#organization\",\"name\":\"Al-Anon Family Group Headquarters, Inc.\",\"url\":\"https:\\\/\\\/al-anon.org\\\/fr\\\/\",\"logo\":{\"@type\":\"ImageObject\",\"inLanguage\":\"fr-FR\",\"@id\":\"https:\\\/\\\/al-anon.org\\\/fr\\\/#\\\/schema\\\/logo\\\/image\\\/\",\"url\":\"https:\\\/\\\/al-anon.org\\\/wp-content\\\/uploads\\\/2017\\\/04\\\/AFGlogo-e1492189694634.jpg\",\"contentUrl\":\"https:\\\/\\\/al-anon.org\\\/wp-content\\\/uploads\\\/2017\\\/04\\\/AFGlogo-e1492189694634.jpg\",\"width\":167,\"height\":50,\"caption\":\"Al-Anon Family Group Headquarters, Inc.\"},\"image\":{\"@id\":\"https:\\\/\\\/al-anon.org\\\/fr\\\/#\\\/schema\\\/logo\\\/image\\\/\"},\"sameAs\":[\"http:\\\/\\\/www.facebook.com\\\/AlAnonFamilyGroupsWSO\",\"https:\\\/\\\/x.com\\\/AlAnon_WSO\",\"http:\\\/\\\/www.instagram.com\\\/alanon_wso\",\"https:\\\/\\\/www.linkedin.com\\\/company\\\/al-anon-wso\\\/\",\"https:\\\/\\\/www.youtube.com\\\/user\\\/AlAnonFamilyGroupHQ\\\/\"]}]}<\/script>\n<!-- \/ Yoast SEO plugin. -->","yoast_head_json":{"title":"Blogue pour les membres - Al-Anon Family Groups","description":"Partagez votre exp\u00e9rience en faisant des commentaires sur les sujets ci-dessous. Les opinions exprim\u00e9es ici sont strictement celles de l\u2019auteur. Prenez ce qui vous plait et laissez le reste.","robots":{"index":"index","follow":"follow","max-snippet":"max-snippet:-1","max-image-preview":"max-image-preview:large","max-video-preview":"max-video-preview:-1"},"canonical":"https:\/\/al-anon.org\/fr\/pour-les-membres\/ressources-pour-les-membres\/blogue-pour-les-membres\/","og_locale":"fr_FR","og_type":"article","og_title":"Blogue pour les membres - Al-Anon Family Groups","og_description":"Partagez votre exp\u00e9rience en faisant des commentaires sur les sujets ci-dessous. Les opinions exprim\u00e9es ici sont strictement celles de l\u2019auteur. Prenez ce qui vous plait et laissez le reste.","og_url":"https:\/\/al-anon.org\/fr\/pour-les-membres\/ressources-pour-les-membres\/blogue-pour-les-membres\/","og_site_name":"Al-Anon Family Groups","article_publisher":"http:\/\/www.facebook.com\/AlAnonFamilyGroupsWSO","article_modified_time":"2026-04-30T17:06:33+00:00","twitter_card":"summary_large_image","twitter_site":"@AlAnon_WSO","twitter_misc":{"Dur\u00e9e de lecture estim\u00e9e":"3 minutes"},"schema":{"@context":"https:\/\/schema.org","@graph":[{"@type":"WebPage","@id":"https:\/\/al-anon.org\/fr\/pour-les-membres\/ressources-pour-les-membres\/blogue-pour-les-membres\/","url":"https:\/\/al-anon.org\/fr\/pour-les-membres\/ressources-pour-les-membres\/blogue-pour-les-membres\/","name":"Blogue pour les membres - Al-Anon Family Groups","isPartOf":{"@id":"https:\/\/al-anon.org\/fr\/#website"},"datePublished":"2020-12-18T15:33:32+00:00","dateModified":"2026-04-30T17:06:33+00:00","description":"Partagez votre exp\u00e9rience en faisant des commentaires sur les sujets ci-dessous. Les opinions exprim\u00e9es ici sont strictement celles de l\u2019auteur. Prenez ce qui vous plait et laissez le reste.","breadcrumb":{"@id":"https:\/\/al-anon.org\/fr\/pour-les-membres\/ressources-pour-les-membres\/blogue-pour-les-membres\/#breadcrumb"},"inLanguage":"fr-FR","potentialAction":[{"@type":"ReadAction","target":["https:\/\/al-anon.org\/fr\/pour-les-membres\/ressources-pour-les-membres\/blogue-pour-les-membres\/"]}]},{"@type":"BreadcrumbList","@id":"https:\/\/al-anon.org\/fr\/pour-les-membres\/ressources-pour-les-membres\/blogue-pour-les-membres\/#breadcrumb","itemListElement":[{"@type":"ListItem","position":1,"name":"Pour les membres","item":"https:\/\/al-anon.org\/fr\/pour-les-membres\/"},{"@type":"ListItem","position":2,"name":"Ressources pour les membres","item":"https:\/\/al-anon.org\/fr\/pour-les-membres\/ressources-pour-les-membres\/"},{"@type":"ListItem","position":3,"name":"Blogue pour les membres"}]},{"@type":"WebSite","@id":"https:\/\/al-anon.org\/fr\/#website","url":"https:\/\/al-anon.org\/fr\/","name":"Al-Anon Family Groups","description":"Help and hope for families and friends of alcoholics","publisher":{"@id":"https:\/\/al-anon.org\/fr\/#organization"},"potentialAction":[{"@type":"SearchAction","target":{"@type":"EntryPoint","urlTemplate":"https:\/\/al-anon.org\/fr\/?s={search_term_string}"},"query-input":{"@type":"PropertyValueSpecification","valueRequired":true,"valueName":"search_term_string"}}],"inLanguage":"fr-FR"},{"@type":"Organization","@id":"https:\/\/al-anon.org\/fr\/#organization","name":"Al-Anon Family Group Headquarters, Inc.","url":"https:\/\/al-anon.org\/fr\/","logo":{"@type":"ImageObject","inLanguage":"fr-FR","@id":"https:\/\/al-anon.org\/fr\/#\/schema\/logo\/image\/","url":"https:\/\/al-anon.org\/wp-content\/uploads\/2017\/04\/AFGlogo-e1492189694634.jpg","contentUrl":"https:\/\/al-anon.org\/wp-content\/uploads\/2017\/04\/AFGlogo-e1492189694634.jpg","width":167,"height":50,"caption":"Al-Anon Family Group Headquarters, Inc."},"image":{"@id":"https:\/\/al-anon.org\/fr\/#\/schema\/logo\/image\/"},"sameAs":["http:\/\/www.facebook.com\/AlAnonFamilyGroupsWSO","https:\/\/x.com\/AlAnon_WSO","http:\/\/www.instagram.com\/alanon_wso","https:\/\/www.linkedin.com\/company\/al-anon-wso\/","https:\/\/www.youtube.com\/user\/AlAnonFamilyGroupHQ\/"]}]}},"_links":{"self":[{"href":"https:\/\/al-anon.org\/fr\/wp-json\/wp\/v2\/pages\/31059","targetHints":{"allow":["GET"]}}],"collection":[{"href":"https:\/\/al-anon.org\/fr\/wp-json\/wp\/v2\/pages"}],"about":[{"href":"https:\/\/al-anon.org\/fr\/wp-json\/wp\/v2\/types\/page"}],"author":[{"embeddable":true,"href":"https:\/\/al-anon.org\/fr\/wp-json\/wp\/v2\/users\/36"}],"replies":[{"embeddable":true,"href":"https:\/\/al-anon.org\/fr\/wp-json\/wp\/v2\/comments?post=31059"}],"version-history":[{"count":196,"href":"https:\/\/al-anon.org\/fr\/wp-json\/wp\/v2\/pages\/31059\/revisions"}],"predecessor-version":[{"id":47415,"href":"https:\/\/al-anon.org\/fr\/wp-json\/wp\/v2\/pages\/31059\/revisions\/47415"}],"up":[{"embeddable":true,"href":"https:\/\/al-anon.org\/fr\/wp-json\/wp\/v2\/pages\/13663"}],"wp:attachment":[{"href":"https:\/\/al-anon.org\/fr\/wp-json\/wp\/v2\/media?parent=31059"}],"curies":[{"name":"wp","href":"https:\/\/api.w.org\/{rel}","templated":true}]}}