{"id":26555,"date":"2019-10-22T17:05:00","date_gmt":"2019-10-22T21:05:00","guid":{"rendered":"https:\/\/al-anon.org\/?page_id=26555"},"modified":"2024-05-01T14:50:51","modified_gmt":"2024-05-01T18:50:51","slug":"formulaire-dinscription-pour-les-nouveaux-groupes-al%e2%80%91anon-internationaux","status":"publish","type":"page","link":"https:\/\/al-anon.org\/fr\/pour-les-membres\/ressources-pour-le-groupe\/fichiers-groupes\/formulaire-dinscription-pour-les-nouveaux-groupes-al%e2%80%91anon-internationaux\/","title":{"rendered":"Formulaire d\u2019inscription pour les nouveaux groupes Al\u2011Anon internationaux"},"content":{"rendered":"<div class=\"fusion-fullwidth fullwidth-box fusion-builder-row-1 nonhundred-percent-fullwidth non-hundred-percent-height-scrolling\" style=\"--awb-background-position:left top;--awb-border-sizes-top:0px;--awb-border-sizes-bottom:0px;--awb-border-sizes-left:0px;--awb-border-sizes-right:0px;--awb-border-radius-top-left:0px;--awb-border-radius-top-right:0px;--awb-border-radius-bottom-right:0px;--awb-border-radius-bottom-left:0px;--awb-padding-top:20px;--awb-padding-bottom:20px;--awb-flex-wrap:wrap;\" ><div class=\"fusion-builder-row fusion-row\"><div class=\"fusion-layout-column fusion_builder_column fusion-builder-column-0 fusion_builder_column_1_1 1_1 fusion-one-full fusion-column-first fusion-column-last\" style=\"--awb-bg-size:cover;\"><div class=\"fusion-column-wrapper fusion-column-has-shadow fusion-flex-column-wrapper-legacy\"><div class=\"fusion-title title fusion-title-1 fusion-sep-none fusion-title-center fusion-title-text fusion-title-size-two\" style=\"--awb-margin-top-small:0px;--awb-margin-right-small:0px;--awb-margin-bottom-small:20px;--awb-margin-left-small:0px;\"><h2 class=\"fusion-title-heading title-heading-center fusion-responsive-typography-calculated\" style=\"margin:0;--fontSize:35;line-height:1.29;\"><h2 id=\"header_1\" class=\"form-header\" data-component=\"header\">Formulaire d\u2019inscription pour les nouveaux groupes Al\u2011Anon internationaux<\/h2><\/h2><\/div><div class=\"fusion-text fusion-text-1\"><p>Apr\u00e8s avoir termin\u00e9 le processus d\u2019inscription du BSM, pri\u00e8re d\u2019inscrire votre nouveau groupe aupr\u00e8s du Bureau des Services G\u00e9n\u00e9raux (BSG) ou des Services d\u2019Information Al\u2011Anon (SIA) du pays dans lequel la r\u00e9union se tiendra si vous pouvez en trouver un, afin que celle\u2011ci soit incluse dans l\u2019annuaire de r\u00e9unions locales et dans le site Web.<\/p>\n<\/div><div class=\"fusion-sep-clear\"><\/div><div class=\"fusion-separator fusion-full-width-sep\" style=\"margin-left: auto;margin-right: auto;margin-top:2px;margin-bottom:2px;width:100%;\"><\/div><div class=\"fusion-sep-clear\"><\/div><div class=\"fusion-button-wrapper fusion-aligncenter\"><a class=\"fusion-button button-3d fusion-button-default-size button-default fusion-button-default button-1 fusion-button-span-no \" target=\"_self\" href=\"\/fr\/pour-les-membres\/ressources-pour-le-groupe\/fichiers-groupes\/formulaire-dinscription-pour-les-nouveaux-groupes-al%e2%80%91anon-internationaux\/nouveaux-groupes-al%e2%80%91anon-internationaux\/\"><span class=\"fusion-button-text awb-button__text awb-button__text--default\">INSCRIPTION EN LIGNE<\/span><\/a><\/div><div class=\"fusion-sep-clear\"><\/div><div class=\"fusion-separator fusion-full-width-sep\" style=\"margin-left: auto;margin-right: auto;margin-top:10px;margin-bottom:10px;width:100%;\"><\/div><div class=\"fusion-sep-clear\"><\/div><div class=\"fusion-clearfix\"><\/div><\/div><\/div><div class=\"fusion-layout-column fusion_builder_column fusion-builder-column-1 fusion_builder_column_1_3 1_3 fusion-one-third fusion-column-first\" style=\"--awb-bg-size:cover;width:30.6666%; margin-right: 4%;\"><div class=\"fusion-column-wrapper fusion-flex-column-wrapper-legacy\"><div class=\"fusion-title title fusion-title-2 fusion-sep-none fusion-title-center fusion-title-text fusion-title-size-three\" style=\"--awb-margin-top-small:0px;--awb-margin-right-small:0px;--awb-margin-bottom-small:20px;--awb-margin-left-small:0px;\"><h3 class=\"fusion-title-heading title-heading-center fusion-responsive-typography-calculated\" style=\"margin:0;--fontSize:26;line-height:1.62;\"><a href=\"\/pdf\/New-International-Group-Registration-FR.pdf\" target=\"_blank\" rel=\"noopener\">Formulaire imprim\u00e9<\/a><\/h3><\/div><div class=\"fusion-clearfix\"><\/div><\/div><\/div><div class=\"fusion-layout-column fusion_builder_column fusion-builder-column-2 fusion_builder_column_1_3 1_3 fusion-one-third\" style=\"--awb-bg-size:cover;width:30.6666%; margin-right: 4%;\"><div class=\"fusion-column-wrapper fusion-flex-column-wrapper-legacy\"><div class=\"fusion-clearfix\"><\/div><\/div><\/div><div class=\"fusion-layout-column fusion_builder_column fusion-builder-column-3 fusion_builder_column_1_3 1_3 fusion-one-third fusion-column-last\" style=\"--awb-bg-size:cover;width:30.6666%;\"><div class=\"fusion-column-wrapper fusion-flex-column-wrapper-legacy\"><div class=\"fusion-title title fusion-title-3 fusion-sep-none fusion-title-center fusion-title-text fusion-title-size-three\" style=\"--awb-margin-top-small:0px;--awb-margin-right-small:0px;--awb-margin-bottom-small:20px;--awb-margin-left-small:0px;\"><h3 class=\"fusion-title-heading title-heading-center fusion-responsive-typography-calculated\" style=\"margin:0;--fontSize:26;line-height:1.62;\"><a href=\"\/pdf\/New-International-Group-Registration-Instructions-FR.pdf\" target=\"_blank\" rel=\"noopener\">Instructions<\/a><\/h3><\/div><div class=\"fusion-clearfix\"><\/div><\/div><\/div><\/div><\/div>\n","protected":false},"excerpt":{"rendered":"","protected":false},"author":36,"featured_media":0,"parent":10923,"menu_order":0,"comment_status":"closed","ping_status":"closed","template":"","meta":{"footnotes":""},"class_list":["post-26555","page","type-page","status-publish","hentry"],"yoast_head":"<!-- This site is optimized with the Yoast SEO plugin v27.5 - https:\/\/yoast.com\/product\/yoast-seo-wordpress\/ -->\n<title>Formulaire d\u2019inscription pour les nouveaux groupes Al\u2011Anon internationaux - Al-Anon Family Groups<\/title>\n<meta name=\"robots\" content=\"index, follow, max-snippet:-1, max-image-preview:large, max-video-preview:-1\" \/>\n<link rel=\"canonical\" href=\"https:\/\/al-anon.org\/fr\/pour-les-membres\/ressources-pour-le-groupe\/fichiers-groupes\/formulaire-dinscription-pour-les-nouveaux-groupes-al%e2%80%91anon-internationaux\/\" \/>\n<meta property=\"og:locale\" content=\"fr_FR\" \/>\n<meta property=\"og:type\" content=\"article\" \/>\n<meta property=\"og:title\" content=\"Formulaire d\u2019inscription pour les nouveaux groupes Al\u2011Anon internationaux - Al-Anon Family Groups\" \/>\n<meta property=\"og:url\" content=\"https:\/\/al-anon.org\/fr\/pour-les-membres\/ressources-pour-le-groupe\/fichiers-groupes\/formulaire-dinscription-pour-les-nouveaux-groupes-al%e2%80%91anon-internationaux\/\" \/>\n<meta property=\"og:site_name\" content=\"Al-Anon Family Groups\" \/>\n<meta property=\"article:publisher\" content=\"http:\/\/www.facebook.com\/AlAnonFamilyGroupsWSO\" \/>\n<meta property=\"article:modified_time\" content=\"2024-05-01T18:50:51+00:00\" \/>\n<meta name=\"twitter:card\" content=\"summary_large_image\" \/>\n<meta name=\"twitter:site\" content=\"@AlAnon_WSO\" \/>\n<script type=\"application\/ld+json\" class=\"yoast-schema-graph\">{\"@context\":\"https:\\\/\\\/schema.org\",\"@graph\":[{\"@type\":\"WebPage\",\"@id\":\"https:\\\/\\\/al-anon.org\\\/fr\\\/pour-les-membres\\\/ressources-pour-le-groupe\\\/fichiers-groupes\\\/formulaire-dinscription-pour-les-nouveaux-groupes-al%e2%80%91anon-internationaux\\\/\",\"url\":\"https:\\\/\\\/al-anon.org\\\/fr\\\/pour-les-membres\\\/ressources-pour-le-groupe\\\/fichiers-groupes\\\/formulaire-dinscription-pour-les-nouveaux-groupes-al%e2%80%91anon-internationaux\\\/\",\"name\":\"Formulaire d\u2019inscription pour les nouveaux groupes Al\u2011Anon internationaux - Al-Anon Family Groups\",\"isPartOf\":{\"@id\":\"https:\\\/\\\/al-anon.org\\\/fr\\\/#website\"},\"datePublished\":\"2019-10-22T21:05:00+00:00\",\"dateModified\":\"2024-05-01T18:50:51+00:00\",\"breadcrumb\":{\"@id\":\"https:\\\/\\\/al-anon.org\\\/fr\\\/pour-les-membres\\\/ressources-pour-le-groupe\\\/fichiers-groupes\\\/formulaire-dinscription-pour-les-nouveaux-groupes-al%e2%80%91anon-internationaux\\\/#breadcrumb\"},\"inLanguage\":\"fr-FR\",\"potentialAction\":[{\"@type\":\"ReadAction\",\"target\":[\"https:\\\/\\\/al-anon.org\\\/fr\\\/pour-les-membres\\\/ressources-pour-le-groupe\\\/fichiers-groupes\\\/formulaire-dinscription-pour-les-nouveaux-groupes-al%e2%80%91anon-internationaux\\\/\"]}]},{\"@type\":\"BreadcrumbList\",\"@id\":\"https:\\\/\\\/al-anon.org\\\/fr\\\/pour-les-membres\\\/ressources-pour-le-groupe\\\/fichiers-groupes\\\/formulaire-dinscription-pour-les-nouveaux-groupes-al%e2%80%91anon-internationaux\\\/#breadcrumb\",\"itemListElement\":[{\"@type\":\"ListItem\",\"position\":1,\"name\":\"Pour les membres\",\"item\":\"https:\\\/\\\/al-anon.org\\\/fr\\\/pour-les-membres\\\/\"},{\"@type\":\"ListItem\",\"position\":2,\"name\":\"Ressources pour le groupe\",\"item\":\"https:\\\/\\\/al-anon.org\\\/fr\\\/pour-les-membres\\\/ressources-pour-le-groupe\\\/\"},{\"@type\":\"ListItem\",\"position\":3,\"name\":\"Fichiers groupes\",\"item\":\"https:\\\/\\\/al-anon.org\\\/fr\\\/pour-les-membres\\\/ressources-pour-le-groupe\\\/fichiers-groupes\\\/\"},{\"@type\":\"ListItem\",\"position\":4,\"name\":\"Formulaire d\u2019inscription pour les nouveaux groupes Al\u2011Anon internationaux\"}]},{\"@type\":\"WebSite\",\"@id\":\"https:\\\/\\\/al-anon.org\\\/fr\\\/#website\",\"url\":\"https:\\\/\\\/al-anon.org\\\/fr\\\/\",\"name\":\"Al-Anon Family Groups\",\"description\":\"Help and hope for families and friends of alcoholics\",\"publisher\":{\"@id\":\"https:\\\/\\\/al-anon.org\\\/fr\\\/#organization\"},\"potentialAction\":[{\"@type\":\"SearchAction\",\"target\":{\"@type\":\"EntryPoint\",\"urlTemplate\":\"https:\\\/\\\/al-anon.org\\\/fr\\\/?s={search_term_string}\"},\"query-input\":{\"@type\":\"PropertyValueSpecification\",\"valueRequired\":true,\"valueName\":\"search_term_string\"}}],\"inLanguage\":\"fr-FR\"},{\"@type\":\"Organization\",\"@id\":\"https:\\\/\\\/al-anon.org\\\/fr\\\/#organization\",\"name\":\"Al-Anon Family Group Headquarters, Inc.\",\"url\":\"https:\\\/\\\/al-anon.org\\\/fr\\\/\",\"logo\":{\"@type\":\"ImageObject\",\"inLanguage\":\"fr-FR\",\"@id\":\"https:\\\/\\\/al-anon.org\\\/fr\\\/#\\\/schema\\\/logo\\\/image\\\/\",\"url\":\"https:\\\/\\\/al-anon.org\\\/wp-content\\\/uploads\\\/2017\\\/04\\\/AFGlogo-e1492189694634.jpg\",\"contentUrl\":\"https:\\\/\\\/al-anon.org\\\/wp-content\\\/uploads\\\/2017\\\/04\\\/AFGlogo-e1492189694634.jpg\",\"width\":167,\"height\":50,\"caption\":\"Al-Anon Family Group Headquarters, Inc.\"},\"image\":{\"@id\":\"https:\\\/\\\/al-anon.org\\\/fr\\\/#\\\/schema\\\/logo\\\/image\\\/\"},\"sameAs\":[\"http:\\\/\\\/www.facebook.com\\\/AlAnonFamilyGroupsWSO\",\"https:\\\/\\\/x.com\\\/AlAnon_WSO\",\"http:\\\/\\\/www.instagram.com\\\/alanon_wso\",\"https:\\\/\\\/www.linkedin.com\\\/company\\\/al-anon-wso\\\/\",\"https:\\\/\\\/www.youtube.com\\\/user\\\/AlAnonFamilyGroupHQ\\\/\"]}]}<\/script>\n<!-- \/ Yoast SEO plugin. -->","yoast_head_json":{"title":"Formulaire d\u2019inscription pour les nouveaux groupes Al\u2011Anon internationaux - Al-Anon Family Groups","robots":{"index":"index","follow":"follow","max-snippet":"max-snippet:-1","max-image-preview":"max-image-preview:large","max-video-preview":"max-video-preview:-1"},"canonical":"https:\/\/al-anon.org\/fr\/pour-les-membres\/ressources-pour-le-groupe\/fichiers-groupes\/formulaire-dinscription-pour-les-nouveaux-groupes-al%e2%80%91anon-internationaux\/","og_locale":"fr_FR","og_type":"article","og_title":"Formulaire d\u2019inscription pour les nouveaux groupes Al\u2011Anon internationaux - Al-Anon Family Groups","og_url":"https:\/\/al-anon.org\/fr\/pour-les-membres\/ressources-pour-le-groupe\/fichiers-groupes\/formulaire-dinscription-pour-les-nouveaux-groupes-al%e2%80%91anon-internationaux\/","og_site_name":"Al-Anon Family Groups","article_publisher":"http:\/\/www.facebook.com\/AlAnonFamilyGroupsWSO","article_modified_time":"2024-05-01T18:50:51+00:00","twitter_card":"summary_large_image","twitter_site":"@AlAnon_WSO","schema":{"@context":"https:\/\/schema.org","@graph":[{"@type":"WebPage","@id":"https:\/\/al-anon.org\/fr\/pour-les-membres\/ressources-pour-le-groupe\/fichiers-groupes\/formulaire-dinscription-pour-les-nouveaux-groupes-al%e2%80%91anon-internationaux\/","url":"https:\/\/al-anon.org\/fr\/pour-les-membres\/ressources-pour-le-groupe\/fichiers-groupes\/formulaire-dinscription-pour-les-nouveaux-groupes-al%e2%80%91anon-internationaux\/","name":"Formulaire d\u2019inscription pour les nouveaux groupes Al\u2011Anon internationaux - Al-Anon Family Groups","isPartOf":{"@id":"https:\/\/al-anon.org\/fr\/#website"},"datePublished":"2019-10-22T21:05:00+00:00","dateModified":"2024-05-01T18:50:51+00:00","breadcrumb":{"@id":"https:\/\/al-anon.org\/fr\/pour-les-membres\/ressources-pour-le-groupe\/fichiers-groupes\/formulaire-dinscription-pour-les-nouveaux-groupes-al%e2%80%91anon-internationaux\/#breadcrumb"},"inLanguage":"fr-FR","potentialAction":[{"@type":"ReadAction","target":["https:\/\/al-anon.org\/fr\/pour-les-membres\/ressources-pour-le-groupe\/fichiers-groupes\/formulaire-dinscription-pour-les-nouveaux-groupes-al%e2%80%91anon-internationaux\/"]}]},{"@type":"BreadcrumbList","@id":"https:\/\/al-anon.org\/fr\/pour-les-membres\/ressources-pour-le-groupe\/fichiers-groupes\/formulaire-dinscription-pour-les-nouveaux-groupes-al%e2%80%91anon-internationaux\/#breadcrumb","itemListElement":[{"@type":"ListItem","position":1,"name":"Pour les membres","item":"https:\/\/al-anon.org\/fr\/pour-les-membres\/"},{"@type":"ListItem","position":2,"name":"Ressources pour le groupe","item":"https:\/\/al-anon.org\/fr\/pour-les-membres\/ressources-pour-le-groupe\/"},{"@type":"ListItem","position":3,"name":"Fichiers groupes","item":"https:\/\/al-anon.org\/fr\/pour-les-membres\/ressources-pour-le-groupe\/fichiers-groupes\/"},{"@type":"ListItem","position":4,"name":"Formulaire d\u2019inscription pour les nouveaux groupes Al\u2011Anon internationaux"}]},{"@type":"WebSite","@id":"https:\/\/al-anon.org\/fr\/#website","url":"https:\/\/al-anon.org\/fr\/","name":"Al-Anon Family Groups","description":"Help and hope for families and friends of alcoholics","publisher":{"@id":"https:\/\/al-anon.org\/fr\/#organization"},"potentialAction":[{"@type":"SearchAction","target":{"@type":"EntryPoint","urlTemplate":"https:\/\/al-anon.org\/fr\/?s={search_term_string}"},"query-input":{"@type":"PropertyValueSpecification","valueRequired":true,"valueName":"search_term_string"}}],"inLanguage":"fr-FR"},{"@type":"Organization","@id":"https:\/\/al-anon.org\/fr\/#organization","name":"Al-Anon Family Group Headquarters, Inc.","url":"https:\/\/al-anon.org\/fr\/","logo":{"@type":"ImageObject","inLanguage":"fr-FR","@id":"https:\/\/al-anon.org\/fr\/#\/schema\/logo\/image\/","url":"https:\/\/al-anon.org\/wp-content\/uploads\/2017\/04\/AFGlogo-e1492189694634.jpg","contentUrl":"https:\/\/al-anon.org\/wp-content\/uploads\/2017\/04\/AFGlogo-e1492189694634.jpg","width":167,"height":50,"caption":"Al-Anon Family Group Headquarters, Inc."},"image":{"@id":"https:\/\/al-anon.org\/fr\/#\/schema\/logo\/image\/"},"sameAs":["http:\/\/www.facebook.com\/AlAnonFamilyGroupsWSO","https:\/\/x.com\/AlAnon_WSO","http:\/\/www.instagram.com\/alanon_wso","https:\/\/www.linkedin.com\/company\/al-anon-wso\/","https:\/\/www.youtube.com\/user\/AlAnonFamilyGroupHQ\/"]}]}},"_links":{"self":[{"href":"https:\/\/al-anon.org\/fr\/wp-json\/wp\/v2\/pages\/26555","targetHints":{"allow":["GET"]}}],"collection":[{"href":"https:\/\/al-anon.org\/fr\/wp-json\/wp\/v2\/pages"}],"about":[{"href":"https:\/\/al-anon.org\/fr\/wp-json\/wp\/v2\/types\/page"}],"author":[{"embeddable":true,"href":"https:\/\/al-anon.org\/fr\/wp-json\/wp\/v2\/users\/36"}],"replies":[{"embeddable":true,"href":"https:\/\/al-anon.org\/fr\/wp-json\/wp\/v2\/comments?post=26555"}],"version-history":[{"count":7,"href":"https:\/\/al-anon.org\/fr\/wp-json\/wp\/v2\/pages\/26555\/revisions"}],"predecessor-version":[{"id":42174,"href":"https:\/\/al-anon.org\/fr\/wp-json\/wp\/v2\/pages\/26555\/revisions\/42174"}],"up":[{"embeddable":true,"href":"https:\/\/al-anon.org\/fr\/wp-json\/wp\/v2\/pages\/10923"}],"wp:attachment":[{"href":"https:\/\/al-anon.org\/fr\/wp-json\/wp\/v2\/media?parent=26555"}],"curies":[{"name":"wp","href":"https:\/\/api.w.org\/{rel}","templated":true}]}}