{"id":23052,"date":"2019-02-26T09:41:59","date_gmt":"2019-02-26T14:41:59","guid":{"rendered":"https:\/\/al-anon.org\/?page_id=23052\/"},"modified":"2019-02-26T09:41:59","modified_gmt":"2019-02-26T14:41:59","slug":"merci-pour-votre-contribution","status":"publish","type":"page","link":"https:\/\/al-anon.org\/fr\/contributions\/membres-al-anon\/merci-pour-votre-contribution\/","title":{"rendered":"Merci pour votre contribution!"},"content":{"rendered":"<div class=\"fusion-fullwidth fullwidth-box fusion-builder-row-1 nonhundred-percent-fullwidth non-hundred-percent-height-scrolling\" style=\"--awb-border-radius-top-left:0px;--awb-border-radius-top-right:0px;--awb-border-radius-bottom-right:0px;--awb-border-radius-bottom-left:0px;--awb-flex-wrap:wrap;\" ><div class=\"fusion-builder-row fusion-row\"><div class=\"fusion-layout-column fusion_builder_column fusion-builder-column-0 fusion_builder_column_1_1 1_1 fusion-one-full fusion-column-first fusion-column-last\" style=\"--awb-bg-size:cover;\"><div class=\"fusion-column-wrapper fusion-flex-column-wrapper-legacy\"><div class=\"fusion-title title fusion-title-1 fusion-sep-none fusion-title-center fusion-title-text fusion-title-size-three\" style=\"--awb-margin-top-small:0px;--awb-margin-right-small:0px;--awb-margin-bottom-small:20px;--awb-margin-left-small:0px;\"><h3 class=\"fusion-title-heading title-heading-center fusion-responsive-typography-calculated\" style=\"margin:0;--fontSize:26;line-height:1.62;\"><h2 style=\"box-sizing: border-box; margin: 0px; -webkit-box-flex: 0; flex-grow: 0; padding: 0px; line-height: 1.29; font-family: Raleway, Arial, Helvetica, sans-serif; font-size: 35px; text-align: center;\" data-fontsize=\"35\" data-lineheight=\"45\">Merci pour votre contribution!<\/h2><\/h3><\/div><div class=\"fusion-text fusion-text-1\"><p>Conform\u00e9ment \u00e0 la Septi\u00e8me Tradition, Al\u2011Anon subvient \u00e0 ses propres besoins gr\u00e2ce aux contributions de ses membres. Celles\u2011ci sont utilis\u00e9es pour couvrir les services mondiaux. Gr\u00e2ce \u00e0 votre g\u00e9n\u00e9reuse contribution, le Bureau des Services Mondiaux est capable de poursuivre son travail au nom des amis et des familles des alcooliques aux \u00c9tats\u2011Unis, au Canada, \u00e0 Porto Rico, aux Bermudes, et \u00e0 travers le monde. Votre soutien permet au BSM de continuer \u00e0 agir en sa qualit\u00e9 de bureau central pour les groupes Al\u2011Anon et Alateen, fournir de la documentation et d\u2019autres outils de service, de m\u00eame que transmettre le message par l\u2019interm\u00e9diaire des communications avec le public aux niveaux national et international.<\/p>\n<p>Voici quelques exemples de la fa\u00e7on dont votre contribution aide le BSM \u00e0 :<\/p>\n<ul>\n<li>Continuer de produire et de distribuer les annonces radiophoniques et t\u00e9l\u00e9vis\u00e9es destin\u00e9es aux services \u00e0 la communaut\u00e9 permettant d\u2019augmenter la sensibilisation \u00e0 notre programme.<\/li>\n<li>\u00c9tendre la disponibilit\u00e9 de l\u2019information concernant notre programme \u00e0 travers les m\u00e9dias par l\u2019interm\u00e9diaire de communiqu\u00e9s de presse \u00e9lectroniques.<\/li>\n<li>Faire en sorte que des exemplaires de la revue <em>Al\u2011Anon face \u00e0 l\u2019alcoolisme<\/em> soient disponibles pour les membres \u00e0 prix co\u00fbtant, afin que les membres et les groupes puissent les distribuer aux professionnels et les d\u00e9poser dans les lieux publics dans leurs efforts de communications avec le public au niveau local.<\/li>\n<li>Am\u00e9liorer les outils de technologie utilis\u00e9s par la fraternit\u00e9 permettant un acc\u00e8s mondial \u00e0 la connaissance, aux ressources et au programme.<\/li>\n<\/ul>\n<p>Nous sommes reconnaissants de votre soutien pour nous aider \u00e0 transmettre le message de force et d\u2019espoir aux amis et aux familles des alcooliques partout dans le monde.<\/p>\n<\/div><div class=\"fusion-clearfix\"><\/div><\/div><\/div><\/div><\/div>\n","protected":false},"excerpt":{"rendered":"","protected":false},"author":36,"featured_media":0,"parent":5519,"menu_order":0,"comment_status":"closed","ping_status":"closed","template":"","meta":{"footnotes":""},"class_list":["post-23052","page","type-page","status-publish","hentry"],"yoast_head":"<!-- This site is optimized with the Yoast SEO plugin v27.5 - https:\/\/yoast.com\/product\/yoast-seo-wordpress\/ -->\n<title>Merci pour votre contribution! - Al-Anon Family Groups<\/title>\n<meta name=\"robots\" content=\"index, follow, max-snippet:-1, max-image-preview:large, max-video-preview:-1\" \/>\n<link rel=\"canonical\" href=\"https:\/\/al-anon.org\/fr\/contributions\/membres-al-anon\/merci-pour-votre-contribution\/\" \/>\n<meta property=\"og:locale\" content=\"fr_FR\" \/>\n<meta property=\"og:type\" content=\"article\" \/>\n<meta property=\"og:title\" content=\"Merci pour votre contribution! - Al-Anon Family Groups\" \/>\n<meta property=\"og:url\" content=\"https:\/\/al-anon.org\/fr\/contributions\/membres-al-anon\/merci-pour-votre-contribution\/\" \/>\n<meta property=\"og:site_name\" content=\"Al-Anon Family Groups\" \/>\n<meta property=\"article:publisher\" content=\"http:\/\/www.facebook.com\/AlAnonFamilyGroupsWSO\" \/>\n<meta name=\"twitter:card\" content=\"summary_large_image\" \/>\n<meta name=\"twitter:site\" content=\"@AlAnon_WSO\" \/>\n<meta name=\"twitter:label1\" content=\"Dur\u00e9e de lecture estim\u00e9e\" \/>\n\t<meta name=\"twitter:data1\" content=\"3 minutes\" \/>\n<script type=\"application\/ld+json\" class=\"yoast-schema-graph\">{\"@context\":\"https:\\\/\\\/schema.org\",\"@graph\":[{\"@type\":\"WebPage\",\"@id\":\"https:\\\/\\\/al-anon.org\\\/fr\\\/contributions\\\/membres-al-anon\\\/merci-pour-votre-contribution\\\/\",\"url\":\"https:\\\/\\\/al-anon.org\\\/fr\\\/contributions\\\/membres-al-anon\\\/merci-pour-votre-contribution\\\/\",\"name\":\"Merci pour votre contribution! - Al-Anon Family Groups\",\"isPartOf\":{\"@id\":\"https:\\\/\\\/al-anon.org\\\/fr\\\/#website\"},\"datePublished\":\"2019-02-26T14:41:59+00:00\",\"breadcrumb\":{\"@id\":\"https:\\\/\\\/al-anon.org\\\/fr\\\/contributions\\\/membres-al-anon\\\/merci-pour-votre-contribution\\\/#breadcrumb\"},\"inLanguage\":\"fr-FR\",\"potentialAction\":[{\"@type\":\"ReadAction\",\"target\":[\"https:\\\/\\\/al-anon.org\\\/fr\\\/contributions\\\/membres-al-anon\\\/merci-pour-votre-contribution\\\/\"]}]},{\"@type\":\"BreadcrumbList\",\"@id\":\"https:\\\/\\\/al-anon.org\\\/fr\\\/contributions\\\/membres-al-anon\\\/merci-pour-votre-contribution\\\/#breadcrumb\",\"itemListElement\":[{\"@type\":\"ListItem\",\"position\":1,\"name\":\"Contributions\",\"item\":\"https:\\\/\\\/al-anon.org\\\/fr\\\/contributions\\\/\"},{\"@type\":\"ListItem\",\"position\":2,\"name\":\"Membres Al-Anon\",\"item\":\"https:\\\/\\\/al-anon.org\\\/fr\\\/contributions\\\/membres-al-anon\\\/\"},{\"@type\":\"ListItem\",\"position\":3,\"name\":\"Merci pour votre contribution!\"}]},{\"@type\":\"WebSite\",\"@id\":\"https:\\\/\\\/al-anon.org\\\/fr\\\/#website\",\"url\":\"https:\\\/\\\/al-anon.org\\\/fr\\\/\",\"name\":\"Al-Anon Family Groups\",\"description\":\"Help and hope for families and friends of alcoholics\",\"publisher\":{\"@id\":\"https:\\\/\\\/al-anon.org\\\/fr\\\/#organization\"},\"potentialAction\":[{\"@type\":\"SearchAction\",\"target\":{\"@type\":\"EntryPoint\",\"urlTemplate\":\"https:\\\/\\\/al-anon.org\\\/fr\\\/?s={search_term_string}\"},\"query-input\":{\"@type\":\"PropertyValueSpecification\",\"valueRequired\":true,\"valueName\":\"search_term_string\"}}],\"inLanguage\":\"fr-FR\"},{\"@type\":\"Organization\",\"@id\":\"https:\\\/\\\/al-anon.org\\\/fr\\\/#organization\",\"name\":\"Al-Anon Family Group Headquarters, Inc.\",\"url\":\"https:\\\/\\\/al-anon.org\\\/fr\\\/\",\"logo\":{\"@type\":\"ImageObject\",\"inLanguage\":\"fr-FR\",\"@id\":\"https:\\\/\\\/al-anon.org\\\/fr\\\/#\\\/schema\\\/logo\\\/image\\\/\",\"url\":\"https:\\\/\\\/al-anon.org\\\/wp-content\\\/uploads\\\/2017\\\/04\\\/AFGlogo-e1492189694634.jpg\",\"contentUrl\":\"https:\\\/\\\/al-anon.org\\\/wp-content\\\/uploads\\\/2017\\\/04\\\/AFGlogo-e1492189694634.jpg\",\"width\":167,\"height\":50,\"caption\":\"Al-Anon Family Group Headquarters, Inc.\"},\"image\":{\"@id\":\"https:\\\/\\\/al-anon.org\\\/fr\\\/#\\\/schema\\\/logo\\\/image\\\/\"},\"sameAs\":[\"http:\\\/\\\/www.facebook.com\\\/AlAnonFamilyGroupsWSO\",\"https:\\\/\\\/x.com\\\/AlAnon_WSO\",\"http:\\\/\\\/www.instagram.com\\\/alanon_wso\",\"https:\\\/\\\/www.linkedin.com\\\/company\\\/al-anon-wso\\\/\",\"https:\\\/\\\/www.youtube.com\\\/user\\\/AlAnonFamilyGroupHQ\\\/\"]}]}<\/script>\n<!-- \/ Yoast SEO plugin. -->","yoast_head_json":{"title":"Merci pour votre contribution! - Al-Anon Family Groups","robots":{"index":"index","follow":"follow","max-snippet":"max-snippet:-1","max-image-preview":"max-image-preview:large","max-video-preview":"max-video-preview:-1"},"canonical":"https:\/\/al-anon.org\/fr\/contributions\/membres-al-anon\/merci-pour-votre-contribution\/","og_locale":"fr_FR","og_type":"article","og_title":"Merci pour votre contribution! - Al-Anon Family Groups","og_url":"https:\/\/al-anon.org\/fr\/contributions\/membres-al-anon\/merci-pour-votre-contribution\/","og_site_name":"Al-Anon Family Groups","article_publisher":"http:\/\/www.facebook.com\/AlAnonFamilyGroupsWSO","twitter_card":"summary_large_image","twitter_site":"@AlAnon_WSO","twitter_misc":{"Dur\u00e9e de lecture estim\u00e9e":"3 minutes"},"schema":{"@context":"https:\/\/schema.org","@graph":[{"@type":"WebPage","@id":"https:\/\/al-anon.org\/fr\/contributions\/membres-al-anon\/merci-pour-votre-contribution\/","url":"https:\/\/al-anon.org\/fr\/contributions\/membres-al-anon\/merci-pour-votre-contribution\/","name":"Merci pour votre contribution! - Al-Anon Family Groups","isPartOf":{"@id":"https:\/\/al-anon.org\/fr\/#website"},"datePublished":"2019-02-26T14:41:59+00:00","breadcrumb":{"@id":"https:\/\/al-anon.org\/fr\/contributions\/membres-al-anon\/merci-pour-votre-contribution\/#breadcrumb"},"inLanguage":"fr-FR","potentialAction":[{"@type":"ReadAction","target":["https:\/\/al-anon.org\/fr\/contributions\/membres-al-anon\/merci-pour-votre-contribution\/"]}]},{"@type":"BreadcrumbList","@id":"https:\/\/al-anon.org\/fr\/contributions\/membres-al-anon\/merci-pour-votre-contribution\/#breadcrumb","itemListElement":[{"@type":"ListItem","position":1,"name":"Contributions","item":"https:\/\/al-anon.org\/fr\/contributions\/"},{"@type":"ListItem","position":2,"name":"Membres Al-Anon","item":"https:\/\/al-anon.org\/fr\/contributions\/membres-al-anon\/"},{"@type":"ListItem","position":3,"name":"Merci pour votre contribution!"}]},{"@type":"WebSite","@id":"https:\/\/al-anon.org\/fr\/#website","url":"https:\/\/al-anon.org\/fr\/","name":"Al-Anon Family Groups","description":"Help and hope for families and friends of alcoholics","publisher":{"@id":"https:\/\/al-anon.org\/fr\/#organization"},"potentialAction":[{"@type":"SearchAction","target":{"@type":"EntryPoint","urlTemplate":"https:\/\/al-anon.org\/fr\/?s={search_term_string}"},"query-input":{"@type":"PropertyValueSpecification","valueRequired":true,"valueName":"search_term_string"}}],"inLanguage":"fr-FR"},{"@type":"Organization","@id":"https:\/\/al-anon.org\/fr\/#organization","name":"Al-Anon Family Group Headquarters, Inc.","url":"https:\/\/al-anon.org\/fr\/","logo":{"@type":"ImageObject","inLanguage":"fr-FR","@id":"https:\/\/al-anon.org\/fr\/#\/schema\/logo\/image\/","url":"https:\/\/al-anon.org\/wp-content\/uploads\/2017\/04\/AFGlogo-e1492189694634.jpg","contentUrl":"https:\/\/al-anon.org\/wp-content\/uploads\/2017\/04\/AFGlogo-e1492189694634.jpg","width":167,"height":50,"caption":"Al-Anon Family Group Headquarters, Inc."},"image":{"@id":"https:\/\/al-anon.org\/fr\/#\/schema\/logo\/image\/"},"sameAs":["http:\/\/www.facebook.com\/AlAnonFamilyGroupsWSO","https:\/\/x.com\/AlAnon_WSO","http:\/\/www.instagram.com\/alanon_wso","https:\/\/www.linkedin.com\/company\/al-anon-wso\/","https:\/\/www.youtube.com\/user\/AlAnonFamilyGroupHQ\/"]}]}},"_links":{"self":[{"href":"https:\/\/al-anon.org\/fr\/wp-json\/wp\/v2\/pages\/23052","targetHints":{"allow":["GET"]}}],"collection":[{"href":"https:\/\/al-anon.org\/fr\/wp-json\/wp\/v2\/pages"}],"about":[{"href":"https:\/\/al-anon.org\/fr\/wp-json\/wp\/v2\/types\/page"}],"author":[{"embeddable":true,"href":"https:\/\/al-anon.org\/fr\/wp-json\/wp\/v2\/users\/36"}],"replies":[{"embeddable":true,"href":"https:\/\/al-anon.org\/fr\/wp-json\/wp\/v2\/comments?post=23052"}],"version-history":[{"count":1,"href":"https:\/\/al-anon.org\/fr\/wp-json\/wp\/v2\/pages\/23052\/revisions"}],"predecessor-version":[{"id":23053,"href":"https:\/\/al-anon.org\/fr\/wp-json\/wp\/v2\/pages\/23052\/revisions\/23053"}],"up":[{"embeddable":true,"href":"https:\/\/al-anon.org\/fr\/wp-json\/wp\/v2\/pages\/5519"}],"wp:attachment":[{"href":"https:\/\/al-anon.org\/fr\/wp-json\/wp\/v2\/media?parent=23052"}],"curies":[{"name":"wp","href":"https:\/\/api.w.org\/{rel}","templated":true}]}}