{"id":12538,"date":"2017-11-28T11:30:34","date_gmt":"2017-11-28T16:30:34","guid":{"rendered":"https:\/\/al-anon.org\/?page_id=12538\/"},"modified":"2026-04-28T10:38:04","modified_gmt":"2026-04-28T14:38:04","slug":"lettre-dappel","status":"publish","type":"page","link":"https:\/\/al-anon.org\/fr\/pour-les-membres\/bureau-des-services-mondiaux-bsm\/informations-sur-les-finances\/lettre-dappel\/","title":{"rendered":"Lettre d\u2019appel"},"content":{"rendered":"<p><div class=\"fusion-fullwidth fullwidth-box fusion-builder-row-1 nonhundred-percent-fullwidth non-hundred-percent-height-scrolling\" style=\"--awb-border-radius-top-left:0px;--awb-border-radius-top-right:0px;--awb-border-radius-bottom-right:0px;--awb-border-radius-bottom-left:0px;--awb-flex-wrap:wrap;\" ><div class=\"fusion-builder-row fusion-row\"><div class=\"fusion-layout-column fusion_builder_column fusion-builder-column-0 fusion_builder_column_1_1 1_1 fusion-one-full fusion-column-first fusion-column-last\" style=\"--awb-bg-size:cover;\"><div class=\"fusion-column-wrapper fusion-flex-column-wrapper-legacy\"><div class=\"fusion-text fusion-text-1\"><h3 style=\"text-align: center;\">Lettre d\u2019appel<\/h3>\n<\/div><div class=\"fusion-clearfix\"><\/div><\/div><\/div><\/div><\/div><div class=\"fusion-fullwidth fullwidth-box fusion-builder-row-2 nonhundred-percent-fullwidth non-hundred-percent-height-scrolling\" style=\"--awb-border-radius-top-left:0px;--awb-border-radius-top-right:0px;--awb-border-radius-bottom-right:0px;--awb-border-radius-bottom-left:0px;--awb-flex-wrap:wrap;\" ><div class=\"fusion-builder-row fusion-row\"><div class=\"fusion-layout-column fusion_builder_column fusion-builder-column-1 fusion_builder_column_1_1 1_1 fusion-one-full fusion-column-first fusion-column-last\" style=\"--awb-bg-size:cover;\"><div class=\"fusion-column-wrapper fusion-flex-column-wrapper-legacy\"><div class=\"fusion-text fusion-text-2\"><p>En accord avec la Septi\u00e8me Tradition qui traite de l&rsquo;autofinancement, les lettres d&rsquo;appel de contributions personnelles sont envoy\u00e9es aux membres des \u00c9tats\u2011Unis et du Canada quatre fois l&rsquo;an, en f\u00e9vrier, mai, ao\u00fbt et novembre.<\/p>\n<p>\u00c9tant donn\u00e9 qu&rsquo;il est impossible de maintenir une liste de tous les membres Al\u2011Anon, les lettres d&rsquo;appel sont envoy\u00e9es \u00e0 l&rsquo;adresse postale des groupes inscrite dans notre fichier. Il est demand\u00e9 que cette lettre soit lue \u00e0 deux r\u00e9unions cons\u00e9cutives, suivie d&rsquo;une collecte sp\u00e9ciale autre que la collecte r\u00e9guli\u00e8re du groupe. Cela donne \u00e0 chaque membre l&rsquo;occasion de participer au travail de Douzi\u00e8me \u00c9tape au\u2011del\u00e0 du niveau du groupe. En novembre, la lettre fait appel \u00e0 la g\u00e9n\u00e9rosit\u00e9 des membres de tous les groupes \u00e0 travers le monde.<\/p>\n<\/div><div class=\"fusion-sep-clear\"><\/div><div class=\"fusion-separator fusion-full-width-sep\" style=\"margin-left: auto;margin-right: auto;margin-top:25px;margin-bottom:25px;width:100%;\"><\/div><div class=\"fusion-sep-clear\"><\/div><div class=\"fusion-clearfix\"><\/div><\/div><\/div><div class=\"fusion-layout-column fusion_builder_column fusion-builder-column-2 fusion_builder_column_1_1 1_1 fusion-one-full fusion-column-first fusion-column-last\" style=\"--awb-bg-size:cover;\"><div class=\"fusion-column-wrapper fusion-flex-column-wrapper-legacy\"><div class=\"fusion-button-wrapper fusion-aligncenter fusion-align-inline-medium\"><a class=\"fusion-button button-3d fusion-button-default-size button-default fusion-button-default button-1 fusion-button-span-no fusion-button-span-default-medium \" style=\"--button-border-radius-top-left:25px;--button-border-radius-top-right:25px;--button-border-radius-bottom-right:25px;--button-border-radius-bottom-left:25px;\" target=\"_self\" href=\"\/pdf\/Lettre-d-appel-mai-2026.pdf\"><span class=\"fusion-button-text awb-button__text awb-button__text--default\">Lettre d&rsquo;appel de mai 2026<\/span><\/a><\/div><div class=\"fusion-clearfix\"><\/div><\/div><\/div><\/div><\/div><\/p>\n","protected":false},"excerpt":{"rendered":"","protected":false},"author":36,"featured_media":0,"parent":12513,"menu_order":0,"comment_status":"closed","ping_status":"closed","template":"","meta":{"footnotes":""},"class_list":["post-12538","page","type-page","status-publish","hentry"],"yoast_head":"<!-- This site is optimized with the Yoast SEO plugin v27.5 - https:\/\/yoast.com\/product\/yoast-seo-wordpress\/ -->\n<title>Lettre d\u2019appel - Al-Anon Family Groups<\/title>\n<meta name=\"robots\" content=\"index, follow, max-snippet:-1, max-image-preview:large, max-video-preview:-1\" \/>\n<link rel=\"canonical\" href=\"https:\/\/al-anon.org\/fr\/pour-les-membres\/bureau-des-services-mondiaux-bsm\/informations-sur-les-finances\/lettre-dappel\/\" \/>\n<meta property=\"og:locale\" content=\"fr_FR\" \/>\n<meta property=\"og:type\" content=\"article\" \/>\n<meta property=\"og:title\" content=\"Lettre d\u2019appel - Al-Anon Family Groups\" \/>\n<meta property=\"og:url\" content=\"https:\/\/al-anon.org\/fr\/pour-les-membres\/bureau-des-services-mondiaux-bsm\/informations-sur-les-finances\/lettre-dappel\/\" \/>\n<meta property=\"og:site_name\" content=\"Al-Anon Family Groups\" \/>\n<meta property=\"article:publisher\" content=\"http:\/\/www.facebook.com\/AlAnonFamilyGroupsWSO\" \/>\n<meta property=\"article:modified_time\" content=\"2026-04-28T14:38:04+00:00\" \/>\n<meta name=\"twitter:card\" content=\"summary_large_image\" \/>\n<meta name=\"twitter:site\" content=\"@AlAnon_WSO\" \/>\n<meta name=\"twitter:label1\" content=\"Dur\u00e9e de lecture estim\u00e9e\" \/>\n\t<meta name=\"twitter:data1\" content=\"1 minute\" \/>\n<script type=\"application\/ld+json\" class=\"yoast-schema-graph\">{\"@context\":\"https:\\\/\\\/schema.org\",\"@graph\":[{\"@type\":\"WebPage\",\"@id\":\"https:\\\/\\\/al-anon.org\\\/fr\\\/pour-les-membres\\\/bureau-des-services-mondiaux-bsm\\\/informations-sur-les-finances\\\/lettre-dappel\\\/\",\"url\":\"https:\\\/\\\/al-anon.org\\\/fr\\\/pour-les-membres\\\/bureau-des-services-mondiaux-bsm\\\/informations-sur-les-finances\\\/lettre-dappel\\\/\",\"name\":\"Lettre d\u2019appel - Al-Anon Family Groups\",\"isPartOf\":{\"@id\":\"https:\\\/\\\/al-anon.org\\\/fr\\\/#website\"},\"datePublished\":\"2017-11-28T16:30:34+00:00\",\"dateModified\":\"2026-04-28T14:38:04+00:00\",\"breadcrumb\":{\"@id\":\"https:\\\/\\\/al-anon.org\\\/fr\\\/pour-les-membres\\\/bureau-des-services-mondiaux-bsm\\\/informations-sur-les-finances\\\/lettre-dappel\\\/#breadcrumb\"},\"inLanguage\":\"fr-FR\",\"potentialAction\":[{\"@type\":\"ReadAction\",\"target\":[\"https:\\\/\\\/al-anon.org\\\/fr\\\/pour-les-membres\\\/bureau-des-services-mondiaux-bsm\\\/informations-sur-les-finances\\\/lettre-dappel\\\/\"]}]},{\"@type\":\"BreadcrumbList\",\"@id\":\"https:\\\/\\\/al-anon.org\\\/fr\\\/pour-les-membres\\\/bureau-des-services-mondiaux-bsm\\\/informations-sur-les-finances\\\/lettre-dappel\\\/#breadcrumb\",\"itemListElement\":[{\"@type\":\"ListItem\",\"position\":1,\"name\":\"Pour les membres\",\"item\":\"https:\\\/\\\/al-anon.org\\\/fr\\\/pour-les-membres\\\/\"},{\"@type\":\"ListItem\",\"position\":2,\"name\":\"Bureau des Services Mondiaux (BSM)\",\"item\":\"https:\\\/\\\/al-anon.org\\\/fr\\\/pour-les-membres\\\/bureau-des-services-mondiaux-bsm\\\/\"},{\"@type\":\"ListItem\",\"position\":3,\"name\":\"Informations sur les Finances\",\"item\":\"https:\\\/\\\/al-anon.org\\\/fr\\\/pour-les-membres\\\/bureau-des-services-mondiaux-bsm\\\/informations-sur-les-finances\\\/\"},{\"@type\":\"ListItem\",\"position\":4,\"name\":\"Lettre d\u2019appel\"}]},{\"@type\":\"WebSite\",\"@id\":\"https:\\\/\\\/al-anon.org\\\/fr\\\/#website\",\"url\":\"https:\\\/\\\/al-anon.org\\\/fr\\\/\",\"name\":\"Al-Anon Family Groups\",\"description\":\"Help and hope for families and friends of alcoholics\",\"publisher\":{\"@id\":\"https:\\\/\\\/al-anon.org\\\/fr\\\/#organization\"},\"potentialAction\":[{\"@type\":\"SearchAction\",\"target\":{\"@type\":\"EntryPoint\",\"urlTemplate\":\"https:\\\/\\\/al-anon.org\\\/fr\\\/?s={search_term_string}\"},\"query-input\":{\"@type\":\"PropertyValueSpecification\",\"valueRequired\":true,\"valueName\":\"search_term_string\"}}],\"inLanguage\":\"fr-FR\"},{\"@type\":\"Organization\",\"@id\":\"https:\\\/\\\/al-anon.org\\\/fr\\\/#organization\",\"name\":\"Al-Anon Family Group Headquarters, Inc.\",\"url\":\"https:\\\/\\\/al-anon.org\\\/fr\\\/\",\"logo\":{\"@type\":\"ImageObject\",\"inLanguage\":\"fr-FR\",\"@id\":\"https:\\\/\\\/al-anon.org\\\/fr\\\/#\\\/schema\\\/logo\\\/image\\\/\",\"url\":\"https:\\\/\\\/al-anon.org\\\/wp-content\\\/uploads\\\/2017\\\/04\\\/AFGlogo-e1492189694634.jpg\",\"contentUrl\":\"https:\\\/\\\/al-anon.org\\\/wp-content\\\/uploads\\\/2017\\\/04\\\/AFGlogo-e1492189694634.jpg\",\"width\":167,\"height\":50,\"caption\":\"Al-Anon Family Group Headquarters, Inc.\"},\"image\":{\"@id\":\"https:\\\/\\\/al-anon.org\\\/fr\\\/#\\\/schema\\\/logo\\\/image\\\/\"},\"sameAs\":[\"http:\\\/\\\/www.facebook.com\\\/AlAnonFamilyGroupsWSO\",\"https:\\\/\\\/x.com\\\/AlAnon_WSO\",\"http:\\\/\\\/www.instagram.com\\\/alanon_wso\",\"https:\\\/\\\/www.linkedin.com\\\/company\\\/al-anon-wso\\\/\",\"https:\\\/\\\/www.youtube.com\\\/user\\\/AlAnonFamilyGroupHQ\\\/\"]}]}<\/script>\n<!-- \/ Yoast SEO plugin. -->","yoast_head_json":{"title":"Lettre d\u2019appel - Al-Anon Family Groups","robots":{"index":"index","follow":"follow","max-snippet":"max-snippet:-1","max-image-preview":"max-image-preview:large","max-video-preview":"max-video-preview:-1"},"canonical":"https:\/\/al-anon.org\/fr\/pour-les-membres\/bureau-des-services-mondiaux-bsm\/informations-sur-les-finances\/lettre-dappel\/","og_locale":"fr_FR","og_type":"article","og_title":"Lettre d\u2019appel - Al-Anon Family Groups","og_url":"https:\/\/al-anon.org\/fr\/pour-les-membres\/bureau-des-services-mondiaux-bsm\/informations-sur-les-finances\/lettre-dappel\/","og_site_name":"Al-Anon Family Groups","article_publisher":"http:\/\/www.facebook.com\/AlAnonFamilyGroupsWSO","article_modified_time":"2026-04-28T14:38:04+00:00","twitter_card":"summary_large_image","twitter_site":"@AlAnon_WSO","twitter_misc":{"Dur\u00e9e de lecture estim\u00e9e":"1 minute"},"schema":{"@context":"https:\/\/schema.org","@graph":[{"@type":"WebPage","@id":"https:\/\/al-anon.org\/fr\/pour-les-membres\/bureau-des-services-mondiaux-bsm\/informations-sur-les-finances\/lettre-dappel\/","url":"https:\/\/al-anon.org\/fr\/pour-les-membres\/bureau-des-services-mondiaux-bsm\/informations-sur-les-finances\/lettre-dappel\/","name":"Lettre d\u2019appel - Al-Anon Family Groups","isPartOf":{"@id":"https:\/\/al-anon.org\/fr\/#website"},"datePublished":"2017-11-28T16:30:34+00:00","dateModified":"2026-04-28T14:38:04+00:00","breadcrumb":{"@id":"https:\/\/al-anon.org\/fr\/pour-les-membres\/bureau-des-services-mondiaux-bsm\/informations-sur-les-finances\/lettre-dappel\/#breadcrumb"},"inLanguage":"fr-FR","potentialAction":[{"@type":"ReadAction","target":["https:\/\/al-anon.org\/fr\/pour-les-membres\/bureau-des-services-mondiaux-bsm\/informations-sur-les-finances\/lettre-dappel\/"]}]},{"@type":"BreadcrumbList","@id":"https:\/\/al-anon.org\/fr\/pour-les-membres\/bureau-des-services-mondiaux-bsm\/informations-sur-les-finances\/lettre-dappel\/#breadcrumb","itemListElement":[{"@type":"ListItem","position":1,"name":"Pour les membres","item":"https:\/\/al-anon.org\/fr\/pour-les-membres\/"},{"@type":"ListItem","position":2,"name":"Bureau des Services Mondiaux (BSM)","item":"https:\/\/al-anon.org\/fr\/pour-les-membres\/bureau-des-services-mondiaux-bsm\/"},{"@type":"ListItem","position":3,"name":"Informations sur les Finances","item":"https:\/\/al-anon.org\/fr\/pour-les-membres\/bureau-des-services-mondiaux-bsm\/informations-sur-les-finances\/"},{"@type":"ListItem","position":4,"name":"Lettre d\u2019appel"}]},{"@type":"WebSite","@id":"https:\/\/al-anon.org\/fr\/#website","url":"https:\/\/al-anon.org\/fr\/","name":"Al-Anon Family Groups","description":"Help and hope for families and friends of alcoholics","publisher":{"@id":"https:\/\/al-anon.org\/fr\/#organization"},"potentialAction":[{"@type":"SearchAction","target":{"@type":"EntryPoint","urlTemplate":"https:\/\/al-anon.org\/fr\/?s={search_term_string}"},"query-input":{"@type":"PropertyValueSpecification","valueRequired":true,"valueName":"search_term_string"}}],"inLanguage":"fr-FR"},{"@type":"Organization","@id":"https:\/\/al-anon.org\/fr\/#organization","name":"Al-Anon Family Group Headquarters, Inc.","url":"https:\/\/al-anon.org\/fr\/","logo":{"@type":"ImageObject","inLanguage":"fr-FR","@id":"https:\/\/al-anon.org\/fr\/#\/schema\/logo\/image\/","url":"https:\/\/al-anon.org\/wp-content\/uploads\/2017\/04\/AFGlogo-e1492189694634.jpg","contentUrl":"https:\/\/al-anon.org\/wp-content\/uploads\/2017\/04\/AFGlogo-e1492189694634.jpg","width":167,"height":50,"caption":"Al-Anon Family Group Headquarters, Inc."},"image":{"@id":"https:\/\/al-anon.org\/fr\/#\/schema\/logo\/image\/"},"sameAs":["http:\/\/www.facebook.com\/AlAnonFamilyGroupsWSO","https:\/\/x.com\/AlAnon_WSO","http:\/\/www.instagram.com\/alanon_wso","https:\/\/www.linkedin.com\/company\/al-anon-wso\/","https:\/\/www.youtube.com\/user\/AlAnonFamilyGroupHQ\/"]}]}},"_links":{"self":[{"href":"https:\/\/al-anon.org\/fr\/wp-json\/wp\/v2\/pages\/12538","targetHints":{"allow":["GET"]}}],"collection":[{"href":"https:\/\/al-anon.org\/fr\/wp-json\/wp\/v2\/pages"}],"about":[{"href":"https:\/\/al-anon.org\/fr\/wp-json\/wp\/v2\/types\/page"}],"author":[{"embeddable":true,"href":"https:\/\/al-anon.org\/fr\/wp-json\/wp\/v2\/users\/36"}],"replies":[{"embeddable":true,"href":"https:\/\/al-anon.org\/fr\/wp-json\/wp\/v2\/comments?post=12538"}],"version-history":[{"count":52,"href":"https:\/\/al-anon.org\/fr\/wp-json\/wp\/v2\/pages\/12538\/revisions"}],"predecessor-version":[{"id":47374,"href":"https:\/\/al-anon.org\/fr\/wp-json\/wp\/v2\/pages\/12538\/revisions\/47374"}],"up":[{"embeddable":true,"href":"https:\/\/al-anon.org\/fr\/wp-json\/wp\/v2\/pages\/12513"}],"wp:attachment":[{"href":"https:\/\/al-anon.org\/fr\/wp-json\/wp\/v2\/media?parent=12538"}],"curies":[{"name":"wp","href":"https:\/\/api.w.org\/{rel}","templated":true}]}}