{"id":10935,"date":"2017-10-31T09:16:21","date_gmt":"2017-10-31T13:16:21","guid":{"rendered":"https:\/\/al-anon.org\/?page_id=10935\/"},"modified":"2017-11-28T16:20:47","modified_gmt":"2017-11-28T21:20:47","slug":"les-groupes-dans-les-pays-qui-nont-pas-de-structure-de-service","status":"publish","type":"page","link":"https:\/\/al-anon.org\/fr\/pour-les-membres\/international\/les-groupes-dans-les-pays-qui-nont-pas-de-structure-de-service\/","title":{"rendered":"Les groupes dans les pays qui n\u2019ont pas de structure de service"},"content":{"rendered":"<div class=\"fusion-fullwidth fullwidth-box fusion-builder-row-1 nonhundred-percent-fullwidth non-hundred-percent-height-scrolling\" style=\"--awb-border-radius-top-left:0px;--awb-border-radius-top-right:0px;--awb-border-radius-bottom-right:0px;--awb-border-radius-bottom-left:0px;--awb-flex-wrap:wrap;\" ><div class=\"fusion-builder-row fusion-row\"><div class=\"fusion-layout-column fusion_builder_column fusion-builder-column-0 fusion_builder_column_1_1 1_1 fusion-one-full fusion-column-first fusion-column-last\" style=\"--awb-bg-size:cover;\"><div class=\"fusion-column-wrapper fusion-flex-column-wrapper-legacy\"><div class=\"fusion-text fusion-text-1\"><h3 style=\"text-align: center;\">Les groupes dans les pays qui n\u2019ont pas de structure de service<\/h3>\n<p>&nbsp;<\/p>\n<\/div><div class=\"fusion-text fusion-text-2\"><p>Pour les groupes dans les pays ne poss\u00e9dant pas de structure de service, le Bureau des Services Mondiaux (BSM) est une ressource s\u2019ils ont besoin d\u2019information. Vous pourrez trouver dans ces pages, les ressources contribuant \u00e0 la croissance et au soutien du groupe.\u00a0La relation entre les groupes et le BSM d\u00e9marre avec des informations \u00e0 jour et correctes sur le\u00a0<a href=\"\/pdf\/NewAlAnonGroupRegFormFR.pdf\">Formulaire d\u2019inscription pour les nouveaux groupes<\/a>\u00a0ou le\u00a0<a href=\"https:\/\/al-anon.org\/pdf\/GroupRecordsChangeFormFR.pdf\">Formulaire de mise \u00e0 jour des fichiers de groupes<\/a>.\u00a0Si vous souhaitez v\u00e9rifier que votre groupe est inscrit, communiquez avec le Bureau des Services Mondiaux au\u00a0<a href=\"mailto:wso@al-anon.org?subject=International\">wso@al-anon.org<\/a>.<\/p>\n<p><strong>Traduction de la Documentation Al\u2011Anon approuv\u00e9e par la Conf\u00e9rence<\/strong> \u2013 Toute traduction de la Documentation Al\u2011Anon approuv\u00e9e par la Conf\u00e9rence doit \u00eatre soumise au Bureau des Services Mondiaux afin d\u2019\u00eatre pass\u00e9e en revue et approuv\u00e9e <span style=\"text-decoration: underline;\"><strong>avant<\/strong><\/span> qu\u2019une permission d\u2019imprimer et de reproduire ladite documentation soit accord\u00e9e. Si vous souhaitez obtenir plus d\u2019information, veuillez envoyer un courriel au BSM \u00e0\u00a0<a href=\"mailto:wso@al-anon.org?subject=International\">wso@al-anon.org<\/a>.<\/p>\n<p>La permission de publier de la DAC est accord\u00e9e <span style=\"text-decoration: underline;\"><strong>uniquement<\/strong><\/span> aux bureaux nationaux des Services G\u00e9n\u00e9raux d\u2019Al\u2011Anon dans les pays autres que les \u00c9tats\u2011Unis et le Canada. Une telle permission est occasionnellement accord\u00e9e aux Comit\u00e9s d\u2019un Service central Al\u2011Anon, \u00e0 des centres de services ou m\u00eame \u00e0 un groupe en particulier, avec l\u2019entente que leur droit de publier sera c\u00e9d\u00e9 au bureau national des Services g\u00e9n\u00e9raux quand celui\u2011ci sera form\u00e9.<\/p>\n<p>Si vous souhaitez obtenir plus d\u2019information, veuillez envoyer un courriel au BSM \u00e0\u00a0<a href=\"mailto:wso@al-anon.org?subject=International\">wso@al-anon.org<\/a>.<\/p>\n<\/div><div class=\"fusion-clearfix\"><\/div><\/div><\/div><\/div><\/div>\n","protected":false},"excerpt":{"rendered":"","protected":false},"author":36,"featured_media":0,"parent":11451,"menu_order":0,"comment_status":"closed","ping_status":"closed","template":"","meta":{"footnotes":""},"class_list":["post-10935","page","type-page","status-publish","hentry"],"yoast_head":"<!-- This site is optimized with the Yoast SEO plugin v27.5 - https:\/\/yoast.com\/product\/yoast-seo-wordpress\/ -->\n<title>Les groupes dans les pays qui n\u2019ont pas de structure de service - Al-Anon Family Groups<\/title>\n<meta name=\"robots\" content=\"index, follow, max-snippet:-1, max-image-preview:large, max-video-preview:-1\" \/>\n<link rel=\"canonical\" href=\"https:\/\/al-anon.org\/fr\/pour-les-membres\/international\/les-groupes-dans-les-pays-qui-nont-pas-de-structure-de-service\/\" \/>\n<meta property=\"og:locale\" content=\"fr_FR\" \/>\n<meta property=\"og:type\" content=\"article\" \/>\n<meta property=\"og:title\" content=\"Les groupes dans les pays qui n\u2019ont pas de structure de service - Al-Anon Family Groups\" \/>\n<meta property=\"og:url\" content=\"https:\/\/al-anon.org\/fr\/pour-les-membres\/international\/les-groupes-dans-les-pays-qui-nont-pas-de-structure-de-service\/\" \/>\n<meta property=\"og:site_name\" content=\"Al-Anon Family Groups\" \/>\n<meta property=\"article:publisher\" content=\"http:\/\/www.facebook.com\/AlAnonFamilyGroupsWSO\" \/>\n<meta property=\"article:modified_time\" content=\"2017-11-28T21:20:47+00:00\" \/>\n<meta name=\"twitter:card\" content=\"summary_large_image\" \/>\n<meta name=\"twitter:site\" content=\"@AlAnon_WSO\" \/>\n<meta name=\"twitter:label1\" content=\"Dur\u00e9e de lecture estim\u00e9e\" \/>\n\t<meta name=\"twitter:data1\" content=\"2 minutes\" \/>\n<script type=\"application\/ld+json\" class=\"yoast-schema-graph\">{\"@context\":\"https:\\\/\\\/schema.org\",\"@graph\":[{\"@type\":\"WebPage\",\"@id\":\"https:\\\/\\\/al-anon.org\\\/fr\\\/pour-les-membres\\\/international\\\/les-groupes-dans-les-pays-qui-nont-pas-de-structure-de-service\\\/\",\"url\":\"https:\\\/\\\/al-anon.org\\\/fr\\\/pour-les-membres\\\/international\\\/les-groupes-dans-les-pays-qui-nont-pas-de-structure-de-service\\\/\",\"name\":\"Les groupes dans les pays qui n\u2019ont pas de structure de service - Al-Anon Family Groups\",\"isPartOf\":{\"@id\":\"https:\\\/\\\/al-anon.org\\\/fr\\\/#website\"},\"datePublished\":\"2017-10-31T13:16:21+00:00\",\"dateModified\":\"2017-11-28T21:20:47+00:00\",\"breadcrumb\":{\"@id\":\"https:\\\/\\\/al-anon.org\\\/fr\\\/pour-les-membres\\\/international\\\/les-groupes-dans-les-pays-qui-nont-pas-de-structure-de-service\\\/#breadcrumb\"},\"inLanguage\":\"fr-FR\",\"potentialAction\":[{\"@type\":\"ReadAction\",\"target\":[\"https:\\\/\\\/al-anon.org\\\/fr\\\/pour-les-membres\\\/international\\\/les-groupes-dans-les-pays-qui-nont-pas-de-structure-de-service\\\/\"]}]},{\"@type\":\"BreadcrumbList\",\"@id\":\"https:\\\/\\\/al-anon.org\\\/fr\\\/pour-les-membres\\\/international\\\/les-groupes-dans-les-pays-qui-nont-pas-de-structure-de-service\\\/#breadcrumb\",\"itemListElement\":[{\"@type\":\"ListItem\",\"position\":1,\"name\":\"Pour les membres\",\"item\":\"https:\\\/\\\/al-anon.org\\\/fr\\\/pour-les-membres\\\/\"},{\"@type\":\"ListItem\",\"position\":2,\"name\":\"International\",\"item\":\"https:\\\/\\\/al-anon.org\\\/fr\\\/pour-les-membres\\\/international\\\/\"},{\"@type\":\"ListItem\",\"position\":3,\"name\":\"Les groupes dans les pays qui n\u2019ont pas de structure de service\"}]},{\"@type\":\"WebSite\",\"@id\":\"https:\\\/\\\/al-anon.org\\\/fr\\\/#website\",\"url\":\"https:\\\/\\\/al-anon.org\\\/fr\\\/\",\"name\":\"Al-Anon Family Groups\",\"description\":\"Help and hope for families and friends of alcoholics\",\"publisher\":{\"@id\":\"https:\\\/\\\/al-anon.org\\\/fr\\\/#organization\"},\"potentialAction\":[{\"@type\":\"SearchAction\",\"target\":{\"@type\":\"EntryPoint\",\"urlTemplate\":\"https:\\\/\\\/al-anon.org\\\/fr\\\/?s={search_term_string}\"},\"query-input\":{\"@type\":\"PropertyValueSpecification\",\"valueRequired\":true,\"valueName\":\"search_term_string\"}}],\"inLanguage\":\"fr-FR\"},{\"@type\":\"Organization\",\"@id\":\"https:\\\/\\\/al-anon.org\\\/fr\\\/#organization\",\"name\":\"Al-Anon Family Group Headquarters, Inc.\",\"url\":\"https:\\\/\\\/al-anon.org\\\/fr\\\/\",\"logo\":{\"@type\":\"ImageObject\",\"inLanguage\":\"fr-FR\",\"@id\":\"https:\\\/\\\/al-anon.org\\\/fr\\\/#\\\/schema\\\/logo\\\/image\\\/\",\"url\":\"https:\\\/\\\/al-anon.org\\\/wp-content\\\/uploads\\\/2017\\\/04\\\/AFGlogo-e1492189694634.jpg\",\"contentUrl\":\"https:\\\/\\\/al-anon.org\\\/wp-content\\\/uploads\\\/2017\\\/04\\\/AFGlogo-e1492189694634.jpg\",\"width\":167,\"height\":50,\"caption\":\"Al-Anon Family Group Headquarters, Inc.\"},\"image\":{\"@id\":\"https:\\\/\\\/al-anon.org\\\/fr\\\/#\\\/schema\\\/logo\\\/image\\\/\"},\"sameAs\":[\"http:\\\/\\\/www.facebook.com\\\/AlAnonFamilyGroupsWSO\",\"https:\\\/\\\/x.com\\\/AlAnon_WSO\",\"http:\\\/\\\/www.instagram.com\\\/alanon_wso\",\"https:\\\/\\\/www.linkedin.com\\\/company\\\/al-anon-wso\\\/\",\"https:\\\/\\\/www.youtube.com\\\/user\\\/AlAnonFamilyGroupHQ\\\/\"]}]}<\/script>\n<!-- \/ Yoast SEO plugin. -->","yoast_head_json":{"title":"Les groupes dans les pays qui n\u2019ont pas de structure de service - Al-Anon Family Groups","robots":{"index":"index","follow":"follow","max-snippet":"max-snippet:-1","max-image-preview":"max-image-preview:large","max-video-preview":"max-video-preview:-1"},"canonical":"https:\/\/al-anon.org\/fr\/pour-les-membres\/international\/les-groupes-dans-les-pays-qui-nont-pas-de-structure-de-service\/","og_locale":"fr_FR","og_type":"article","og_title":"Les groupes dans les pays qui n\u2019ont pas de structure de service - Al-Anon Family Groups","og_url":"https:\/\/al-anon.org\/fr\/pour-les-membres\/international\/les-groupes-dans-les-pays-qui-nont-pas-de-structure-de-service\/","og_site_name":"Al-Anon Family Groups","article_publisher":"http:\/\/www.facebook.com\/AlAnonFamilyGroupsWSO","article_modified_time":"2017-11-28T21:20:47+00:00","twitter_card":"summary_large_image","twitter_site":"@AlAnon_WSO","twitter_misc":{"Dur\u00e9e de lecture estim\u00e9e":"2 minutes"},"schema":{"@context":"https:\/\/schema.org","@graph":[{"@type":"WebPage","@id":"https:\/\/al-anon.org\/fr\/pour-les-membres\/international\/les-groupes-dans-les-pays-qui-nont-pas-de-structure-de-service\/","url":"https:\/\/al-anon.org\/fr\/pour-les-membres\/international\/les-groupes-dans-les-pays-qui-nont-pas-de-structure-de-service\/","name":"Les groupes dans les pays qui n\u2019ont pas de structure de service - Al-Anon Family Groups","isPartOf":{"@id":"https:\/\/al-anon.org\/fr\/#website"},"datePublished":"2017-10-31T13:16:21+00:00","dateModified":"2017-11-28T21:20:47+00:00","breadcrumb":{"@id":"https:\/\/al-anon.org\/fr\/pour-les-membres\/international\/les-groupes-dans-les-pays-qui-nont-pas-de-structure-de-service\/#breadcrumb"},"inLanguage":"fr-FR","potentialAction":[{"@type":"ReadAction","target":["https:\/\/al-anon.org\/fr\/pour-les-membres\/international\/les-groupes-dans-les-pays-qui-nont-pas-de-structure-de-service\/"]}]},{"@type":"BreadcrumbList","@id":"https:\/\/al-anon.org\/fr\/pour-les-membres\/international\/les-groupes-dans-les-pays-qui-nont-pas-de-structure-de-service\/#breadcrumb","itemListElement":[{"@type":"ListItem","position":1,"name":"Pour les membres","item":"https:\/\/al-anon.org\/fr\/pour-les-membres\/"},{"@type":"ListItem","position":2,"name":"International","item":"https:\/\/al-anon.org\/fr\/pour-les-membres\/international\/"},{"@type":"ListItem","position":3,"name":"Les groupes dans les pays qui n\u2019ont pas de structure de service"}]},{"@type":"WebSite","@id":"https:\/\/al-anon.org\/fr\/#website","url":"https:\/\/al-anon.org\/fr\/","name":"Al-Anon Family Groups","description":"Help and hope for families and friends of alcoholics","publisher":{"@id":"https:\/\/al-anon.org\/fr\/#organization"},"potentialAction":[{"@type":"SearchAction","target":{"@type":"EntryPoint","urlTemplate":"https:\/\/al-anon.org\/fr\/?s={search_term_string}"},"query-input":{"@type":"PropertyValueSpecification","valueRequired":true,"valueName":"search_term_string"}}],"inLanguage":"fr-FR"},{"@type":"Organization","@id":"https:\/\/al-anon.org\/fr\/#organization","name":"Al-Anon Family Group Headquarters, Inc.","url":"https:\/\/al-anon.org\/fr\/","logo":{"@type":"ImageObject","inLanguage":"fr-FR","@id":"https:\/\/al-anon.org\/fr\/#\/schema\/logo\/image\/","url":"https:\/\/al-anon.org\/wp-content\/uploads\/2017\/04\/AFGlogo-e1492189694634.jpg","contentUrl":"https:\/\/al-anon.org\/wp-content\/uploads\/2017\/04\/AFGlogo-e1492189694634.jpg","width":167,"height":50,"caption":"Al-Anon Family Group Headquarters, Inc."},"image":{"@id":"https:\/\/al-anon.org\/fr\/#\/schema\/logo\/image\/"},"sameAs":["http:\/\/www.facebook.com\/AlAnonFamilyGroupsWSO","https:\/\/x.com\/AlAnon_WSO","http:\/\/www.instagram.com\/alanon_wso","https:\/\/www.linkedin.com\/company\/al-anon-wso\/","https:\/\/www.youtube.com\/user\/AlAnonFamilyGroupHQ\/"]}]}},"_links":{"self":[{"href":"https:\/\/al-anon.org\/fr\/wp-json\/wp\/v2\/pages\/10935","targetHints":{"allow":["GET"]}}],"collection":[{"href":"https:\/\/al-anon.org\/fr\/wp-json\/wp\/v2\/pages"}],"about":[{"href":"https:\/\/al-anon.org\/fr\/wp-json\/wp\/v2\/types\/page"}],"author":[{"embeddable":true,"href":"https:\/\/al-anon.org\/fr\/wp-json\/wp\/v2\/users\/36"}],"replies":[{"embeddable":true,"href":"https:\/\/al-anon.org\/fr\/wp-json\/wp\/v2\/comments?post=10935"}],"version-history":[{"count":7,"href":"https:\/\/al-anon.org\/fr\/wp-json\/wp\/v2\/pages\/10935\/revisions"}],"predecessor-version":[{"id":12630,"href":"https:\/\/al-anon.org\/fr\/wp-json\/wp\/v2\/pages\/10935\/revisions\/12630"}],"up":[{"embeddable":true,"href":"https:\/\/al-anon.org\/fr\/wp-json\/wp\/v2\/pages\/11451"}],"wp:attachment":[{"href":"https:\/\/al-anon.org\/fr\/wp-json\/wp\/v2\/media?parent=10935"}],"curies":[{"name":"wp","href":"https:\/\/api.w.org\/{rel}","templated":true}]}}