{"id":10627,"date":"2017-10-17T13:24:16","date_gmt":"2017-10-17T17:24:16","guid":{"rendered":"https:\/\/al-anon.org\/new-meeting-search\/"},"modified":"2025-03-31T18:48:49","modified_gmt":"2025-03-31T22:48:49","slug":"outil-de-recherche-pour-les-reunions-al-anon","status":"publish","type":"page","link":"https:\/\/al-anon.org\/fr\/reunions-al-anon\/outil-de-recherche-pour-les-reunions-al-anon\/","title":{"rendered":"Trouver une r\u00e9union Al-Anon"},"content":{"rendered":"<p><div class=\"fusion-fullwidth fullwidth-box fusion-builder-row-1 nonhundred-percent-fullwidth non-hundred-percent-height-scrolling\" style=\"--awb-border-radius-top-left:0px;--awb-border-radius-top-right:0px;--awb-border-radius-bottom-right:0px;--awb-border-radius-bottom-left:0px;--awb-flex-wrap:wrap;\" ><div class=\"fusion-builder-row fusion-row\"><div class=\"fusion-layout-column fusion_builder_column fusion-builder-column-0 fusion_builder_column_1_1 1_1 fusion-one-full fusion-column-first fusion-column-last\" style=\"--awb-bg-size:cover;\"><div class=\"fusion-column-wrapper fusion-column-has-shadow fusion-flex-column-wrapper-legacy\"><div class=\"fusion-text fusion-text-1\" style=\"--awb-font-size:16px;\"><p>Chers membres de la famille et amis d\u2019alcooliques,<\/p>\n<p>Les groupes r\u00e9pertori\u00e9s sur cette page peuvent se r\u00e9unir en pr\u00e9sentiel, en personne avec un acc\u00e8s \u00e9lectronique (hybride), ou par voie \u00e9lectronique. <strong>Nous encourageons les nouveaux venus et les membres qui pr\u00e9voient d&rsquo;assister \u00e0 ces r\u00e9unions \u00e0 consulter les d\u00e9tails concernant la r\u00e9union et \u00e0 cliquer sur les points sur la carte pour savoir comment se rendre \u00e0 chaque r\u00e9union.<\/strong><\/p>\n<p>\u00cates-vous pr\u00e9occup\u00e9 par la consommation d&rsquo;alcool d&rsquo;une autre personne? <u>Vous pouvez assister \u00e0 <strong>N\u2019IMPORTE <\/strong>quelle r\u00e9union Al\u2011Anon sur la liste.<\/u> Bien que certains groupes choisissent de s\u00e9lectionner certains participants, ils accueilleront toute personne recherchant de l&rsquo;aide.<\/p>\n<\/div><div class=\"fusion-clearfix\"><\/div><\/div><\/div><\/div><\/div><div class=\"fusion-fullwidth fullwidth-box fusion-builder-row-2 nonhundred-percent-fullwidth non-hundred-percent-height-scrolling\" style=\"--awb-border-radius-top-left:0px;--awb-border-radius-top-right:0px;--awb-border-radius-bottom-right:0px;--awb-border-radius-bottom-left:0px;--awb-flex-wrap:wrap;\" ><div class=\"fusion-builder-row fusion-row\"><div class=\"fusion-layout-column fusion_builder_column fusion-builder-column-1 fusion_builder_column_1_1 1_1 fusion-one-full fusion-column-first fusion-column-last\" style=\"--awb-bg-size:cover;\"><div class=\"fusion-column-wrapper fusion-flex-column-wrapper-legacy\">\t<div id=\"update\">\n\t\t<div class=\"container\">\n\t\t\t<div class=\"row\" style=\"margin-top:20px;\">\n\t\t\t\t<div id=\"storelocatorwidget\" style=\"width:100%;\"><p>Toutes les r\u00e9unions...<\/p><\/div>\n\t\t\t\t<script type=\"text\/javascript\" src=\"\/\/maps.googleapis.com\/maps\/api\/js?key=AIzaSyC3xbIGfnsTzS5e9aDoKMZPIQo7V-Ehl-k&libraries=places\"><\/script>\n\t\t\t\t<script type=\"text\/javascript\" id=\"storelocatorscript\" data-uid=\"cba0758378166b88cf39e82d3f2d02af\" data-language=\"French\" data-filters=\"Al-Anon, Fran\u00e7ais\" src=\"\/\/cdn.storelocatorwidgets.com\/widget\/widget.js\"><\/script>\n\t\t\t<\/div>\n\t\t<\/div>\n\t<\/div><div class=\"fusion-clearfix\"><\/div><\/div><\/div><\/div><\/div><\/p>\n","protected":false},"excerpt":{"rendered":"","protected":false},"author":36,"featured_media":0,"parent":5102,"menu_order":0,"comment_status":"closed","ping_status":"closed","template":"","meta":{"footnotes":""},"class_list":["post-10627","page","type-page","status-publish","hentry"],"yoast_head":"<!-- This site is optimized with the Yoast SEO plugin v27.5 - https:\/\/yoast.com\/product\/yoast-seo-wordpress\/ -->\n<title>Trouver une r\u00e9union Al-Anon - Al-Anon Family Groups<\/title>\n<meta name=\"description\" content=\"\u00cates-vous pr\u00e9occup\u00e9 par la consommation d&#039;alcool d&#039;une autre personne? Vous pouvez assister \u00e0 N&#039;IMPORTE QUELLE R\u00c9UNION sur la liste. Bien que certains groupes choisissent de s\u00e9lectionner certains participants, ils accueilleront toute personne recherchant de l&#039;aide.\" \/>\n<meta name=\"robots\" content=\"index, follow, max-snippet:-1, max-image-preview:large, max-video-preview:-1\" \/>\n<link rel=\"canonical\" href=\"https:\/\/al-anon.org\/fr\/reunions-al-anon\/outil-de-recherche-pour-les-reunions-al-anon\/\" \/>\n<meta property=\"og:locale\" content=\"fr_FR\" \/>\n<meta property=\"og:type\" content=\"article\" \/>\n<meta property=\"og:title\" content=\"Trouver une r\u00e9union Al-Anon - Al-Anon Family Groups\" \/>\n<meta property=\"og:description\" content=\"\u00cates-vous pr\u00e9occup\u00e9 par la consommation d&#039;alcool d&#039;une autre personne? Vous pouvez assister \u00e0 N&#039;IMPORTE QUELLE R\u00c9UNION sur la liste. Bien que certains groupes choisissent de s\u00e9lectionner certains participants, ils accueilleront toute personne recherchant de l&#039;aide.\" \/>\n<meta property=\"og:url\" content=\"https:\/\/al-anon.org\/fr\/reunions-al-anon\/outil-de-recherche-pour-les-reunions-al-anon\/\" \/>\n<meta property=\"og:site_name\" content=\"Al-Anon Family Groups\" \/>\n<meta property=\"article:publisher\" content=\"http:\/\/www.facebook.com\/AlAnonFamilyGroupsWSO\" \/>\n<meta property=\"article:modified_time\" content=\"2025-03-31T22:48:49+00:00\" \/>\n<meta name=\"twitter:card\" content=\"summary_large_image\" \/>\n<meta name=\"twitter:site\" content=\"@AlAnon_WSO\" \/>\n<meta name=\"twitter:label1\" content=\"Dur\u00e9e de lecture estim\u00e9e\" \/>\n\t<meta name=\"twitter:data1\" content=\"1 minute\" \/>\n<script type=\"application\/ld+json\" class=\"yoast-schema-graph\">{\"@context\":\"https:\\\/\\\/schema.org\",\"@graph\":[{\"@type\":\"WebPage\",\"@id\":\"https:\\\/\\\/al-anon.org\\\/fr\\\/reunions-al-anon\\\/outil-de-recherche-pour-les-reunions-al-anon\\\/\",\"url\":\"https:\\\/\\\/al-anon.org\\\/fr\\\/reunions-al-anon\\\/outil-de-recherche-pour-les-reunions-al-anon\\\/\",\"name\":\"Trouver une r\u00e9union Al-Anon - Al-Anon Family Groups\",\"isPartOf\":{\"@id\":\"https:\\\/\\\/al-anon.org\\\/fr\\\/#website\"},\"datePublished\":\"2017-10-17T17:24:16+00:00\",\"dateModified\":\"2025-03-31T22:48:49+00:00\",\"description\":\"\u00cates-vous pr\u00e9occup\u00e9 par la consommation d'alcool d'une autre personne? Vous pouvez assister \u00e0 N'IMPORTE QUELLE R\u00c9UNION sur la liste. Bien que certains groupes choisissent de s\u00e9lectionner certains participants, ils accueilleront toute personne recherchant de l'aide.\",\"breadcrumb\":{\"@id\":\"https:\\\/\\\/al-anon.org\\\/fr\\\/reunions-al-anon\\\/outil-de-recherche-pour-les-reunions-al-anon\\\/#breadcrumb\"},\"inLanguage\":\"fr-FR\",\"potentialAction\":[{\"@type\":\"ReadAction\",\"target\":[\"https:\\\/\\\/al-anon.org\\\/fr\\\/reunions-al-anon\\\/outil-de-recherche-pour-les-reunions-al-anon\\\/\"]}]},{\"@type\":\"BreadcrumbList\",\"@id\":\"https:\\\/\\\/al-anon.org\\\/fr\\\/reunions-al-anon\\\/outil-de-recherche-pour-les-reunions-al-anon\\\/#breadcrumb\",\"itemListElement\":[{\"@type\":\"ListItem\",\"position\":1,\"name\":\"R\u00e9unions Al-Anon\",\"item\":\"https:\\\/\\\/al-anon.org\\\/fr\\\/reunions-al-anon\\\/\"},{\"@type\":\"ListItem\",\"position\":2,\"name\":\"Trouver une r\u00e9union Al-Anon\"}]},{\"@type\":\"WebSite\",\"@id\":\"https:\\\/\\\/al-anon.org\\\/fr\\\/#website\",\"url\":\"https:\\\/\\\/al-anon.org\\\/fr\\\/\",\"name\":\"Al-Anon Family Groups\",\"description\":\"Help and hope for families and friends of alcoholics\",\"publisher\":{\"@id\":\"https:\\\/\\\/al-anon.org\\\/fr\\\/#organization\"},\"potentialAction\":[{\"@type\":\"SearchAction\",\"target\":{\"@type\":\"EntryPoint\",\"urlTemplate\":\"https:\\\/\\\/al-anon.org\\\/fr\\\/?s={search_term_string}\"},\"query-input\":{\"@type\":\"PropertyValueSpecification\",\"valueRequired\":true,\"valueName\":\"search_term_string\"}}],\"inLanguage\":\"fr-FR\"},{\"@type\":\"Organization\",\"@id\":\"https:\\\/\\\/al-anon.org\\\/fr\\\/#organization\",\"name\":\"Al-Anon Family Group Headquarters, Inc.\",\"url\":\"https:\\\/\\\/al-anon.org\\\/fr\\\/\",\"logo\":{\"@type\":\"ImageObject\",\"inLanguage\":\"fr-FR\",\"@id\":\"https:\\\/\\\/al-anon.org\\\/fr\\\/#\\\/schema\\\/logo\\\/image\\\/\",\"url\":\"https:\\\/\\\/al-anon.org\\\/wp-content\\\/uploads\\\/2017\\\/04\\\/AFGlogo-e1492189694634.jpg\",\"contentUrl\":\"https:\\\/\\\/al-anon.org\\\/wp-content\\\/uploads\\\/2017\\\/04\\\/AFGlogo-e1492189694634.jpg\",\"width\":167,\"height\":50,\"caption\":\"Al-Anon Family Group Headquarters, Inc.\"},\"image\":{\"@id\":\"https:\\\/\\\/al-anon.org\\\/fr\\\/#\\\/schema\\\/logo\\\/image\\\/\"},\"sameAs\":[\"http:\\\/\\\/www.facebook.com\\\/AlAnonFamilyGroupsWSO\",\"https:\\\/\\\/x.com\\\/AlAnon_WSO\",\"http:\\\/\\\/www.instagram.com\\\/alanon_wso\",\"https:\\\/\\\/www.linkedin.com\\\/company\\\/al-anon-wso\\\/\",\"https:\\\/\\\/www.youtube.com\\\/user\\\/AlAnonFamilyGroupHQ\\\/\"]}]}<\/script>\n<!-- \/ Yoast SEO plugin. -->","yoast_head_json":{"title":"Trouver une r\u00e9union Al-Anon - Al-Anon Family Groups","description":"\u00cates-vous pr\u00e9occup\u00e9 par la consommation d'alcool d'une autre personne? Vous pouvez assister \u00e0 N'IMPORTE QUELLE R\u00c9UNION sur la liste. Bien que certains groupes choisissent de s\u00e9lectionner certains participants, ils accueilleront toute personne recherchant de l'aide.","robots":{"index":"index","follow":"follow","max-snippet":"max-snippet:-1","max-image-preview":"max-image-preview:large","max-video-preview":"max-video-preview:-1"},"canonical":"https:\/\/al-anon.org\/fr\/reunions-al-anon\/outil-de-recherche-pour-les-reunions-al-anon\/","og_locale":"fr_FR","og_type":"article","og_title":"Trouver une r\u00e9union Al-Anon - Al-Anon Family Groups","og_description":"\u00cates-vous pr\u00e9occup\u00e9 par la consommation d'alcool d'une autre personne? Vous pouvez assister \u00e0 N'IMPORTE QUELLE R\u00c9UNION sur la liste. Bien que certains groupes choisissent de s\u00e9lectionner certains participants, ils accueilleront toute personne recherchant de l'aide.","og_url":"https:\/\/al-anon.org\/fr\/reunions-al-anon\/outil-de-recherche-pour-les-reunions-al-anon\/","og_site_name":"Al-Anon Family Groups","article_publisher":"http:\/\/www.facebook.com\/AlAnonFamilyGroupsWSO","article_modified_time":"2025-03-31T22:48:49+00:00","twitter_card":"summary_large_image","twitter_site":"@AlAnon_WSO","twitter_misc":{"Dur\u00e9e de lecture estim\u00e9e":"1 minute"},"schema":{"@context":"https:\/\/schema.org","@graph":[{"@type":"WebPage","@id":"https:\/\/al-anon.org\/fr\/reunions-al-anon\/outil-de-recherche-pour-les-reunions-al-anon\/","url":"https:\/\/al-anon.org\/fr\/reunions-al-anon\/outil-de-recherche-pour-les-reunions-al-anon\/","name":"Trouver une r\u00e9union Al-Anon - Al-Anon Family Groups","isPartOf":{"@id":"https:\/\/al-anon.org\/fr\/#website"},"datePublished":"2017-10-17T17:24:16+00:00","dateModified":"2025-03-31T22:48:49+00:00","description":"\u00cates-vous pr\u00e9occup\u00e9 par la consommation d'alcool d'une autre personne? Vous pouvez assister \u00e0 N'IMPORTE QUELLE R\u00c9UNION sur la liste. Bien que certains groupes choisissent de s\u00e9lectionner certains participants, ils accueilleront toute personne recherchant de l'aide.","breadcrumb":{"@id":"https:\/\/al-anon.org\/fr\/reunions-al-anon\/outil-de-recherche-pour-les-reunions-al-anon\/#breadcrumb"},"inLanguage":"fr-FR","potentialAction":[{"@type":"ReadAction","target":["https:\/\/al-anon.org\/fr\/reunions-al-anon\/outil-de-recherche-pour-les-reunions-al-anon\/"]}]},{"@type":"BreadcrumbList","@id":"https:\/\/al-anon.org\/fr\/reunions-al-anon\/outil-de-recherche-pour-les-reunions-al-anon\/#breadcrumb","itemListElement":[{"@type":"ListItem","position":1,"name":"R\u00e9unions Al-Anon","item":"https:\/\/al-anon.org\/fr\/reunions-al-anon\/"},{"@type":"ListItem","position":2,"name":"Trouver une r\u00e9union Al-Anon"}]},{"@type":"WebSite","@id":"https:\/\/al-anon.org\/fr\/#website","url":"https:\/\/al-anon.org\/fr\/","name":"Al-Anon Family Groups","description":"Help and hope for families and friends of alcoholics","publisher":{"@id":"https:\/\/al-anon.org\/fr\/#organization"},"potentialAction":[{"@type":"SearchAction","target":{"@type":"EntryPoint","urlTemplate":"https:\/\/al-anon.org\/fr\/?s={search_term_string}"},"query-input":{"@type":"PropertyValueSpecification","valueRequired":true,"valueName":"search_term_string"}}],"inLanguage":"fr-FR"},{"@type":"Organization","@id":"https:\/\/al-anon.org\/fr\/#organization","name":"Al-Anon Family Group Headquarters, Inc.","url":"https:\/\/al-anon.org\/fr\/","logo":{"@type":"ImageObject","inLanguage":"fr-FR","@id":"https:\/\/al-anon.org\/fr\/#\/schema\/logo\/image\/","url":"https:\/\/al-anon.org\/wp-content\/uploads\/2017\/04\/AFGlogo-e1492189694634.jpg","contentUrl":"https:\/\/al-anon.org\/wp-content\/uploads\/2017\/04\/AFGlogo-e1492189694634.jpg","width":167,"height":50,"caption":"Al-Anon Family Group Headquarters, Inc."},"image":{"@id":"https:\/\/al-anon.org\/fr\/#\/schema\/logo\/image\/"},"sameAs":["http:\/\/www.facebook.com\/AlAnonFamilyGroupsWSO","https:\/\/x.com\/AlAnon_WSO","http:\/\/www.instagram.com\/alanon_wso","https:\/\/www.linkedin.com\/company\/al-anon-wso\/","https:\/\/www.youtube.com\/user\/AlAnonFamilyGroupHQ\/"]}]}},"_links":{"self":[{"href":"https:\/\/al-anon.org\/fr\/wp-json\/wp\/v2\/pages\/10627","targetHints":{"allow":["GET"]}}],"collection":[{"href":"https:\/\/al-anon.org\/fr\/wp-json\/wp\/v2\/pages"}],"about":[{"href":"https:\/\/al-anon.org\/fr\/wp-json\/wp\/v2\/types\/page"}],"author":[{"embeddable":true,"href":"https:\/\/al-anon.org\/fr\/wp-json\/wp\/v2\/users\/36"}],"replies":[{"embeddable":true,"href":"https:\/\/al-anon.org\/fr\/wp-json\/wp\/v2\/comments?post=10627"}],"version-history":[{"count":24,"href":"https:\/\/al-anon.org\/fr\/wp-json\/wp\/v2\/pages\/10627\/revisions"}],"predecessor-version":[{"id":44952,"href":"https:\/\/al-anon.org\/fr\/wp-json\/wp\/v2\/pages\/10627\/revisions\/44952"}],"up":[{"embeddable":true,"href":"https:\/\/al-anon.org\/fr\/wp-json\/wp\/v2\/pages\/5102"}],"wp:attachment":[{"href":"https:\/\/al-anon.org\/fr\/wp-json\/wp\/v2\/media?parent=10627"}],"curies":[{"name":"wp","href":"https:\/\/api.w.org\/{rel}","templated":true}]}}