{"id":6072,"date":"2017-07-10T11:28:28","date_gmt":"2017-07-10T15:28:28","guid":{"rendered":"https:\/\/al-anon.org\/?page_id=6072\/"},"modified":"2026-02-18T15:47:26","modified_gmt":"2026-02-18T20:47:26","slug":"comunicados-de-prensa","status":"publish","type":"page","link":"https:\/\/al-anon.org\/es\/juego-de-medios\/comunicados-de-prensa\/","title":{"rendered":"Comunicados de prensa"},"content":{"rendered":"<div class=\"fusion-fullwidth fullwidth-box fusion-builder-row-1 nonhundred-percent-fullwidth non-hundred-percent-height-scrolling\" style=\"--awb-background-position:left top;--awb-border-sizes-top:0px;--awb-border-sizes-bottom:0px;--awb-border-sizes-left:0px;--awb-border-sizes-right:0px;--awb-border-radius-top-left:0px;--awb-border-radius-top-right:0px;--awb-border-radius-bottom-right:0px;--awb-border-radius-bottom-left:0px;--awb-padding-top:20px;--awb-padding-bottom:20px;--awb-flex-wrap:wrap;\" ><div class=\"fusion-builder-row fusion-row\"><div class=\"fusion-layout-column fusion_builder_column fusion-builder-column-0 fusion_builder_column_1_1 1_1 fusion-one-full fusion-column-first fusion-column-last\" style=\"--awb-bg-size:cover;\"><div class=\"fusion-column-wrapper fusion-flex-column-wrapper-legacy\"><div class=\"fusion-title title fusion-title-1 fusion-sep-none fusion-title-center fusion-title-text fusion-title-size-two\" style=\"--awb-margin-top-small:0px;--awb-margin-right-small:0px;--awb-margin-bottom-small:20px;--awb-margin-left-small:0px;\"><h2 class=\"fusion-title-heading title-heading-center fusion-responsive-typography-calculated\" style=\"margin:0;--fontSize:35;line-height:1.29;\"><p><strong>Comunicados de prensa de Al-Anon recientes<\/strong><\/p>\n<p><strong data-redactor-tag=\"strong\">\u00a0<\/strong><\/p><\/h2><\/div><div class=\"fusion-text fusion-text-1\"><p>A periodistas, columnistas, blogueros y administradores de web con gusto se les permite publicar o adaptar comunicados de prensa o informaciones destacadas de Al-Anon para su p\u00fablico. Para la utilizaci\u00f3n de lenguaje espec\u00edfico de Al-Anon o para los horarios de las reuniones locales, comun\u00edquese con un Servicio de Informaci\u00f3n de Al-Anon local. Para m\u00e1s informaci\u00f3n o para obtener ayuda en cuanto a hacer arreglos locales, comun\u00edquese con Difusi\u00f3n P\u00fablica:<\/p>\n<p><strong>Tel\u00e9fono:<\/strong> (757) 563-1600<br \/>\n<strong>Correo electr\u00f3nico:<\/strong><a href=\"mailto:media@al-anon.org\"> media@al-anon.org<\/a><\/p>\n<\/div><div class=\"fusion-blog-shortcode fusion-blog-shortcode-1 fusion-blog-archive fusion-blog-layout-grid-wrapper fusion-blog-pagination fusion-blog-no-images\"><style type=\"text\/css\">.fusion-blog-shortcode-1 .fusion-blog-layout-grid .fusion-post-grid{padding:10px;}.fusion-blog-shortcode-1 .fusion-posts-container{margin-left: -10px !important; margin-right:-10px !important;}<\/style><div class=\"fusion-posts-container fusion-posts-container-pagination fusion-blog-layout-grid fusion-blog-layout-grid-3 isotope\" data-pages=\"1\" data-grid-col-space=\"20\" style=\"margin: -10px -10px 0;min-height:500px;\"><article id=\"blog-1-post-46950\" class=\"fusion-post-grid post-46950 post type-post status-publish format-standard hentry category-comunicado-de-prensa\">\n<div class=\"fusion-post-wrapper\" style=\"background-color:rgba(255,255,255,1);border:1px solid #eae9e9;border-bottom-width:3px;\"><div class=\"fusion-post-content-wrapper\" style=\"padding:30px 25px 20px 25px;\"><div class=\"fusion-post-content post-content\"><h2 class=\"blog-shortcode-post-title entry-title\"><a href=\"https:\/\/al-anon.org\/es\/blog\/celebrando-75-anos-de-recuperacion\/\">Celebrando 75 a\u00f1os de recuperaci\u00f3n<\/a><\/h2><p class=\"fusion-single-line-meta\"><span class=\"vcard\" style=\"display: none;\"><span class=\"fn\"><a href=\"https:\/\/al-anon.org\/es\/blog\/author\/bob\/\" title=\"Entradas de Al-Anon\" rel=\"author\">Al-Anon<\/a><\/span><\/span><span class=\"updated\" style=\"display:none;\">2026-02-18T14:02:31-05:00<\/span><span>febrero 18, 2026<\/span><span class=\"fusion-inline-sep\">|<\/span><\/p><div class=\"fusion-content-sep sep-none\"><\/div><div class=\"fusion-post-content-container\"><p>  Celebrando 75 a\u00f1os de recuperaci\u00f3n: en Al\u2011Anon: Brindando ayuda y esperanza a las familias Al conmemorar este a\u00f1o su 75.\u00ba aniversario, los Grupos de Familia Al\u2011Anon reafirman su compromiso de larga data de apoyar a los familiares y<\/p><\/div><\/div><div class=\"fusion-meta-info\"><div class=\"fusion-alignleft\"><a class=\"fusion-read-more\" href=\"https:\/\/al-anon.org\/es\/blog\/celebrando-75-anos-de-recuperacion\/\" aria-label=\"More on Celebrando 75 a\u00f1os de recuperaci\u00f3n\">Read More<\/a><\/div><\/div><\/div><div class=\"fusion-clearfix\"><\/div><\/div>\n<\/article>\n<div class=\"fusion-clearfix\"><\/div><\/div><\/div><div class=\"fusion-clearfix\"><\/div><\/div><\/div><\/div><\/div>\n","protected":false},"excerpt":{"rendered":"","protected":false},"author":36,"featured_media":0,"parent":5954,"menu_order":0,"comment_status":"closed","ping_status":"closed","template":"","meta":{"footnotes":""},"class_list":["post-6072","page","type-page","status-publish","hentry"],"yoast_head":"<!-- This site is optimized with the Yoast SEO plugin v27.3 - https:\/\/yoast.com\/product\/yoast-seo-wordpress\/ -->\n<title>Comunicados de prensa - Al-Anon Family Groups<\/title>\n<meta name=\"robots\" content=\"index, follow, max-snippet:-1, max-image-preview:large, max-video-preview:-1\" \/>\n<link rel=\"canonical\" href=\"https:\/\/al-anon.org\/es\/juego-de-medios\/comunicados-de-prensa\/\" \/>\n<meta property=\"og:locale\" content=\"es_ES\" \/>\n<meta property=\"og:type\" content=\"article\" \/>\n<meta property=\"og:title\" content=\"Comunicados de prensa - Al-Anon Family Groups\" \/>\n<meta property=\"og:url\" content=\"https:\/\/al-anon.org\/es\/juego-de-medios\/comunicados-de-prensa\/\" \/>\n<meta property=\"og:site_name\" content=\"Al-Anon Family Groups\" \/>\n<meta property=\"article:publisher\" content=\"http:\/\/www.facebook.com\/AlAnonFamilyGroupsWSO\" \/>\n<meta property=\"article:modified_time\" content=\"2026-02-18T20:47:26+00:00\" \/>\n<meta name=\"twitter:card\" content=\"summary_large_image\" \/>\n<meta name=\"twitter:site\" content=\"@AlAnon_WSO\" \/>\n<meta name=\"twitter:label1\" content=\"Tiempo de lectura\" \/>\n\t<meta name=\"twitter:data1\" content=\"2 minutos\" \/>\n<script type=\"application\/ld+json\" class=\"yoast-schema-graph\">{\"@context\":\"https:\\\/\\\/schema.org\",\"@graph\":[{\"@type\":\"WebPage\",\"@id\":\"https:\\\/\\\/al-anon.org\\\/es\\\/juego-de-medios\\\/comunicados-de-prensa\\\/\",\"url\":\"https:\\\/\\\/al-anon.org\\\/es\\\/juego-de-medios\\\/comunicados-de-prensa\\\/\",\"name\":\"Comunicados de prensa - Al-Anon Family Groups\",\"isPartOf\":{\"@id\":\"https:\\\/\\\/al-anon.org\\\/es\\\/#website\"},\"datePublished\":\"2017-07-10T15:28:28+00:00\",\"dateModified\":\"2026-02-18T20:47:26+00:00\",\"breadcrumb\":{\"@id\":\"https:\\\/\\\/al-anon.org\\\/es\\\/juego-de-medios\\\/comunicados-de-prensa\\\/#breadcrumb\"},\"inLanguage\":\"es\",\"potentialAction\":[{\"@type\":\"ReadAction\",\"target\":[\"https:\\\/\\\/al-anon.org\\\/es\\\/juego-de-medios\\\/comunicados-de-prensa\\\/\"]}]},{\"@type\":\"BreadcrumbList\",\"@id\":\"https:\\\/\\\/al-anon.org\\\/es\\\/juego-de-medios\\\/comunicados-de-prensa\\\/#breadcrumb\",\"itemListElement\":[{\"@type\":\"ListItem\",\"position\":1,\"name\":\"Juego de medios\",\"item\":\"https:\\\/\\\/al-anon.org\\\/es\\\/juego-de-medios\\\/\"},{\"@type\":\"ListItem\",\"position\":2,\"name\":\"Comunicados de prensa\"}]},{\"@type\":\"WebSite\",\"@id\":\"https:\\\/\\\/al-anon.org\\\/es\\\/#website\",\"url\":\"https:\\\/\\\/al-anon.org\\\/es\\\/\",\"name\":\"Al-Anon Family Groups\",\"description\":\"Help and hope for families and friends of alcoholics\",\"publisher\":{\"@id\":\"https:\\\/\\\/al-anon.org\\\/es\\\/#organization\"},\"potentialAction\":[{\"@type\":\"SearchAction\",\"target\":{\"@type\":\"EntryPoint\",\"urlTemplate\":\"https:\\\/\\\/al-anon.org\\\/es\\\/?s={search_term_string}\"},\"query-input\":{\"@type\":\"PropertyValueSpecification\",\"valueRequired\":true,\"valueName\":\"search_term_string\"}}],\"inLanguage\":\"es\"},{\"@type\":\"Organization\",\"@id\":\"https:\\\/\\\/al-anon.org\\\/es\\\/#organization\",\"name\":\"Al-Anon Family Group Headquarters, Inc.\",\"url\":\"https:\\\/\\\/al-anon.org\\\/es\\\/\",\"logo\":{\"@type\":\"ImageObject\",\"inLanguage\":\"es\",\"@id\":\"https:\\\/\\\/al-anon.org\\\/es\\\/#\\\/schema\\\/logo\\\/image\\\/\",\"url\":\"https:\\\/\\\/al-anon.org\\\/wp-content\\\/uploads\\\/2017\\\/04\\\/AFGlogo-e1492189694634.jpg\",\"contentUrl\":\"https:\\\/\\\/al-anon.org\\\/wp-content\\\/uploads\\\/2017\\\/04\\\/AFGlogo-e1492189694634.jpg\",\"width\":167,\"height\":50,\"caption\":\"Al-Anon Family Group Headquarters, Inc.\"},\"image\":{\"@id\":\"https:\\\/\\\/al-anon.org\\\/es\\\/#\\\/schema\\\/logo\\\/image\\\/\"},\"sameAs\":[\"http:\\\/\\\/www.facebook.com\\\/AlAnonFamilyGroupsWSO\",\"https:\\\/\\\/x.com\\\/AlAnon_WSO\",\"http:\\\/\\\/www.instagram.com\\\/alanon_wso\",\"https:\\\/\\\/www.linkedin.com\\\/company\\\/al-anon-wso\\\/\",\"https:\\\/\\\/www.youtube.com\\\/user\\\/AlAnonFamilyGroupHQ\\\/\"]}]}<\/script>\n<!-- \/ Yoast SEO plugin. -->","yoast_head_json":{"title":"Comunicados de prensa - Al-Anon Family Groups","robots":{"index":"index","follow":"follow","max-snippet":"max-snippet:-1","max-image-preview":"max-image-preview:large","max-video-preview":"max-video-preview:-1"},"canonical":"https:\/\/al-anon.org\/es\/juego-de-medios\/comunicados-de-prensa\/","og_locale":"es_ES","og_type":"article","og_title":"Comunicados de prensa - Al-Anon Family Groups","og_url":"https:\/\/al-anon.org\/es\/juego-de-medios\/comunicados-de-prensa\/","og_site_name":"Al-Anon Family Groups","article_publisher":"http:\/\/www.facebook.com\/AlAnonFamilyGroupsWSO","article_modified_time":"2026-02-18T20:47:26+00:00","twitter_card":"summary_large_image","twitter_site":"@AlAnon_WSO","twitter_misc":{"Tiempo de lectura":"2 minutos"},"schema":{"@context":"https:\/\/schema.org","@graph":[{"@type":"WebPage","@id":"https:\/\/al-anon.org\/es\/juego-de-medios\/comunicados-de-prensa\/","url":"https:\/\/al-anon.org\/es\/juego-de-medios\/comunicados-de-prensa\/","name":"Comunicados de prensa - Al-Anon Family Groups","isPartOf":{"@id":"https:\/\/al-anon.org\/es\/#website"},"datePublished":"2017-07-10T15:28:28+00:00","dateModified":"2026-02-18T20:47:26+00:00","breadcrumb":{"@id":"https:\/\/al-anon.org\/es\/juego-de-medios\/comunicados-de-prensa\/#breadcrumb"},"inLanguage":"es","potentialAction":[{"@type":"ReadAction","target":["https:\/\/al-anon.org\/es\/juego-de-medios\/comunicados-de-prensa\/"]}]},{"@type":"BreadcrumbList","@id":"https:\/\/al-anon.org\/es\/juego-de-medios\/comunicados-de-prensa\/#breadcrumb","itemListElement":[{"@type":"ListItem","position":1,"name":"Juego de medios","item":"https:\/\/al-anon.org\/es\/juego-de-medios\/"},{"@type":"ListItem","position":2,"name":"Comunicados de prensa"}]},{"@type":"WebSite","@id":"https:\/\/al-anon.org\/es\/#website","url":"https:\/\/al-anon.org\/es\/","name":"Al-Anon Family Groups","description":"Help and hope for families and friends of alcoholics","publisher":{"@id":"https:\/\/al-anon.org\/es\/#organization"},"potentialAction":[{"@type":"SearchAction","target":{"@type":"EntryPoint","urlTemplate":"https:\/\/al-anon.org\/es\/?s={search_term_string}"},"query-input":{"@type":"PropertyValueSpecification","valueRequired":true,"valueName":"search_term_string"}}],"inLanguage":"es"},{"@type":"Organization","@id":"https:\/\/al-anon.org\/es\/#organization","name":"Al-Anon Family Group Headquarters, Inc.","url":"https:\/\/al-anon.org\/es\/","logo":{"@type":"ImageObject","inLanguage":"es","@id":"https:\/\/al-anon.org\/es\/#\/schema\/logo\/image\/","url":"https:\/\/al-anon.org\/wp-content\/uploads\/2017\/04\/AFGlogo-e1492189694634.jpg","contentUrl":"https:\/\/al-anon.org\/wp-content\/uploads\/2017\/04\/AFGlogo-e1492189694634.jpg","width":167,"height":50,"caption":"Al-Anon Family Group Headquarters, Inc."},"image":{"@id":"https:\/\/al-anon.org\/es\/#\/schema\/logo\/image\/"},"sameAs":["http:\/\/www.facebook.com\/AlAnonFamilyGroupsWSO","https:\/\/x.com\/AlAnon_WSO","http:\/\/www.instagram.com\/alanon_wso","https:\/\/www.linkedin.com\/company\/al-anon-wso\/","https:\/\/www.youtube.com\/user\/AlAnonFamilyGroupHQ\/"]}]}},"_links":{"self":[{"href":"https:\/\/al-anon.org\/es\/wp-json\/wp\/v2\/pages\/6072","targetHints":{"allow":["GET"]}}],"collection":[{"href":"https:\/\/al-anon.org\/es\/wp-json\/wp\/v2\/pages"}],"about":[{"href":"https:\/\/al-anon.org\/es\/wp-json\/wp\/v2\/types\/page"}],"author":[{"embeddable":true,"href":"https:\/\/al-anon.org\/es\/wp-json\/wp\/v2\/users\/36"}],"replies":[{"embeddable":true,"href":"https:\/\/al-anon.org\/es\/wp-json\/wp\/v2\/comments?post=6072"}],"version-history":[{"count":4,"href":"https:\/\/al-anon.org\/es\/wp-json\/wp\/v2\/pages\/6072\/revisions"}],"predecessor-version":[{"id":46959,"href":"https:\/\/al-anon.org\/es\/wp-json\/wp\/v2\/pages\/6072\/revisions\/46959"}],"up":[{"embeddable":true,"href":"https:\/\/al-anon.org\/es\/wp-json\/wp\/v2\/pages\/5954"}],"wp:attachment":[{"href":"https:\/\/al-anon.org\/es\/wp-json\/wp\/v2\/media?parent=6072"}],"curies":[{"name":"wp","href":"https:\/\/api.w.org\/{rel}","templated":true}]}}