{"id":6069,"date":"2017-07-10T11:09:50","date_gmt":"2017-07-10T15:09:50","guid":{"rendered":"https:\/\/al-anon.org\/?page_id=6069\/"},"modified":"2018-12-28T08:51:00","modified_gmt":"2018-12-28T13:51:00","slug":"solicitudes-de-entrevista","status":"publish","type":"page","link":"https:\/\/al-anon.org\/es\/juego-de-medios\/solicitudes-de-entrevista\/","title":{"rendered":"Solicitudes de entrevista"},"content":{"rendered":"<div class=\"fusion-fullwidth fullwidth-box fusion-builder-row-1 nonhundred-percent-fullwidth non-hundred-percent-height-scrolling\" style=\"--awb-background-position:left top;--awb-border-radius-top-left:0px;--awb-border-radius-top-right:0px;--awb-border-radius-bottom-right:0px;--awb-border-radius-bottom-left:0px;--awb-padding-top:20px;--awb-padding-bottom:20px;--awb-border-sizes-top:0px;--awb-border-sizes-bottom:0px;--awb-flex-wrap:wrap;\" ><div class=\"fusion-builder-row fusion-row\"><div class=\"fusion-layout-column fusion_builder_column fusion-builder-column-0 fusion_builder_column_1_1 1_1 fusion-one-full fusion-column-first fusion-column-last\" style=\"--awb-bg-size:cover;\"><div class=\"fusion-column-wrapper fusion-flex-column-wrapper-legacy\"><div class=\"fusion-title title fusion-title-1 fusion-sep-none fusion-title-center fusion-title-text fusion-title-size-two\" style=\"--awb-margin-top-small:0px;--awb-margin-right-small:0px;--awb-margin-bottom-small:20px;--awb-margin-left-small:0px;\"><h2 class=\"fusion-title-heading title-heading-center fusion-responsive-typography-calculated\" style=\"margin:0;--fontSize:35;line-height:1.29;\"><p><strong>Miembros de Al-Anon est\u00e1n disponibles para entrevistas an\u00f3nimas<\/strong><\/p>\n<p>&nbsp;<\/p><\/h2><\/div><div class=\"fusion-text fusion-text-1\"><p><strong>Las entrevistas est\u00e1n disponibles al solicitarlas<\/strong><\/p>\n<p>M\u00e1s de 14 mil grupos de Familia Al-Anon se re\u00fanen todas las semanas en todos los Estados Unidos y el Canad\u00e1. En todos los estados y provincias hay miembros de Al-Anon disponibles para participar en entrevistas an\u00f3nimas. Tambi\u00e9n es posible hacer arreglos especiales para entrevistar a miembros en otros pa\u00edses si se realizan los tr\u00e1mites con anticipaci\u00f3n.<\/p>\n<p><strong>La garant\u00eda del anonimato es primordial <\/strong>para el esfuerzo que realiza Al-Anon por ayudar a m\u00e1s familiares y amigos de los alcoh\u00f3licos. Respetuosamente solicitamos que ning\u00fan orador ni miembro de Al-Anon, de Alateen ni de A.A. sea identificado por su nombre completo ni por su foto en informes que se hayan publicado, que se hayan difundido, o que se hayan presentado en Internet.<\/p>\n<p>&nbsp;<\/p>\n<\/div><div class=\"fusion-button-wrapper fusion-aligncenter\"><a class=\"fusion-button button-flat fusion-button-default-size button-default fusion-button-default button-1 fusion-button-span-no fusion-button-default-type\" style=\"--button-border-radius-top-left:25px;--button-border-radius-top-right:25px;--button-border-radius-bottom-right:25px;--button-border-radius-bottom-left:25px;\" target=\"_self\" href=\"\/pdf\/Solicitudes-de-entrevista.pdf\"><span class=\"fusion-button-text awb-button__text awb-button__text--default\">Descargar preguntas de entrevista<\/span><\/a><\/div><div class=\"fusion-clearfix\"><\/div><\/div><\/div><\/div><\/div>\n","protected":false},"excerpt":{"rendered":"","protected":false},"author":36,"featured_media":4220,"parent":5954,"menu_order":2,"comment_status":"closed","ping_status":"closed","template":"","meta":{"footnotes":""},"class_list":["post-6069","page","type-page","status-publish","has-post-thumbnail","hentry"],"yoast_head":"<!-- This site is optimized with the Yoast SEO plugin v27.5 - https:\/\/yoast.com\/product\/yoast-seo-wordpress\/ -->\n<title>Solicitudes de entrevista - Al-Anon Family Groups<\/title>\n<meta name=\"robots\" content=\"index, follow, max-snippet:-1, max-image-preview:large, max-video-preview:-1\" \/>\n<link rel=\"canonical\" href=\"https:\/\/al-anon.org\/es\/juego-de-medios\/solicitudes-de-entrevista\/\" \/>\n<meta property=\"og:locale\" content=\"es_ES\" \/>\n<meta property=\"og:type\" content=\"article\" \/>\n<meta property=\"og:title\" content=\"Solicitudes de entrevista - Al-Anon Family Groups\" \/>\n<meta property=\"og:url\" content=\"https:\/\/al-anon.org\/es\/juego-de-medios\/solicitudes-de-entrevista\/\" \/>\n<meta property=\"og:site_name\" content=\"Al-Anon Family Groups\" \/>\n<meta property=\"article:publisher\" content=\"http:\/\/www.facebook.com\/AlAnonFamilyGroupsWSO\" \/>\n<meta property=\"article:modified_time\" content=\"2018-12-28T13:51:00+00:00\" \/>\n<meta property=\"og:image\" content=\"https:\/\/al-anon.org\/wp-content\/uploads\/2017\/04\/interview.jpg\" \/>\n\t<meta property=\"og:image:width\" content=\"1360\" \/>\n\t<meta property=\"og:image:height\" content=\"445\" \/>\n\t<meta property=\"og:image:type\" content=\"image\/jpeg\" \/>\n<meta name=\"twitter:card\" content=\"summary_large_image\" \/>\n<meta name=\"twitter:site\" content=\"@AlAnon_WSO\" \/>\n<meta name=\"twitter:label1\" content=\"Tiempo de lectura\" \/>\n\t<meta name=\"twitter:data1\" content=\"2 minutos\" \/>\n<script type=\"application\/ld+json\" class=\"yoast-schema-graph\">{\"@context\":\"https:\\\/\\\/schema.org\",\"@graph\":[{\"@type\":\"WebPage\",\"@id\":\"https:\\\/\\\/al-anon.org\\\/es\\\/juego-de-medios\\\/solicitudes-de-entrevista\\\/\",\"url\":\"https:\\\/\\\/al-anon.org\\\/es\\\/juego-de-medios\\\/solicitudes-de-entrevista\\\/\",\"name\":\"Solicitudes de entrevista - Al-Anon Family Groups\",\"isPartOf\":{\"@id\":\"https:\\\/\\\/al-anon.org\\\/es\\\/#website\"},\"primaryImageOfPage\":{\"@id\":\"https:\\\/\\\/al-anon.org\\\/es\\\/juego-de-medios\\\/solicitudes-de-entrevista\\\/#primaryimage\"},\"image\":{\"@id\":\"https:\\\/\\\/al-anon.org\\\/es\\\/juego-de-medios\\\/solicitudes-de-entrevista\\\/#primaryimage\"},\"thumbnailUrl\":\"https:\\\/\\\/al-anon.org\\\/wp-content\\\/uploads\\\/2017\\\/04\\\/interview.jpg\",\"datePublished\":\"2017-07-10T15:09:50+00:00\",\"dateModified\":\"2018-12-28T13:51:00+00:00\",\"breadcrumb\":{\"@id\":\"https:\\\/\\\/al-anon.org\\\/es\\\/juego-de-medios\\\/solicitudes-de-entrevista\\\/#breadcrumb\"},\"inLanguage\":\"es\",\"potentialAction\":[{\"@type\":\"ReadAction\",\"target\":[\"https:\\\/\\\/al-anon.org\\\/es\\\/juego-de-medios\\\/solicitudes-de-entrevista\\\/\"]}]},{\"@type\":\"ImageObject\",\"inLanguage\":\"es\",\"@id\":\"https:\\\/\\\/al-anon.org\\\/es\\\/juego-de-medios\\\/solicitudes-de-entrevista\\\/#primaryimage\",\"url\":\"https:\\\/\\\/al-anon.org\\\/wp-content\\\/uploads\\\/2017\\\/04\\\/interview.jpg\",\"contentUrl\":\"https:\\\/\\\/al-anon.org\\\/wp-content\\\/uploads\\\/2017\\\/04\\\/interview.jpg\",\"width\":1360,\"height\":445},{\"@type\":\"BreadcrumbList\",\"@id\":\"https:\\\/\\\/al-anon.org\\\/es\\\/juego-de-medios\\\/solicitudes-de-entrevista\\\/#breadcrumb\",\"itemListElement\":[{\"@type\":\"ListItem\",\"position\":1,\"name\":\"Juego de medios\",\"item\":\"https:\\\/\\\/al-anon.org\\\/es\\\/juego-de-medios\\\/\"},{\"@type\":\"ListItem\",\"position\":2,\"name\":\"Solicitudes de entrevista\"}]},{\"@type\":\"WebSite\",\"@id\":\"https:\\\/\\\/al-anon.org\\\/es\\\/#website\",\"url\":\"https:\\\/\\\/al-anon.org\\\/es\\\/\",\"name\":\"Al-Anon Family Groups\",\"description\":\"Help and hope for families and friends of alcoholics\",\"publisher\":{\"@id\":\"https:\\\/\\\/al-anon.org\\\/es\\\/#organization\"},\"potentialAction\":[{\"@type\":\"SearchAction\",\"target\":{\"@type\":\"EntryPoint\",\"urlTemplate\":\"https:\\\/\\\/al-anon.org\\\/es\\\/?s={search_term_string}\"},\"query-input\":{\"@type\":\"PropertyValueSpecification\",\"valueRequired\":true,\"valueName\":\"search_term_string\"}}],\"inLanguage\":\"es\"},{\"@type\":\"Organization\",\"@id\":\"https:\\\/\\\/al-anon.org\\\/es\\\/#organization\",\"name\":\"Al-Anon Family Group Headquarters, Inc.\",\"url\":\"https:\\\/\\\/al-anon.org\\\/es\\\/\",\"logo\":{\"@type\":\"ImageObject\",\"inLanguage\":\"es\",\"@id\":\"https:\\\/\\\/al-anon.org\\\/es\\\/#\\\/schema\\\/logo\\\/image\\\/\",\"url\":\"https:\\\/\\\/al-anon.org\\\/wp-content\\\/uploads\\\/2017\\\/04\\\/AFGlogo-e1492189694634.jpg\",\"contentUrl\":\"https:\\\/\\\/al-anon.org\\\/wp-content\\\/uploads\\\/2017\\\/04\\\/AFGlogo-e1492189694634.jpg\",\"width\":167,\"height\":50,\"caption\":\"Al-Anon Family Group Headquarters, Inc.\"},\"image\":{\"@id\":\"https:\\\/\\\/al-anon.org\\\/es\\\/#\\\/schema\\\/logo\\\/image\\\/\"},\"sameAs\":[\"http:\\\/\\\/www.facebook.com\\\/AlAnonFamilyGroupsWSO\",\"https:\\\/\\\/x.com\\\/AlAnon_WSO\",\"http:\\\/\\\/www.instagram.com\\\/alanon_wso\",\"https:\\\/\\\/www.linkedin.com\\\/company\\\/al-anon-wso\\\/\",\"https:\\\/\\\/www.youtube.com\\\/user\\\/AlAnonFamilyGroupHQ\\\/\"]}]}<\/script>\n<!-- \/ Yoast SEO plugin. -->","yoast_head_json":{"title":"Solicitudes de entrevista - Al-Anon Family Groups","robots":{"index":"index","follow":"follow","max-snippet":"max-snippet:-1","max-image-preview":"max-image-preview:large","max-video-preview":"max-video-preview:-1"},"canonical":"https:\/\/al-anon.org\/es\/juego-de-medios\/solicitudes-de-entrevista\/","og_locale":"es_ES","og_type":"article","og_title":"Solicitudes de entrevista - Al-Anon Family Groups","og_url":"https:\/\/al-anon.org\/es\/juego-de-medios\/solicitudes-de-entrevista\/","og_site_name":"Al-Anon Family Groups","article_publisher":"http:\/\/www.facebook.com\/AlAnonFamilyGroupsWSO","article_modified_time":"2018-12-28T13:51:00+00:00","og_image":[{"width":1360,"height":445,"url":"https:\/\/al-anon.org\/wp-content\/uploads\/2017\/04\/interview.jpg","type":"image\/jpeg"}],"twitter_card":"summary_large_image","twitter_site":"@AlAnon_WSO","twitter_misc":{"Tiempo de lectura":"2 minutos"},"schema":{"@context":"https:\/\/schema.org","@graph":[{"@type":"WebPage","@id":"https:\/\/al-anon.org\/es\/juego-de-medios\/solicitudes-de-entrevista\/","url":"https:\/\/al-anon.org\/es\/juego-de-medios\/solicitudes-de-entrevista\/","name":"Solicitudes de entrevista - Al-Anon Family Groups","isPartOf":{"@id":"https:\/\/al-anon.org\/es\/#website"},"primaryImageOfPage":{"@id":"https:\/\/al-anon.org\/es\/juego-de-medios\/solicitudes-de-entrevista\/#primaryimage"},"image":{"@id":"https:\/\/al-anon.org\/es\/juego-de-medios\/solicitudes-de-entrevista\/#primaryimage"},"thumbnailUrl":"https:\/\/al-anon.org\/wp-content\/uploads\/2017\/04\/interview.jpg","datePublished":"2017-07-10T15:09:50+00:00","dateModified":"2018-12-28T13:51:00+00:00","breadcrumb":{"@id":"https:\/\/al-anon.org\/es\/juego-de-medios\/solicitudes-de-entrevista\/#breadcrumb"},"inLanguage":"es","potentialAction":[{"@type":"ReadAction","target":["https:\/\/al-anon.org\/es\/juego-de-medios\/solicitudes-de-entrevista\/"]}]},{"@type":"ImageObject","inLanguage":"es","@id":"https:\/\/al-anon.org\/es\/juego-de-medios\/solicitudes-de-entrevista\/#primaryimage","url":"https:\/\/al-anon.org\/wp-content\/uploads\/2017\/04\/interview.jpg","contentUrl":"https:\/\/al-anon.org\/wp-content\/uploads\/2017\/04\/interview.jpg","width":1360,"height":445},{"@type":"BreadcrumbList","@id":"https:\/\/al-anon.org\/es\/juego-de-medios\/solicitudes-de-entrevista\/#breadcrumb","itemListElement":[{"@type":"ListItem","position":1,"name":"Juego de medios","item":"https:\/\/al-anon.org\/es\/juego-de-medios\/"},{"@type":"ListItem","position":2,"name":"Solicitudes de entrevista"}]},{"@type":"WebSite","@id":"https:\/\/al-anon.org\/es\/#website","url":"https:\/\/al-anon.org\/es\/","name":"Al-Anon Family Groups","description":"Help and hope for families and friends of alcoholics","publisher":{"@id":"https:\/\/al-anon.org\/es\/#organization"},"potentialAction":[{"@type":"SearchAction","target":{"@type":"EntryPoint","urlTemplate":"https:\/\/al-anon.org\/es\/?s={search_term_string}"},"query-input":{"@type":"PropertyValueSpecification","valueRequired":true,"valueName":"search_term_string"}}],"inLanguage":"es"},{"@type":"Organization","@id":"https:\/\/al-anon.org\/es\/#organization","name":"Al-Anon Family Group Headquarters, Inc.","url":"https:\/\/al-anon.org\/es\/","logo":{"@type":"ImageObject","inLanguage":"es","@id":"https:\/\/al-anon.org\/es\/#\/schema\/logo\/image\/","url":"https:\/\/al-anon.org\/wp-content\/uploads\/2017\/04\/AFGlogo-e1492189694634.jpg","contentUrl":"https:\/\/al-anon.org\/wp-content\/uploads\/2017\/04\/AFGlogo-e1492189694634.jpg","width":167,"height":50,"caption":"Al-Anon Family Group Headquarters, Inc."},"image":{"@id":"https:\/\/al-anon.org\/es\/#\/schema\/logo\/image\/"},"sameAs":["http:\/\/www.facebook.com\/AlAnonFamilyGroupsWSO","https:\/\/x.com\/AlAnon_WSO","http:\/\/www.instagram.com\/alanon_wso","https:\/\/www.linkedin.com\/company\/al-anon-wso\/","https:\/\/www.youtube.com\/user\/AlAnonFamilyGroupHQ\/"]}]}},"_links":{"self":[{"href":"https:\/\/al-anon.org\/es\/wp-json\/wp\/v2\/pages\/6069","targetHints":{"allow":["GET"]}}],"collection":[{"href":"https:\/\/al-anon.org\/es\/wp-json\/wp\/v2\/pages"}],"about":[{"href":"https:\/\/al-anon.org\/es\/wp-json\/wp\/v2\/types\/page"}],"author":[{"embeddable":true,"href":"https:\/\/al-anon.org\/es\/wp-json\/wp\/v2\/users\/36"}],"replies":[{"embeddable":true,"href":"https:\/\/al-anon.org\/es\/wp-json\/wp\/v2\/comments?post=6069"}],"version-history":[{"count":1,"href":"https:\/\/al-anon.org\/es\/wp-json\/wp\/v2\/pages\/6069\/revisions"}],"predecessor-version":[{"id":21377,"href":"https:\/\/al-anon.org\/es\/wp-json\/wp\/v2\/pages\/6069\/revisions\/21377"}],"up":[{"embeddable":true,"href":"https:\/\/al-anon.org\/es\/wp-json\/wp\/v2\/pages\/5954"}],"wp:featuredmedia":[{"embeddable":true,"href":"https:\/\/al-anon.org\/es\/wp-json\/wp\/v2\/media\/4220"}],"wp:attachment":[{"href":"https:\/\/al-anon.org\/es\/wp-json\/wp\/v2\/media?parent=6069"}],"curies":[{"name":"wp","href":"https:\/\/api.w.org\/{rel}","templated":true}]}}