{"id":6066,"date":"2017-07-10T10:32:26","date_gmt":"2017-07-10T14:32:26","guid":{"rendered":"https:\/\/al-anon.org\/?page_id=6066\/"},"modified":"2025-03-12T13:04:12","modified_gmt":"2025-03-12T17:04:12","slug":"encuesta-los-miembros","status":"publish","type":"page","link":"https:\/\/al-anon.org\/es\/recursos-para-los-profesionales\/encuesta-los-miembros\/","title":{"rendered":"Encuesta a los miembros"},"content":{"rendered":"<div class=\"fusion-fullwidth fullwidth-box fusion-builder-row-1 nonhundred-percent-fullwidth non-hundred-percent-height-scrolling\" style=\"--awb-background-position:left top;--awb-border-sizes-top:0px;--awb-border-sizes-bottom:0px;--awb-border-sizes-left:0px;--awb-border-sizes-right:0px;--awb-border-radius-top-left:0px;--awb-border-radius-top-right:0px;--awb-border-radius-bottom-right:0px;--awb-border-radius-bottom-left:0px;--awb-padding-top:20px;--awb-padding-bottom:20px;--awb-flex-wrap:wrap;\" ><div class=\"fusion-builder-row fusion-row\"><div class=\"fusion-layout-column fusion_builder_column fusion-builder-column-0 fusion_builder_column_1_1 1_1 fusion-one-full fusion-column-first fusion-column-last\" style=\"--awb-bg-size:cover;\"><div class=\"fusion-column-wrapper fusion-flex-column-wrapper-legacy\"><div class=\"fusion-title title fusion-title-1 fusion-sep-none fusion-title-center fusion-title-text fusion-title-size-three\" style=\"--awb-margin-top-small:0px;--awb-margin-right-small:0px;--awb-margin-bottom-small:20px;--awb-margin-left-small:0px;\"><h3 class=\"fusion-title-heading title-heading-center fusion-responsive-typography-calculated\" style=\"margin:0;--fontSize:26;line-height:1.62;\"><p>Encuesta de Grupos de Familia Al-Anon para los miembros<\/p>\n<p>&nbsp;<\/p><\/h3><\/div><div class=\"fusion-text fusion-text-1\"><p>Desde 1984, la Oficina de Servicio Mundial (OSM) de Grupos de Familia Al-Anon ha conducido una encuesta para los miembros cada tres a\u00f1os. La und\u00e9cima y m\u00e1s reciente versi\u00f3n se condujo en el 2015.<\/p>\n<p>Los hallazgos de la encuesta se publican para ayudar a profesionales, investigadores, estudiantes, medios, o a cualquier persona que busque informaci\u00f3n sobre Grupos de Familia Al-Anon.<\/p>\n<p>La encuesta tambi\u00e9n documenta los beneficios de Al-Anon seg\u00fan la perspectiva de miembros que han visto mejorar la calidad de vida que llevan despu\u00e9s de participar en el programa de Al-Anon.<\/p>\n<p>Estos son los objetivos espec\u00edficos del estudio:<\/p>\n<p>&nbsp;<\/p>\n<ul>\n<li>Determinar el perfil demogr\u00e1fico y socio-estad\u00edstico de los miembros de Grupos de Familia Al\u2011Anon.<\/li>\n<li>Identificar la relaci\u00f3n entre el miembro de Al-Anon y la persona alcoh\u00f3lica.<\/li>\n<li>Medir el efecto que ha tenido una persona alcoh\u00f3lica en la vida de miembros de Al-Anon.<\/li>\n<li>Determinar el efecto del programa de Grupos de Familia Al-Anon en la calidad de vida de los miembros.<\/li>\n<\/ul>\n<p>&nbsp;<\/p>\n<\/div><div class=\"fusion-button-wrapper fusion-aligncenter\"><a class=\"fusion-button button-3d fusion-button-default-size button-default fusion-button-default button-1 fusion-button-span-no \" style=\"--button-border-radius-top-left:50px;--button-border-radius-top-right:50px;--button-border-radius-bottom-right:50px;--button-border-radius-bottom-left:50px;\" target=\"_self\" href=\"\/pdf\/2024-Membership-Survey.pdf\"><span class=\"fusion-button-text awb-button__text awb-button__text--default\">2024 Encuesta para los miembros<\/span><\/a><\/div><div class=\"fusion-clearfix\"><\/div><\/div><\/div><\/div><\/div>\n","protected":false},"excerpt":{"rendered":"","protected":false},"author":36,"featured_media":21096,"parent":5962,"menu_order":0,"comment_status":"closed","ping_status":"closed","template":"","meta":{"footnotes":""},"class_list":["post-6066","page","type-page","status-publish","has-post-thumbnail","hentry"],"yoast_head":"<!-- This site is optimized with the Yoast SEO plugin v27.5 - https:\/\/yoast.com\/product\/yoast-seo-wordpress\/ -->\n<title>Encuesta a los miembros - Al-Anon Family Groups<\/title>\n<meta name=\"robots\" content=\"index, follow, max-snippet:-1, max-image-preview:large, max-video-preview:-1\" \/>\n<link rel=\"canonical\" href=\"https:\/\/al-anon.org\/es\/recursos-para-los-profesionales\/encuesta-los-miembros\/\" \/>\n<meta property=\"og:locale\" content=\"es_ES\" \/>\n<meta property=\"og:type\" content=\"article\" \/>\n<meta property=\"og:title\" content=\"Encuesta a los miembros - Al-Anon Family Groups\" \/>\n<meta property=\"og:url\" content=\"https:\/\/al-anon.org\/es\/recursos-para-los-profesionales\/encuesta-los-miembros\/\" \/>\n<meta property=\"og:site_name\" content=\"Al-Anon Family Groups\" \/>\n<meta property=\"article:publisher\" content=\"http:\/\/www.facebook.com\/AlAnonFamilyGroupsWSO\" \/>\n<meta property=\"article:modified_time\" content=\"2025-03-12T17:04:12+00:00\" \/>\n<meta property=\"og:image\" content=\"https:\/\/al-anon.org\/wp-content\/uploads\/20_questions-2.jpg\" \/>\n\t<meta property=\"og:image:width\" content=\"1200\" \/>\n\t<meta property=\"og:image:height\" content=\"450\" \/>\n\t<meta property=\"og:image:type\" content=\"image\/jpeg\" \/>\n<meta name=\"twitter:card\" content=\"summary_large_image\" \/>\n<meta name=\"twitter:site\" content=\"@AlAnon_WSO\" \/>\n<meta name=\"twitter:label1\" content=\"Tiempo de lectura\" \/>\n\t<meta name=\"twitter:data1\" content=\"1 minuto\" \/>\n<script type=\"application\/ld+json\" class=\"yoast-schema-graph\">{\"@context\":\"https:\\\/\\\/schema.org\",\"@graph\":[{\"@type\":\"WebPage\",\"@id\":\"https:\\\/\\\/al-anon.org\\\/es\\\/recursos-para-los-profesionales\\\/encuesta-los-miembros\\\/\",\"url\":\"https:\\\/\\\/al-anon.org\\\/es\\\/recursos-para-los-profesionales\\\/encuesta-los-miembros\\\/\",\"name\":\"Encuesta a los miembros - Al-Anon Family Groups\",\"isPartOf\":{\"@id\":\"https:\\\/\\\/al-anon.org\\\/es\\\/#website\"},\"primaryImageOfPage\":{\"@id\":\"https:\\\/\\\/al-anon.org\\\/es\\\/recursos-para-los-profesionales\\\/encuesta-los-miembros\\\/#primaryimage\"},\"image\":{\"@id\":\"https:\\\/\\\/al-anon.org\\\/es\\\/recursos-para-los-profesionales\\\/encuesta-los-miembros\\\/#primaryimage\"},\"thumbnailUrl\":\"https:\\\/\\\/al-anon.org\\\/wp-content\\\/uploads\\\/20_questions-2.jpg\",\"datePublished\":\"2017-07-10T14:32:26+00:00\",\"dateModified\":\"2025-03-12T17:04:12+00:00\",\"breadcrumb\":{\"@id\":\"https:\\\/\\\/al-anon.org\\\/es\\\/recursos-para-los-profesionales\\\/encuesta-los-miembros\\\/#breadcrumb\"},\"inLanguage\":\"es\",\"potentialAction\":[{\"@type\":\"ReadAction\",\"target\":[\"https:\\\/\\\/al-anon.org\\\/es\\\/recursos-para-los-profesionales\\\/encuesta-los-miembros\\\/\"]}]},{\"@type\":\"ImageObject\",\"inLanguage\":\"es\",\"@id\":\"https:\\\/\\\/al-anon.org\\\/es\\\/recursos-para-los-profesionales\\\/encuesta-los-miembros\\\/#primaryimage\",\"url\":\"https:\\\/\\\/al-anon.org\\\/wp-content\\\/uploads\\\/20_questions-2.jpg\",\"contentUrl\":\"https:\\\/\\\/al-anon.org\\\/wp-content\\\/uploads\\\/20_questions-2.jpg\",\"width\":1200,\"height\":450},{\"@type\":\"BreadcrumbList\",\"@id\":\"https:\\\/\\\/al-anon.org\\\/es\\\/recursos-para-los-profesionales\\\/encuesta-los-miembros\\\/#breadcrumb\",\"itemListElement\":[{\"@type\":\"ListItem\",\"position\":1,\"name\":\"Recursos para los profesionales\",\"item\":\"https:\\\/\\\/al-anon.org\\\/es\\\/recursos-para-los-profesionales\\\/\"},{\"@type\":\"ListItem\",\"position\":2,\"name\":\"Encuesta a los miembros\"}]},{\"@type\":\"WebSite\",\"@id\":\"https:\\\/\\\/al-anon.org\\\/es\\\/#website\",\"url\":\"https:\\\/\\\/al-anon.org\\\/es\\\/\",\"name\":\"Al-Anon Family Groups\",\"description\":\"Help and hope for families and friends of alcoholics\",\"publisher\":{\"@id\":\"https:\\\/\\\/al-anon.org\\\/es\\\/#organization\"},\"potentialAction\":[{\"@type\":\"SearchAction\",\"target\":{\"@type\":\"EntryPoint\",\"urlTemplate\":\"https:\\\/\\\/al-anon.org\\\/es\\\/?s={search_term_string}\"},\"query-input\":{\"@type\":\"PropertyValueSpecification\",\"valueRequired\":true,\"valueName\":\"search_term_string\"}}],\"inLanguage\":\"es\"},{\"@type\":\"Organization\",\"@id\":\"https:\\\/\\\/al-anon.org\\\/es\\\/#organization\",\"name\":\"Al-Anon Family Group Headquarters, Inc.\",\"url\":\"https:\\\/\\\/al-anon.org\\\/es\\\/\",\"logo\":{\"@type\":\"ImageObject\",\"inLanguage\":\"es\",\"@id\":\"https:\\\/\\\/al-anon.org\\\/es\\\/#\\\/schema\\\/logo\\\/image\\\/\",\"url\":\"https:\\\/\\\/al-anon.org\\\/wp-content\\\/uploads\\\/2017\\\/04\\\/AFGlogo-e1492189694634.jpg\",\"contentUrl\":\"https:\\\/\\\/al-anon.org\\\/wp-content\\\/uploads\\\/2017\\\/04\\\/AFGlogo-e1492189694634.jpg\",\"width\":167,\"height\":50,\"caption\":\"Al-Anon Family Group Headquarters, Inc.\"},\"image\":{\"@id\":\"https:\\\/\\\/al-anon.org\\\/es\\\/#\\\/schema\\\/logo\\\/image\\\/\"},\"sameAs\":[\"http:\\\/\\\/www.facebook.com\\\/AlAnonFamilyGroupsWSO\",\"https:\\\/\\\/x.com\\\/AlAnon_WSO\",\"http:\\\/\\\/www.instagram.com\\\/alanon_wso\",\"https:\\\/\\\/www.linkedin.com\\\/company\\\/al-anon-wso\\\/\",\"https:\\\/\\\/www.youtube.com\\\/user\\\/AlAnonFamilyGroupHQ\\\/\"]}]}<\/script>\n<!-- \/ Yoast SEO plugin. -->","yoast_head_json":{"title":"Encuesta a los miembros - Al-Anon Family Groups","robots":{"index":"index","follow":"follow","max-snippet":"max-snippet:-1","max-image-preview":"max-image-preview:large","max-video-preview":"max-video-preview:-1"},"canonical":"https:\/\/al-anon.org\/es\/recursos-para-los-profesionales\/encuesta-los-miembros\/","og_locale":"es_ES","og_type":"article","og_title":"Encuesta a los miembros - Al-Anon Family Groups","og_url":"https:\/\/al-anon.org\/es\/recursos-para-los-profesionales\/encuesta-los-miembros\/","og_site_name":"Al-Anon Family Groups","article_publisher":"http:\/\/www.facebook.com\/AlAnonFamilyGroupsWSO","article_modified_time":"2025-03-12T17:04:12+00:00","og_image":[{"width":1200,"height":450,"url":"https:\/\/al-anon.org\/wp-content\/uploads\/20_questions-2.jpg","type":"image\/jpeg"}],"twitter_card":"summary_large_image","twitter_site":"@AlAnon_WSO","twitter_misc":{"Tiempo de lectura":"1 minuto"},"schema":{"@context":"https:\/\/schema.org","@graph":[{"@type":"WebPage","@id":"https:\/\/al-anon.org\/es\/recursos-para-los-profesionales\/encuesta-los-miembros\/","url":"https:\/\/al-anon.org\/es\/recursos-para-los-profesionales\/encuesta-los-miembros\/","name":"Encuesta a los miembros - Al-Anon Family Groups","isPartOf":{"@id":"https:\/\/al-anon.org\/es\/#website"},"primaryImageOfPage":{"@id":"https:\/\/al-anon.org\/es\/recursos-para-los-profesionales\/encuesta-los-miembros\/#primaryimage"},"image":{"@id":"https:\/\/al-anon.org\/es\/recursos-para-los-profesionales\/encuesta-los-miembros\/#primaryimage"},"thumbnailUrl":"https:\/\/al-anon.org\/wp-content\/uploads\/20_questions-2.jpg","datePublished":"2017-07-10T14:32:26+00:00","dateModified":"2025-03-12T17:04:12+00:00","breadcrumb":{"@id":"https:\/\/al-anon.org\/es\/recursos-para-los-profesionales\/encuesta-los-miembros\/#breadcrumb"},"inLanguage":"es","potentialAction":[{"@type":"ReadAction","target":["https:\/\/al-anon.org\/es\/recursos-para-los-profesionales\/encuesta-los-miembros\/"]}]},{"@type":"ImageObject","inLanguage":"es","@id":"https:\/\/al-anon.org\/es\/recursos-para-los-profesionales\/encuesta-los-miembros\/#primaryimage","url":"https:\/\/al-anon.org\/wp-content\/uploads\/20_questions-2.jpg","contentUrl":"https:\/\/al-anon.org\/wp-content\/uploads\/20_questions-2.jpg","width":1200,"height":450},{"@type":"BreadcrumbList","@id":"https:\/\/al-anon.org\/es\/recursos-para-los-profesionales\/encuesta-los-miembros\/#breadcrumb","itemListElement":[{"@type":"ListItem","position":1,"name":"Recursos para los profesionales","item":"https:\/\/al-anon.org\/es\/recursos-para-los-profesionales\/"},{"@type":"ListItem","position":2,"name":"Encuesta a los miembros"}]},{"@type":"WebSite","@id":"https:\/\/al-anon.org\/es\/#website","url":"https:\/\/al-anon.org\/es\/","name":"Al-Anon Family Groups","description":"Help and hope for families and friends of alcoholics","publisher":{"@id":"https:\/\/al-anon.org\/es\/#organization"},"potentialAction":[{"@type":"SearchAction","target":{"@type":"EntryPoint","urlTemplate":"https:\/\/al-anon.org\/es\/?s={search_term_string}"},"query-input":{"@type":"PropertyValueSpecification","valueRequired":true,"valueName":"search_term_string"}}],"inLanguage":"es"},{"@type":"Organization","@id":"https:\/\/al-anon.org\/es\/#organization","name":"Al-Anon Family Group Headquarters, Inc.","url":"https:\/\/al-anon.org\/es\/","logo":{"@type":"ImageObject","inLanguage":"es","@id":"https:\/\/al-anon.org\/es\/#\/schema\/logo\/image\/","url":"https:\/\/al-anon.org\/wp-content\/uploads\/2017\/04\/AFGlogo-e1492189694634.jpg","contentUrl":"https:\/\/al-anon.org\/wp-content\/uploads\/2017\/04\/AFGlogo-e1492189694634.jpg","width":167,"height":50,"caption":"Al-Anon Family Group Headquarters, Inc."},"image":{"@id":"https:\/\/al-anon.org\/es\/#\/schema\/logo\/image\/"},"sameAs":["http:\/\/www.facebook.com\/AlAnonFamilyGroupsWSO","https:\/\/x.com\/AlAnon_WSO","http:\/\/www.instagram.com\/alanon_wso","https:\/\/www.linkedin.com\/company\/al-anon-wso\/","https:\/\/www.youtube.com\/user\/AlAnonFamilyGroupHQ\/"]}]}},"_links":{"self":[{"href":"https:\/\/al-anon.org\/es\/wp-json\/wp\/v2\/pages\/6066","targetHints":{"allow":["GET"]}}],"collection":[{"href":"https:\/\/al-anon.org\/es\/wp-json\/wp\/v2\/pages"}],"about":[{"href":"https:\/\/al-anon.org\/es\/wp-json\/wp\/v2\/types\/page"}],"author":[{"embeddable":true,"href":"https:\/\/al-anon.org\/es\/wp-json\/wp\/v2\/users\/36"}],"replies":[{"embeddable":true,"href":"https:\/\/al-anon.org\/es\/wp-json\/wp\/v2\/comments?post=6066"}],"version-history":[{"count":8,"href":"https:\/\/al-anon.org\/es\/wp-json\/wp\/v2\/pages\/6066\/revisions"}],"predecessor-version":[{"id":44746,"href":"https:\/\/al-anon.org\/es\/wp-json\/wp\/v2\/pages\/6066\/revisions\/44746"}],"up":[{"embeddable":true,"href":"https:\/\/al-anon.org\/es\/wp-json\/wp\/v2\/pages\/5962"}],"wp:featuredmedia":[{"embeddable":true,"href":"https:\/\/al-anon.org\/es\/wp-json\/wp\/v2\/media\/21096"}],"wp:attachment":[{"href":"https:\/\/al-anon.org\/es\/wp-json\/wp\/v2\/media?parent=6066"}],"curies":[{"name":"wp","href":"https:\/\/api.w.org\/{rel}","templated":true}]}}