{"id":5651,"date":"2016-07-20T12:38:28","date_gmt":"2016-07-20T17:38:28","guid":{"rendered":"https:\/\/al-anon.org\/recien-llegados\/rincon-para-adolescentes-alateen\/chat-de-alateen\/"},"modified":"2022-01-05T13:09:31","modified_gmt":"2022-01-05T18:09:31","slug":"reunion-electronica-de-alateen","status":"publish","type":"page","link":"https:\/\/al-anon.org\/es\/recien-llegados\/rincon-para-adolescentes-alateen\/reunion-electronica-de-alateen\/","title":{"rendered":"Chat de Alateen"},"content":{"rendered":"<p><div class=\"fusion-fullwidth fullwidth-box fusion-builder-row-1 nonhundred-percent-fullwidth non-hundred-percent-height-scrolling\" style=\"--awb-background-position:left top;--awb-border-sizes-top:0px;--awb-border-sizes-bottom:0px;--awb-border-sizes-left:0px;--awb-border-sizes-right:0px;--awb-border-radius-top-left:0px;--awb-border-radius-top-right:0px;--awb-border-radius-bottom-right:0px;--awb-border-radius-bottom-left:0px;--awb-padding-top:0px;--awb-padding-right:15%;--awb-padding-bottom:20px;--awb-padding-left:15%;--awb-flex-wrap:wrap;\" ><div class=\"fusion-builder-row fusion-row\"><div class=\"fusion-layout-column fusion_builder_column fusion-builder-column-0 fusion_builder_column_1_1 1_1 fusion-one-full fusion-column-first fusion-column-last\" style=\"--awb-bg-size:cover;\"><div class=\"fusion-column-wrapper fusion-flex-column-wrapper-legacy\"><div class=\"fusion-title title fusion-title-1 fusion-sep-none fusion-title-center fusion-title-text fusion-title-size-two\" style=\"--awb-margin-top-small:0px;--awb-margin-right-small:0px;--awb-margin-bottom-small:20px;--awb-margin-left-small:0px;\"><h2 class=\"fusion-title-heading title-heading-center fusion-responsive-typography-calculated\" style=\"margin:0;--fontSize:35;line-height:1.29;\"><p style=\"text-align: center;\">Pruebe una reuni\u00f3n electr\u00f3nica de Alateen en la aplicaci\u00f3n m\u00f3vil, Grupos de Familia Al\u2011Anon<\/p><\/h2><\/div><div class=\"fusion-text fusion-text-1\"><p>Las reuniones de Alateen en la aplicaci\u00f3n m\u00f3vil son para los j\u00f3venes entre las edades de 13 a 18 a\u00f1os que hayan sido afectados por la bebida de otra persona. Estamos invitados a compartir experiencia, fortaleza y esperanza con otros adolescentes.<\/p>\n<p>Las reuniones de Alateen en la aplicaci\u00f3n m\u00f3vil son moderadas. Las reuniones est\u00e1n disponibles solo para miembros de Alateen y se realizan cuando est\u00e9n presentes los Padrinos de Grupo de Alateen adultos. En este momento, hay acceso a las reuniones electr\u00f3nicas de Alateen \u00fanicamente en la aplicaci\u00f3n m\u00f3vil, Grupos de Familia Al\u2011Anon<\/p>\n<\/div><div class=\"fusion-title title fusion-title-2 fusion-sep-none fusion-title-center fusion-title-text fusion-title-size-three\" style=\"--awb-margin-top-small:0px;--awb-margin-right-small:0px;--awb-margin-bottom-small:20px;--awb-margin-left-small:0px;\"><h3 class=\"fusion-title-heading title-heading-center fusion-responsive-typography-calculated\" style=\"margin:0;--fontSize:26;line-height:1.62;\"><h4 style=\"text-align: center;\"><strong data-redactor-tag=\"strong\">Los horarios de las reuniones de la aplicaci\u00f3n m\u00f3vil de Alateen<\/strong><\/h4>\n<h5 style=\"text-align: center;\">(las reuniones se mostrar\u00e1n en la aplicaci\u00f3n m\u00f3vil en su hora local)<\/h5><\/h3><\/div><div class=\"fusion-clearfix\"><\/div><\/div><\/div><\/div><\/div><div class=\"fusion-fullwidth fullwidth-box fusion-builder-row-2 nonhundred-percent-fullwidth non-hundred-percent-height-scrolling fusion-equal-height-columns\" style=\"--awb-background-position:left top;--awb-border-sizes-top:0px;--awb-border-sizes-bottom:0px;--awb-border-sizes-left:0px;--awb-border-sizes-right:0px;--awb-border-radius-top-left:0px;--awb-border-radius-top-right:0px;--awb-border-radius-bottom-right:0px;--awb-border-radius-bottom-left:0px;--awb-padding-top:0px;--awb-padding-right:15%;--awb-padding-bottom:20px;--awb-padding-left:15%;--awb-flex-wrap:wrap;\" ><div class=\"fusion-builder-row fusion-row\"><div class=\"fusion-layout-column fusion_builder_column fusion-builder-column-1 fusion_builder_column_1_3 1_3 fusion-one-third fusion-column-first\" style=\"--awb-bg-size:cover;width:33.333333333333%;width:calc(33.333333333333% - ( ( 4% + 4% ) * 0.33333333333333 ) );margin-right: 4%;\"><div class=\"fusion-column-wrapper fusion-column-has-shadow fusion-flex-column-wrapper-legacy\"><div class=\"fusion-text fusion-text-2\"><p style=\"text-align: center;\">Lunes 6 pm ET<\/p>\n<\/div><div class=\"fusion-text fusion-text-3\"><p style=\"text-align: center;\">Lunes 10 pm\u00a0ET<\/p>\n<\/div><div class=\"fusion-clearfix\"><\/div><\/div><\/div><div class=\"fusion-layout-column fusion_builder_column fusion-builder-column-2 fusion_builder_column_1_3 1_3 fusion-one-third\" style=\"--awb-bg-size:cover;width:33.333333333333%;width:calc(33.333333333333% - ( ( 4% + 4% ) * 0.33333333333333 ) );margin-right: 4%;\"><div class=\"fusion-column-wrapper fusion-column-has-shadow fusion-flex-column-wrapper-legacy\"><div class=\"fusion-text fusion-text-4\"><p style=\"text-align: center;\">Mi\u00e9rcoles 7:00 pm\u00a0ET<\/p>\n<\/div><div class=\"fusion-text fusion-text-5\"><p style=\"text-align: center;\">Mi\u00e9rcoles 9:30 pm ET<\/p>\n<\/div><div class=\"fusion-clearfix\"><\/div><\/div><\/div><div class=\"fusion-layout-column fusion_builder_column fusion-builder-column-3 fusion_builder_column_1_3 1_3 fusion-one-third fusion-column-last\" style=\"--awb-bg-size:cover;width:33.333333333333%;width:calc(33.333333333333% - ( ( 4% + 4% ) * 0.33333333333333 ) );\"><div class=\"fusion-column-wrapper fusion-column-has-shadow fusion-flex-column-wrapper-legacy\"><div class=\"fusion-text fusion-text-6\"><p style=\"text-align: center;\">Jueves 7:30 pm\u00a0ET<\/p>\n<\/div><div class=\"fusion-clearfix\"><\/div><\/div><\/div><\/div><\/div><div class=\"fusion-fullwidth fullwidth-box fusion-builder-row-3 nonhundred-percent-fullwidth non-hundred-percent-height-scrolling\" style=\"--awb-background-position:left top;--awb-border-sizes-top:0px;--awb-border-sizes-bottom:0px;--awb-border-sizes-left:0px;--awb-border-sizes-right:0px;--awb-border-radius-top-left:0px;--awb-border-radius-top-right:0px;--awb-border-radius-bottom-right:0px;--awb-border-radius-bottom-left:0px;--awb-padding-top:0px;--awb-padding-right:15%;--awb-padding-bottom:20px;--awb-padding-left:15%;--awb-flex-wrap:wrap;\" ><div class=\"fusion-builder-row fusion-row\"><div class=\"fusion-layout-column fusion_builder_column fusion-builder-column-4 fusion_builder_column_1_1 1_1 fusion-one-full fusion-column-first fusion-column-last\" style=\"--awb-bg-size:cover;\"><div class=\"fusion-column-wrapper fusion-flex-column-wrapper-legacy\"><div class=\"fusion-text fusion-text-7\"><p style=\"text-align: center;\">Descargue la aplicaci\u00f3n m\u00f3vil, <a href=\"\/es\/para-los-miembros\/recursos-para-los-miembros\/aplicacion-movil\/\"><em>Grupos de Familia Al\u2011Ano<\/em>n<\/a>, para asistir a las reuniones electr\u00f3nicas de Alateen. <a href=\"\/es\/para-los-miembros\/recursos-para-los-miembros\/aplicacion-movil\/guia-de-la-aplicacion-movil\/\">Pulsa aqu\u00ed para obtener instrucciones paso a paso<\/a>.<\/p>\n<\/div><div class=\"fusion-clearfix\"><\/div><\/div><\/div><div class=\"fusion-layout-column fusion_builder_column fusion-builder-column-5 fusion_builder_column_1_1 1_1 fusion-one-full fusion-column-first fusion-column-last\" style=\"--awb-bg-size:cover;\"><div class=\"fusion-column-wrapper fusion-flex-column-wrapper-legacy\"><div class=\"fusion-title title fusion-title-3 fusion-sep-none fusion-title-center fusion-title-text fusion-title-size-three\" style=\"--awb-margin-top-small:0px;--awb-margin-right-small:0px;--awb-margin-bottom-small:20px;--awb-margin-left-small:0px;\"><h3 class=\"fusion-title-heading title-heading-center fusion-responsive-typography-calculated\" style=\"margin:0;--fontSize:26;line-height:1.62;\"><strong data-redactor-tag=\"strong\">Seguridad de Alateen<\/strong><\/h3><\/div><div class=\"fusion-text fusion-text-8\" style=\"--awb-text-transform:none;\"><p>Las reuniones de Alateen en la aplicaci\u00f3n m\u00f3vil son administradas por Al\u2011Anon Family Group Headquarters, Inc. y coordinadas por Zonas (estados\/provincias) en nuestra estructura de los EE.UU. y del Canad\u00e1, o de las reconocidas Oficinas de Servicios Generales internacionales. Estas reuniones son las \u00fanicas reuniones de Alateen en l\u00ednea elegibles para utilizar el nombre de Alateen. Las reuniones de Alateen en la aplicaci\u00f3n m\u00f3vil est\u00e1n disponibles solo en ingl\u00e9s en este momento.<\/p>\n<p>Adolescentes entre las edades de 13 a 18 a\u00f1os pueden descargar la aplicaci\u00f3n m\u00f3vil para asistir a las reuniones de Alateen.<\/p>\n<p>Una vez en el sal\u00f3n de reuniones, el adolescente puede cambiar el nombre de pantalla al nombre que quiere utilizar para ser reconocido por otros Alateens y Padrinos.<\/p>\n<p>Una vez que se descargue la aplicaci\u00f3n m\u00f3vil, los adolescentes pueden acceder a todas las funciones de la aplicaci\u00f3n m\u00f3vil, as\u00ed como a todas las reuniones de Alateen y Al\u2011\u00adAnon. La aplicaci\u00f3n m\u00f3vil se puede descargar en espa\u00f1ol, ingl\u00e9s y franc\u00e9s, pero las reuniones de Alateen est\u00e1n disponibles solo en ingl\u00e9s en este momento.<\/p>\n<p>En cada reuni\u00f3n habr\u00e1, por lo menos, dos Padrinos de Grupo de Alateen presentes.<\/p>\n<\/div><div class=\"fusion-clearfix\"><\/div><\/div><\/div><\/div><\/div><\/p>\n","protected":false},"excerpt":{"rendered":"","protected":false},"author":36,"featured_media":20841,"parent":5174,"menu_order":4,"comment_status":"closed","ping_status":"closed","template":"","meta":{"footnotes":""},"class_list":["post-5651","page","type-page","status-publish","has-post-thumbnail","hentry"],"yoast_head":"<!-- This site is optimized with the Yoast SEO plugin v27.5 - https:\/\/yoast.com\/product\/yoast-seo-wordpress\/ -->\n<title>M\u00e1s informaci\u00f3n sobre Alateen Chat Reuniones y Seguridad<\/title>\n<meta name=\"description\" content=\"\u00bfInteresado en charlar en vivo con los miembros de Alateen? Alateen chat es para j\u00f3venes de 13-18 a\u00f1os que han sido afectados por la bebida de otra persona.\" \/>\n<meta name=\"robots\" content=\"index, follow, max-snippet:-1, max-image-preview:large, max-video-preview:-1\" \/>\n<link rel=\"canonical\" href=\"https:\/\/al-anon.org\/es\/recien-llegados\/rincon-para-adolescentes-alateen\/reunion-electronica-de-alateen\/\" \/>\n<meta property=\"og:locale\" content=\"es_ES\" \/>\n<meta property=\"og:type\" content=\"article\" \/>\n<meta property=\"og:title\" content=\"M\u00e1s informaci\u00f3n sobre Alateen Chat Reuniones y Seguridad\" \/>\n<meta property=\"og:description\" content=\"\u00bfInteresado en charlar en vivo con los miembros de Alateen? Alateen chat es para j\u00f3venes de 13-18 a\u00f1os que han sido afectados por la bebida de otra persona.\" \/>\n<meta property=\"og:url\" content=\"https:\/\/al-anon.org\/es\/recien-llegados\/rincon-para-adolescentes-alateen\/reunion-electronica-de-alateen\/\" \/>\n<meta property=\"og:site_name\" content=\"Al-Anon Family Groups\" \/>\n<meta property=\"article:publisher\" content=\"http:\/\/www.facebook.com\/AlAnonFamilyGroupsWSO\" \/>\n<meta property=\"article:modified_time\" content=\"2022-01-05T18:09:31+00:00\" \/>\n<meta property=\"og:image\" content=\"https:\/\/al-anon.org\/wp-content\/uploads\/ala_chat.jpg\" \/>\n\t<meta property=\"og:image:width\" content=\"1200\" \/>\n\t<meta property=\"og:image:height\" content=\"450\" \/>\n\t<meta property=\"og:image:type\" content=\"image\/jpeg\" \/>\n<meta name=\"twitter:card\" content=\"summary_large_image\" \/>\n<meta name=\"twitter:site\" content=\"@AlAnon_WSO\" \/>\n<meta name=\"twitter:label1\" content=\"Tiempo de lectura\" \/>\n\t<meta name=\"twitter:data1\" content=\"17 minutos\" \/>\n<script type=\"application\/ld+json\" class=\"yoast-schema-graph\">{\"@context\":\"https:\\\/\\\/schema.org\",\"@graph\":[{\"@type\":\"WebPage\",\"@id\":\"https:\\\/\\\/al-anon.org\\\/es\\\/recien-llegados\\\/rincon-para-adolescentes-alateen\\\/reunion-electronica-de-alateen\\\/\",\"url\":\"https:\\\/\\\/al-anon.org\\\/es\\\/recien-llegados\\\/rincon-para-adolescentes-alateen\\\/reunion-electronica-de-alateen\\\/\",\"name\":\"M\u00e1s informaci\u00f3n sobre Alateen Chat Reuniones y Seguridad\",\"isPartOf\":{\"@id\":\"https:\\\/\\\/al-anon.org\\\/es\\\/#website\"},\"primaryImageOfPage\":{\"@id\":\"https:\\\/\\\/al-anon.org\\\/es\\\/recien-llegados\\\/rincon-para-adolescentes-alateen\\\/reunion-electronica-de-alateen\\\/#primaryimage\"},\"image\":{\"@id\":\"https:\\\/\\\/al-anon.org\\\/es\\\/recien-llegados\\\/rincon-para-adolescentes-alateen\\\/reunion-electronica-de-alateen\\\/#primaryimage\"},\"thumbnailUrl\":\"https:\\\/\\\/al-anon.org\\\/wp-content\\\/uploads\\\/ala_chat.jpg\",\"datePublished\":\"2016-07-20T17:38:28+00:00\",\"dateModified\":\"2022-01-05T18:09:31+00:00\",\"description\":\"\u00bfInteresado en charlar en vivo con los miembros de Alateen? Alateen chat es para j\u00f3venes de 13-18 a\u00f1os que han sido afectados por la bebida de otra persona.\",\"breadcrumb\":{\"@id\":\"https:\\\/\\\/al-anon.org\\\/es\\\/recien-llegados\\\/rincon-para-adolescentes-alateen\\\/reunion-electronica-de-alateen\\\/#breadcrumb\"},\"inLanguage\":\"es\",\"potentialAction\":[{\"@type\":\"ReadAction\",\"target\":[\"https:\\\/\\\/al-anon.org\\\/es\\\/recien-llegados\\\/rincon-para-adolescentes-alateen\\\/reunion-electronica-de-alateen\\\/\"]}]},{\"@type\":\"ImageObject\",\"inLanguage\":\"es\",\"@id\":\"https:\\\/\\\/al-anon.org\\\/es\\\/recien-llegados\\\/rincon-para-adolescentes-alateen\\\/reunion-electronica-de-alateen\\\/#primaryimage\",\"url\":\"https:\\\/\\\/al-anon.org\\\/wp-content\\\/uploads\\\/ala_chat.jpg\",\"contentUrl\":\"https:\\\/\\\/al-anon.org\\\/wp-content\\\/uploads\\\/ala_chat.jpg\",\"width\":1200,\"height\":450},{\"@type\":\"BreadcrumbList\",\"@id\":\"https:\\\/\\\/al-anon.org\\\/es\\\/recien-llegados\\\/rincon-para-adolescentes-alateen\\\/reunion-electronica-de-alateen\\\/#breadcrumb\",\"itemListElement\":[{\"@type\":\"ListItem\",\"position\":1,\"name\":\"Reci\u00e9n Llegados\",\"item\":\"https:\\\/\\\/al-anon.org\\\/es\\\/recien-llegados\\\/\"},{\"@type\":\"ListItem\",\"position\":2,\"name\":\"Rinc\u00f3n para adolescentes (Alateen)\",\"item\":\"https:\\\/\\\/al-anon.org\\\/es\\\/recien-llegados\\\/rincon-para-adolescentes-alateen\\\/\"},{\"@type\":\"ListItem\",\"position\":3,\"name\":\"Chat de Alateen\"}]},{\"@type\":\"WebSite\",\"@id\":\"https:\\\/\\\/al-anon.org\\\/es\\\/#website\",\"url\":\"https:\\\/\\\/al-anon.org\\\/es\\\/\",\"name\":\"Al-Anon Family Groups\",\"description\":\"Help and hope for families and friends of alcoholics\",\"publisher\":{\"@id\":\"https:\\\/\\\/al-anon.org\\\/es\\\/#organization\"},\"potentialAction\":[{\"@type\":\"SearchAction\",\"target\":{\"@type\":\"EntryPoint\",\"urlTemplate\":\"https:\\\/\\\/al-anon.org\\\/es\\\/?s={search_term_string}\"},\"query-input\":{\"@type\":\"PropertyValueSpecification\",\"valueRequired\":true,\"valueName\":\"search_term_string\"}}],\"inLanguage\":\"es\"},{\"@type\":\"Organization\",\"@id\":\"https:\\\/\\\/al-anon.org\\\/es\\\/#organization\",\"name\":\"Al-Anon Family Group Headquarters, Inc.\",\"url\":\"https:\\\/\\\/al-anon.org\\\/es\\\/\",\"logo\":{\"@type\":\"ImageObject\",\"inLanguage\":\"es\",\"@id\":\"https:\\\/\\\/al-anon.org\\\/es\\\/#\\\/schema\\\/logo\\\/image\\\/\",\"url\":\"https:\\\/\\\/al-anon.org\\\/wp-content\\\/uploads\\\/2017\\\/04\\\/AFGlogo-e1492189694634.jpg\",\"contentUrl\":\"https:\\\/\\\/al-anon.org\\\/wp-content\\\/uploads\\\/2017\\\/04\\\/AFGlogo-e1492189694634.jpg\",\"width\":167,\"height\":50,\"caption\":\"Al-Anon Family Group Headquarters, Inc.\"},\"image\":{\"@id\":\"https:\\\/\\\/al-anon.org\\\/es\\\/#\\\/schema\\\/logo\\\/image\\\/\"},\"sameAs\":[\"http:\\\/\\\/www.facebook.com\\\/AlAnonFamilyGroupsWSO\",\"https:\\\/\\\/x.com\\\/AlAnon_WSO\",\"http:\\\/\\\/www.instagram.com\\\/alanon_wso\",\"https:\\\/\\\/www.linkedin.com\\\/company\\\/al-anon-wso\\\/\",\"https:\\\/\\\/www.youtube.com\\\/user\\\/AlAnonFamilyGroupHQ\\\/\"]}]}<\/script>\n<!-- \/ Yoast SEO plugin. -->","yoast_head_json":{"title":"M\u00e1s informaci\u00f3n sobre Alateen Chat Reuniones y Seguridad","description":"\u00bfInteresado en charlar en vivo con los miembros de Alateen? Alateen chat es para j\u00f3venes de 13-18 a\u00f1os que han sido afectados por la bebida de otra persona.","robots":{"index":"index","follow":"follow","max-snippet":"max-snippet:-1","max-image-preview":"max-image-preview:large","max-video-preview":"max-video-preview:-1"},"canonical":"https:\/\/al-anon.org\/es\/recien-llegados\/rincon-para-adolescentes-alateen\/reunion-electronica-de-alateen\/","og_locale":"es_ES","og_type":"article","og_title":"M\u00e1s informaci\u00f3n sobre Alateen Chat Reuniones y Seguridad","og_description":"\u00bfInteresado en charlar en vivo con los miembros de Alateen? Alateen chat es para j\u00f3venes de 13-18 a\u00f1os que han sido afectados por la bebida de otra persona.","og_url":"https:\/\/al-anon.org\/es\/recien-llegados\/rincon-para-adolescentes-alateen\/reunion-electronica-de-alateen\/","og_site_name":"Al-Anon Family Groups","article_publisher":"http:\/\/www.facebook.com\/AlAnonFamilyGroupsWSO","article_modified_time":"2022-01-05T18:09:31+00:00","og_image":[{"width":1200,"height":450,"url":"https:\/\/al-anon.org\/wp-content\/uploads\/ala_chat.jpg","type":"image\/jpeg"}],"twitter_card":"summary_large_image","twitter_site":"@AlAnon_WSO","twitter_misc":{"Tiempo de lectura":"17 minutos"},"schema":{"@context":"https:\/\/schema.org","@graph":[{"@type":"WebPage","@id":"https:\/\/al-anon.org\/es\/recien-llegados\/rincon-para-adolescentes-alateen\/reunion-electronica-de-alateen\/","url":"https:\/\/al-anon.org\/es\/recien-llegados\/rincon-para-adolescentes-alateen\/reunion-electronica-de-alateen\/","name":"M\u00e1s informaci\u00f3n sobre Alateen Chat Reuniones y Seguridad","isPartOf":{"@id":"https:\/\/al-anon.org\/es\/#website"},"primaryImageOfPage":{"@id":"https:\/\/al-anon.org\/es\/recien-llegados\/rincon-para-adolescentes-alateen\/reunion-electronica-de-alateen\/#primaryimage"},"image":{"@id":"https:\/\/al-anon.org\/es\/recien-llegados\/rincon-para-adolescentes-alateen\/reunion-electronica-de-alateen\/#primaryimage"},"thumbnailUrl":"https:\/\/al-anon.org\/wp-content\/uploads\/ala_chat.jpg","datePublished":"2016-07-20T17:38:28+00:00","dateModified":"2022-01-05T18:09:31+00:00","description":"\u00bfInteresado en charlar en vivo con los miembros de Alateen? Alateen chat es para j\u00f3venes de 13-18 a\u00f1os que han sido afectados por la bebida de otra persona.","breadcrumb":{"@id":"https:\/\/al-anon.org\/es\/recien-llegados\/rincon-para-adolescentes-alateen\/reunion-electronica-de-alateen\/#breadcrumb"},"inLanguage":"es","potentialAction":[{"@type":"ReadAction","target":["https:\/\/al-anon.org\/es\/recien-llegados\/rincon-para-adolescentes-alateen\/reunion-electronica-de-alateen\/"]}]},{"@type":"ImageObject","inLanguage":"es","@id":"https:\/\/al-anon.org\/es\/recien-llegados\/rincon-para-adolescentes-alateen\/reunion-electronica-de-alateen\/#primaryimage","url":"https:\/\/al-anon.org\/wp-content\/uploads\/ala_chat.jpg","contentUrl":"https:\/\/al-anon.org\/wp-content\/uploads\/ala_chat.jpg","width":1200,"height":450},{"@type":"BreadcrumbList","@id":"https:\/\/al-anon.org\/es\/recien-llegados\/rincon-para-adolescentes-alateen\/reunion-electronica-de-alateen\/#breadcrumb","itemListElement":[{"@type":"ListItem","position":1,"name":"Reci\u00e9n Llegados","item":"https:\/\/al-anon.org\/es\/recien-llegados\/"},{"@type":"ListItem","position":2,"name":"Rinc\u00f3n para adolescentes (Alateen)","item":"https:\/\/al-anon.org\/es\/recien-llegados\/rincon-para-adolescentes-alateen\/"},{"@type":"ListItem","position":3,"name":"Chat de Alateen"}]},{"@type":"WebSite","@id":"https:\/\/al-anon.org\/es\/#website","url":"https:\/\/al-anon.org\/es\/","name":"Al-Anon Family Groups","description":"Help and hope for families and friends of alcoholics","publisher":{"@id":"https:\/\/al-anon.org\/es\/#organization"},"potentialAction":[{"@type":"SearchAction","target":{"@type":"EntryPoint","urlTemplate":"https:\/\/al-anon.org\/es\/?s={search_term_string}"},"query-input":{"@type":"PropertyValueSpecification","valueRequired":true,"valueName":"search_term_string"}}],"inLanguage":"es"},{"@type":"Organization","@id":"https:\/\/al-anon.org\/es\/#organization","name":"Al-Anon Family Group Headquarters, Inc.","url":"https:\/\/al-anon.org\/es\/","logo":{"@type":"ImageObject","inLanguage":"es","@id":"https:\/\/al-anon.org\/es\/#\/schema\/logo\/image\/","url":"https:\/\/al-anon.org\/wp-content\/uploads\/2017\/04\/AFGlogo-e1492189694634.jpg","contentUrl":"https:\/\/al-anon.org\/wp-content\/uploads\/2017\/04\/AFGlogo-e1492189694634.jpg","width":167,"height":50,"caption":"Al-Anon Family Group Headquarters, Inc."},"image":{"@id":"https:\/\/al-anon.org\/es\/#\/schema\/logo\/image\/"},"sameAs":["http:\/\/www.facebook.com\/AlAnonFamilyGroupsWSO","https:\/\/x.com\/AlAnon_WSO","http:\/\/www.instagram.com\/alanon_wso","https:\/\/www.linkedin.com\/company\/al-anon-wso\/","https:\/\/www.youtube.com\/user\/AlAnonFamilyGroupHQ\/"]}]}},"_links":{"self":[{"href":"https:\/\/al-anon.org\/es\/wp-json\/wp\/v2\/pages\/5651","targetHints":{"allow":["GET"]}}],"collection":[{"href":"https:\/\/al-anon.org\/es\/wp-json\/wp\/v2\/pages"}],"about":[{"href":"https:\/\/al-anon.org\/es\/wp-json\/wp\/v2\/types\/page"}],"author":[{"embeddable":true,"href":"https:\/\/al-anon.org\/es\/wp-json\/wp\/v2\/users\/36"}],"replies":[{"embeddable":true,"href":"https:\/\/al-anon.org\/es\/wp-json\/wp\/v2\/comments?post=5651"}],"version-history":[{"count":23,"href":"https:\/\/al-anon.org\/es\/wp-json\/wp\/v2\/pages\/5651\/revisions"}],"predecessor-version":[{"id":35009,"href":"https:\/\/al-anon.org\/es\/wp-json\/wp\/v2\/pages\/5651\/revisions\/35009"}],"up":[{"embeddable":true,"href":"https:\/\/al-anon.org\/es\/wp-json\/wp\/v2\/pages\/5174"}],"wp:featuredmedia":[{"embeddable":true,"href":"https:\/\/al-anon.org\/es\/wp-json\/wp\/v2\/media\/20841"}],"wp:attachment":[{"href":"https:\/\/al-anon.org\/es\/wp-json\/wp\/v2\/media?parent=5651"}],"curies":[{"name":"wp","href":"https:\/\/api.w.org\/{rel}","templated":true}]}}