{"id":5045,"date":"2017-06-15T17:26:14","date_gmt":"2017-06-15T21:26:14","guid":{"rendered":"https:\/\/al-anon.org\/trabajo-en-al-anon\/"},"modified":"2022-02-03T14:13:52","modified_gmt":"2022-02-03T19:13:52","slug":"trabajo-en-al-anon","status":"publish","type":"page","link":"https:\/\/al-anon.org\/es\/trabajo-en-al-anon\/","title":{"rendered":"Trabajo en Al-Anon"},"content":{"rendered":"<div class=\"fusion-fullwidth fullwidth-box fusion-builder-row-1 nonhundred-percent-fullwidth non-hundred-percent-height-scrolling\" style=\"--awb-background-position:left top;--awb-border-sizes-top:0px;--awb-border-sizes-bottom:0px;--awb-border-sizes-left:0px;--awb-border-sizes-right:0px;--awb-border-radius-top-left:0px;--awb-border-radius-top-right:0px;--awb-border-radius-bottom-right:0px;--awb-border-radius-bottom-left:0px;--awb-padding-top:20px;--awb-padding-right:15%;--awb-padding-bottom:20px;--awb-padding-left:15%;--awb-flex-wrap:wrap;\" ><div class=\"fusion-builder-row fusion-row\"><div class=\"fusion-layout-column fusion_builder_column fusion-builder-column-0 fusion_builder_column_1_1 1_1 fusion-one-full fusion-column-first fusion-column-last fusion-column-no-min-height\" style=\"--awb-bg-size:cover;\"><div class=\"fusion-column-wrapper fusion-flex-column-wrapper-legacy\"><div class=\"fusion-title title fusion-title-1 fusion-sep-none fusion-title-center fusion-title-text fusion-title-size-two\" style=\"--awb-margin-top-small:0px;--awb-margin-right-small:0px;--awb-margin-bottom-small:20px;--awb-margin-left-small:0px;\"><h2 class=\"fusion-title-heading title-heading-center fusion-responsive-typography-calculated\" style=\"margin:0;--fontSize:35;line-height:1.29;\">Oportunidades de trabajo<\/h2><\/div><div class=\"fusion-text fusion-text-1\"><p>Consideramos a los empleados de Al-Anon Family Group Headquarters, Inc. como nuestro recurso m\u00e1s valioso. Valoramos el trabajo de nuestros empleados, y valoramos las opiniones de nuestros empleados. Tambi\u00e9n confiamos plenamente en que cada uno de nuestros empleados est\u00e1 dispuesto a trabajar de manera armoniosa entre ellos, de tal forma que, como equipo, la OSM pueda continuar brindando el servicio y la buena voluntad que nuestros miembros en general nos han confiado a cada uno de nosotros.<\/p>\n<p>Existen muchos tipos de trabajo en la OSM. Algunos de estos se limitan a personas que han sido miembros activos de Al-Anon. Estos cargos generalmente se relacionan con cargos de servicio para la difusi\u00f3n p\u00fablica, literatura, servicios a los miembros, y servicios a los grupos. Otros cargos est\u00e1n abiertos a cualquier persona, e incluyen funciones administrativas, funciones de traductor, servicio al cliente, tareas de almacenamiento y env\u00edos, mercadeo, y servicios digitales.<\/p>\n<p><strong data-redactor-tag=\"strong\">Confiamos en que nuestros nuevos empleados se dar\u00e1n cuenta de que nuestra organizaci\u00f3n es un lugar din\u00e1mico y gratificante en el cual trabajar, y esperamos que la relaci\u00f3n laboral sea productiva y exitosa<\/strong><\/p>\n<p>Ofrecemos un conjunto de beneficios generales que incluyen seguro m\u00e9dico, dental, de vida, de incapacidad corta y de incapacidad larga, y un plan de pensi\u00f3n 401K.<\/p>\n<\/div><div class=\"fusion-sep-clear\"><\/div><div class=\"fusion-separator fusion-full-width-sep\" style=\"margin-left: auto;margin-right: auto;margin-bottom:5px;width:100%;\"><div class=\"fusion-separator-border sep-single sep-solid\" style=\"--awb-height:20px;--awb-amount:20px;border-color:#e0dede;border-top-width:1px;\"><\/div><\/div><div class=\"fusion-sep-clear\"><\/div><div class=\"fusion-text fusion-text-2\" style=\"--awb-text-transform:none;\"><p style=\"text-align: center;\"><strong>En estos momentos no existe ninguna oportunidad de empleo. Por favor revise despu\u00e9s.<\/strong><\/p>\n<\/div><div class=\"fusion-clearfix\"><\/div><\/div><\/div><\/div><\/div>\n","protected":false},"excerpt":{"rendered":"","protected":false},"author":36,"featured_media":36421,"parent":0,"menu_order":14,"comment_status":"closed","ping_status":"closed","template":"","meta":{"footnotes":""},"class_list":["post-5045","page","type-page","status-publish","has-post-thumbnail","hentry"],"yoast_head":"<!-- This site is optimized with the Yoast SEO plugin v27.6 - https:\/\/yoast.com\/product\/yoast-seo-wordpress\/ -->\n<title>Empleo en Al-Anon | Grupos familiares de Al-Anon<\/title>\n<meta name=\"description\" content=\"Consideramos que los empleados de Al-Anon Family Group Headquarters, Inc. son nuestros recursos m\u00e1s valiosos. Echa un vistazo a nuestras oportunidades de empleo actuales.\" \/>\n<meta name=\"robots\" content=\"index, follow, max-snippet:-1, max-image-preview:large, max-video-preview:-1\" \/>\n<link rel=\"canonical\" href=\"https:\/\/al-anon.org\/es\/trabajo-en-al-anon\/\" \/>\n<meta property=\"og:locale\" content=\"es_ES\" \/>\n<meta property=\"og:type\" content=\"article\" \/>\n<meta property=\"og:title\" content=\"Empleo en Al-Anon | Grupos familiares de Al-Anon\" \/>\n<meta property=\"og:description\" content=\"Consideramos que los empleados de Al-Anon Family Group Headquarters, Inc. son nuestros recursos m\u00e1s valiosos. Echa un vistazo a nuestras oportunidades de empleo actuales.\" \/>\n<meta property=\"og:url\" content=\"https:\/\/al-anon.org\/es\/trabajo-en-al-anon\/\" \/>\n<meta property=\"og:site_name\" content=\"Al-Anon Family Groups\" \/>\n<meta property=\"article:publisher\" content=\"http:\/\/www.facebook.com\/AlAnonFamilyGroupsWSO\" \/>\n<meta property=\"article:modified_time\" content=\"2022-02-03T19:13:52+00:00\" \/>\n<meta property=\"og:image\" content=\"https:\/\/al-anon.org\/wp-content\/uploads\/1300x230_IntAdPosition.jpg\" \/>\n\t<meta property=\"og:image:width\" content=\"1300\" \/>\n\t<meta property=\"og:image:height\" content=\"230\" \/>\n\t<meta property=\"og:image:type\" content=\"image\/jpeg\" \/>\n<meta name=\"twitter:card\" content=\"summary_large_image\" \/>\n<meta name=\"twitter:site\" content=\"@AlAnon_WSO\" \/>\n<meta name=\"twitter:label1\" content=\"Tiempo de lectura\" \/>\n\t<meta name=\"twitter:data1\" content=\"3 minutos\" \/>\n<script type=\"application\/ld+json\" class=\"yoast-schema-graph\">{\"@context\":\"https:\\\/\\\/schema.org\",\"@graph\":[{\"@type\":\"WebPage\",\"@id\":\"https:\\\/\\\/al-anon.org\\\/es\\\/trabajo-en-al-anon\\\/\",\"url\":\"https:\\\/\\\/al-anon.org\\\/es\\\/trabajo-en-al-anon\\\/\",\"name\":\"Empleo en Al-Anon | Grupos familiares de Al-Anon\",\"isPartOf\":{\"@id\":\"https:\\\/\\\/al-anon.org\\\/es\\\/#website\"},\"primaryImageOfPage\":{\"@id\":\"https:\\\/\\\/al-anon.org\\\/es\\\/trabajo-en-al-anon\\\/#primaryimage\"},\"image\":{\"@id\":\"https:\\\/\\\/al-anon.org\\\/es\\\/trabajo-en-al-anon\\\/#primaryimage\"},\"thumbnailUrl\":\"https:\\\/\\\/al-anon.org\\\/wp-content\\\/uploads\\\/1300x230_IntAdPosition.jpg\",\"datePublished\":\"2017-06-15T21:26:14+00:00\",\"dateModified\":\"2022-02-03T19:13:52+00:00\",\"description\":\"Consideramos que los empleados de Al-Anon Family Group Headquarters, Inc. son nuestros recursos m\u00e1s valiosos. Echa un vistazo a nuestras oportunidades de empleo actuales.\",\"inLanguage\":\"es\",\"potentialAction\":[{\"@type\":\"ReadAction\",\"target\":[\"https:\\\/\\\/al-anon.org\\\/es\\\/trabajo-en-al-anon\\\/\"]}]},{\"@type\":\"ImageObject\",\"inLanguage\":\"es\",\"@id\":\"https:\\\/\\\/al-anon.org\\\/es\\\/trabajo-en-al-anon\\\/#primaryimage\",\"url\":\"https:\\\/\\\/al-anon.org\\\/wp-content\\\/uploads\\\/1300x230_IntAdPosition.jpg\",\"contentUrl\":\"https:\\\/\\\/al-anon.org\\\/wp-content\\\/uploads\\\/1300x230_IntAdPosition.jpg\",\"width\":1300,\"height\":230,\"caption\":\"Two individuals sitting down at a desk, conducting an interview, and shaking hands.\"},{\"@type\":\"WebSite\",\"@id\":\"https:\\\/\\\/al-anon.org\\\/es\\\/#website\",\"url\":\"https:\\\/\\\/al-anon.org\\\/es\\\/\",\"name\":\"Al-Anon Family Groups\",\"description\":\"Help and hope for families and friends of alcoholics\",\"publisher\":{\"@id\":\"https:\\\/\\\/al-anon.org\\\/es\\\/#organization\"},\"potentialAction\":[{\"@type\":\"SearchAction\",\"target\":{\"@type\":\"EntryPoint\",\"urlTemplate\":\"https:\\\/\\\/al-anon.org\\\/es\\\/?s={search_term_string}\"},\"query-input\":{\"@type\":\"PropertyValueSpecification\",\"valueRequired\":true,\"valueName\":\"search_term_string\"}}],\"inLanguage\":\"es\"},{\"@type\":\"Organization\",\"@id\":\"https:\\\/\\\/al-anon.org\\\/es\\\/#organization\",\"name\":\"Al-Anon Family Group Headquarters, Inc.\",\"url\":\"https:\\\/\\\/al-anon.org\\\/es\\\/\",\"logo\":{\"@type\":\"ImageObject\",\"inLanguage\":\"es\",\"@id\":\"https:\\\/\\\/al-anon.org\\\/es\\\/#\\\/schema\\\/logo\\\/image\\\/\",\"url\":\"https:\\\/\\\/al-anon.org\\\/wp-content\\\/uploads\\\/2017\\\/04\\\/AFGlogo-e1492189694634.jpg\",\"contentUrl\":\"https:\\\/\\\/al-anon.org\\\/wp-content\\\/uploads\\\/2017\\\/04\\\/AFGlogo-e1492189694634.jpg\",\"width\":167,\"height\":50,\"caption\":\"Al-Anon Family Group Headquarters, Inc.\"},\"image\":{\"@id\":\"https:\\\/\\\/al-anon.org\\\/es\\\/#\\\/schema\\\/logo\\\/image\\\/\"},\"sameAs\":[\"http:\\\/\\\/www.facebook.com\\\/AlAnonFamilyGroupsWSO\",\"https:\\\/\\\/x.com\\\/AlAnon_WSO\",\"http:\\\/\\\/www.instagram.com\\\/alanon_wso\",\"https:\\\/\\\/www.linkedin.com\\\/company\\\/al-anon-wso\\\/\",\"https:\\\/\\\/www.youtube.com\\\/user\\\/AlAnonFamilyGroupHQ\\\/\"]}]}<\/script>\n<!-- \/ Yoast SEO plugin. -->","yoast_head_json":{"title":"Empleo en Al-Anon | Grupos familiares de Al-Anon","description":"Consideramos que los empleados de Al-Anon Family Group Headquarters, Inc. son nuestros recursos m\u00e1s valiosos. Echa un vistazo a nuestras oportunidades de empleo actuales.","robots":{"index":"index","follow":"follow","max-snippet":"max-snippet:-1","max-image-preview":"max-image-preview:large","max-video-preview":"max-video-preview:-1"},"canonical":"https:\/\/al-anon.org\/es\/trabajo-en-al-anon\/","og_locale":"es_ES","og_type":"article","og_title":"Empleo en Al-Anon | Grupos familiares de Al-Anon","og_description":"Consideramos que los empleados de Al-Anon Family Group Headquarters, Inc. son nuestros recursos m\u00e1s valiosos. Echa un vistazo a nuestras oportunidades de empleo actuales.","og_url":"https:\/\/al-anon.org\/es\/trabajo-en-al-anon\/","og_site_name":"Al-Anon Family Groups","article_publisher":"http:\/\/www.facebook.com\/AlAnonFamilyGroupsWSO","article_modified_time":"2022-02-03T19:13:52+00:00","og_image":[{"width":1300,"height":230,"url":"https:\/\/al-anon.org\/wp-content\/uploads\/1300x230_IntAdPosition.jpg","type":"image\/jpeg"}],"twitter_card":"summary_large_image","twitter_site":"@AlAnon_WSO","twitter_misc":{"Tiempo de lectura":"3 minutos"},"schema":{"@context":"https:\/\/schema.org","@graph":[{"@type":"WebPage","@id":"https:\/\/al-anon.org\/es\/trabajo-en-al-anon\/","url":"https:\/\/al-anon.org\/es\/trabajo-en-al-anon\/","name":"Empleo en Al-Anon | Grupos familiares de Al-Anon","isPartOf":{"@id":"https:\/\/al-anon.org\/es\/#website"},"primaryImageOfPage":{"@id":"https:\/\/al-anon.org\/es\/trabajo-en-al-anon\/#primaryimage"},"image":{"@id":"https:\/\/al-anon.org\/es\/trabajo-en-al-anon\/#primaryimage"},"thumbnailUrl":"https:\/\/al-anon.org\/wp-content\/uploads\/1300x230_IntAdPosition.jpg","datePublished":"2017-06-15T21:26:14+00:00","dateModified":"2022-02-03T19:13:52+00:00","description":"Consideramos que los empleados de Al-Anon Family Group Headquarters, Inc. son nuestros recursos m\u00e1s valiosos. Echa un vistazo a nuestras oportunidades de empleo actuales.","inLanguage":"es","potentialAction":[{"@type":"ReadAction","target":["https:\/\/al-anon.org\/es\/trabajo-en-al-anon\/"]}]},{"@type":"ImageObject","inLanguage":"es","@id":"https:\/\/al-anon.org\/es\/trabajo-en-al-anon\/#primaryimage","url":"https:\/\/al-anon.org\/wp-content\/uploads\/1300x230_IntAdPosition.jpg","contentUrl":"https:\/\/al-anon.org\/wp-content\/uploads\/1300x230_IntAdPosition.jpg","width":1300,"height":230,"caption":"Two individuals sitting down at a desk, conducting an interview, and shaking hands."},{"@type":"WebSite","@id":"https:\/\/al-anon.org\/es\/#website","url":"https:\/\/al-anon.org\/es\/","name":"Al-Anon Family Groups","description":"Help and hope for families and friends of alcoholics","publisher":{"@id":"https:\/\/al-anon.org\/es\/#organization"},"potentialAction":[{"@type":"SearchAction","target":{"@type":"EntryPoint","urlTemplate":"https:\/\/al-anon.org\/es\/?s={search_term_string}"},"query-input":{"@type":"PropertyValueSpecification","valueRequired":true,"valueName":"search_term_string"}}],"inLanguage":"es"},{"@type":"Organization","@id":"https:\/\/al-anon.org\/es\/#organization","name":"Al-Anon Family Group Headquarters, Inc.","url":"https:\/\/al-anon.org\/es\/","logo":{"@type":"ImageObject","inLanguage":"es","@id":"https:\/\/al-anon.org\/es\/#\/schema\/logo\/image\/","url":"https:\/\/al-anon.org\/wp-content\/uploads\/2017\/04\/AFGlogo-e1492189694634.jpg","contentUrl":"https:\/\/al-anon.org\/wp-content\/uploads\/2017\/04\/AFGlogo-e1492189694634.jpg","width":167,"height":50,"caption":"Al-Anon Family Group Headquarters, Inc."},"image":{"@id":"https:\/\/al-anon.org\/es\/#\/schema\/logo\/image\/"},"sameAs":["http:\/\/www.facebook.com\/AlAnonFamilyGroupsWSO","https:\/\/x.com\/AlAnon_WSO","http:\/\/www.instagram.com\/alanon_wso","https:\/\/www.linkedin.com\/company\/al-anon-wso\/","https:\/\/www.youtube.com\/user\/AlAnonFamilyGroupHQ\/"]}]}},"_links":{"self":[{"href":"https:\/\/al-anon.org\/es\/wp-json\/wp\/v2\/pages\/5045","targetHints":{"allow":["GET"]}}],"collection":[{"href":"https:\/\/al-anon.org\/es\/wp-json\/wp\/v2\/pages"}],"about":[{"href":"https:\/\/al-anon.org\/es\/wp-json\/wp\/v2\/types\/page"}],"author":[{"embeddable":true,"href":"https:\/\/al-anon.org\/es\/wp-json\/wp\/v2\/users\/36"}],"replies":[{"embeddable":true,"href":"https:\/\/al-anon.org\/es\/wp-json\/wp\/v2\/comments?post=5045"}],"version-history":[{"count":14,"href":"https:\/\/al-anon.org\/es\/wp-json\/wp\/v2\/pages\/5045\/revisions"}],"predecessor-version":[{"id":35476,"href":"https:\/\/al-anon.org\/es\/wp-json\/wp\/v2\/pages\/5045\/revisions\/35476"}],"wp:featuredmedia":[{"embeddable":true,"href":"https:\/\/al-anon.org\/es\/wp-json\/wp\/v2\/media\/36421"}],"wp:attachment":[{"href":"https:\/\/al-anon.org\/es\/wp-json\/wp\/v2\/media?parent=5045"}],"curies":[{"name":"wp","href":"https:\/\/api.w.org\/{rel}","templated":true}]}}