{"id":4811,"date":"2017-06-13T12:58:07","date_gmt":"2017-06-13T16:58:07","guid":{"rendered":"https:\/\/al-anon.org\/reuniones-de-al-anon\/"},"modified":"2024-04-25T15:08:29","modified_gmt":"2024-04-25T19:08:29","slug":"reuniones-de-al-anon","status":"publish","type":"page","link":"https:\/\/al-anon.org\/es\/reuniones-de-al-anon\/","title":{"rendered":"Reuniones de Al-Anon"},"content":{"rendered":"<div class=\"fusion-fullwidth fullwidth-box fusion-builder-row-1 nonhundred-percent-fullwidth non-hundred-percent-height-scrolling\" style=\"--awb-background-position:left top;--awb-border-sizes-top:0px;--awb-border-sizes-bottom:0px;--awb-border-sizes-left:0px;--awb-border-sizes-right:0px;--awb-border-radius-top-left:0px;--awb-border-radius-top-right:0px;--awb-border-radius-bottom-right:0px;--awb-border-radius-bottom-left:0px;--awb-padding-top:20px;--awb-padding-bottom:20px;--awb-flex-wrap:wrap;\" ><div class=\"fusion-builder-row fusion-row\"><div class=\"fusion-layout-column fusion_builder_column fusion-builder-column-0 fusion_builder_column_1_2 1_2 fusion-one-half fusion-column-first\" style=\"--awb-bg-size:cover;width:50%;width:calc(50% - ( ( 4% ) * 0.5 ) );margin-right: 4%;\"><div class=\"fusion-column-wrapper fusion-flex-column-wrapper-legacy\"><div class=\"fusion-title title fusion-title-1 fusion-sep-none fusion-title-center fusion-title-text fusion-title-size-three\" style=\"--awb-margin-top-small:0px;--awb-margin-right-small:0px;--awb-margin-bottom-small:20px;--awb-margin-left-small:0px;\"><h3 class=\"fusion-title-heading title-heading-center fusion-responsive-typography-calculated\" style=\"margin:0;--fontSize:26;line-height:1.62;\">Reuniones de Al-Anon<\/h3><\/div><div class=\"fusion-text fusion-text-1\"><p>Al-Anon es un grupo de apoyo mutuo de personas que comparten su experiencia al aplicar los principios de Al-Anon a problemas relacionados con los efectos de un bebedor problema en sus vidas.<\/p>\n<\/div><div class=\"fusion-button-wrapper fusion-aligncenter\"><a class=\"fusion-button button-3d fusion-button-default-size button-default fusion-button-default button-1 fusion-button-span-no \" style=\"--button-border-radius-top-left:25px;--button-border-radius-top-right:25px;--button-border-radius-bottom-right:25px;--button-border-radius-bottom-left:25px;\" target=\"_self\" href=\"\/es\/reuniones-de-al-anon\/localizar-una-reuniones-de-al-anon\/\"><span class=\"fusion-button-text awb-button__text awb-button__text--default\">Encuentre una reuni\u00f3n de Al-Anon<\/span><\/a><\/div><div class=\"fusion-sep-clear\"><\/div><div class=\"fusion-separator fusion-full-width-sep\" style=\"margin-left: auto;margin-right: auto;margin-top:10px;margin-bottom:10px;width:100%;\"><\/div><div class=\"fusion-sep-clear\"><\/div><div class=\"fusion-clearfix\"><\/div><\/div><\/div><div class=\"fusion-layout-column fusion_builder_column fusion-builder-column-1 fusion_builder_column_1_2 1_2 fusion-one-half fusion-column-last\" style=\"--awb-bg-size:cover;width:50%;width:calc(50% - ( ( 4% ) * 0.5 ) );\"><div class=\"fusion-column-wrapper fusion-flex-column-wrapper-legacy\"><div class=\"fusion-title title fusion-title-2 fusion-sep-none fusion-title-center fusion-title-text fusion-title-size-three\" style=\"--awb-margin-top-small:0px;--awb-margin-right-small:0px;--awb-margin-bottom-small:20px;--awb-margin-left-small:0px;\"><h3 class=\"fusion-title-heading title-heading-center fusion-responsive-typography-calculated\" style=\"margin:0;--fontSize:26;line-height:1.62;\">Reuniones de Alateen<\/h3><\/div><div class=\"fusion-text fusion-text-2\"><p>Alateen es un grupo de apoyo para adolescentes que luchan con los efectos de la bebida problema de otra persona.<\/p>\n<\/div><div class=\"fusion-button-wrapper fusion-aligncenter\"><a class=\"fusion-button button-3d fusion-button-default-size button-default fusion-button-default button-2 fusion-button-span-no \" style=\"--button-border-radius-top-left:25px;--button-border-radius-top-right:25px;--button-border-radius-bottom-right:25px;--button-border-radius-bottom-left:25px;\" target=\"_self\" href=\"\/es\/reuniones-de-al-anon\/localizar-una-reuniones-de-alateen\/\"><span class=\"fusion-button-text awb-button__text awb-button__text--default\">Encuentre una reuni\u00f3n de Alateen<\/span><\/a><\/div><div class=\"fusion-sep-clear\"><\/div><div class=\"fusion-separator fusion-full-width-sep\" style=\"margin-left: auto;margin-right: auto;margin-top:10px;margin-bottom:10px;width:100%;\"><\/div><div class=\"fusion-sep-clear\"><\/div><div class=\"fusion-clearfix\"><\/div><\/div><\/div><div class=\"fusion-layout-column fusion_builder_column fusion-builder-column-2 fusion_builder_column_1_1 1_1 fusion-one-full fusion-column-first fusion-column-last\" style=\"--awb-bg-size:cover;\"><div class=\"fusion-column-wrapper fusion-flex-column-wrapper-legacy\"><div class=\"fusion-sep-clear\"><\/div><div class=\"fusion-separator fusion-full-width-sep\" style=\"margin-left: auto;margin-right: auto;margin-top:10px;margin-bottom:10px;width:100%;\"><\/div><div class=\"fusion-sep-clear\"><\/div><div class=\"fusion-clearfix\"><\/div><\/div><\/div><div class=\"fusion-layout-column fusion_builder_column fusion-builder-column-3 fusion_builder_column_1_2 1_2 fusion-one-half fusion-column-first\" style=\"--awb-bg-size:cover;width:50%;width:calc(50% - ( ( 4% ) * 0.5 ) );margin-right: 4%;\"><div class=\"fusion-column-wrapper fusion-flex-column-wrapper-legacy\"><div class=\"fusion-title title fusion-title-3 fusion-sep-none fusion-title-center fusion-title-text fusion-title-size-three\" style=\"--awb-margin-top-small:0px;--awb-margin-right-small:0px;--awb-margin-bottom-small:20px;--awb-margin-left-small:0px;\"><h3 class=\"fusion-title-heading title-heading-center fusion-responsive-typography-calculated\" style=\"margin:0;--fontSize:26;line-height:1.62;\">Reuniones electr\u00f3nicas<\/h3><\/div><div class=\"fusion-text fusion-text-3\"><p>Las reuniones electr\u00f3nicas Al-Anon se realizan en l\u00ednea y por tel\u00e9fono. Los planes de reuniones en l\u00ednea comprenden: tablero de anuncios, correo electr\u00f3nico, medios sociales y Skype.<\/p>\n<\/div><div class=\"fusion-builder-row fusion-builder-row-inner fusion-row\"><div class=\"fusion-layout-column fusion_builder_column_inner fusion-builder-nested-column-0 fusion_builder_column_inner_1_2 1_2 fusion-one-half fusion-column-first\" style=\"--awb-padding-top:10px;--awb-bg-size:cover;width:50%;width:calc(50% - ( ( 4% ) * 0.5 ) );margin-right: 4%;\"><div class=\"fusion-column-wrapper fusion-column-has-shadow fusion-flex-column-wrapper-legacy\"><div class=\"fusion-button-wrapper fusion-align-block\"><a class=\"fusion-button button-3d fusion-button-default-size button-default fusion-button-default button-3 fusion-button-default-span \" style=\"--button-border-radius-top-left:50px;--button-border-radius-top-right:50px;--button-border-radius-bottom-right:50px;--button-border-radius-bottom-left:50px;\" target=\"_blank\" rel=\"noopener noreferrer\" href=\"https:\/\/meetings.al-anon.org\/es\/electronic-meeting-page\/\"><span class=\"fusion-button-text awb-button__text awb-button__text--default\">Reuniones electr\u00f3nicas<\/span><\/a><\/div><div class=\"fusion-clearfix\"><\/div><\/div><\/div><div class=\"fusion-layout-column fusion_builder_column_inner fusion-builder-nested-column-1 fusion_builder_column_inner_1_2 1_2 fusion-one-half fusion-column-last\" style=\"--awb-padding-top:10px;--awb-bg-size:cover;width:50%;width:calc(50% - ( ( 4% ) * 0.5 ) );\"><div class=\"fusion-column-wrapper fusion-column-has-shadow fusion-flex-column-wrapper-legacy\"><div class=\"fusion-button-wrapper fusion-align-block\"><a class=\"fusion-button button-3d fusion-button-default-size button-default fusion-button-default button-4 fusion-button-default-span \" style=\"--button-border-radius-top-left:50px;--button-border-radius-top-right:50px;--button-border-radius-bottom-right:50px;--button-border-radius-bottom-left:50px;\" target=\"_blank\" rel=\"noopener noreferrer\" href=\"https:\/\/meetings.al-anon.org\/electronic-meeting-page\/?formats=Phone\"><span class=\"fusion-button-text awb-button__text awb-button__text--default\">Reuniones por tel\u00e9fono de Al-Anon<\/span><\/a><\/div><div class=\"fusion-clearfix\"><\/div><\/div><\/div><\/div><div class=\"fusion-sep-clear\"><\/div><div class=\"fusion-separator fusion-full-width-sep\" style=\"margin-left: auto;margin-right: auto;margin-top:20px;margin-bottom:20px;width:100%;\"><\/div><div class=\"fusion-sep-clear\"><\/div><div class=\"fusion-clearfix\"><\/div><\/div><\/div><div class=\"fusion-layout-column fusion_builder_column fusion-builder-column-4 fusion_builder_column_1_2 1_2 fusion-one-half fusion-column-last\" style=\"--awb-bg-size:cover;width:50%;width:calc(50% - ( ( 4% ) * 0.5 ) );\"><div class=\"fusion-column-wrapper fusion-flex-column-wrapper-legacy\"><div class=\"fusion-title title fusion-title-4 fusion-sep-none fusion-title-center fusion-title-text fusion-title-size-three\" style=\"--awb-margin-top-small:0px;--awb-margin-right-small:0px;--awb-margin-bottom-small:20px;--awb-margin-left-small:0px;\"><h3 class=\"fusion-title-heading title-heading-center fusion-responsive-typography-calculated\" style=\"margin:0;--fontSize:26;line-height:1.62;\">Contactos de Al-Anon a nivel mundial<\/h3><\/div><div class=\"fusion-text fusion-text-4\"><p>Directorio de oficinas de Grupos de Familia Al-Anon en los EE.UU., el Canad\u00e1 y en todo el mundo para obtener informaci\u00f3n sobre las reuniones de Al-Anon y sobre otros servicios que suministra.<\/p>\n<\/div><div class=\"fusion-button-wrapper fusion-aligncenter\"><a class=\"fusion-button button-3d fusion-button-default-size button-default fusion-button-default button-5 fusion-button-span-no \" style=\"--button-border-radius-top-left:25px;--button-border-radius-top-right:25px;--button-border-radius-bottom-right:25px;--button-border-radius-bottom-left:25px;\" target=\"_self\" href=\"\/es\/reuniones-de-al-anon\/contactos-de-al-anon-a-nivel-mundial\/\"><span class=\"fusion-button-text awb-button__text awb-button__text--default\">Contactos de Al-Anon a nivel mundial<\/span><\/a><\/div><div class=\"fusion-sep-clear\"><\/div><div class=\"fusion-separator fusion-full-width-sep\" style=\"margin-left: auto;margin-right: auto;margin-top:20px;margin-bottom:20px;width:100%;\"><\/div><div class=\"fusion-sep-clear\"><\/div><div class=\"fusion-clearfix\"><\/div><\/div><\/div><div class=\"fusion-layout-column fusion_builder_column fusion-builder-column-5 fusion_builder_column_1_1 1_1 fusion-one-full fusion-column-first fusion-column-last\" style=\"--awb-bg-size:cover;\"><div class=\"fusion-column-wrapper fusion-flex-column-wrapper-legacy\"><div class=\"fusion-sep-clear\"><\/div><div class=\"fusion-separator fusion-full-width-sep\" style=\"margin-left: auto;margin-right: auto;margin-top:20px;margin-bottom:20px;width:100%;\"><\/div><div class=\"fusion-sep-clear\"><\/div><div class=\"fusion-text fusion-text-5\"><h3 style=\"text-align: center;\">Estas son algunas cosas que se deben tener presente en la primera reuni\u00f3n:<\/h3>\n<ul>\n<li>\u00bfLe preocupa la bebida de otra persona? <u>puede asistir a <strong>CUALQUIER<\/strong> reuni\u00f3n de Al\u2011Anon listada.<\/u> Aunque algunos grupos optan por designar a determinados asistentes, dar\u00e1n la bienvenida a cualquiera que busque ayuda.<\/li>\n<li>Al-Anon es un grupo de apoyo mutuo. Cada persona en la reuni\u00f3n comparte como igual. Nadie est\u00e1 en la posici\u00f3n de darle consejos ni direcci\u00f3n a ninguna otra persona. Cada uno en la reuni\u00f3n ha experimentado un problema con la bebida de otra persona.<\/li>\n<li>Usted es libre de hacer preguntas o de hablar acerca de su situaci\u00f3n en su primera reuni\u00f3n. Si tan s\u00f3lo prefiere escuchar, puede decir \u201cpaso\u201d o explicar que s\u00f3lo desea escuchar.<\/li>\n<li>Cada reuni\u00f3n es diferente. Cada reuni\u00f3n tiene la autonom\u00eda de realizarse como lo decidan sus miembros, con gu\u00edas a seguir dise\u00f1adas para promover la unidad en Al-Anon. Al-Anon recomienda que usted pruebe con por lo menos seis diferentes reuniones antes de que decida si Al-Anon le va a servir de ayuda.<\/li>\n<li>Al-Anon no es un programa religioso. Aun cuando la reuni\u00f3n se realice en un centro religioso, el grupo de Al-Anon local le paga renta a ese centro y no est\u00e1 afiliado de ninguna manera con ning\u00fan grupo religioso. Las creencias religiosas que usted tenga \u2015o la carencia de ellas\u2015 no son asunto de discusi\u00f3n en las reuniones de Al-Anon, las cuales se enfocan exclusivamente en enfrentar los efectos de la bebida de otra persona.<\/li>\n<li>Llevar\u00e1 alg\u00fan tiempo entender completamente la importancia del anonimato para el programa de Al-Anon; pero en su nivel m\u00e1s simple, anonimato significa que las personas en la sala respetar\u00e1n la confidencialidad de lo que usted diga y no se le acercar\u00e1n fuera de la sala en una forma que comprometa su privacidad o la privacidad de cualquiera que haya asistido a una reuni\u00f3n de Al Anon.<\/li>\n<li>La reuni\u00f3n posiblemente empezar\u00e1 con una lectura de los Doce Pasos de Al-Anon. Llevar\u00e1 alg\u00fan tiempo entender completamente c\u00f3mo los Doce Pasos pueden ser un instrumento \u00fatil en la recuperaci\u00f3n de los efectos de la bebida de otra persona, pero Al-Anon le da a usted la oportunidad de crecer a su propio ritmo.<\/li>\n<\/ul>\n<\/div><div class=\"fusion-clearfix\"><\/div><\/div><\/div><\/div><\/div>\n","protected":false},"excerpt":{"rendered":"","protected":false},"author":36,"featured_media":34785,"parent":0,"menu_order":6,"comment_status":"closed","ping_status":"closed","template":"","meta":{"footnotes":""},"class_list":["post-4811","page","type-page","status-publish","has-post-thumbnail","hentry"],"yoast_head":"<!-- This site is optimized with the Yoast SEO plugin v27.5 - https:\/\/yoast.com\/product\/yoast-seo-wordpress\/ -->\n<title>Localizar una reuni\u00f3n de Al-Anon o Alateen presencial, por tel\u00e9fono o en l\u00ednea<\/title>\n<meta name=\"description\" content=\"Si le preocupa la bebida de otra persona, puede asistir a CUALQUIER reuni\u00f3n de Al-Anon. Aunque algunos grupos optan por designar a determinados asistentes, dar\u00e1n la bienvenida a cualquiera que busque ayuda.\" \/>\n<meta name=\"robots\" content=\"index, follow, max-snippet:-1, max-image-preview:large, max-video-preview:-1\" \/>\n<link rel=\"canonical\" href=\"https:\/\/al-anon.org\/es\/reuniones-de-al-anon\/\" \/>\n<meta property=\"og:locale\" content=\"es_ES\" \/>\n<meta property=\"og:type\" content=\"article\" \/>\n<meta property=\"og:title\" content=\"Localizar una reuni\u00f3n de Al-Anon o Alateen presencial, por tel\u00e9fono o en l\u00ednea\" \/>\n<meta property=\"og:description\" content=\"Si le preocupa la bebida de otra persona, puede asistir a CUALQUIER reuni\u00f3n de Al-Anon. Aunque algunos grupos optan por designar a determinados asistentes, dar\u00e1n la bienvenida a cualquiera que busque ayuda.\" \/>\n<meta property=\"og:url\" content=\"https:\/\/al-anon.org\/es\/reuniones-de-al-anon\/\" \/>\n<meta property=\"og:site_name\" content=\"Al-Anon Family Groups\" \/>\n<meta property=\"article:publisher\" content=\"http:\/\/www.facebook.com\/AlAnonFamilyGroupsWSO\" \/>\n<meta property=\"article:modified_time\" content=\"2024-04-25T19:08:29+00:00\" \/>\n<meta property=\"og:image\" content=\"https:\/\/al-anon.org\/wp-content\/uploads\/AlAnonMeetings_Sp.jpg\" \/>\n\t<meta property=\"og:image:width\" content=\"1200\" \/>\n\t<meta property=\"og:image:height\" content=\"350\" \/>\n\t<meta property=\"og:image:type\" content=\"image\/jpeg\" \/>\n<meta name=\"twitter:card\" content=\"summary_large_image\" \/>\n<meta name=\"twitter:site\" content=\"@AlAnon_WSO\" \/>\n<meta name=\"twitter:label1\" content=\"Tiempo de lectura\" \/>\n\t<meta name=\"twitter:data1\" content=\"1 minuto\" \/>\n<script type=\"application\/ld+json\" class=\"yoast-schema-graph\">{\"@context\":\"https:\\\/\\\/schema.org\",\"@graph\":[{\"@type\":\"WebPage\",\"@id\":\"https:\\\/\\\/al-anon.org\\\/es\\\/reuniones-de-al-anon\\\/\",\"url\":\"https:\\\/\\\/al-anon.org\\\/es\\\/reuniones-de-al-anon\\\/\",\"name\":\"Localizar una reuni\u00f3n de Al-Anon o Alateen presencial, por tel\u00e9fono o en l\u00ednea\",\"isPartOf\":{\"@id\":\"https:\\\/\\\/al-anon.org\\\/es\\\/#website\"},\"primaryImageOfPage\":{\"@id\":\"https:\\\/\\\/al-anon.org\\\/es\\\/reuniones-de-al-anon\\\/#primaryimage\"},\"image\":{\"@id\":\"https:\\\/\\\/al-anon.org\\\/es\\\/reuniones-de-al-anon\\\/#primaryimage\"},\"thumbnailUrl\":\"https:\\\/\\\/al-anon.org\\\/wp-content\\\/uploads\\\/AlAnonMeetings_Sp.jpg\",\"datePublished\":\"2017-06-13T16:58:07+00:00\",\"dateModified\":\"2024-04-25T19:08:29+00:00\",\"description\":\"Si le preocupa la bebida de otra persona, puede asistir a CUALQUIER reuni\u00f3n de Al-Anon. Aunque algunos grupos optan por designar a determinados asistentes, dar\u00e1n la bienvenida a cualquiera que busque ayuda.\",\"inLanguage\":\"es\",\"potentialAction\":[{\"@type\":\"ReadAction\",\"target\":[\"https:\\\/\\\/al-anon.org\\\/es\\\/reuniones-de-al-anon\\\/\"]}]},{\"@type\":\"ImageObject\",\"inLanguage\":\"es\",\"@id\":\"https:\\\/\\\/al-anon.org\\\/es\\\/reuniones-de-al-anon\\\/#primaryimage\",\"url\":\"https:\\\/\\\/al-anon.org\\\/wp-content\\\/uploads\\\/AlAnonMeetings_Sp.jpg\",\"contentUrl\":\"https:\\\/\\\/al-anon.org\\\/wp-content\\\/uploads\\\/AlAnonMeetings_Sp.jpg\",\"width\":1200,\"height\":350,\"caption\":\"Reuniones de Al-Anon\"},{\"@type\":\"WebSite\",\"@id\":\"https:\\\/\\\/al-anon.org\\\/es\\\/#website\",\"url\":\"https:\\\/\\\/al-anon.org\\\/es\\\/\",\"name\":\"Al-Anon Family Groups\",\"description\":\"Help and hope for families and friends of alcoholics\",\"publisher\":{\"@id\":\"https:\\\/\\\/al-anon.org\\\/es\\\/#organization\"},\"potentialAction\":[{\"@type\":\"SearchAction\",\"target\":{\"@type\":\"EntryPoint\",\"urlTemplate\":\"https:\\\/\\\/al-anon.org\\\/es\\\/?s={search_term_string}\"},\"query-input\":{\"@type\":\"PropertyValueSpecification\",\"valueRequired\":true,\"valueName\":\"search_term_string\"}}],\"inLanguage\":\"es\"},{\"@type\":\"Organization\",\"@id\":\"https:\\\/\\\/al-anon.org\\\/es\\\/#organization\",\"name\":\"Al-Anon Family Group Headquarters, Inc.\",\"url\":\"https:\\\/\\\/al-anon.org\\\/es\\\/\",\"logo\":{\"@type\":\"ImageObject\",\"inLanguage\":\"es\",\"@id\":\"https:\\\/\\\/al-anon.org\\\/es\\\/#\\\/schema\\\/logo\\\/image\\\/\",\"url\":\"https:\\\/\\\/al-anon.org\\\/wp-content\\\/uploads\\\/2017\\\/04\\\/AFGlogo-e1492189694634.jpg\",\"contentUrl\":\"https:\\\/\\\/al-anon.org\\\/wp-content\\\/uploads\\\/2017\\\/04\\\/AFGlogo-e1492189694634.jpg\",\"width\":167,\"height\":50,\"caption\":\"Al-Anon Family Group Headquarters, Inc.\"},\"image\":{\"@id\":\"https:\\\/\\\/al-anon.org\\\/es\\\/#\\\/schema\\\/logo\\\/image\\\/\"},\"sameAs\":[\"http:\\\/\\\/www.facebook.com\\\/AlAnonFamilyGroupsWSO\",\"https:\\\/\\\/x.com\\\/AlAnon_WSO\",\"http:\\\/\\\/www.instagram.com\\\/alanon_wso\",\"https:\\\/\\\/www.linkedin.com\\\/company\\\/al-anon-wso\\\/\",\"https:\\\/\\\/www.youtube.com\\\/user\\\/AlAnonFamilyGroupHQ\\\/\"]}]}<\/script>\n<!-- \/ Yoast SEO plugin. -->","yoast_head_json":{"title":"Localizar una reuni\u00f3n de Al-Anon o Alateen presencial, por tel\u00e9fono o en l\u00ednea","description":"Si le preocupa la bebida de otra persona, puede asistir a CUALQUIER reuni\u00f3n de Al-Anon. Aunque algunos grupos optan por designar a determinados asistentes, dar\u00e1n la bienvenida a cualquiera que busque ayuda.","robots":{"index":"index","follow":"follow","max-snippet":"max-snippet:-1","max-image-preview":"max-image-preview:large","max-video-preview":"max-video-preview:-1"},"canonical":"https:\/\/al-anon.org\/es\/reuniones-de-al-anon\/","og_locale":"es_ES","og_type":"article","og_title":"Localizar una reuni\u00f3n de Al-Anon o Alateen presencial, por tel\u00e9fono o en l\u00ednea","og_description":"Si le preocupa la bebida de otra persona, puede asistir a CUALQUIER reuni\u00f3n de Al-Anon. Aunque algunos grupos optan por designar a determinados asistentes, dar\u00e1n la bienvenida a cualquiera que busque ayuda.","og_url":"https:\/\/al-anon.org\/es\/reuniones-de-al-anon\/","og_site_name":"Al-Anon Family Groups","article_publisher":"http:\/\/www.facebook.com\/AlAnonFamilyGroupsWSO","article_modified_time":"2024-04-25T19:08:29+00:00","og_image":[{"width":1200,"height":350,"url":"https:\/\/al-anon.org\/wp-content\/uploads\/AlAnonMeetings_Sp.jpg","type":"image\/jpeg"}],"twitter_card":"summary_large_image","twitter_site":"@AlAnon_WSO","twitter_misc":{"Tiempo de lectura":"1 minuto"},"schema":{"@context":"https:\/\/schema.org","@graph":[{"@type":"WebPage","@id":"https:\/\/al-anon.org\/es\/reuniones-de-al-anon\/","url":"https:\/\/al-anon.org\/es\/reuniones-de-al-anon\/","name":"Localizar una reuni\u00f3n de Al-Anon o Alateen presencial, por tel\u00e9fono o en l\u00ednea","isPartOf":{"@id":"https:\/\/al-anon.org\/es\/#website"},"primaryImageOfPage":{"@id":"https:\/\/al-anon.org\/es\/reuniones-de-al-anon\/#primaryimage"},"image":{"@id":"https:\/\/al-anon.org\/es\/reuniones-de-al-anon\/#primaryimage"},"thumbnailUrl":"https:\/\/al-anon.org\/wp-content\/uploads\/AlAnonMeetings_Sp.jpg","datePublished":"2017-06-13T16:58:07+00:00","dateModified":"2024-04-25T19:08:29+00:00","description":"Si le preocupa la bebida de otra persona, puede asistir a CUALQUIER reuni\u00f3n de Al-Anon. Aunque algunos grupos optan por designar a determinados asistentes, dar\u00e1n la bienvenida a cualquiera que busque ayuda.","inLanguage":"es","potentialAction":[{"@type":"ReadAction","target":["https:\/\/al-anon.org\/es\/reuniones-de-al-anon\/"]}]},{"@type":"ImageObject","inLanguage":"es","@id":"https:\/\/al-anon.org\/es\/reuniones-de-al-anon\/#primaryimage","url":"https:\/\/al-anon.org\/wp-content\/uploads\/AlAnonMeetings_Sp.jpg","contentUrl":"https:\/\/al-anon.org\/wp-content\/uploads\/AlAnonMeetings_Sp.jpg","width":1200,"height":350,"caption":"Reuniones de Al-Anon"},{"@type":"WebSite","@id":"https:\/\/al-anon.org\/es\/#website","url":"https:\/\/al-anon.org\/es\/","name":"Al-Anon Family Groups","description":"Help and hope for families and friends of alcoholics","publisher":{"@id":"https:\/\/al-anon.org\/es\/#organization"},"potentialAction":[{"@type":"SearchAction","target":{"@type":"EntryPoint","urlTemplate":"https:\/\/al-anon.org\/es\/?s={search_term_string}"},"query-input":{"@type":"PropertyValueSpecification","valueRequired":true,"valueName":"search_term_string"}}],"inLanguage":"es"},{"@type":"Organization","@id":"https:\/\/al-anon.org\/es\/#organization","name":"Al-Anon Family Group Headquarters, Inc.","url":"https:\/\/al-anon.org\/es\/","logo":{"@type":"ImageObject","inLanguage":"es","@id":"https:\/\/al-anon.org\/es\/#\/schema\/logo\/image\/","url":"https:\/\/al-anon.org\/wp-content\/uploads\/2017\/04\/AFGlogo-e1492189694634.jpg","contentUrl":"https:\/\/al-anon.org\/wp-content\/uploads\/2017\/04\/AFGlogo-e1492189694634.jpg","width":167,"height":50,"caption":"Al-Anon Family Group Headquarters, Inc."},"image":{"@id":"https:\/\/al-anon.org\/es\/#\/schema\/logo\/image\/"},"sameAs":["http:\/\/www.facebook.com\/AlAnonFamilyGroupsWSO","https:\/\/x.com\/AlAnon_WSO","http:\/\/www.instagram.com\/alanon_wso","https:\/\/www.linkedin.com\/company\/al-anon-wso\/","https:\/\/www.youtube.com\/user\/AlAnonFamilyGroupHQ\/"]}]}},"_links":{"self":[{"href":"https:\/\/al-anon.org\/es\/wp-json\/wp\/v2\/pages\/4811","targetHints":{"allow":["GET"]}}],"collection":[{"href":"https:\/\/al-anon.org\/es\/wp-json\/wp\/v2\/pages"}],"about":[{"href":"https:\/\/al-anon.org\/es\/wp-json\/wp\/v2\/types\/page"}],"author":[{"embeddable":true,"href":"https:\/\/al-anon.org\/es\/wp-json\/wp\/v2\/users\/36"}],"replies":[{"embeddable":true,"href":"https:\/\/al-anon.org\/es\/wp-json\/wp\/v2\/comments?post=4811"}],"version-history":[{"count":23,"href":"https:\/\/al-anon.org\/es\/wp-json\/wp\/v2\/pages\/4811\/revisions"}],"predecessor-version":[{"id":42098,"href":"https:\/\/al-anon.org\/es\/wp-json\/wp\/v2\/pages\/4811\/revisions\/42098"}],"wp:featuredmedia":[{"embeddable":true,"href":"https:\/\/al-anon.org\/es\/wp-json\/wp\/v2\/media\/34785"}],"wp:attachment":[{"href":"https:\/\/al-anon.org\/es\/wp-json\/wp\/v2\/media?parent=4811"}],"curies":[{"name":"wp","href":"https:\/\/api.w.org\/{rel}","templated":true}]}}