{"id":41029,"date":"2024-01-29T14:19:57","date_gmt":"2024-01-29T19:19:57","guid":{"rendered":"https:\/\/al-anon.org\/?page_id=41029"},"modified":"2024-08-30T12:01:16","modified_gmt":"2024-08-30T16:01:16","slug":"osm-personal","status":"publish","type":"page","link":"https:\/\/al-anon.org\/es\/para-los-miembros\/la-oficina-de-servicio-mundial-osm\/osm-personal\/","title":{"rendered":"El personal de la Oficina de Servicio Mundial"},"content":{"rendered":"<div class=\"fusion-fullwidth fullwidth-box fusion-builder-row-1 nonhundred-percent-fullwidth non-hundred-percent-height-scrolling\" style=\"--awb-border-radius-top-left:0px;--awb-border-radius-top-right:0px;--awb-border-radius-bottom-right:0px;--awb-border-radius-bottom-left:0px;--awb-flex-wrap:wrap;\" ><div class=\"fusion-builder-row fusion-row\"><div class=\"fusion-layout-column fusion_builder_column fusion-builder-column-0 fusion_builder_column_1_1 1_1 fusion-one-full fusion-column-first fusion-column-last\" style=\"--awb-bg-size:cover;\"><div class=\"fusion-column-wrapper fusion-flex-column-wrapper-legacy\"><div class=\"fusion-text fusion-text-1\"><h3 style=\"text-align: center;\">El personal de la Oficina de Servicio Mundial<\/h3>\n<\/div><div class=\"fusion-clearfix\"><\/div><\/div><\/div><div class=\"fusion-layout-column fusion_builder_column fusion-builder-column-1 fusion_builder_column_1_1 1_1 fusion-one-full fusion-column-first fusion-column-last\" style=\"--awb-bg-size:cover;\"><div class=\"fusion-column-wrapper fusion-flex-column-wrapper-legacy\"><div class=\"fusion-text fusion-text-2\"><p>Nos complace anunciar el lanzamiento de nuestra nueva serie para ofrecer una visi\u00f3n del trabajo diario del personal de la Oficina de Servicio Mundial (OSM) en su labor de apoyo a la hermandad mundial de Al\u2011Anon .<\/p>\n<p>La OSM emplea ahora a 45 personas en cuatro departamentos claves: Programas, Comunicaciones y conciencia comunitaria, Finanzas y Operaciones, y Gobernanza del voluntariado. A continuaci\u00f3n, cada uno de ellos se organiza en varios equipos. Cada mes a lo largo de 2024, un equipo ser\u00e1 destacado, d\u00e1ndole una mirada m\u00e1s cercana a c\u00f3mo ayudan a la OSM en su papel como Comisi\u00f3n Directiva Central para la hermandad de Al\u2011Anon.<\/p>\n<\/div><div class=\"fusion-clearfix\"><\/div><\/div><\/div><div class=\"fusion-layout-column fusion_builder_column fusion-builder-column-2 fusion_builder_column_1_1 1_1 fusion-one-full fusion-column-first fusion-column-last\" style=\"--awb-padding-right:25px;--awb-padding-left:25px;--awb-bg-size:cover;\" data-scroll-devices=\"small-visibility,medium-visibility,large-visibility\"><div class=\"fusion-column-wrapper fusion-column-has-shadow fusion-flex-column-wrapper-legacy\"><div class=\"fusion-blog-shortcode fusion-blog-shortcode-1 fusion-blog-archive fusion-blog-layout-grid-wrapper fusion-blog-pagination fusion-blog-no-images\"><style type=\"text\/css\">.fusion-blog-shortcode-1 .fusion-blog-layout-grid .fusion-post-grid{padding:20px;}.fusion-blog-shortcode-1 .fusion-posts-container{margin-left: -20px !important; margin-right:-20px !important;}<\/style><div class=\"fusion-posts-container fusion-posts-container-pagination fusion-blog-layout-grid fusion-blog-layout-grid-2 isotope fusion-blog-equal-heights\" data-pages=\"3\" data-grid-col-space=\"40\" style=\"margin: -20px -20px 0;min-height:500px;\"><article id=\"blog-1-post-46249\" class=\"fusion-post-grid post-46249 post type-post status-publish format-standard hentry category-anuncios category-osm-personal\">\n<div class=\"fusion-post-wrapper\" style=\"background-color:rgba(255,255,255,1);border:1px solid #eae9e9;border-bottom-width:3px;\"><div class=\"fusion-post-content-wrapper\" style=\"padding:30px 25px 20px 25px;\"><div class=\"fusion-post-content post-content\"><h2 class=\"blog-shortcode-post-title entry-title\"><a href=\"https:\/\/al-anon.org\/es\/blog\/cuando-no-estoy-de-acuerdo-con-la-conciencia-de-grupo\/\">Cuando no estoy de acuerdo con la conciencia de grupo<\/a><\/h2><p class=\"fusion-single-line-meta\"><span class=\"vcard\" style=\"display: none;\"><span class=\"fn\"><a href=\"https:\/\/al-anon.org\/es\/blog\/author\/mona\/\" title=\"Entradas de Al-Anon\" rel=\"author\">Al-Anon<\/a><\/span><\/span><span class=\"updated\" style=\"display:none;\">2025-10-29T12:25:07-04:00<\/span>Categories: <a href=\"https:\/\/al-anon.org\/es\/blog\/category\/anuncios\/\" rel=\"category tag\">Anuncios<\/a>, <a href=\"https:\/\/al-anon.org\/es\/blog\/category\/osm-personal\/\" rel=\"category tag\">El personal de la Oficina de Servicio Mundial<\/a><span class=\"fusion-inline-sep\">|<\/span><\/p><div class=\"fusion-content-sep sep-none\"><\/div><div class=\"fusion-post-content-container\"><p> Hace dos a\u00f1os, mi grupo decidi\u00f3 ampliar la duraci\u00f3n de las reuniones de 60 a 90 minutos. Nunca me<\/p><\/div><\/div><div class=\"fusion-meta-info\"><div class=\"fusion-alignleft\"><a class=\"fusion-read-more\" href=\"https:\/\/al-anon.org\/es\/blog\/cuando-no-estoy-de-acuerdo-con-la-conciencia-de-grupo\/\" aria-label=\"More on Cuando no estoy de acuerdo con la conciencia de grupo\">Read More<\/a><\/div><div class=\"fusion-alignright\"><a href=\"https:\/\/al-anon.org\/es\/blog\/cuando-no-estoy-de-acuerdo-con-la-conciencia-de-grupo\/#respond\"><i class=\"awb-icon-bubbles\" aria-hidden=\"true\"><\/i>&nbsp;0<\/a><\/div><\/div><\/div><div class=\"fusion-clearfix\"><\/div><\/div>\n<\/article>\n<article id=\"blog-1-post-44149\" class=\"fusion-post-grid post-44149 post type-post status-publish format-standard hentry category-osm-personal\">\n<div class=\"fusion-post-wrapper\" style=\"background-color:rgba(255,255,255,1);border:1px solid #eae9e9;border-bottom-width:3px;\"><div class=\"fusion-post-content-wrapper\" style=\"padding:30px 25px 20px 25px;\"><div class=\"fusion-post-content post-content\"><h2 class=\"blog-shortcode-post-title entry-title\"><a href=\"https:\/\/al-anon.org\/es\/blog\/los-voluntarios-de-la-osm\/\">Los voluntarios de la OSM<\/a><\/h2><p class=\"fusion-single-line-meta\"><span class=\"vcard\" style=\"display: none;\"><span class=\"fn\"><a href=\"https:\/\/al-anon.org\/es\/blog\/author\/bob\/\" title=\"Entradas de Al-Anon\" rel=\"author\">Al-Anon<\/a><\/span><\/span><span class=\"updated\" style=\"display:none;\">2025-01-03T08:34:28-05:00<\/span>Categories: <a href=\"https:\/\/al-anon.org\/es\/blog\/category\/osm-personal\/\" rel=\"category tag\">El personal de la Oficina de Servicio Mundial<\/a><span class=\"fusion-inline-sep\">|<\/span><\/p><div class=\"fusion-content-sep sep-none\"><\/div><div class=\"fusion-post-content-container\"><p>Each month throughout 2024, one team will be highlighted, giving you a closer look at how they help the WSO in its role as the clearinghouse for the Al\u2011Anon fellowship.<\/p><\/div><\/div><div class=\"fusion-meta-info\"><div class=\"fusion-alignleft\"><a class=\"fusion-read-more\" href=\"https:\/\/al-anon.org\/es\/blog\/los-voluntarios-de-la-osm\/\" aria-label=\"More on Los voluntarios de la OSM\">Read More<\/a><\/div><div class=\"fusion-alignright\"><a href=\"https:\/\/al-anon.org\/es\/blog\/los-voluntarios-de-la-osm\/#respond\"><i class=\"awb-icon-bubbles\" aria-hidden=\"true\"><\/i>&nbsp;0<\/a><\/div><\/div><\/div><div class=\"fusion-clearfix\"><\/div><\/div>\n<\/article>\n<article id=\"blog-1-post-43727\" class=\"fusion-post-grid post-43727 post type-post status-publish format-standard hentry category-osm-personal\">\n<div class=\"fusion-post-wrapper\" style=\"background-color:rgba(255,255,255,1);border:1px solid #eae9e9;border-bottom-width:3px;\"><div class=\"fusion-post-content-wrapper\" style=\"padding:30px 25px 20px 25px;\"><div class=\"fusion-post-content post-content\"><h2 class=\"blog-shortcode-post-title entry-title\"><a href=\"https:\/\/al-anon.org\/es\/blog\/gobernanza-del-voluntariado-y-asuntos-legales\/\">Gobernanza del voluntariado y asuntos legales\u202f<\/a><\/h2><p class=\"fusion-single-line-meta\"><span class=\"vcard\" style=\"display: none;\"><span class=\"fn\"><a href=\"https:\/\/al-anon.org\/es\/blog\/author\/bob\/\" title=\"Entradas de Al-Anon\" rel=\"author\">Al-Anon<\/a><\/span><\/span><span class=\"updated\" style=\"display:none;\">2024-11-04T15:34:49-05:00<\/span>Categories: <a href=\"https:\/\/al-anon.org\/es\/blog\/category\/osm-personal\/\" rel=\"category tag\">El personal de la Oficina de Servicio Mundial<\/a><span class=\"fusion-inline-sep\">|<\/span><\/p><div class=\"fusion-content-sep sep-none\"><\/div><div class=\"fusion-post-content-container\"><p>Cada mes a lo largo de 2024, un equipo ser\u00e1 destacado, d\u00e1ndole una mirada m\u00e1s cercana a c\u00f3mo ayudan a la OSM en su papel como Comisi\u00f3n Directiva Central para la hermandad de Al\u2011Anon.<\/p><\/div><\/div><div class=\"fusion-meta-info\"><div class=\"fusion-alignleft\"><a class=\"fusion-read-more\" href=\"https:\/\/al-anon.org\/es\/blog\/gobernanza-del-voluntariado-y-asuntos-legales\/\" aria-label=\"More on Gobernanza del voluntariado y asuntos legales\u202f\">Read More<\/a><\/div><div class=\"fusion-alignright\"><a href=\"https:\/\/al-anon.org\/es\/blog\/gobernanza-del-voluntariado-y-asuntos-legales\/#respond\"><i class=\"awb-icon-bubbles\" aria-hidden=\"true\"><\/i>&nbsp;0<\/a><\/div><\/div><\/div><div class=\"fusion-clearfix\"><\/div><\/div>\n<\/article>\n<article id=\"blog-1-post-43432\" class=\"fusion-post-grid post-43432 post type-post status-publish format-standard hentry category-osm-personal\">\n<div class=\"fusion-post-wrapper\" style=\"background-color:rgba(255,255,255,1);border:1px solid #eae9e9;border-bottom-width:3px;\"><div class=\"fusion-post-content-wrapper\" style=\"padding:30px 25px 20px 25px;\"><div class=\"fusion-post-content post-content\"><h2 class=\"blog-shortcode-post-title entry-title\"><a href=\"https:\/\/al-anon.org\/es\/blog\/traduccion\/\">Traducci\u00f3n<\/a><\/h2><p class=\"fusion-single-line-meta\"><span class=\"vcard\" style=\"display: none;\"><span class=\"fn\"><a href=\"https:\/\/al-anon.org\/es\/blog\/author\/bob\/\" title=\"Entradas de Al-Anon\" rel=\"author\">Al-Anon<\/a><\/span><\/span><span class=\"updated\" style=\"display:none;\">2024-10-01T16:08:19-04:00<\/span>Categories: <a href=\"https:\/\/al-anon.org\/es\/blog\/category\/osm-personal\/\" rel=\"category tag\">El personal de la Oficina de Servicio Mundial<\/a><span class=\"fusion-inline-sep\">|<\/span><\/p><div class=\"fusion-content-sep sep-none\"><\/div><div class=\"fusion-post-content-container\"><p>Cada mes a lo largo de 2024, un equipo ser\u00e1 destacado, d\u00e1ndole una mirada m\u00e1s cercana a c\u00f3mo ayudan a la OSM en su papel como Comisi\u00f3n Directiva Central para la hermandad de Al\u2011Anon.<\/p><\/div><\/div><div class=\"fusion-meta-info\"><div class=\"fusion-alignleft\"><a class=\"fusion-read-more\" href=\"https:\/\/al-anon.org\/es\/blog\/traduccion\/\" aria-label=\"More on Traducci\u00f3n\">Read More<\/a><\/div><div class=\"fusion-alignright\"><a href=\"https:\/\/al-anon.org\/es\/blog\/traduccion\/#respond\"><i class=\"awb-icon-bubbles\" aria-hidden=\"true\"><\/i>&nbsp;0<\/a><\/div><\/div><\/div><div class=\"fusion-clearfix\"><\/div><\/div>\n<\/article>\n<div class=\"fusion-clearfix\"><\/div><\/div><div class=\"pagination clearfix\"><span class=\"current\">1<\/span><a href=\"https:\/\/al-anon.org\/es\/wp-json\/wp\/v2\/pages\/41029\/page\/2\/\" class=\"inactive\">2<\/a><a class=\"pagination-next\" rel=\"next\" href=\"https:\/\/al-anon.org\/es\/wp-json\/wp\/v2\/pages\/41029\/page\/2\/\"><span class=\"page-text\">Next<\/span><span class=\"page-next\"><\/span><\/a><\/div><div class=\"fusion-clearfix\"><\/div><\/div><div class=\"fusion-sep-clear\"><\/div><div class=\"fusion-separator fusion-full-width-sep\" style=\"margin-left: auto;margin-right: auto;margin-top:15px;margin-bottom:15px;width:100%;\"><\/div><div class=\"fusion-sep-clear\"><\/div><div class=\"fusion-clearfix\"><\/div><\/div><\/div><\/div><\/div>\n","protected":false},"excerpt":{"rendered":"","protected":false},"author":36,"featured_media":41130,"parent":12004,"menu_order":0,"comment_status":"closed","ping_status":"closed","template":"","meta":{"footnotes":""},"class_list":["post-41029","page","type-page","status-publish","has-post-thumbnail","hentry"],"yoast_head":"<!-- This site is optimized with the Yoast SEO plugin v27.5 - https:\/\/yoast.com\/product\/yoast-seo-wordpress\/ -->\n<title>El personal de la Oficina de Servicio Mundial - Al-Anon Family Groups<\/title>\n<meta name=\"description\" content=\"Nos complace anunciar el lanzamiento de nuestra nueva serie para ofrecer una visi\u00f3n del trabajo diario del personal de la Oficina de Servicio Mundial (OSM) en su labor de apoyo a la hermandad mundial de Al-Anon.\" \/>\n<meta name=\"robots\" content=\"index, follow, max-snippet:-1, max-image-preview:large, max-video-preview:-1\" \/>\n<link rel=\"canonical\" href=\"https:\/\/al-anon.org\/es\/para-los-miembros\/la-oficina-de-servicio-mundial-osm\/osm-personal\/\" \/>\n<meta property=\"og:locale\" content=\"es_ES\" \/>\n<meta property=\"og:type\" content=\"article\" \/>\n<meta property=\"og:title\" content=\"El personal de la Oficina de Servicio Mundial - Al-Anon Family Groups\" \/>\n<meta property=\"og:description\" content=\"Nos complace anunciar el lanzamiento de nuestra nueva serie para ofrecer una visi\u00f3n del trabajo diario del personal de la Oficina de Servicio Mundial (OSM) en su labor de apoyo a la hermandad mundial de Al-Anon.\" \/>\n<meta property=\"og:url\" content=\"https:\/\/al-anon.org\/es\/para-los-miembros\/la-oficina-de-servicio-mundial-osm\/osm-personal\/\" \/>\n<meta property=\"og:site_name\" content=\"Al-Anon Family Groups\" \/>\n<meta property=\"article:publisher\" content=\"http:\/\/www.facebook.com\/AlAnonFamilyGroupsWSO\" \/>\n<meta property=\"article:modified_time\" content=\"2024-08-30T16:01:16+00:00\" \/>\n<meta property=\"og:image\" content=\"https:\/\/al-anon.org\/wp-content\/uploads\/LandingPage_SP.png\" \/>\n\t<meta property=\"og:image:width\" content=\"2708\" \/>\n\t<meta property=\"og:image:height\" content=\"442\" \/>\n\t<meta property=\"og:image:type\" content=\"image\/png\" \/>\n<meta name=\"twitter:card\" content=\"summary_large_image\" \/>\n<meta name=\"twitter:site\" content=\"@AlAnon_WSO\" \/>\n<meta name=\"twitter:label1\" content=\"Tiempo de lectura\" \/>\n\t<meta name=\"twitter:data1\" content=\"2 minutos\" \/>\n<script type=\"application\/ld+json\" class=\"yoast-schema-graph\">{\"@context\":\"https:\\\/\\\/schema.org\",\"@graph\":[{\"@type\":\"WebPage\",\"@id\":\"https:\\\/\\\/al-anon.org\\\/es\\\/para-los-miembros\\\/la-oficina-de-servicio-mundial-osm\\\/osm-personal\\\/\",\"url\":\"https:\\\/\\\/al-anon.org\\\/es\\\/para-los-miembros\\\/la-oficina-de-servicio-mundial-osm\\\/osm-personal\\\/\",\"name\":\"El personal de la Oficina de Servicio Mundial - Al-Anon Family Groups\",\"isPartOf\":{\"@id\":\"https:\\\/\\\/al-anon.org\\\/es\\\/#website\"},\"primaryImageOfPage\":{\"@id\":\"https:\\\/\\\/al-anon.org\\\/es\\\/para-los-miembros\\\/la-oficina-de-servicio-mundial-osm\\\/osm-personal\\\/#primaryimage\"},\"image\":{\"@id\":\"https:\\\/\\\/al-anon.org\\\/es\\\/para-los-miembros\\\/la-oficina-de-servicio-mundial-osm\\\/osm-personal\\\/#primaryimage\"},\"thumbnailUrl\":\"https:\\\/\\\/al-anon.org\\\/wp-content\\\/uploads\\\/LandingPage_SP.png\",\"datePublished\":\"2024-01-29T19:19:57+00:00\",\"dateModified\":\"2024-08-30T16:01:16+00:00\",\"description\":\"Nos complace anunciar el lanzamiento de nuestra nueva serie para ofrecer una visi\u00f3n del trabajo diario del personal de la Oficina de Servicio Mundial (OSM) en su labor de apoyo a la hermandad mundial de Al-Anon.\",\"breadcrumb\":{\"@id\":\"https:\\\/\\\/al-anon.org\\\/es\\\/para-los-miembros\\\/la-oficina-de-servicio-mundial-osm\\\/osm-personal\\\/#breadcrumb\"},\"inLanguage\":\"es\",\"potentialAction\":[{\"@type\":\"ReadAction\",\"target\":[\"https:\\\/\\\/al-anon.org\\\/es\\\/para-los-miembros\\\/la-oficina-de-servicio-mundial-osm\\\/osm-personal\\\/\"]}]},{\"@type\":\"ImageObject\",\"inLanguage\":\"es\",\"@id\":\"https:\\\/\\\/al-anon.org\\\/es\\\/para-los-miembros\\\/la-oficina-de-servicio-mundial-osm\\\/osm-personal\\\/#primaryimage\",\"url\":\"https:\\\/\\\/al-anon.org\\\/wp-content\\\/uploads\\\/LandingPage_SP.png\",\"contentUrl\":\"https:\\\/\\\/al-anon.org\\\/wp-content\\\/uploads\\\/LandingPage_SP.png\",\"width\":2708,\"height\":442},{\"@type\":\"BreadcrumbList\",\"@id\":\"https:\\\/\\\/al-anon.org\\\/es\\\/para-los-miembros\\\/la-oficina-de-servicio-mundial-osm\\\/osm-personal\\\/#breadcrumb\",\"itemListElement\":[{\"@type\":\"ListItem\",\"position\":1,\"name\":\"Para los miembros\",\"item\":\"https:\\\/\\\/al-anon.org\\\/es\\\/para-los-miembros\\\/\"},{\"@type\":\"ListItem\",\"position\":2,\"name\":\"la Oficina de Servicio Mundial (OSM)\",\"item\":\"https:\\\/\\\/al-anon.org\\\/es\\\/para-los-miembros\\\/la-oficina-de-servicio-mundial-osm\\\/\"},{\"@type\":\"ListItem\",\"position\":3,\"name\":\"El personal de la Oficina de Servicio Mundial\"}]},{\"@type\":\"WebSite\",\"@id\":\"https:\\\/\\\/al-anon.org\\\/es\\\/#website\",\"url\":\"https:\\\/\\\/al-anon.org\\\/es\\\/\",\"name\":\"Al-Anon Family Groups\",\"description\":\"Help and hope for families and friends of alcoholics\",\"publisher\":{\"@id\":\"https:\\\/\\\/al-anon.org\\\/es\\\/#organization\"},\"potentialAction\":[{\"@type\":\"SearchAction\",\"target\":{\"@type\":\"EntryPoint\",\"urlTemplate\":\"https:\\\/\\\/al-anon.org\\\/es\\\/?s={search_term_string}\"},\"query-input\":{\"@type\":\"PropertyValueSpecification\",\"valueRequired\":true,\"valueName\":\"search_term_string\"}}],\"inLanguage\":\"es\"},{\"@type\":\"Organization\",\"@id\":\"https:\\\/\\\/al-anon.org\\\/es\\\/#organization\",\"name\":\"Al-Anon Family Group Headquarters, Inc.\",\"url\":\"https:\\\/\\\/al-anon.org\\\/es\\\/\",\"logo\":{\"@type\":\"ImageObject\",\"inLanguage\":\"es\",\"@id\":\"https:\\\/\\\/al-anon.org\\\/es\\\/#\\\/schema\\\/logo\\\/image\\\/\",\"url\":\"https:\\\/\\\/al-anon.org\\\/wp-content\\\/uploads\\\/2017\\\/04\\\/AFGlogo-e1492189694634.jpg\",\"contentUrl\":\"https:\\\/\\\/al-anon.org\\\/wp-content\\\/uploads\\\/2017\\\/04\\\/AFGlogo-e1492189694634.jpg\",\"width\":167,\"height\":50,\"caption\":\"Al-Anon Family Group Headquarters, Inc.\"},\"image\":{\"@id\":\"https:\\\/\\\/al-anon.org\\\/es\\\/#\\\/schema\\\/logo\\\/image\\\/\"},\"sameAs\":[\"http:\\\/\\\/www.facebook.com\\\/AlAnonFamilyGroupsWSO\",\"https:\\\/\\\/x.com\\\/AlAnon_WSO\",\"http:\\\/\\\/www.instagram.com\\\/alanon_wso\",\"https:\\\/\\\/www.linkedin.com\\\/company\\\/al-anon-wso\\\/\",\"https:\\\/\\\/www.youtube.com\\\/user\\\/AlAnonFamilyGroupHQ\\\/\"]}]}<\/script>\n<!-- \/ Yoast SEO plugin. -->","yoast_head_json":{"title":"El personal de la Oficina de Servicio Mundial - Al-Anon Family Groups","description":"Nos complace anunciar el lanzamiento de nuestra nueva serie para ofrecer una visi\u00f3n del trabajo diario del personal de la Oficina de Servicio Mundial (OSM) en su labor de apoyo a la hermandad mundial de Al-Anon.","robots":{"index":"index","follow":"follow","max-snippet":"max-snippet:-1","max-image-preview":"max-image-preview:large","max-video-preview":"max-video-preview:-1"},"canonical":"https:\/\/al-anon.org\/es\/para-los-miembros\/la-oficina-de-servicio-mundial-osm\/osm-personal\/","og_locale":"es_ES","og_type":"article","og_title":"El personal de la Oficina de Servicio Mundial - Al-Anon Family Groups","og_description":"Nos complace anunciar el lanzamiento de nuestra nueva serie para ofrecer una visi\u00f3n del trabajo diario del personal de la Oficina de Servicio Mundial (OSM) en su labor de apoyo a la hermandad mundial de Al-Anon.","og_url":"https:\/\/al-anon.org\/es\/para-los-miembros\/la-oficina-de-servicio-mundial-osm\/osm-personal\/","og_site_name":"Al-Anon Family Groups","article_publisher":"http:\/\/www.facebook.com\/AlAnonFamilyGroupsWSO","article_modified_time":"2024-08-30T16:01:16+00:00","og_image":[{"width":2708,"height":442,"url":"https:\/\/al-anon.org\/wp-content\/uploads\/LandingPage_SP.png","type":"image\/png"}],"twitter_card":"summary_large_image","twitter_site":"@AlAnon_WSO","twitter_misc":{"Tiempo de lectura":"2 minutos"},"schema":{"@context":"https:\/\/schema.org","@graph":[{"@type":"WebPage","@id":"https:\/\/al-anon.org\/es\/para-los-miembros\/la-oficina-de-servicio-mundial-osm\/osm-personal\/","url":"https:\/\/al-anon.org\/es\/para-los-miembros\/la-oficina-de-servicio-mundial-osm\/osm-personal\/","name":"El personal de la Oficina de Servicio Mundial - Al-Anon Family Groups","isPartOf":{"@id":"https:\/\/al-anon.org\/es\/#website"},"primaryImageOfPage":{"@id":"https:\/\/al-anon.org\/es\/para-los-miembros\/la-oficina-de-servicio-mundial-osm\/osm-personal\/#primaryimage"},"image":{"@id":"https:\/\/al-anon.org\/es\/para-los-miembros\/la-oficina-de-servicio-mundial-osm\/osm-personal\/#primaryimage"},"thumbnailUrl":"https:\/\/al-anon.org\/wp-content\/uploads\/LandingPage_SP.png","datePublished":"2024-01-29T19:19:57+00:00","dateModified":"2024-08-30T16:01:16+00:00","description":"Nos complace anunciar el lanzamiento de nuestra nueva serie para ofrecer una visi\u00f3n del trabajo diario del personal de la Oficina de Servicio Mundial (OSM) en su labor de apoyo a la hermandad mundial de Al-Anon.","breadcrumb":{"@id":"https:\/\/al-anon.org\/es\/para-los-miembros\/la-oficina-de-servicio-mundial-osm\/osm-personal\/#breadcrumb"},"inLanguage":"es","potentialAction":[{"@type":"ReadAction","target":["https:\/\/al-anon.org\/es\/para-los-miembros\/la-oficina-de-servicio-mundial-osm\/osm-personal\/"]}]},{"@type":"ImageObject","inLanguage":"es","@id":"https:\/\/al-anon.org\/es\/para-los-miembros\/la-oficina-de-servicio-mundial-osm\/osm-personal\/#primaryimage","url":"https:\/\/al-anon.org\/wp-content\/uploads\/LandingPage_SP.png","contentUrl":"https:\/\/al-anon.org\/wp-content\/uploads\/LandingPage_SP.png","width":2708,"height":442},{"@type":"BreadcrumbList","@id":"https:\/\/al-anon.org\/es\/para-los-miembros\/la-oficina-de-servicio-mundial-osm\/osm-personal\/#breadcrumb","itemListElement":[{"@type":"ListItem","position":1,"name":"Para los miembros","item":"https:\/\/al-anon.org\/es\/para-los-miembros\/"},{"@type":"ListItem","position":2,"name":"la Oficina de Servicio Mundial (OSM)","item":"https:\/\/al-anon.org\/es\/para-los-miembros\/la-oficina-de-servicio-mundial-osm\/"},{"@type":"ListItem","position":3,"name":"El personal de la Oficina de Servicio Mundial"}]},{"@type":"WebSite","@id":"https:\/\/al-anon.org\/es\/#website","url":"https:\/\/al-anon.org\/es\/","name":"Al-Anon Family Groups","description":"Help and hope for families and friends of alcoholics","publisher":{"@id":"https:\/\/al-anon.org\/es\/#organization"},"potentialAction":[{"@type":"SearchAction","target":{"@type":"EntryPoint","urlTemplate":"https:\/\/al-anon.org\/es\/?s={search_term_string}"},"query-input":{"@type":"PropertyValueSpecification","valueRequired":true,"valueName":"search_term_string"}}],"inLanguage":"es"},{"@type":"Organization","@id":"https:\/\/al-anon.org\/es\/#organization","name":"Al-Anon Family Group Headquarters, Inc.","url":"https:\/\/al-anon.org\/es\/","logo":{"@type":"ImageObject","inLanguage":"es","@id":"https:\/\/al-anon.org\/es\/#\/schema\/logo\/image\/","url":"https:\/\/al-anon.org\/wp-content\/uploads\/2017\/04\/AFGlogo-e1492189694634.jpg","contentUrl":"https:\/\/al-anon.org\/wp-content\/uploads\/2017\/04\/AFGlogo-e1492189694634.jpg","width":167,"height":50,"caption":"Al-Anon Family Group Headquarters, Inc."},"image":{"@id":"https:\/\/al-anon.org\/es\/#\/schema\/logo\/image\/"},"sameAs":["http:\/\/www.facebook.com\/AlAnonFamilyGroupsWSO","https:\/\/x.com\/AlAnon_WSO","http:\/\/www.instagram.com\/alanon_wso","https:\/\/www.linkedin.com\/company\/al-anon-wso\/","https:\/\/www.youtube.com\/user\/AlAnonFamilyGroupHQ\/"]}]}},"_links":{"self":[{"href":"https:\/\/al-anon.org\/es\/wp-json\/wp\/v2\/pages\/41029","targetHints":{"allow":["GET"]}}],"collection":[{"href":"https:\/\/al-anon.org\/es\/wp-json\/wp\/v2\/pages"}],"about":[{"href":"https:\/\/al-anon.org\/es\/wp-json\/wp\/v2\/types\/page"}],"author":[{"embeddable":true,"href":"https:\/\/al-anon.org\/es\/wp-json\/wp\/v2\/users\/36"}],"replies":[{"embeddable":true,"href":"https:\/\/al-anon.org\/es\/wp-json\/wp\/v2\/comments?post=41029"}],"version-history":[{"count":6,"href":"https:\/\/al-anon.org\/es\/wp-json\/wp\/v2\/pages\/41029\/revisions"}],"predecessor-version":[{"id":43152,"href":"https:\/\/al-anon.org\/es\/wp-json\/wp\/v2\/pages\/41029\/revisions\/43152"}],"up":[{"embeddable":true,"href":"https:\/\/al-anon.org\/es\/wp-json\/wp\/v2\/pages\/12004"}],"wp:featuredmedia":[{"embeddable":true,"href":"https:\/\/al-anon.org\/es\/wp-json\/wp\/v2\/media\/41130"}],"wp:attachment":[{"href":"https:\/\/al-anon.org\/es\/wp-json\/wp\/v2\/media?parent=41029"}],"curies":[{"name":"wp","href":"https:\/\/api.w.org\/{rel}","templated":true}]}}