{"id":37855,"date":"2022-11-30T17:01:43","date_gmt":"2022-11-30T22:01:43","guid":{"rendered":"https:\/\/al-anon.org\/?page_id=37855"},"modified":"2025-10-23T15:18:18","modified_gmt":"2025-10-23T19:18:18","slug":"envie-su-relato-compartido","status":"publish","type":"page","link":"https:\/\/al-anon.org\/es\/para-los-miembros\/recursos-para-los-miembros\/literatura\/recursos-de-literatura\/envie-su-relato-compartido\/","title":{"rendered":"Env\u00ede su relato compartido"},"content":{"rendered":"<div class=\"fusion-fullwidth fullwidth-box fusion-builder-row-1 nonhundred-percent-fullwidth non-hundred-percent-height-scrolling\" style=\"--awb-border-radius-top-left:0px;--awb-border-radius-top-right:0px;--awb-border-radius-bottom-right:0px;--awb-border-radius-bottom-left:0px;--awb-flex-wrap:wrap;\" ><div class=\"fusion-builder-row fusion-row\"><div class=\"fusion-layout-column fusion_builder_column fusion-builder-column-0 fusion_builder_column_2_3 2_3 fusion-two-third fusion-column-first\" style=\"--awb-bg-size:cover;width:66.666666666667%;width:calc(66.666666666667% - ( ( 4% ) * 0.66666666666667 ) );margin-right: 4%;\"><div class=\"fusion-column-wrapper fusion-flex-column-wrapper-legacy\"><div class=\"fusion-sep-clear\"><\/div><div class=\"fusion-separator fusion-full-width-sep\" style=\"margin-left: auto;margin-right: auto;margin-top:30px;margin-bottom:30px;width:100%;\"><\/div><div class=\"fusion-sep-clear\"><\/div><script type=\"text\/javascript\" src=\"https:\/\/form.jotform.com\/jsform\/222986779860174\"><\/script><div class=\"fusion-clearfix\"><\/div><\/div><\/div><div class=\"fusion-layout-column fusion_builder_column fusion-builder-column-1 fusion_builder_column_1_3 1_3 fusion-one-third fusion-column-last\" style=\"--awb-bg-size:cover;width:33.333333333333%;width:calc(33.333333333333% - ( ( 4% ) * 0.33333333333333 ) );\"><div class=\"fusion-column-wrapper fusion-flex-column-wrapper-legacy\"><div class=\"fusion-sep-clear\"><\/div><div class=\"fusion-separator fusion-full-width-sep\" style=\"margin-left: auto;margin-right: auto;margin-top:5px;margin-bottom:5px;width:100%;\"><\/div><div class=\"fusion-sep-clear\"><\/div><div class=\"fusion-title title fusion-title-1 fusion-sep-none fusion-title-center fusion-title-text fusion-title-size-three\" style=\"--awb-margin-top-small:0px;--awb-margin-right-small:0px;--awb-margin-bottom-small:20px;--awb-margin-left-small:0px;\"><h3 class=\"fusion-title-heading title-heading-center fusion-responsive-typography-calculated\" style=\"margin:0;--fontSize:26;line-height:1.62;\"><strong>Gu\u00edas de redacci\u00f3n<\/strong><\/h3><\/div><div class=\"fusion-button-wrapper fusion-aligncenter\"><a class=\"fusion-button button-3d button-medium button-default fusion-button-default button-1 fusion-button-span-no \" style=\"--button-border-radius-top-left:50px;--button-border-radius-top-right:50px;--button-border-radius-bottom-right:50px;--button-border-radius-bottom-left:50px;\" target=\"_blank\" rel=\"noopener noreferrer\" href=\"\/pdf\/guias-de-redaccion-para-the-forum-y-en-accion-SF1.pdf\"><span class=\"fusion-button-text awb-button__text awb-button__text--default\">The Forum y En acci\u00f3n (SF\u20111)<\/span><\/a><\/div><div class=\"fusion-sep-clear\"><\/div><div class=\"fusion-separator fusion-full-width-sep\" style=\"margin-left: auto;margin-right: auto;margin-top:5px;margin-bottom:5px;width:100%;\"><\/div><div class=\"fusion-sep-clear\"><\/div><div class=\"fusion-button-wrapper fusion-aligncenter\"><a class=\"fusion-button button-3d button-medium button-default fusion-button-default button-2 fusion-button-span-no \" style=\"--button-border-radius-top-left:50px;--button-border-radius-top-right:50px;--button-border-radius-bottom-right:50px;--button-border-radius-bottom-left:50px;\" target=\"_blank\" rel=\"noopener noreferrer\" href=\"\/pdf\/Gu\u00edas-de-redacci\u00f3n-para-Alateen.pdf\"><span class=\"fusion-button-text awb-button__text awb-button__text--default\">Alateen<\/span><\/a><\/div><div class=\"fusion-sep-clear\"><\/div><div class=\"fusion-separator fusion-full-width-sep\" style=\"margin-left: auto;margin-right: auto;margin-top:5px;margin-bottom:5px;width:100%;\"><\/div><div class=\"fusion-sep-clear\"><\/div><div class=\"fusion-button-wrapper fusion-aligncenter\"><a class=\"fusion-button button-3d button-medium button-default fusion-button-default button-3 fusion-button-span-no \" style=\"--button-border-radius-top-left:50px;--button-border-radius-top-right:50px;--button-border-radius-bottom-right:50px;--button-border-radius-bottom-left:50px;\" target=\"_blank\" rel=\"noopener noreferrer\" href=\"\/pdf\/Gu\u00edas-de-redacci\u00f3n-para-LAC.pdf\"><span class=\"fusion-button-text awb-button__text awb-button__text--default\">Rinc\u00f3n de la LAC<\/span><\/a><\/div><div class=\"fusion-sep-clear\"><\/div><div class=\"fusion-separator fusion-full-width-sep\" style=\"margin-left: auto;margin-right: auto;margin-top:5px;margin-bottom:5px;width:100%;\"><\/div><div class=\"fusion-sep-clear\"><\/div><div class=\"fusion-button-wrapper fusion-aligncenter\"><a class=\"fusion-button button-3d button-medium button-default fusion-button-default button-4 fusion-button-span-no \" style=\"--button-border-radius-top-left:50px;--button-border-radius-top-right:50px;--button-border-radius-bottom-right:50px;--button-border-radius-bottom-left:50px;\" target=\"_blank\" rel=\"noopener noreferrer\" href=\"\/pdf\/Guias-de-redaccion-para-Al-Anon-enfrente-al-alcoholismo.pdf\"><span class=\"fusion-button-text awb-button__text awb-button__text--default\">Al-Anon se enfrenta al alcoholismo<\/span><\/a><\/div><div class=\"fusion-sep-clear\"><\/div><div class=\"fusion-separator fusion-full-width-sep\" style=\"margin-left: auto;margin-right: auto;margin-top:5px;margin-bottom:5px;width:100%;\"><\/div><div class=\"fusion-sep-clear\"><\/div><div class=\"fusion-button-wrapper fusion-aligncenter\"><a class=\"fusion-button button-3d button-medium button-default fusion-button-default button-5 fusion-button-span-no \" style=\"--button-border-radius-top-left:50px;--button-border-radius-top-right:50px;--button-border-radius-bottom-right:50px;--button-border-radius-bottom-left:50px;\" target=\"_blank\" rel=\"noopener noreferrer\" href=\"\/pdf\/Gu\u00edas-para-el-env\u00edo-de-fotograf\u00edas-a-las-revistas-de-Al-Anon.pdf\"><span class=\"fusion-button-text awb-button__text awb-button__text--default\">Fotos para las revistas de Al-Anon<\/span><\/a><\/div><div class=\"fusion-sep-clear\"><\/div><div class=\"fusion-separator fusion-full-width-sep\" style=\"margin-left: auto;margin-right: auto;margin-top:5px;margin-bottom:5px;width:100%;\"><\/div><div class=\"fusion-sep-clear\"><\/div><div class=\"fusion-button-wrapper fusion-aligncenter\"><a class=\"fusion-button button-3d button-medium button-default fusion-button-default button-6 fusion-button-span-no \" style=\"--button-border-radius-top-left:50px;--button-border-radius-top-right:50px;--button-border-radius-bottom-right:50px;--button-border-radius-bottom-left:50px;\" target=\"_blank\" rel=\"noopener noreferrer\" href=\"\/pdf\/Guias-de-redaccion-para-padrinazgo.pdf\"><span class=\"fusion-button-text awb-button__text awb-button__text--default\">Padrinazgo y el Padrinazgo de servicio<\/span><\/a><\/div><div class=\"fusion-sep-clear\"><\/div><div class=\"fusion-separator fusion-full-width-sep\" style=\"margin-left: auto;margin-right: auto;margin-top:5px;margin-bottom:5px;width:100%;\"><\/div><div class=\"fusion-sep-clear\"><\/div><div class=\"fusion-button-wrapper fusion-aligncenter\"><a class=\"fusion-button button-3d button-medium button-default fusion-button-default button-7 fusion-button-span-no \" style=\"--button-border-radius-top-left:50px;--button-border-radius-top-right:50px;--button-border-radius-bottom-right:50px;--button-border-radius-bottom-left:50px;\" target=\"_blank\" rel=\"noopener noreferrer\" href=\"\/pdf\/Finanzas-en-la-recuperacion.pdf\"><span class=\"fusion-button-text awb-button__text awb-button__text--default\">Finanzas en la recuperaci\u00f3n<\/span><\/a><\/div><div class=\"fusion-sep-clear\"><\/div><div class=\"fusion-separator fusion-full-width-sep\" style=\"margin-left: auto;margin-right: auto;margin-top:5px;margin-bottom:5px;width:100%;\"><\/div><div class=\"fusion-sep-clear\"><\/div><div class=\"fusion-button-wrapper fusion-aligncenter\"><a class=\"fusion-button button-3d button-medium button-default fusion-button-default button-8 fusion-button-span-no \" style=\"--button-border-radius-top-left:50px;--button-border-radius-top-right:50px;--button-border-radius-bottom-right:50px;--button-border-radius-bottom-left:50px;\" target=\"_self\" href=\"\/es\/para-los-miembros\/recursos-para-los-miembros\/literatura\/recursos-de-literatura\/\"><span class=\"fusion-button-text awb-button__text awb-button__text--default\">Preguntas frecuentes sobre las colaboraciones en espa\u00f1ol o franc\u00e9s<\/span><\/a><\/div><div class=\"fusion-sep-clear\"><\/div><div class=\"fusion-separator fusion-full-width-sep\" style=\"margin-left: auto;margin-right: auto;margin-top:5px;margin-bottom:5px;width:100%;\"><\/div><div class=\"fusion-sep-clear\"><\/div><div class=\"fusion-clearfix\"><\/div><\/div><\/div><\/div><\/div>\n","protected":false},"excerpt":{"rendered":"","protected":false},"author":36,"featured_media":0,"parent":12646,"menu_order":0,"comment_status":"closed","ping_status":"closed","template":"","meta":{"footnotes":""},"class_list":["post-37855","page","type-page","status-publish","hentry"],"yoast_head":"<!-- This site is optimized with the Yoast SEO plugin v27.5 - https:\/\/yoast.com\/product\/yoast-seo-wordpress\/ -->\n<title>Env\u00ede su relato compartido - Al-Anon Family Groups<\/title>\n<meta name=\"robots\" content=\"index, follow, max-snippet:-1, max-image-preview:large, max-video-preview:-1\" \/>\n<link rel=\"canonical\" href=\"https:\/\/al-anon.org\/es\/para-los-miembros\/recursos-para-los-miembros\/literatura\/recursos-de-literatura\/envie-su-relato-compartido\/\" \/>\n<meta property=\"og:locale\" content=\"es_ES\" \/>\n<meta property=\"og:type\" content=\"article\" \/>\n<meta property=\"og:title\" content=\"Env\u00ede su relato compartido - Al-Anon Family Groups\" \/>\n<meta property=\"og:url\" content=\"https:\/\/al-anon.org\/es\/para-los-miembros\/recursos-para-los-miembros\/literatura\/recursos-de-literatura\/envie-su-relato-compartido\/\" \/>\n<meta property=\"og:site_name\" content=\"Al-Anon Family Groups\" \/>\n<meta property=\"article:publisher\" content=\"http:\/\/www.facebook.com\/AlAnonFamilyGroupsWSO\" \/>\n<meta property=\"article:modified_time\" content=\"2025-10-23T19:18:18+00:00\" \/>\n<meta name=\"twitter:card\" content=\"summary_large_image\" \/>\n<meta name=\"twitter:site\" content=\"@AlAnon_WSO\" \/>\n<meta name=\"twitter:label1\" content=\"Tiempo de lectura\" \/>\n\t<meta name=\"twitter:data1\" content=\"1 minuto\" \/>\n<script type=\"application\/ld+json\" class=\"yoast-schema-graph\">{\"@context\":\"https:\\\/\\\/schema.org\",\"@graph\":[{\"@type\":\"WebPage\",\"@id\":\"https:\\\/\\\/al-anon.org\\\/es\\\/para-los-miembros\\\/recursos-para-los-miembros\\\/literatura\\\/recursos-de-literatura\\\/envie-su-relato-compartido\\\/\",\"url\":\"https:\\\/\\\/al-anon.org\\\/es\\\/para-los-miembros\\\/recursos-para-los-miembros\\\/literatura\\\/recursos-de-literatura\\\/envie-su-relato-compartido\\\/\",\"name\":\"Env\u00ede su relato compartido - Al-Anon Family Groups\",\"isPartOf\":{\"@id\":\"https:\\\/\\\/al-anon.org\\\/es\\\/#website\"},\"datePublished\":\"2022-11-30T22:01:43+00:00\",\"dateModified\":\"2025-10-23T19:18:18+00:00\",\"breadcrumb\":{\"@id\":\"https:\\\/\\\/al-anon.org\\\/es\\\/para-los-miembros\\\/recursos-para-los-miembros\\\/literatura\\\/recursos-de-literatura\\\/envie-su-relato-compartido\\\/#breadcrumb\"},\"inLanguage\":\"es\",\"potentialAction\":[{\"@type\":\"ReadAction\",\"target\":[\"https:\\\/\\\/al-anon.org\\\/es\\\/para-los-miembros\\\/recursos-para-los-miembros\\\/literatura\\\/recursos-de-literatura\\\/envie-su-relato-compartido\\\/\"]}]},{\"@type\":\"BreadcrumbList\",\"@id\":\"https:\\\/\\\/al-anon.org\\\/es\\\/para-los-miembros\\\/recursos-para-los-miembros\\\/literatura\\\/recursos-de-literatura\\\/envie-su-relato-compartido\\\/#breadcrumb\",\"itemListElement\":[{\"@type\":\"ListItem\",\"position\":1,\"name\":\"Para los miembros\",\"item\":\"https:\\\/\\\/al-anon.org\\\/es\\\/para-los-miembros\\\/\"},{\"@type\":\"ListItem\",\"position\":2,\"name\":\"Recursos para los miembros\",\"item\":\"https:\\\/\\\/al-anon.org\\\/es\\\/para-los-miembros\\\/recursos-para-los-miembros\\\/\"},{\"@type\":\"ListItem\",\"position\":3,\"name\":\"Literatura\",\"item\":\"https:\\\/\\\/al-anon.org\\\/es\\\/para-los-miembros\\\/recursos-para-los-miembros\\\/literatura\\\/\"},{\"@type\":\"ListItem\",\"position\":4,\"name\":\"Recursos de literatura\",\"item\":\"https:\\\/\\\/al-anon.org\\\/es\\\/para-los-miembros\\\/recursos-para-los-miembros\\\/literatura\\\/recursos-de-literatura\\\/\"},{\"@type\":\"ListItem\",\"position\":5,\"name\":\"Env\u00ede su relato compartido\"}]},{\"@type\":\"WebSite\",\"@id\":\"https:\\\/\\\/al-anon.org\\\/es\\\/#website\",\"url\":\"https:\\\/\\\/al-anon.org\\\/es\\\/\",\"name\":\"Al-Anon Family Groups\",\"description\":\"Help and hope for families and friends of alcoholics\",\"publisher\":{\"@id\":\"https:\\\/\\\/al-anon.org\\\/es\\\/#organization\"},\"potentialAction\":[{\"@type\":\"SearchAction\",\"target\":{\"@type\":\"EntryPoint\",\"urlTemplate\":\"https:\\\/\\\/al-anon.org\\\/es\\\/?s={search_term_string}\"},\"query-input\":{\"@type\":\"PropertyValueSpecification\",\"valueRequired\":true,\"valueName\":\"search_term_string\"}}],\"inLanguage\":\"es\"},{\"@type\":\"Organization\",\"@id\":\"https:\\\/\\\/al-anon.org\\\/es\\\/#organization\",\"name\":\"Al-Anon Family Group Headquarters, Inc.\",\"url\":\"https:\\\/\\\/al-anon.org\\\/es\\\/\",\"logo\":{\"@type\":\"ImageObject\",\"inLanguage\":\"es\",\"@id\":\"https:\\\/\\\/al-anon.org\\\/es\\\/#\\\/schema\\\/logo\\\/image\\\/\",\"url\":\"https:\\\/\\\/al-anon.org\\\/wp-content\\\/uploads\\\/2017\\\/04\\\/AFGlogo-e1492189694634.jpg\",\"contentUrl\":\"https:\\\/\\\/al-anon.org\\\/wp-content\\\/uploads\\\/2017\\\/04\\\/AFGlogo-e1492189694634.jpg\",\"width\":167,\"height\":50,\"caption\":\"Al-Anon Family Group Headquarters, Inc.\"},\"image\":{\"@id\":\"https:\\\/\\\/al-anon.org\\\/es\\\/#\\\/schema\\\/logo\\\/image\\\/\"},\"sameAs\":[\"http:\\\/\\\/www.facebook.com\\\/AlAnonFamilyGroupsWSO\",\"https:\\\/\\\/x.com\\\/AlAnon_WSO\",\"http:\\\/\\\/www.instagram.com\\\/alanon_wso\",\"https:\\\/\\\/www.linkedin.com\\\/company\\\/al-anon-wso\\\/\",\"https:\\\/\\\/www.youtube.com\\\/user\\\/AlAnonFamilyGroupHQ\\\/\"]}]}<\/script>\n<!-- \/ Yoast SEO plugin. -->","yoast_head_json":{"title":"Env\u00ede su relato compartido - Al-Anon Family Groups","robots":{"index":"index","follow":"follow","max-snippet":"max-snippet:-1","max-image-preview":"max-image-preview:large","max-video-preview":"max-video-preview:-1"},"canonical":"https:\/\/al-anon.org\/es\/para-los-miembros\/recursos-para-los-miembros\/literatura\/recursos-de-literatura\/envie-su-relato-compartido\/","og_locale":"es_ES","og_type":"article","og_title":"Env\u00ede su relato compartido - Al-Anon Family Groups","og_url":"https:\/\/al-anon.org\/es\/para-los-miembros\/recursos-para-los-miembros\/literatura\/recursos-de-literatura\/envie-su-relato-compartido\/","og_site_name":"Al-Anon Family Groups","article_publisher":"http:\/\/www.facebook.com\/AlAnonFamilyGroupsWSO","article_modified_time":"2025-10-23T19:18:18+00:00","twitter_card":"summary_large_image","twitter_site":"@AlAnon_WSO","twitter_misc":{"Tiempo de lectura":"1 minuto"},"schema":{"@context":"https:\/\/schema.org","@graph":[{"@type":"WebPage","@id":"https:\/\/al-anon.org\/es\/para-los-miembros\/recursos-para-los-miembros\/literatura\/recursos-de-literatura\/envie-su-relato-compartido\/","url":"https:\/\/al-anon.org\/es\/para-los-miembros\/recursos-para-los-miembros\/literatura\/recursos-de-literatura\/envie-su-relato-compartido\/","name":"Env\u00ede su relato compartido - Al-Anon Family Groups","isPartOf":{"@id":"https:\/\/al-anon.org\/es\/#website"},"datePublished":"2022-11-30T22:01:43+00:00","dateModified":"2025-10-23T19:18:18+00:00","breadcrumb":{"@id":"https:\/\/al-anon.org\/es\/para-los-miembros\/recursos-para-los-miembros\/literatura\/recursos-de-literatura\/envie-su-relato-compartido\/#breadcrumb"},"inLanguage":"es","potentialAction":[{"@type":"ReadAction","target":["https:\/\/al-anon.org\/es\/para-los-miembros\/recursos-para-los-miembros\/literatura\/recursos-de-literatura\/envie-su-relato-compartido\/"]}]},{"@type":"BreadcrumbList","@id":"https:\/\/al-anon.org\/es\/para-los-miembros\/recursos-para-los-miembros\/literatura\/recursos-de-literatura\/envie-su-relato-compartido\/#breadcrumb","itemListElement":[{"@type":"ListItem","position":1,"name":"Para los miembros","item":"https:\/\/al-anon.org\/es\/para-los-miembros\/"},{"@type":"ListItem","position":2,"name":"Recursos para los miembros","item":"https:\/\/al-anon.org\/es\/para-los-miembros\/recursos-para-los-miembros\/"},{"@type":"ListItem","position":3,"name":"Literatura","item":"https:\/\/al-anon.org\/es\/para-los-miembros\/recursos-para-los-miembros\/literatura\/"},{"@type":"ListItem","position":4,"name":"Recursos de literatura","item":"https:\/\/al-anon.org\/es\/para-los-miembros\/recursos-para-los-miembros\/literatura\/recursos-de-literatura\/"},{"@type":"ListItem","position":5,"name":"Env\u00ede su relato compartido"}]},{"@type":"WebSite","@id":"https:\/\/al-anon.org\/es\/#website","url":"https:\/\/al-anon.org\/es\/","name":"Al-Anon Family Groups","description":"Help and hope for families and friends of alcoholics","publisher":{"@id":"https:\/\/al-anon.org\/es\/#organization"},"potentialAction":[{"@type":"SearchAction","target":{"@type":"EntryPoint","urlTemplate":"https:\/\/al-anon.org\/es\/?s={search_term_string}"},"query-input":{"@type":"PropertyValueSpecification","valueRequired":true,"valueName":"search_term_string"}}],"inLanguage":"es"},{"@type":"Organization","@id":"https:\/\/al-anon.org\/es\/#organization","name":"Al-Anon Family Group Headquarters, Inc.","url":"https:\/\/al-anon.org\/es\/","logo":{"@type":"ImageObject","inLanguage":"es","@id":"https:\/\/al-anon.org\/es\/#\/schema\/logo\/image\/","url":"https:\/\/al-anon.org\/wp-content\/uploads\/2017\/04\/AFGlogo-e1492189694634.jpg","contentUrl":"https:\/\/al-anon.org\/wp-content\/uploads\/2017\/04\/AFGlogo-e1492189694634.jpg","width":167,"height":50,"caption":"Al-Anon Family Group Headquarters, Inc."},"image":{"@id":"https:\/\/al-anon.org\/es\/#\/schema\/logo\/image\/"},"sameAs":["http:\/\/www.facebook.com\/AlAnonFamilyGroupsWSO","https:\/\/x.com\/AlAnon_WSO","http:\/\/www.instagram.com\/alanon_wso","https:\/\/www.linkedin.com\/company\/al-anon-wso\/","https:\/\/www.youtube.com\/user\/AlAnonFamilyGroupHQ\/"]}]}},"_links":{"self":[{"href":"https:\/\/al-anon.org\/es\/wp-json\/wp\/v2\/pages\/37855","targetHints":{"allow":["GET"]}}],"collection":[{"href":"https:\/\/al-anon.org\/es\/wp-json\/wp\/v2\/pages"}],"about":[{"href":"https:\/\/al-anon.org\/es\/wp-json\/wp\/v2\/types\/page"}],"author":[{"embeddable":true,"href":"https:\/\/al-anon.org\/es\/wp-json\/wp\/v2\/users\/36"}],"replies":[{"embeddable":true,"href":"https:\/\/al-anon.org\/es\/wp-json\/wp\/v2\/comments?post=37855"}],"version-history":[{"count":18,"href":"https:\/\/al-anon.org\/es\/wp-json\/wp\/v2\/pages\/37855\/revisions"}],"predecessor-version":[{"id":46220,"href":"https:\/\/al-anon.org\/es\/wp-json\/wp\/v2\/pages\/37855\/revisions\/46220"}],"up":[{"embeddable":true,"href":"https:\/\/al-anon.org\/es\/wp-json\/wp\/v2\/pages\/12646"}],"wp:attachment":[{"href":"https:\/\/al-anon.org\/es\/wp-json\/wp\/v2\/media?parent=37855"}],"curies":[{"name":"wp","href":"https:\/\/api.w.org\/{rel}","templated":true}]}}