{"id":34499,"date":"2021-10-06T13:47:54","date_gmt":"2021-10-06T17:47:54","guid":{"rendered":"https:\/\/al-anon.org\/?page_id=34499"},"modified":"2021-10-06T13:54:29","modified_gmt":"2021-10-06T17:54:29","slug":"peliculas-historicas-transmision","status":"publish","type":"page","link":"https:\/\/al-anon.org\/es\/para-los-miembros\/la-oficina-de-servicio-mundial-osm\/archivos\/peliculas-historicas-transmision\/","title":{"rendered":"La historia de Lois y Lois W. y los pioneros ya se est\u00e1n transmitiendo en directo"},"content":{"rendered":"<div class=\"fusion-fullwidth fullwidth-box fusion-builder-row-1 nonhundred-percent-fullwidth non-hundred-percent-height-scrolling\" style=\"--awb-border-radius-top-left:0px;--awb-border-radius-top-right:0px;--awb-border-radius-bottom-right:0px;--awb-border-radius-bottom-left:0px;--awb-padding-top:20px;--awb-padding-bottom:20px;--awb-flex-wrap:wrap;\" ><div class=\"fusion-builder-row fusion-row\"><div class=\"fusion-layout-column fusion_builder_column fusion-builder-column-0 fusion_builder_column_1_1 1_1 fusion-one-full fusion-column-first fusion-column-last\" style=\"--awb-padding-right:5%;--awb-padding-left:5%;--awb-bg-size:cover;\"><div class=\"fusion-column-wrapper fusion-column-has-shadow fusion-flex-column-wrapper-legacy\"><div class=\"fusion-title title fusion-title-1 fusion-sep-none fusion-title-center fusion-title-text fusion-title-size-three\" style=\"--awb-margin-top-small:0px;--awb-margin-right-small:0px;--awb-margin-bottom-small:20px;--awb-margin-left-small:0px;\"><h3 class=\"fusion-title-heading title-heading-center fusion-responsive-typography-calculated\" style=\"margin:0;--fontSize:26;line-height:1.62;\"><h3 style=\"text-align: center;\"><strong><em>La historia de Lois<\/em> y <em>Lois W. y los pioneros<\/em> ya se est\u00e1n transmitiendo en directo<\/strong><\/h3><\/h3><\/div><div class=\"fusion-text fusion-text-1\"><p>Las pel\u00edculas hist\u00f3ricas, <em>La historia de Lois<\/em> (SAV\u20111) y <em>Lois W. y los pioneros<\/em> (SAV\u201124) ahora se pueden alquilar para su transmisi\u00f3n en l\u00ednea (streaming).\u00a0 El precio de cada pel\u00edcula sigue siendo US$25,00. Los que deciden alquilar tienen acceso a la pel\u00edcula por un periodo de 7 d\u00edas. La OSM sigue manteniendo su librer\u00eda de los DVD disponibles para alquilar.<\/p>\n<\/div><div class=\"fusion-sep-clear\"><\/div><div class=\"fusion-separator fusion-full-width-sep\" style=\"margin-left: auto;margin-right: auto;margin-top:5px;margin-bottom:5px;width:100%;\"><\/div><div class=\"fusion-sep-clear\"><\/div><div class=\"fusion-clearfix\"><\/div><\/div><\/div><div class=\"fusion-layout-column fusion_builder_column fusion-builder-column-1 fusion_builder_column_1_2 1_2 fusion-one-half fusion-column-first\" style=\"--awb-bg-size:cover;width:50%;width:calc(50% - ( ( 4% ) * 0.5 ) );margin-right: 4%;\"><div class=\"fusion-column-wrapper fusion-column-has-shadow fusion-flex-column-wrapper-legacy\"><div class=\"fusion-sep-clear\"><\/div><div class=\"fusion-separator fusion-full-width-sep\" style=\"margin-left: auto;margin-right: auto;margin-top:5px;margin-bottom:5px;width:100%;\"><\/div><div class=\"fusion-sep-clear\"><\/div><div class=\"fusion-image-element fusion-image-align-center in-legacy-container\" style=\"text-align:center;--awb-bottom-shadow-color:rgba(0,0,0,0.4);--awb-caption-title-font-family:var(--h2_typography-font-family);--awb-caption-title-font-weight:var(--h2_typography-font-weight);--awb-caption-title-font-style:var(--h2_typography-font-style);--awb-caption-title-size:var(--h2_typography-font-size);--awb-caption-title-transform:var(--h2_typography-text-transform);--awb-caption-title-line-height:var(--h2_typography-line-height);--awb-caption-title-letter-spacing:var(--h2_typography-letter-spacing);\"><div class=\"imageframe-align-center\"><div class=\"awb-image-frame awb-image-frame-1 awb-bottomshadow\"><span class=\" fusion-imageframe imageframe-bottomshadow imageframe-1 hover-type-none\" style=\"border:1px solid #000000;\"><a class=\"fusion-no-lightbox\" href=\"https:\/\/vimeo.com\/ondemand\/lahistoriadelois\" target=\"_blank\" aria-label=\"Lois-Story-ES\" rel=\"noopener noreferrer\"><img decoding=\"async\" width=\"197\" height=\"300\" alt=\"La historia de Lois\" src=\"https:\/\/al-anon.org\/wp-content\/uploads\/\/Lois-Story-ES-197x300.png\" class=\"img-responsive wp-image-34503\" srcset=\"https:\/\/al-anon.org\/wp-content\/uploads\/Lois-Story-ES-200x305.png 200w, https:\/\/al-anon.org\/wp-content\/uploads\/Lois-Story-ES.png 281w\" sizes=\"(max-width: 950px) 100vw, 197px\" \/><\/a><\/span><svg xmlns=\"http:\/\/www.w3.org\/2000\/svg\" version=\"1.1\" width=\"100%\" viewBox=\"0 0 600 28\" preserveAspectRatio=\"none\"><g clip-path=\"url(#a)\"><mask id=\"b\" style=\"mask-type:luminance\" maskUnits=\"userSpaceOnUse\" x=\"0\" y=\"0\" width=\"600\" height=\"28\"><path d=\"M0 0h600v28H0V0Z\" fill=\"#fff\"\/><\/mask><g filter=\"url(#c)\" mask=\"url(#b)\"><path d=\"M16.439-18.667h567.123v30.8S438.961-8.4 300-8.4C161.04-8.4 16.438 12.133 16.438 12.133v-30.8Z\" fill=\"#000\"\/><\/g><\/g><defs><clipPath id=\"a\"><path fill=\"#fff\" d=\"M0 0h600v28H0z\"\/><\/clipPath><filter id=\"c\" x=\"5.438\" y=\"-29.667\" width=\"589.123\" height=\"52.8\" filterUnits=\"userSpaceOnUse\" color-interpolation-filters=\"sRGB\"><feFlood flood-opacity=\"0\" result=\"BackgroundImageFix\"\/><feBlend in=\"SourceGraphic\" in2=\"BackgroundImageFix\" result=\"shape\"\/><feGaussianBlur stdDeviation=\"5.5\" result=\"effect1_foregroundBlur_3983_183\"\/><\/filter><\/defs><\/svg><\/div><\/div><\/div><div class=\"fusion-sep-clear\"><\/div><div class=\"fusion-separator fusion-full-width-sep\" style=\"margin-left: auto;margin-right: auto;margin-top:15px;margin-bottom:15px;width:100%;\"><\/div><div class=\"fusion-sep-clear\"><\/div><div class=\"fusion-button-wrapper fusion-aligncenter\"><a class=\"fusion-button button-3d fusion-button-default-size button-default fusion-button-default button-1 fusion-button-span-no \" style=\"--button-border-radius-top-left:50px;--button-border-radius-top-right:50px;--button-border-radius-bottom-right:50px;--button-border-radius-bottom-left:50px;\" target=\"_blank\" rel=\"noopener noreferrer\" href=\"https:\/\/vimeo.com\/ondemand\/lahistoriadelois\"><span class=\"fusion-button-text awb-button__text awb-button__text--default\">La Historia de Lois<\/span><\/a><\/div><div class=\"fusion-sep-clear\"><\/div><div class=\"fusion-separator fusion-full-width-sep\" style=\"margin-left: auto;margin-right: auto;margin-top:15px;margin-bottom:5px;width:100%;\"><\/div><div class=\"fusion-sep-clear\"><\/div><div class=\"fusion-text fusion-text-2\"><p>Un film realmente hermoso y emotivo que todos y cada uno de los miembros de Al\u2011Anon debieran ver. Producido en 1971, <em>La historia de Lois<\/em> nos cuenta acerca de los d\u00edas iniciales de A.A. y Al\u2011Anon \u2015la forma en que Lois y Bill W., luchando con enormes dificultades, edificaron las dos hermandades que actualmente les brindan fortaleza y esperanza a las personas alcoh\u00f3licas y a sus amigos y familiares en todo el mundo\u2015.<\/p>\n<p>Esta es la emocionante historia de las frustraciones y triunfos de dos personas que forjaron el camino hacia una vida mejor para millones de personas.<\/p>\n<p>El film se produjo seg\u00fan la recomendaci\u00f3n de la Conferencia de Servicio Mundial de 1971. Las generosas contribuciones de muchos grupos lograron que este proyecto se pudiera realizar.<\/p>\n<\/div><div class=\"fusion-clearfix\"><\/div><\/div><\/div><div class=\"fusion-layout-column fusion_builder_column fusion-builder-column-2 fusion_builder_column_1_2 1_2 fusion-one-half fusion-column-last\" style=\"--awb-bg-size:cover;width:50%;width:calc(50% - ( ( 4% ) * 0.5 ) );\"><div class=\"fusion-column-wrapper fusion-column-has-shadow fusion-flex-column-wrapper-legacy\"><div class=\"fusion-sep-clear\"><\/div><div class=\"fusion-separator fusion-full-width-sep\" style=\"margin-left: auto;margin-right: auto;margin-top:5px;margin-bottom:5px;width:100%;\"><\/div><div class=\"fusion-sep-clear\"><\/div><div class=\"fusion-image-element fusion-image-align-center in-legacy-container\" style=\"text-align:center;--awb-bottom-shadow-color:rgba(0,0,0,0.4);--awb-caption-title-font-family:var(--h2_typography-font-family);--awb-caption-title-font-weight:var(--h2_typography-font-weight);--awb-caption-title-font-style:var(--h2_typography-font-style);--awb-caption-title-size:var(--h2_typography-font-size);--awb-caption-title-transform:var(--h2_typography-text-transform);--awb-caption-title-line-height:var(--h2_typography-line-height);--awb-caption-title-letter-spacing:var(--h2_typography-letter-spacing);\"><div class=\"imageframe-align-center\"><div class=\"awb-image-frame awb-image-frame-2 awb-bottomshadow\"><span class=\" fusion-imageframe imageframe-bottomshadow imageframe-2 hover-type-none\" style=\"border:1px solid #000000;\"><a class=\"fusion-no-lightbox\" href=\"https:\/\/vimeo.com\/ondemand\/loiswylospioneros\" target=\"_blank\" aria-label=\"Lois-and-the-pioneers-ES\" rel=\"noopener noreferrer\"><img decoding=\"async\" width=\"196\" height=\"300\" alt=\"Lois W. y los pioneros\" src=\"https:\/\/al-anon.org\/wp-content\/uploads\/\/Lois-and-the-pioneers-ES-196x300.png\" class=\"img-responsive wp-image-34506\" srcset=\"https:\/\/al-anon.org\/wp-content\/uploads\/Lois-and-the-pioneers-ES-200x307.png 200w, https:\/\/al-anon.org\/wp-content\/uploads\/Lois-and-the-pioneers-ES.png 279w\" sizes=\"(max-width: 950px) 100vw, 196px\" \/><\/a><\/span><svg xmlns=\"http:\/\/www.w3.org\/2000\/svg\" version=\"1.1\" width=\"100%\" viewBox=\"0 0 600 28\" preserveAspectRatio=\"none\"><g clip-path=\"url(#a)\"><mask id=\"b\" style=\"mask-type:luminance\" maskUnits=\"userSpaceOnUse\" x=\"0\" y=\"0\" width=\"600\" height=\"28\"><path d=\"M0 0h600v28H0V0Z\" fill=\"#fff\"\/><\/mask><g filter=\"url(#c)\" mask=\"url(#b)\"><path d=\"M16.439-18.667h567.123v30.8S438.961-8.4 300-8.4C161.04-8.4 16.438 12.133 16.438 12.133v-30.8Z\" fill=\"#000\"\/><\/g><\/g><defs><clipPath id=\"a\"><path fill=\"#fff\" d=\"M0 0h600v28H0z\"\/><\/clipPath><filter id=\"c\" x=\"5.438\" y=\"-29.667\" width=\"589.123\" height=\"52.8\" filterUnits=\"userSpaceOnUse\" color-interpolation-filters=\"sRGB\"><feFlood flood-opacity=\"0\" result=\"BackgroundImageFix\"\/><feBlend in=\"SourceGraphic\" in2=\"BackgroundImageFix\" result=\"shape\"\/><feGaussianBlur stdDeviation=\"5.5\" result=\"effect1_foregroundBlur_3983_183\"\/><\/filter><\/defs><\/svg><\/div><\/div><\/div><div class=\"fusion-sep-clear\"><\/div><div class=\"fusion-separator fusion-full-width-sep\" style=\"margin-left: auto;margin-right: auto;margin-top:15px;margin-bottom:15px;width:100%;\"><\/div><div class=\"fusion-sep-clear\"><\/div><div class=\"fusion-button-wrapper fusion-aligncenter\"><a class=\"fusion-button button-3d fusion-button-default-size button-default fusion-button-default button-2 fusion-button-span-no \" style=\"--button-border-radius-top-left:50px;--button-border-radius-top-right:50px;--button-border-radius-bottom-right:50px;--button-border-radius-bottom-left:50px;\" target=\"_blank\" rel=\"noopener noreferrer\" href=\"https:\/\/vimeo.com\/ondemand\/loiswylospioneros\"><span class=\"fusion-button-text awb-button__text awb-button__text--default\">Lois W. y los pioneros <\/span><\/a><\/div><div class=\"fusion-sep-clear\"><\/div><div class=\"fusion-separator fusion-full-width-sep\" style=\"margin-left: auto;margin-right: auto;margin-top:15px;margin-bottom:5px;width:100%;\"><\/div><div class=\"fusion-sep-clear\"><\/div><div class=\"fusion-text fusion-text-3\"><p>En junio de 1982, la cofundadora de Al\u2011Anon, Lois W., se reuni\u00f3 con Henrietta S., la primera Secretaria General de la Sede de los Grupos de Familia Al\u2011Anon, y con Margaret D., la primera Editora de la revista <em>The Forum<\/em>. Sus remembranzas reavivan el esp\u00edritu de compromiso de nuestros miembros pioneros en los d\u00edas de formaci\u00f3n de Al\u2011Anon.<\/p>\n<p>Lois, Henrietta y Margaret comparten sobre una variedad de temas, dentro de los que est\u00e1n el apoyo y el est\u00edmulo de Bill W.; la forma en que Al\u2011Anon obtuvo su nombre; an\u00e9cdotas graciosas sobre las condiciones de trabajo en las primeras oficinas de Al\u2011Anon; la ayuda a los reci\u00e9n llegados para que localizaran reuniones; la revista The Forum; la formaci\u00f3n de Alateen; el crecimiento de Al\u2011Anon internacionalmente; y el establecimiento de la Conferencia de Servicio Mundial. El mismo contiene un mensaje perdurable para los reci\u00e9n llegados as\u00ed como para los miembros antiguos acerca del amor y el servicio.<\/p>\n<\/div><div class=\"fusion-clearfix\"><\/div><\/div><\/div><\/div><\/div>\n","protected":false},"excerpt":{"rendered":"","protected":false},"author":36,"featured_media":0,"parent":12252,"menu_order":0,"comment_status":"closed","ping_status":"closed","template":"","meta":{"footnotes":""},"class_list":["post-34499","page","type-page","status-publish","hentry"],"yoast_head":"<!-- This site is optimized with the Yoast SEO plugin v27.5 - https:\/\/yoast.com\/product\/yoast-seo-wordpress\/ -->\n<title>La historia de Lois y Lois W. y los pioneros ya se est\u00e1n transmitiendo en directo - Al-Anon Family Groups<\/title>\n<meta name=\"robots\" content=\"index, follow, max-snippet:-1, max-image-preview:large, max-video-preview:-1\" \/>\n<link rel=\"canonical\" href=\"https:\/\/al-anon.org\/es\/para-los-miembros\/la-oficina-de-servicio-mundial-osm\/archivos\/peliculas-historicas-transmision\/\" \/>\n<meta property=\"og:locale\" content=\"es_ES\" \/>\n<meta property=\"og:type\" content=\"article\" \/>\n<meta property=\"og:title\" content=\"La historia de Lois y Lois W. y los pioneros ya se est\u00e1n transmitiendo en directo - Al-Anon Family Groups\" \/>\n<meta property=\"og:url\" content=\"https:\/\/al-anon.org\/es\/para-los-miembros\/la-oficina-de-servicio-mundial-osm\/archivos\/peliculas-historicas-transmision\/\" \/>\n<meta property=\"og:site_name\" content=\"Al-Anon Family Groups\" \/>\n<meta property=\"article:publisher\" content=\"http:\/\/www.facebook.com\/AlAnonFamilyGroupsWSO\" \/>\n<meta property=\"article:modified_time\" content=\"2021-10-06T17:54:29+00:00\" \/>\n<meta name=\"twitter:card\" content=\"summary_large_image\" \/>\n<meta name=\"twitter:site\" content=\"@AlAnon_WSO\" \/>\n<meta name=\"twitter:label1\" content=\"Tiempo de lectura\" \/>\n\t<meta name=\"twitter:data1\" content=\"11 minutos\" \/>\n<script type=\"application\/ld+json\" class=\"yoast-schema-graph\">{\"@context\":\"https:\\\/\\\/schema.org\",\"@graph\":[{\"@type\":\"WebPage\",\"@id\":\"https:\\\/\\\/al-anon.org\\\/es\\\/para-los-miembros\\\/la-oficina-de-servicio-mundial-osm\\\/archivos\\\/peliculas-historicas-transmision\\\/\",\"url\":\"https:\\\/\\\/al-anon.org\\\/es\\\/para-los-miembros\\\/la-oficina-de-servicio-mundial-osm\\\/archivos\\\/peliculas-historicas-transmision\\\/\",\"name\":\"La historia de Lois y Lois W. y los pioneros ya se est\u00e1n transmitiendo en directo - Al-Anon Family Groups\",\"isPartOf\":{\"@id\":\"https:\\\/\\\/al-anon.org\\\/es\\\/#website\"},\"datePublished\":\"2021-10-06T17:47:54+00:00\",\"dateModified\":\"2021-10-06T17:54:29+00:00\",\"breadcrumb\":{\"@id\":\"https:\\\/\\\/al-anon.org\\\/es\\\/para-los-miembros\\\/la-oficina-de-servicio-mundial-osm\\\/archivos\\\/peliculas-historicas-transmision\\\/#breadcrumb\"},\"inLanguage\":\"es\",\"potentialAction\":[{\"@type\":\"ReadAction\",\"target\":[\"https:\\\/\\\/al-anon.org\\\/es\\\/para-los-miembros\\\/la-oficina-de-servicio-mundial-osm\\\/archivos\\\/peliculas-historicas-transmision\\\/\"]}]},{\"@type\":\"BreadcrumbList\",\"@id\":\"https:\\\/\\\/al-anon.org\\\/es\\\/para-los-miembros\\\/la-oficina-de-servicio-mundial-osm\\\/archivos\\\/peliculas-historicas-transmision\\\/#breadcrumb\",\"itemListElement\":[{\"@type\":\"ListItem\",\"position\":1,\"name\":\"Para los miembros\",\"item\":\"https:\\\/\\\/al-anon.org\\\/es\\\/para-los-miembros\\\/\"},{\"@type\":\"ListItem\",\"position\":2,\"name\":\"la Oficina de Servicio Mundial (OSM)\",\"item\":\"https:\\\/\\\/al-anon.org\\\/es\\\/para-los-miembros\\\/la-oficina-de-servicio-mundial-osm\\\/\"},{\"@type\":\"ListItem\",\"position\":3,\"name\":\"Archivos\",\"item\":\"https:\\\/\\\/al-anon.org\\\/es\\\/para-los-miembros\\\/la-oficina-de-servicio-mundial-osm\\\/archivos\\\/\"},{\"@type\":\"ListItem\",\"position\":4,\"name\":\"La historia de Lois y Lois W. y los pioneros ya se est\u00e1n transmitiendo en directo\"}]},{\"@type\":\"WebSite\",\"@id\":\"https:\\\/\\\/al-anon.org\\\/es\\\/#website\",\"url\":\"https:\\\/\\\/al-anon.org\\\/es\\\/\",\"name\":\"Al-Anon Family Groups\",\"description\":\"Help and hope for families and friends of alcoholics\",\"publisher\":{\"@id\":\"https:\\\/\\\/al-anon.org\\\/es\\\/#organization\"},\"potentialAction\":[{\"@type\":\"SearchAction\",\"target\":{\"@type\":\"EntryPoint\",\"urlTemplate\":\"https:\\\/\\\/al-anon.org\\\/es\\\/?s={search_term_string}\"},\"query-input\":{\"@type\":\"PropertyValueSpecification\",\"valueRequired\":true,\"valueName\":\"search_term_string\"}}],\"inLanguage\":\"es\"},{\"@type\":\"Organization\",\"@id\":\"https:\\\/\\\/al-anon.org\\\/es\\\/#organization\",\"name\":\"Al-Anon Family Group Headquarters, Inc.\",\"url\":\"https:\\\/\\\/al-anon.org\\\/es\\\/\",\"logo\":{\"@type\":\"ImageObject\",\"inLanguage\":\"es\",\"@id\":\"https:\\\/\\\/al-anon.org\\\/es\\\/#\\\/schema\\\/logo\\\/image\\\/\",\"url\":\"https:\\\/\\\/al-anon.org\\\/wp-content\\\/uploads\\\/2017\\\/04\\\/AFGlogo-e1492189694634.jpg\",\"contentUrl\":\"https:\\\/\\\/al-anon.org\\\/wp-content\\\/uploads\\\/2017\\\/04\\\/AFGlogo-e1492189694634.jpg\",\"width\":167,\"height\":50,\"caption\":\"Al-Anon Family Group Headquarters, Inc.\"},\"image\":{\"@id\":\"https:\\\/\\\/al-anon.org\\\/es\\\/#\\\/schema\\\/logo\\\/image\\\/\"},\"sameAs\":[\"http:\\\/\\\/www.facebook.com\\\/AlAnonFamilyGroupsWSO\",\"https:\\\/\\\/x.com\\\/AlAnon_WSO\",\"http:\\\/\\\/www.instagram.com\\\/alanon_wso\",\"https:\\\/\\\/www.linkedin.com\\\/company\\\/al-anon-wso\\\/\",\"https:\\\/\\\/www.youtube.com\\\/user\\\/AlAnonFamilyGroupHQ\\\/\"]}]}<\/script>\n<!-- \/ Yoast SEO plugin. -->","yoast_head_json":{"title":"La historia de Lois y Lois W. y los pioneros ya se est\u00e1n transmitiendo en directo - Al-Anon Family Groups","robots":{"index":"index","follow":"follow","max-snippet":"max-snippet:-1","max-image-preview":"max-image-preview:large","max-video-preview":"max-video-preview:-1"},"canonical":"https:\/\/al-anon.org\/es\/para-los-miembros\/la-oficina-de-servicio-mundial-osm\/archivos\/peliculas-historicas-transmision\/","og_locale":"es_ES","og_type":"article","og_title":"La historia de Lois y Lois W. y los pioneros ya se est\u00e1n transmitiendo en directo - Al-Anon Family Groups","og_url":"https:\/\/al-anon.org\/es\/para-los-miembros\/la-oficina-de-servicio-mundial-osm\/archivos\/peliculas-historicas-transmision\/","og_site_name":"Al-Anon Family Groups","article_publisher":"http:\/\/www.facebook.com\/AlAnonFamilyGroupsWSO","article_modified_time":"2021-10-06T17:54:29+00:00","twitter_card":"summary_large_image","twitter_site":"@AlAnon_WSO","twitter_misc":{"Tiempo de lectura":"11 minutos"},"schema":{"@context":"https:\/\/schema.org","@graph":[{"@type":"WebPage","@id":"https:\/\/al-anon.org\/es\/para-los-miembros\/la-oficina-de-servicio-mundial-osm\/archivos\/peliculas-historicas-transmision\/","url":"https:\/\/al-anon.org\/es\/para-los-miembros\/la-oficina-de-servicio-mundial-osm\/archivos\/peliculas-historicas-transmision\/","name":"La historia de Lois y Lois W. y los pioneros ya se est\u00e1n transmitiendo en directo - Al-Anon Family Groups","isPartOf":{"@id":"https:\/\/al-anon.org\/es\/#website"},"datePublished":"2021-10-06T17:47:54+00:00","dateModified":"2021-10-06T17:54:29+00:00","breadcrumb":{"@id":"https:\/\/al-anon.org\/es\/para-los-miembros\/la-oficina-de-servicio-mundial-osm\/archivos\/peliculas-historicas-transmision\/#breadcrumb"},"inLanguage":"es","potentialAction":[{"@type":"ReadAction","target":["https:\/\/al-anon.org\/es\/para-los-miembros\/la-oficina-de-servicio-mundial-osm\/archivos\/peliculas-historicas-transmision\/"]}]},{"@type":"BreadcrumbList","@id":"https:\/\/al-anon.org\/es\/para-los-miembros\/la-oficina-de-servicio-mundial-osm\/archivos\/peliculas-historicas-transmision\/#breadcrumb","itemListElement":[{"@type":"ListItem","position":1,"name":"Para los miembros","item":"https:\/\/al-anon.org\/es\/para-los-miembros\/"},{"@type":"ListItem","position":2,"name":"la Oficina de Servicio Mundial (OSM)","item":"https:\/\/al-anon.org\/es\/para-los-miembros\/la-oficina-de-servicio-mundial-osm\/"},{"@type":"ListItem","position":3,"name":"Archivos","item":"https:\/\/al-anon.org\/es\/para-los-miembros\/la-oficina-de-servicio-mundial-osm\/archivos\/"},{"@type":"ListItem","position":4,"name":"La historia de Lois y Lois W. y los pioneros ya se est\u00e1n transmitiendo en directo"}]},{"@type":"WebSite","@id":"https:\/\/al-anon.org\/es\/#website","url":"https:\/\/al-anon.org\/es\/","name":"Al-Anon Family Groups","description":"Help and hope for families and friends of alcoholics","publisher":{"@id":"https:\/\/al-anon.org\/es\/#organization"},"potentialAction":[{"@type":"SearchAction","target":{"@type":"EntryPoint","urlTemplate":"https:\/\/al-anon.org\/es\/?s={search_term_string}"},"query-input":{"@type":"PropertyValueSpecification","valueRequired":true,"valueName":"search_term_string"}}],"inLanguage":"es"},{"@type":"Organization","@id":"https:\/\/al-anon.org\/es\/#organization","name":"Al-Anon Family Group Headquarters, Inc.","url":"https:\/\/al-anon.org\/es\/","logo":{"@type":"ImageObject","inLanguage":"es","@id":"https:\/\/al-anon.org\/es\/#\/schema\/logo\/image\/","url":"https:\/\/al-anon.org\/wp-content\/uploads\/2017\/04\/AFGlogo-e1492189694634.jpg","contentUrl":"https:\/\/al-anon.org\/wp-content\/uploads\/2017\/04\/AFGlogo-e1492189694634.jpg","width":167,"height":50,"caption":"Al-Anon Family Group Headquarters, Inc."},"image":{"@id":"https:\/\/al-anon.org\/es\/#\/schema\/logo\/image\/"},"sameAs":["http:\/\/www.facebook.com\/AlAnonFamilyGroupsWSO","https:\/\/x.com\/AlAnon_WSO","http:\/\/www.instagram.com\/alanon_wso","https:\/\/www.linkedin.com\/company\/al-anon-wso\/","https:\/\/www.youtube.com\/user\/AlAnonFamilyGroupHQ\/"]}]}},"_links":{"self":[{"href":"https:\/\/al-anon.org\/es\/wp-json\/wp\/v2\/pages\/34499","targetHints":{"allow":["GET"]}}],"collection":[{"href":"https:\/\/al-anon.org\/es\/wp-json\/wp\/v2\/pages"}],"about":[{"href":"https:\/\/al-anon.org\/es\/wp-json\/wp\/v2\/types\/page"}],"author":[{"embeddable":true,"href":"https:\/\/al-anon.org\/es\/wp-json\/wp\/v2\/users\/36"}],"replies":[{"embeddable":true,"href":"https:\/\/al-anon.org\/es\/wp-json\/wp\/v2\/comments?post=34499"}],"version-history":[{"count":6,"href":"https:\/\/al-anon.org\/es\/wp-json\/wp\/v2\/pages\/34499\/revisions"}],"predecessor-version":[{"id":34511,"href":"https:\/\/al-anon.org\/es\/wp-json\/wp\/v2\/pages\/34499\/revisions\/34511"}],"up":[{"embeddable":true,"href":"https:\/\/al-anon.org\/es\/wp-json\/wp\/v2\/pages\/12252"}],"wp:attachment":[{"href":"https:\/\/al-anon.org\/es\/wp-json\/wp\/v2\/media?parent=34499"}],"curies":[{"name":"wp","href":"https:\/\/api.w.org\/{rel}","templated":true}]}}