{"id":13146,"date":"2017-12-14T09:34:30","date_gmt":"2017-12-14T14:34:30","guid":{"rendered":"https:\/\/al-anon.org\/?page_id=13146\/"},"modified":"2023-08-22T13:51:17","modified_gmt":"2023-08-22T17:51:17","slug":"conferencia-de-servicio-mundial-csm","status":"publish","type":"page","link":"https:\/\/al-anon.org\/es\/para-los-miembros\/conferencia-de-servicio-mundial-csm\/","title":{"rendered":"Conferencia de Servicio Mundial (CSM)"},"content":{"rendered":"<p><div class=\"fusion-fullwidth fullwidth-box fusion-builder-row-1 nonhundred-percent-fullwidth non-hundred-percent-height-scrolling\" style=\"--awb-border-radius-top-left:0px;--awb-border-radius-top-right:0px;--awb-border-radius-bottom-right:0px;--awb-border-radius-bottom-left:0px;--awb-flex-wrap:wrap;\" ><div class=\"fusion-builder-row fusion-row\"><div class=\"fusion-layout-column fusion_builder_column fusion-builder-column-0 fusion_builder_column_1_1 1_1 fusion-one-full fusion-column-first fusion-column-last\" style=\"--awb-bg-size:cover;\"><div class=\"fusion-column-wrapper fusion-flex-column-wrapper-legacy\"><div class=\"fusion-text fusion-text-1\"><h3 style=\"text-align: center;\">Conferencia de Servicio Mundial (CSM)<\/h3>\n<\/div><div class=\"fusion-clearfix\"><\/div><\/div><\/div><div class=\"fusion-layout-column fusion_builder_column fusion-builder-column-1 fusion_builder_column_2_3 2_3 fusion-two-third fusion-column-first\" style=\"--awb-bg-size:cover;width:66.666666666667%;width:calc(66.666666666667% - ( ( 4% ) * 0.66666666666667 ) );margin-right: 4%;\"><div class=\"fusion-column-wrapper fusion-flex-column-wrapper-legacy\"><div class=\"fusion-text fusion-text-2\"><p>La Segunda Tradici\u00f3n de Al\u2011Anon declara: \u201cExiste s\u00f3lo una autoridad fundamental para regir los prop\u00f3sitos del grupo: un Dios bondadoso que se manifiesta en la conciencia de cada grupo. Nuestros dirigentes son tan s\u00f3lo fieles servidores, y no gobiernan\u201d.<\/p>\n<p>La Conferencia de Servicio Mundial pone a la disposici\u00f3n de toda la hermandad de Al\u2011Anon la eficacia de la conciencia de grupo. Es el medio pr\u00e1ctico a trav\u00e9s del cual la conciencia de grupo puede expresarse; es la voz de Al\u2011Anon en el mundo, y la garant\u00eda de que nuestros servicios mundiales continuar\u00e1n funcionando en todo momento.<\/p>\n<p>La Conferencia protege a Al\u2011Anon y Alateen contra las interrupciones en el servicio; conduce a la unidad y permite que nuestra hermandad act\u00fae como un todo en asuntos importantes. Queda as\u00ed como la principal garantizadora de la armon\u00eda y supervivencia de Al\u2011Anon y Alateen.<\/p>\n<\/div><div class=\"fusion-sep-clear\"><\/div><div class=\"fusion-separator fusion-full-width-sep\" style=\"margin-left: auto;margin-right: auto;margin-top:15px;margin-bottom:15px;width:100%;\"><\/div><div class=\"fusion-sep-clear\"><\/div><div class=\"fusion-clearfix\"><\/div><\/div><\/div><div class=\"fusion-layout-column fusion_builder_column fusion-builder-column-2 fusion_builder_column_1_3 1_3 fusion-one-third fusion-column-last\" style=\"--awb-bg-size:cover;width:33.333333333333%;width:calc(33.333333333333% - ( ( 4% ) * 0.33333333333333 ) );\"><div class=\"fusion-column-wrapper fusion-column-has-shadow fusion-flex-column-wrapper-legacy\"><div class=\"fusion-sep-clear\"><\/div><div class=\"fusion-separator fusion-full-width-sep\" style=\"margin-left: auto;margin-right: auto;margin-top:15px;margin-bottom:15px;width:100%;\"><\/div><div class=\"fusion-sep-clear\"><\/div><div class=\"fusion-button-wrapper fusion-aligncenter\"><a class=\"fusion-button button-3d fusion-button-default-size button-default fusion-button-default button-1 fusion-button-span-no \" style=\"--button-border-radius-top-left:50px;--button-border-radius-top-right:50px;--button-border-radius-bottom-right:50px;--button-border-radius-bottom-left:50px;\" target=\"_self\" href=\"\/es\/para-los-miembros\/conferencia-de-servicio-mundial-csm\/lo-mas-destacado-de-la-conferencia-de-servicio-mundial\/\"><span class=\"fusion-button-text awb-button__text awb-button__text--default\">Lo m\u00e1s destacado de la Conferencia de Servicio Mundial<\/span><\/a><\/div><div class=\"fusion-sep-clear\"><\/div><div class=\"fusion-separator fusion-full-width-sep\" style=\"margin-left: auto;margin-right: auto;margin-top:15px;margin-bottom:15px;width:100%;\"><\/div><div class=\"fusion-sep-clear\"><\/div><div class=\"fusion-clearfix\"><\/div><\/div><\/div><\/div><\/div><div class=\"fusion-fullwidth fullwidth-box fusion-builder-row-2 fusion-flex-container has-pattern-background has-mask-background nonhundred-percent-fullwidth non-hundred-percent-height-scrolling\" style=\"--awb-border-radius-top-left:0px;--awb-border-radius-top-right:0px;--awb-border-radius-bottom-right:0px;--awb-border-radius-bottom-left:0px;--awb-flex-wrap:wrap;\" ><div class=\"fusion-builder-row fusion-row fusion-flex-align-items-center fusion-flex-justify-content-center fusion-flex-content-wrap\" style=\"max-width:1414.4px;margin-left: calc(-4% \/ 2 );margin-right: calc(-4% \/ 2 );\"><div class=\"fusion-layout-column fusion_builder_column fusion-builder-column-3 fusion_builder_column_1_3 1_3 fusion-flex-column\" style=\"--awb-bg-size:cover;--awb-width-large:33.333333333333%;--awb-margin-top-large:0px;--awb-spacing-right-large:5.76%;--awb-margin-bottom-large:0px;--awb-spacing-left-large:5.76%;--awb-width-medium:100%;--awb-order-medium:0;--awb-spacing-right-medium:1.92%;--awb-spacing-left-medium:1.92%;--awb-width-small:100%;--awb-order-small:0;--awb-spacing-right-small:1.92%;--awb-spacing-left-small:1.92%;\"><div class=\"fusion-column-wrapper fusion-column-has-shadow fusion-flex-justify-content-flex-start fusion-content-layout-column\"><div class=\"fusion-image-element \" style=\"text-align:center;--awb-caption-title-font-family:var(--h2_typography-font-family);--awb-caption-title-font-weight:var(--h2_typography-font-weight);--awb-caption-title-font-style:var(--h2_typography-font-style);--awb-caption-title-size:var(--h2_typography-font-size);--awb-caption-title-transform:var(--h2_typography-text-transform);--awb-caption-title-line-height:var(--h2_typography-line-height);--awb-caption-title-letter-spacing:var(--h2_typography-letter-spacing);\"><span class=\" fusion-imageframe imageframe-none imageframe-1 hover-type-none\"><a class=\"fusion-no-lightbox\" href=\"\/pdf\/Gr\u00e1fico-Estructura-de-la-CSM-8_5x11.pdf\" target=\"_blank\" aria-label=\"WSCStructureWebGraphic_Sp\" rel=\"noopener noreferrer\"><img decoding=\"async\" width=\"450\" height=\"250\" alt=\"Gr\u00e1fico: Estructura de la Conferencia de Servicio Mundial\" src=\"https:\/\/al-anon.org\/wp-content\/uploads\/WSCStructureWebGraphic_Sp.jpg\" class=\"img-responsive wp-image-37042\" srcset=\"https:\/\/al-anon.org\/wp-content\/uploads\/WSCStructureWebGraphic_Sp-200x111.jpg 200w, https:\/\/al-anon.org\/wp-content\/uploads\/WSCStructureWebGraphic_Sp-400x222.jpg 400w, https:\/\/al-anon.org\/wp-content\/uploads\/WSCStructureWebGraphic_Sp.jpg 450w\" sizes=\"(max-width: 1024px) 100vw, (max-width: 640px) 100vw, 450px\" \/><\/a><\/span><\/div><div class=\"fusion-separator fusion-full-width-sep\" style=\"align-self: center;margin-left: auto;margin-right: auto;margin-top:15px;margin-bottom:15px;width:100%;\"><\/div><\/div><\/div><div class=\"fusion-layout-column fusion_builder_column fusion-builder-column-4 fusion_builder_column_1_3 1_3 fusion-flex-column\" style=\"--awb-bg-size:cover;--awb-width-large:33.333333333333%;--awb-margin-top-large:0px;--awb-spacing-right-large:5.76%;--awb-margin-bottom-large:0px;--awb-spacing-left-large:5.76%;--awb-width-medium:100%;--awb-order-medium:0;--awb-spacing-right-medium:1.92%;--awb-spacing-left-medium:1.92%;--awb-width-small:100%;--awb-order-small:0;--awb-spacing-right-small:1.92%;--awb-spacing-left-small:1.92%;\"><div class=\"fusion-column-wrapper fusion-column-has-shadow fusion-flex-justify-content-flex-start fusion-content-layout-column\"><div style=\"text-align:center;\"><a class=\"fusion-button button-3d fusion-button-default-size button-default fusion-button-default button-2 fusion-button-span-no \" style=\"--button-border-radius-top-left:50px;--button-border-radius-top-right:50px;--button-border-radius-bottom-right:50px;--button-border-radius-bottom-left:50px;\" target=\"_blank\" rel=\"noopener noreferrer\" href=\"\/pdf\/Grafico-Estructura-de-la-CSM-8_5x11.pdf\"><span class=\"fusion-button-text awb-button__text awb-button__text--default\">Descargar pdf en tama\u00f1o de carta (8.5 x 11)<\/span><\/a><\/div><div class=\"fusion-separator fusion-full-width-sep\" style=\"align-self: center;margin-left: auto;margin-right: auto;margin-top:15px;margin-bottom:15px;width:100%;\"><\/div><div style=\"text-align:center;\"><a class=\"fusion-button button-3d fusion-button-default-size button-default fusion-button-default button-3 fusion-button-span-no \" style=\"--button-border-radius-top-left:50px;--button-border-radius-top-right:50px;--button-border-radius-bottom-right:50px;--button-border-radius-bottom-left:50px;\" target=\"_blank\" rel=\"noopener noreferrer\" href=\"\/pdf\/Grafico-Estructura-de-la-CSM-11x17.pdf\"><span class=\"fusion-button-text awb-button__text awb-button__text--default\">Descargar pdf en tama\u00f1o tabloide (11 x 17)<\/span><\/a><\/div><\/div><\/div><\/div><\/div><\/p>\n","protected":false},"excerpt":{"rendered":"","protected":false},"author":36,"featured_media":14092,"parent":11251,"menu_order":0,"comment_status":"closed","ping_status":"closed","template":"","meta":{"footnotes":""},"class_list":["post-13146","page","type-page","status-publish","has-post-thumbnail","hentry"],"yoast_head":"<!-- This site is optimized with the Yoast SEO plugin v27.5 - https:\/\/yoast.com\/product\/yoast-seo-wordpress\/ -->\n<title>Conferencia de Servicio Mundial (CSM) - Al-Anon Family Groups<\/title>\n<meta name=\"description\" content=\"La Conferencia de Servicio Mundial pone a la disposici\u00f3n de toda la hermandad de Al\u2011Anon la eficacia de la conciencia de grupo. Es el medio pr\u00e1ctico a trav\u00e9s del cual la conciencia de grupo puede expresarse; es la voz de Al\u2011Anon en el mundo, y la garant\u00eda de que nuestros servicios mundiales continuar\u00e1n funcionando en todo momento.\" \/>\n<meta name=\"robots\" content=\"index, follow, max-snippet:-1, max-image-preview:large, max-video-preview:-1\" \/>\n<link rel=\"canonical\" href=\"https:\/\/al-anon.org\/es\/para-los-miembros\/conferencia-de-servicio-mundial-csm\/\" \/>\n<meta property=\"og:locale\" content=\"es_ES\" \/>\n<meta property=\"og:type\" content=\"article\" \/>\n<meta property=\"og:title\" content=\"Conferencia de Servicio Mundial (CSM) - Al-Anon Family Groups\" \/>\n<meta property=\"og:description\" content=\"La Conferencia de Servicio Mundial pone a la disposici\u00f3n de toda la hermandad de Al\u2011Anon la eficacia de la conciencia de grupo. Es el medio pr\u00e1ctico a trav\u00e9s del cual la conciencia de grupo puede expresarse; es la voz de Al\u2011Anon en el mundo, y la garant\u00eda de que nuestros servicios mundiales continuar\u00e1n funcionando en todo momento.\" \/>\n<meta property=\"og:url\" content=\"https:\/\/al-anon.org\/es\/para-los-miembros\/conferencia-de-servicio-mundial-csm\/\" \/>\n<meta property=\"og:site_name\" content=\"Al-Anon Family Groups\" \/>\n<meta property=\"article:publisher\" content=\"http:\/\/www.facebook.com\/AlAnonFamilyGroupsWSO\" \/>\n<meta property=\"article:modified_time\" content=\"2023-08-22T17:51:17+00:00\" \/>\n<meta property=\"og:image\" content=\"https:\/\/al-anon.org\/wp-content\/uploads\/WSC-3.jpg\" \/>\n\t<meta property=\"og:image:width\" content=\"1360\" \/>\n\t<meta property=\"og:image:height\" content=\"475\" \/>\n\t<meta property=\"og:image:type\" content=\"image\/jpeg\" \/>\n<meta name=\"twitter:card\" content=\"summary_large_image\" \/>\n<meta name=\"twitter:site\" content=\"@AlAnon_WSO\" \/>\n<meta name=\"twitter:label1\" content=\"Tiempo de lectura\" \/>\n\t<meta name=\"twitter:data1\" content=\"5 minutos\" \/>\n<script type=\"application\/ld+json\" class=\"yoast-schema-graph\">{\"@context\":\"https:\\\/\\\/schema.org\",\"@graph\":[{\"@type\":\"WebPage\",\"@id\":\"https:\\\/\\\/al-anon.org\\\/es\\\/para-los-miembros\\\/conferencia-de-servicio-mundial-csm\\\/\",\"url\":\"https:\\\/\\\/al-anon.org\\\/es\\\/para-los-miembros\\\/conferencia-de-servicio-mundial-csm\\\/\",\"name\":\"Conferencia de Servicio Mundial (CSM) - Al-Anon Family Groups\",\"isPartOf\":{\"@id\":\"https:\\\/\\\/al-anon.org\\\/es\\\/#website\"},\"primaryImageOfPage\":{\"@id\":\"https:\\\/\\\/al-anon.org\\\/es\\\/para-los-miembros\\\/conferencia-de-servicio-mundial-csm\\\/#primaryimage\"},\"image\":{\"@id\":\"https:\\\/\\\/al-anon.org\\\/es\\\/para-los-miembros\\\/conferencia-de-servicio-mundial-csm\\\/#primaryimage\"},\"thumbnailUrl\":\"https:\\\/\\\/al-anon.org\\\/wp-content\\\/uploads\\\/WSC-3.jpg\",\"datePublished\":\"2017-12-14T14:34:30+00:00\",\"dateModified\":\"2023-08-22T17:51:17+00:00\",\"description\":\"La Conferencia de Servicio Mundial pone a la disposici\u00f3n de toda la hermandad de Al\u2011Anon la eficacia de la conciencia de grupo. Es el medio pr\u00e1ctico a trav\u00e9s del cual la conciencia de grupo puede expresarse; es la voz de Al\u2011Anon en el mundo, y la garant\u00eda de que nuestros servicios mundiales continuar\u00e1n funcionando en todo momento.\",\"breadcrumb\":{\"@id\":\"https:\\\/\\\/al-anon.org\\\/es\\\/para-los-miembros\\\/conferencia-de-servicio-mundial-csm\\\/#breadcrumb\"},\"inLanguage\":\"es\",\"potentialAction\":[{\"@type\":\"ReadAction\",\"target\":[\"https:\\\/\\\/al-anon.org\\\/es\\\/para-los-miembros\\\/conferencia-de-servicio-mundial-csm\\\/\"]}]},{\"@type\":\"ImageObject\",\"inLanguage\":\"es\",\"@id\":\"https:\\\/\\\/al-anon.org\\\/es\\\/para-los-miembros\\\/conferencia-de-servicio-mundial-csm\\\/#primaryimage\",\"url\":\"https:\\\/\\\/al-anon.org\\\/wp-content\\\/uploads\\\/WSC-3.jpg\",\"contentUrl\":\"https:\\\/\\\/al-anon.org\\\/wp-content\\\/uploads\\\/WSC-3.jpg\",\"width\":1360,\"height\":475},{\"@type\":\"BreadcrumbList\",\"@id\":\"https:\\\/\\\/al-anon.org\\\/es\\\/para-los-miembros\\\/conferencia-de-servicio-mundial-csm\\\/#breadcrumb\",\"itemListElement\":[{\"@type\":\"ListItem\",\"position\":1,\"name\":\"Para los miembros\",\"item\":\"https:\\\/\\\/al-anon.org\\\/es\\\/para-los-miembros\\\/\"},{\"@type\":\"ListItem\",\"position\":2,\"name\":\"Conferencia de Servicio Mundial (CSM)\"}]},{\"@type\":\"WebSite\",\"@id\":\"https:\\\/\\\/al-anon.org\\\/es\\\/#website\",\"url\":\"https:\\\/\\\/al-anon.org\\\/es\\\/\",\"name\":\"Al-Anon Family Groups\",\"description\":\"Help and hope for families and friends of alcoholics\",\"publisher\":{\"@id\":\"https:\\\/\\\/al-anon.org\\\/es\\\/#organization\"},\"potentialAction\":[{\"@type\":\"SearchAction\",\"target\":{\"@type\":\"EntryPoint\",\"urlTemplate\":\"https:\\\/\\\/al-anon.org\\\/es\\\/?s={search_term_string}\"},\"query-input\":{\"@type\":\"PropertyValueSpecification\",\"valueRequired\":true,\"valueName\":\"search_term_string\"}}],\"inLanguage\":\"es\"},{\"@type\":\"Organization\",\"@id\":\"https:\\\/\\\/al-anon.org\\\/es\\\/#organization\",\"name\":\"Al-Anon Family Group Headquarters, Inc.\",\"url\":\"https:\\\/\\\/al-anon.org\\\/es\\\/\",\"logo\":{\"@type\":\"ImageObject\",\"inLanguage\":\"es\",\"@id\":\"https:\\\/\\\/al-anon.org\\\/es\\\/#\\\/schema\\\/logo\\\/image\\\/\",\"url\":\"https:\\\/\\\/al-anon.org\\\/wp-content\\\/uploads\\\/2017\\\/04\\\/AFGlogo-e1492189694634.jpg\",\"contentUrl\":\"https:\\\/\\\/al-anon.org\\\/wp-content\\\/uploads\\\/2017\\\/04\\\/AFGlogo-e1492189694634.jpg\",\"width\":167,\"height\":50,\"caption\":\"Al-Anon Family Group Headquarters, Inc.\"},\"image\":{\"@id\":\"https:\\\/\\\/al-anon.org\\\/es\\\/#\\\/schema\\\/logo\\\/image\\\/\"},\"sameAs\":[\"http:\\\/\\\/www.facebook.com\\\/AlAnonFamilyGroupsWSO\",\"https:\\\/\\\/x.com\\\/AlAnon_WSO\",\"http:\\\/\\\/www.instagram.com\\\/alanon_wso\",\"https:\\\/\\\/www.linkedin.com\\\/company\\\/al-anon-wso\\\/\",\"https:\\\/\\\/www.youtube.com\\\/user\\\/AlAnonFamilyGroupHQ\\\/\"]}]}<\/script>\n<!-- \/ Yoast SEO plugin. -->","yoast_head_json":{"title":"Conferencia de Servicio Mundial (CSM) - Al-Anon Family Groups","description":"La Conferencia de Servicio Mundial pone a la disposici\u00f3n de toda la hermandad de Al\u2011Anon la eficacia de la conciencia de grupo. Es el medio pr\u00e1ctico a trav\u00e9s del cual la conciencia de grupo puede expresarse; es la voz de Al\u2011Anon en el mundo, y la garant\u00eda de que nuestros servicios mundiales continuar\u00e1n funcionando en todo momento.","robots":{"index":"index","follow":"follow","max-snippet":"max-snippet:-1","max-image-preview":"max-image-preview:large","max-video-preview":"max-video-preview:-1"},"canonical":"https:\/\/al-anon.org\/es\/para-los-miembros\/conferencia-de-servicio-mundial-csm\/","og_locale":"es_ES","og_type":"article","og_title":"Conferencia de Servicio Mundial (CSM) - Al-Anon Family Groups","og_description":"La Conferencia de Servicio Mundial pone a la disposici\u00f3n de toda la hermandad de Al\u2011Anon la eficacia de la conciencia de grupo. Es el medio pr\u00e1ctico a trav\u00e9s del cual la conciencia de grupo puede expresarse; es la voz de Al\u2011Anon en el mundo, y la garant\u00eda de que nuestros servicios mundiales continuar\u00e1n funcionando en todo momento.","og_url":"https:\/\/al-anon.org\/es\/para-los-miembros\/conferencia-de-servicio-mundial-csm\/","og_site_name":"Al-Anon Family Groups","article_publisher":"http:\/\/www.facebook.com\/AlAnonFamilyGroupsWSO","article_modified_time":"2023-08-22T17:51:17+00:00","og_image":[{"width":1360,"height":475,"url":"https:\/\/al-anon.org\/wp-content\/uploads\/WSC-3.jpg","type":"image\/jpeg"}],"twitter_card":"summary_large_image","twitter_site":"@AlAnon_WSO","twitter_misc":{"Tiempo de lectura":"5 minutos"},"schema":{"@context":"https:\/\/schema.org","@graph":[{"@type":"WebPage","@id":"https:\/\/al-anon.org\/es\/para-los-miembros\/conferencia-de-servicio-mundial-csm\/","url":"https:\/\/al-anon.org\/es\/para-los-miembros\/conferencia-de-servicio-mundial-csm\/","name":"Conferencia de Servicio Mundial (CSM) - Al-Anon Family Groups","isPartOf":{"@id":"https:\/\/al-anon.org\/es\/#website"},"primaryImageOfPage":{"@id":"https:\/\/al-anon.org\/es\/para-los-miembros\/conferencia-de-servicio-mundial-csm\/#primaryimage"},"image":{"@id":"https:\/\/al-anon.org\/es\/para-los-miembros\/conferencia-de-servicio-mundial-csm\/#primaryimage"},"thumbnailUrl":"https:\/\/al-anon.org\/wp-content\/uploads\/WSC-3.jpg","datePublished":"2017-12-14T14:34:30+00:00","dateModified":"2023-08-22T17:51:17+00:00","description":"La Conferencia de Servicio Mundial pone a la disposici\u00f3n de toda la hermandad de Al\u2011Anon la eficacia de la conciencia de grupo. Es el medio pr\u00e1ctico a trav\u00e9s del cual la conciencia de grupo puede expresarse; es la voz de Al\u2011Anon en el mundo, y la garant\u00eda de que nuestros servicios mundiales continuar\u00e1n funcionando en todo momento.","breadcrumb":{"@id":"https:\/\/al-anon.org\/es\/para-los-miembros\/conferencia-de-servicio-mundial-csm\/#breadcrumb"},"inLanguage":"es","potentialAction":[{"@type":"ReadAction","target":["https:\/\/al-anon.org\/es\/para-los-miembros\/conferencia-de-servicio-mundial-csm\/"]}]},{"@type":"ImageObject","inLanguage":"es","@id":"https:\/\/al-anon.org\/es\/para-los-miembros\/conferencia-de-servicio-mundial-csm\/#primaryimage","url":"https:\/\/al-anon.org\/wp-content\/uploads\/WSC-3.jpg","contentUrl":"https:\/\/al-anon.org\/wp-content\/uploads\/WSC-3.jpg","width":1360,"height":475},{"@type":"BreadcrumbList","@id":"https:\/\/al-anon.org\/es\/para-los-miembros\/conferencia-de-servicio-mundial-csm\/#breadcrumb","itemListElement":[{"@type":"ListItem","position":1,"name":"Para los miembros","item":"https:\/\/al-anon.org\/es\/para-los-miembros\/"},{"@type":"ListItem","position":2,"name":"Conferencia de Servicio Mundial (CSM)"}]},{"@type":"WebSite","@id":"https:\/\/al-anon.org\/es\/#website","url":"https:\/\/al-anon.org\/es\/","name":"Al-Anon Family Groups","description":"Help and hope for families and friends of alcoholics","publisher":{"@id":"https:\/\/al-anon.org\/es\/#organization"},"potentialAction":[{"@type":"SearchAction","target":{"@type":"EntryPoint","urlTemplate":"https:\/\/al-anon.org\/es\/?s={search_term_string}"},"query-input":{"@type":"PropertyValueSpecification","valueRequired":true,"valueName":"search_term_string"}}],"inLanguage":"es"},{"@type":"Organization","@id":"https:\/\/al-anon.org\/es\/#organization","name":"Al-Anon Family Group Headquarters, Inc.","url":"https:\/\/al-anon.org\/es\/","logo":{"@type":"ImageObject","inLanguage":"es","@id":"https:\/\/al-anon.org\/es\/#\/schema\/logo\/image\/","url":"https:\/\/al-anon.org\/wp-content\/uploads\/2017\/04\/AFGlogo-e1492189694634.jpg","contentUrl":"https:\/\/al-anon.org\/wp-content\/uploads\/2017\/04\/AFGlogo-e1492189694634.jpg","width":167,"height":50,"caption":"Al-Anon Family Group Headquarters, Inc."},"image":{"@id":"https:\/\/al-anon.org\/es\/#\/schema\/logo\/image\/"},"sameAs":["http:\/\/www.facebook.com\/AlAnonFamilyGroupsWSO","https:\/\/x.com\/AlAnon_WSO","http:\/\/www.instagram.com\/alanon_wso","https:\/\/www.linkedin.com\/company\/al-anon-wso\/","https:\/\/www.youtube.com\/user\/AlAnonFamilyGroupHQ\/"]}]}},"_links":{"self":[{"href":"https:\/\/al-anon.org\/es\/wp-json\/wp\/v2\/pages\/13146","targetHints":{"allow":["GET"]}}],"collection":[{"href":"https:\/\/al-anon.org\/es\/wp-json\/wp\/v2\/pages"}],"about":[{"href":"https:\/\/al-anon.org\/es\/wp-json\/wp\/v2\/types\/page"}],"author":[{"embeddable":true,"href":"https:\/\/al-anon.org\/es\/wp-json\/wp\/v2\/users\/36"}],"replies":[{"embeddable":true,"href":"https:\/\/al-anon.org\/es\/wp-json\/wp\/v2\/comments?post=13146"}],"version-history":[{"count":15,"href":"https:\/\/al-anon.org\/es\/wp-json\/wp\/v2\/pages\/13146\/revisions"}],"predecessor-version":[{"id":39901,"href":"https:\/\/al-anon.org\/es\/wp-json\/wp\/v2\/pages\/13146\/revisions\/39901"}],"up":[{"embeddable":true,"href":"https:\/\/al-anon.org\/es\/wp-json\/wp\/v2\/pages\/11251"}],"wp:featuredmedia":[{"embeddable":true,"href":"https:\/\/al-anon.org\/es\/wp-json\/wp\/v2\/media\/14092"}],"wp:attachment":[{"href":"https:\/\/al-anon.org\/es\/wp-json\/wp\/v2\/media?parent=13146"}],"curies":[{"name":"wp","href":"https:\/\/api.w.org\/{rel}","templated":true}]}}