{"id":12390,"date":"2017-11-20T10:24:47","date_gmt":"2017-11-20T15:24:47","guid":{"rendered":"https:\/\/al-anon.org\/?page_id=12390\/"},"modified":"2019-05-13T16:59:51","modified_gmt":"2019-05-13T20:59:51","slug":"internacional","status":"publish","type":"page","link":"https:\/\/al-anon.org\/es\/para-los-miembros\/internacional\/","title":{"rendered":"Internacional"},"content":{"rendered":"<p><div class=\"fusion-fullwidth fullwidth-box fusion-builder-row-1 nonhundred-percent-fullwidth non-hundred-percent-height-scrolling\" style=\"--awb-border-radius-top-left:0px;--awb-border-radius-top-right:0px;--awb-border-radius-bottom-right:0px;--awb-border-radius-bottom-left:0px;--awb-flex-wrap:wrap;\" ><div class=\"fusion-builder-row fusion-row\"><div class=\"fusion-layout-column fusion_builder_column fusion-builder-column-0 fusion_builder_column_1_1 1_1 fusion-one-full fusion-column-first fusion-column-last\" style=\"--awb-bg-size:cover;\"><div class=\"fusion-column-wrapper fusion-flex-column-wrapper-legacy\"><div class=\"fusion-text fusion-text-1\"><p>Las reuniones de Al\u2011Anon se llevan a cabo en m\u00e1s de 133 pa\u00edses. Hay 17 pa\u00edses con estructuras en desarrollo y 36 pa\u00edses con una estructura de servicio nacional o una Oficina de Servicios Generales. Las Oficinas de Servicios Generales de Al\u2011Anon y las estructuras en desarrollo son las compa\u00f1eras de la Oficina de Servicio Mundial en la comunidad internacional. Cada una de ellas funciona como una entidad de servicio distinta dentro de su respectivo pa\u00eds.<\/p>\n<p>Las traducciones de Literatura Aprobada por la Conferencia de Al\u2011Anon las inician miembros de Al\u2011Anon que viven en el pa\u00eds donde se habla el idioma. Todas las traducciones de Literatura Aprobada por la Conferencia de Al\u2011Anon a otros idiomas se deben someter a la Oficina de Servicio Mundial para su revisi\u00f3n y aprobaci\u00f3n antes de que se conceda el permiso para imprimir o reimprimir.<\/p>\n<p>Para m\u00e1s informaci\u00f3n, env\u00ede un correo electr\u00f3nico a: <a href=\"mailto:wso@al-anon.org?subject=Internacional\">wso@al-anon.org<\/a>.<\/p>\n<\/div><div class=\"fusion-clearfix\"><\/div><\/div><\/div><\/div><\/div><div class=\"fusion-fullwidth fullwidth-box fusion-builder-row-2 nonhundred-percent-fullwidth non-hundred-percent-height-scrolling\" style=\"--awb-border-radius-top-left:0px;--awb-border-radius-top-right:0px;--awb-border-radius-bottom-right:0px;--awb-border-radius-bottom-left:0px;--awb-flex-wrap:wrap;\" ><div class=\"fusion-builder-row fusion-row\"><div class=\"fusion-layout-column fusion_builder_column fusion-builder-column-1 fusion_builder_column_1_3 1_3 fusion-one-third fusion-column-first\" style=\"--awb-bg-size:cover;width:33.333333333333%;width:calc(33.333333333333% - ( ( 4% + 4% ) * 0.33333333333333 ) );margin-right: 4%;\"><div class=\"fusion-column-wrapper fusion-flex-column-wrapper-legacy\"><div class=\"fusion-text fusion-text-2\"><h3 style=\"text-align: center;\">Grupos en pa\u00edses que no cuentan con una estructura de servicio<\/h3>\n<p>Para los grupos en pa\u00edses que no cuentan con una estructura de servicio, la Oficina de Servicio Mundial (OSM) es su fuente de informaci\u00f3n.<\/p>\n<p><a href=\"https:\/\/al-anon.org\/es\/para-los-miembros\/internacional\/grupos-en-paises-que-no-cuentan-con-una-estructura-de-servicio\/\">Leer m\u00e1s<\/a><\/p>\n<\/div><div class=\"fusion-clearfix\"><\/div><\/div><\/div><div class=\"fusion-layout-column fusion_builder_column fusion-builder-column-2 fusion_builder_column_1_3 1_3 fusion-one-third\" style=\"--awb-bg-size:cover;width:33.333333333333%;width:calc(33.333333333333% - ( ( 4% + 4% ) * 0.33333333333333 ) );margin-right: 4%;\"><div class=\"fusion-column-wrapper fusion-flex-column-wrapper-legacy\"><div class=\"fusion-text fusion-text-3\"><h3 style=\"text-align: center;\">Pa\u00edses con una estructura de servicio en desarrollo<\/h3>\n<p>Las estructuras en desarrollo se definen como pa\u00edses que tienen un Servicio de Informaci\u00f3n de Al\u2011Anon o una estructura de servicio nacional en periodo de prueba.<\/p>\n<p><a href=\"https:\/\/al-anon.org\/es\/para-los-miembros\/internacional\/paises-con-una-estructura-de-servicio-en-desarrollo\/\">Leer m\u00e1s<\/a><\/p>\n<\/div><div class=\"fusion-clearfix\"><\/div><\/div><\/div><div class=\"fusion-layout-column fusion_builder_column fusion-builder-column-3 fusion_builder_column_1_3 1_3 fusion-one-third fusion-column-last\" style=\"--awb-bg-size:cover;width:33.333333333333%;width:calc(33.333333333333% - ( ( 4% + 4% ) * 0.33333333333333 ) );\"><div class=\"fusion-column-wrapper fusion-flex-column-wrapper-legacy\"><div class=\"fusion-text fusion-text-4\"><h3 style=\"text-align: center;\">Pa\u00edses que cuentan con una estructura de servicio nacional o una Oficina de Servicios Generales<\/h3>\n<p>Una Oficina de Servicios Generales (OSG) es una estructura de servicio nacional en un pa\u00eds fuera de la estructura de la Conferencia de Servicio Mundial.<\/p>\n<p><a href=\"https:\/\/al-anon.org\/es\/para-los-miembros\/internacional\/paises-que-cuentan-con-una-estructura-de-servicio-nacional-o-una-oficina-de-servicios-generales\/\">Leer m\u00e1s<\/a><\/p>\n<\/div><div class=\"fusion-clearfix\"><\/div><\/div><\/div><div class=\"fusion-layout-column fusion_builder_column fusion-builder-column-4 fusion_builder_column_1_1 1_1 fusion-one-full fusion-column-first fusion-column-last\" style=\"--awb-bg-size:cover;\"><div class=\"fusion-column-wrapper fusion-flex-column-wrapper-legacy\"><div class=\"fusion-sep-clear\"><\/div><div class=\"fusion-separator fusion-full-width-sep\" style=\"margin-left: auto;margin-right: auto;margin-top:2px;margin-bottom:2px;width:100%;\"><\/div><div class=\"fusion-sep-clear\"><\/div><div class=\"fusion-text fusion-text-5\"><h3 style=\"text-align: center;\">Resumen de la Reuni\u00f3n de Servicios Generales de Al\u2011Anon Internacional (RSGAI)<\/h3>\n<p>La Reuni\u00f3n de Servicios Generales de Al\u2011Anon Internacional (RSGAI) es una reuni\u00f3n de servicios que las Oficinas de Servicios Generales y las estructuras de servicio nacional celebran cada dos a\u00f1os.<\/p>\n<p><a href=\"https:\/\/al-anon.org\/es\/para-los-miembros\/internacional\/resumen-de-la-reunion-de-servicios-generales-de-al-anon-internacional-rsgai\/\">Leer m\u00e1s<\/a><\/p>\n<\/div><div class=\"fusion-clearfix\"><\/div><\/div><\/div><\/div><\/div><\/p>\n","protected":false},"excerpt":{"rendered":"","protected":false},"author":36,"featured_media":12373,"parent":11251,"menu_order":0,"comment_status":"closed","ping_status":"closed","template":"","meta":{"footnotes":""},"class_list":["post-12390","page","type-page","status-publish","has-post-thumbnail","hentry"],"yoast_head":"<!-- This site is optimized with the Yoast SEO plugin v27.5 - https:\/\/yoast.com\/product\/yoast-seo-wordpress\/ -->\n<title>Internacional - Al-Anon Family Groups<\/title>\n<meta name=\"robots\" content=\"index, follow, max-snippet:-1, max-image-preview:large, max-video-preview:-1\" \/>\n<link rel=\"canonical\" href=\"https:\/\/al-anon.org\/es\/para-los-miembros\/internacional\/\" \/>\n<meta property=\"og:locale\" content=\"es_ES\" \/>\n<meta property=\"og:type\" content=\"article\" \/>\n<meta property=\"og:title\" content=\"Internacional - Al-Anon Family Groups\" \/>\n<meta property=\"og:url\" content=\"https:\/\/al-anon.org\/es\/para-los-miembros\/internacional\/\" \/>\n<meta property=\"og:site_name\" content=\"Al-Anon Family Groups\" \/>\n<meta property=\"article:publisher\" content=\"http:\/\/www.facebook.com\/AlAnonFamilyGroupsWSO\" \/>\n<meta property=\"article:modified_time\" content=\"2019-05-13T20:59:51+00:00\" \/>\n<meta property=\"og:image\" content=\"https:\/\/al-anon.org\/wp-content\/uploads\/International_SP.jpg\" \/>\n\t<meta property=\"og:image:width\" content=\"1200\" \/>\n\t<meta property=\"og:image:height\" content=\"419\" \/>\n\t<meta property=\"og:image:type\" content=\"image\/jpeg\" \/>\n<meta name=\"twitter:card\" content=\"summary_large_image\" \/>\n<meta name=\"twitter:site\" content=\"@AlAnon_WSO\" \/>\n<meta name=\"twitter:label1\" content=\"Tiempo de lectura\" \/>\n\t<meta name=\"twitter:data1\" content=\"5 minutos\" \/>\n<script type=\"application\/ld+json\" class=\"yoast-schema-graph\">{\"@context\":\"https:\\\/\\\/schema.org\",\"@graph\":[{\"@type\":\"WebPage\",\"@id\":\"https:\\\/\\\/al-anon.org\\\/es\\\/para-los-miembros\\\/internacional\\\/\",\"url\":\"https:\\\/\\\/al-anon.org\\\/es\\\/para-los-miembros\\\/internacional\\\/\",\"name\":\"Internacional - Al-Anon Family Groups\",\"isPartOf\":{\"@id\":\"https:\\\/\\\/al-anon.org\\\/es\\\/#website\"},\"primaryImageOfPage\":{\"@id\":\"https:\\\/\\\/al-anon.org\\\/es\\\/para-los-miembros\\\/internacional\\\/#primaryimage\"},\"image\":{\"@id\":\"https:\\\/\\\/al-anon.org\\\/es\\\/para-los-miembros\\\/internacional\\\/#primaryimage\"},\"thumbnailUrl\":\"https:\\\/\\\/al-anon.org\\\/wp-content\\\/uploads\\\/International_SP.jpg\",\"datePublished\":\"2017-11-20T15:24:47+00:00\",\"dateModified\":\"2019-05-13T20:59:51+00:00\",\"breadcrumb\":{\"@id\":\"https:\\\/\\\/al-anon.org\\\/es\\\/para-los-miembros\\\/internacional\\\/#breadcrumb\"},\"inLanguage\":\"es\",\"potentialAction\":[{\"@type\":\"ReadAction\",\"target\":[\"https:\\\/\\\/al-anon.org\\\/es\\\/para-los-miembros\\\/internacional\\\/\"]}]},{\"@type\":\"ImageObject\",\"inLanguage\":\"es\",\"@id\":\"https:\\\/\\\/al-anon.org\\\/es\\\/para-los-miembros\\\/internacional\\\/#primaryimage\",\"url\":\"https:\\\/\\\/al-anon.org\\\/wp-content\\\/uploads\\\/International_SP.jpg\",\"contentUrl\":\"https:\\\/\\\/al-anon.org\\\/wp-content\\\/uploads\\\/International_SP.jpg\",\"width\":1200,\"height\":419},{\"@type\":\"BreadcrumbList\",\"@id\":\"https:\\\/\\\/al-anon.org\\\/es\\\/para-los-miembros\\\/internacional\\\/#breadcrumb\",\"itemListElement\":[{\"@type\":\"ListItem\",\"position\":1,\"name\":\"Para los miembros\",\"item\":\"https:\\\/\\\/al-anon.org\\\/es\\\/para-los-miembros\\\/\"},{\"@type\":\"ListItem\",\"position\":2,\"name\":\"Internacional\"}]},{\"@type\":\"WebSite\",\"@id\":\"https:\\\/\\\/al-anon.org\\\/es\\\/#website\",\"url\":\"https:\\\/\\\/al-anon.org\\\/es\\\/\",\"name\":\"Al-Anon Family Groups\",\"description\":\"Help and hope for families and friends of alcoholics\",\"publisher\":{\"@id\":\"https:\\\/\\\/al-anon.org\\\/es\\\/#organization\"},\"potentialAction\":[{\"@type\":\"SearchAction\",\"target\":{\"@type\":\"EntryPoint\",\"urlTemplate\":\"https:\\\/\\\/al-anon.org\\\/es\\\/?s={search_term_string}\"},\"query-input\":{\"@type\":\"PropertyValueSpecification\",\"valueRequired\":true,\"valueName\":\"search_term_string\"}}],\"inLanguage\":\"es\"},{\"@type\":\"Organization\",\"@id\":\"https:\\\/\\\/al-anon.org\\\/es\\\/#organization\",\"name\":\"Al-Anon Family Group Headquarters, Inc.\",\"url\":\"https:\\\/\\\/al-anon.org\\\/es\\\/\",\"logo\":{\"@type\":\"ImageObject\",\"inLanguage\":\"es\",\"@id\":\"https:\\\/\\\/al-anon.org\\\/es\\\/#\\\/schema\\\/logo\\\/image\\\/\",\"url\":\"https:\\\/\\\/al-anon.org\\\/wp-content\\\/uploads\\\/2017\\\/04\\\/AFGlogo-e1492189694634.jpg\",\"contentUrl\":\"https:\\\/\\\/al-anon.org\\\/wp-content\\\/uploads\\\/2017\\\/04\\\/AFGlogo-e1492189694634.jpg\",\"width\":167,\"height\":50,\"caption\":\"Al-Anon Family Group Headquarters, Inc.\"},\"image\":{\"@id\":\"https:\\\/\\\/al-anon.org\\\/es\\\/#\\\/schema\\\/logo\\\/image\\\/\"},\"sameAs\":[\"http:\\\/\\\/www.facebook.com\\\/AlAnonFamilyGroupsWSO\",\"https:\\\/\\\/x.com\\\/AlAnon_WSO\",\"http:\\\/\\\/www.instagram.com\\\/alanon_wso\",\"https:\\\/\\\/www.linkedin.com\\\/company\\\/al-anon-wso\\\/\",\"https:\\\/\\\/www.youtube.com\\\/user\\\/AlAnonFamilyGroupHQ\\\/\"]}]}<\/script>\n<!-- \/ Yoast SEO plugin. -->","yoast_head_json":{"title":"Internacional - Al-Anon Family Groups","robots":{"index":"index","follow":"follow","max-snippet":"max-snippet:-1","max-image-preview":"max-image-preview:large","max-video-preview":"max-video-preview:-1"},"canonical":"https:\/\/al-anon.org\/es\/para-los-miembros\/internacional\/","og_locale":"es_ES","og_type":"article","og_title":"Internacional - Al-Anon Family Groups","og_url":"https:\/\/al-anon.org\/es\/para-los-miembros\/internacional\/","og_site_name":"Al-Anon Family Groups","article_publisher":"http:\/\/www.facebook.com\/AlAnonFamilyGroupsWSO","article_modified_time":"2019-05-13T20:59:51+00:00","og_image":[{"width":1200,"height":419,"url":"https:\/\/al-anon.org\/wp-content\/uploads\/International_SP.jpg","type":"image\/jpeg"}],"twitter_card":"summary_large_image","twitter_site":"@AlAnon_WSO","twitter_misc":{"Tiempo de lectura":"5 minutos"},"schema":{"@context":"https:\/\/schema.org","@graph":[{"@type":"WebPage","@id":"https:\/\/al-anon.org\/es\/para-los-miembros\/internacional\/","url":"https:\/\/al-anon.org\/es\/para-los-miembros\/internacional\/","name":"Internacional - Al-Anon Family Groups","isPartOf":{"@id":"https:\/\/al-anon.org\/es\/#website"},"primaryImageOfPage":{"@id":"https:\/\/al-anon.org\/es\/para-los-miembros\/internacional\/#primaryimage"},"image":{"@id":"https:\/\/al-anon.org\/es\/para-los-miembros\/internacional\/#primaryimage"},"thumbnailUrl":"https:\/\/al-anon.org\/wp-content\/uploads\/International_SP.jpg","datePublished":"2017-11-20T15:24:47+00:00","dateModified":"2019-05-13T20:59:51+00:00","breadcrumb":{"@id":"https:\/\/al-anon.org\/es\/para-los-miembros\/internacional\/#breadcrumb"},"inLanguage":"es","potentialAction":[{"@type":"ReadAction","target":["https:\/\/al-anon.org\/es\/para-los-miembros\/internacional\/"]}]},{"@type":"ImageObject","inLanguage":"es","@id":"https:\/\/al-anon.org\/es\/para-los-miembros\/internacional\/#primaryimage","url":"https:\/\/al-anon.org\/wp-content\/uploads\/International_SP.jpg","contentUrl":"https:\/\/al-anon.org\/wp-content\/uploads\/International_SP.jpg","width":1200,"height":419},{"@type":"BreadcrumbList","@id":"https:\/\/al-anon.org\/es\/para-los-miembros\/internacional\/#breadcrumb","itemListElement":[{"@type":"ListItem","position":1,"name":"Para los miembros","item":"https:\/\/al-anon.org\/es\/para-los-miembros\/"},{"@type":"ListItem","position":2,"name":"Internacional"}]},{"@type":"WebSite","@id":"https:\/\/al-anon.org\/es\/#website","url":"https:\/\/al-anon.org\/es\/","name":"Al-Anon Family Groups","description":"Help and hope for families and friends of alcoholics","publisher":{"@id":"https:\/\/al-anon.org\/es\/#organization"},"potentialAction":[{"@type":"SearchAction","target":{"@type":"EntryPoint","urlTemplate":"https:\/\/al-anon.org\/es\/?s={search_term_string}"},"query-input":{"@type":"PropertyValueSpecification","valueRequired":true,"valueName":"search_term_string"}}],"inLanguage":"es"},{"@type":"Organization","@id":"https:\/\/al-anon.org\/es\/#organization","name":"Al-Anon Family Group Headquarters, Inc.","url":"https:\/\/al-anon.org\/es\/","logo":{"@type":"ImageObject","inLanguage":"es","@id":"https:\/\/al-anon.org\/es\/#\/schema\/logo\/image\/","url":"https:\/\/al-anon.org\/wp-content\/uploads\/2017\/04\/AFGlogo-e1492189694634.jpg","contentUrl":"https:\/\/al-anon.org\/wp-content\/uploads\/2017\/04\/AFGlogo-e1492189694634.jpg","width":167,"height":50,"caption":"Al-Anon Family Group Headquarters, Inc."},"image":{"@id":"https:\/\/al-anon.org\/es\/#\/schema\/logo\/image\/"},"sameAs":["http:\/\/www.facebook.com\/AlAnonFamilyGroupsWSO","https:\/\/x.com\/AlAnon_WSO","http:\/\/www.instagram.com\/alanon_wso","https:\/\/www.linkedin.com\/company\/al-anon-wso\/","https:\/\/www.youtube.com\/user\/AlAnonFamilyGroupHQ\/"]}]}},"_links":{"self":[{"href":"https:\/\/al-anon.org\/es\/wp-json\/wp\/v2\/pages\/12390","targetHints":{"allow":["GET"]}}],"collection":[{"href":"https:\/\/al-anon.org\/es\/wp-json\/wp\/v2\/pages"}],"about":[{"href":"https:\/\/al-anon.org\/es\/wp-json\/wp\/v2\/types\/page"}],"author":[{"embeddable":true,"href":"https:\/\/al-anon.org\/es\/wp-json\/wp\/v2\/users\/36"}],"replies":[{"embeddable":true,"href":"https:\/\/al-anon.org\/es\/wp-json\/wp\/v2\/comments?post=12390"}],"version-history":[{"count":8,"href":"https:\/\/al-anon.org\/es\/wp-json\/wp\/v2\/pages\/12390\/revisions"}],"predecessor-version":[{"id":24883,"href":"https:\/\/al-anon.org\/es\/wp-json\/wp\/v2\/pages\/12390\/revisions\/24883"}],"up":[{"embeddable":true,"href":"https:\/\/al-anon.org\/es\/wp-json\/wp\/v2\/pages\/11251"}],"wp:featuredmedia":[{"embeddable":true,"href":"https:\/\/al-anon.org\/es\/wp-json\/wp\/v2\/media\/12373"}],"wp:attachment":[{"href":"https:\/\/al-anon.org\/es\/wp-json\/wp\/v2\/media?parent=12390"}],"curies":[{"name":"wp","href":"https:\/\/api.w.org\/{rel}","templated":true}]}}