{"id":11561,"date":"2017-10-31T13:58:26","date_gmt":"2017-10-31T17:58:26","guid":{"rendered":"https:\/\/al-anon.org\/?page_id=11561\/"},"modified":"2019-05-14T14:11:31","modified_gmt":"2019-05-14T18:11:31","slug":"difusion-las-instituciones","status":"publish","type":"page","link":"https:\/\/al-anon.org\/es\/para-los-miembros\/difusion-publica\/difusion-las-instituciones\/","title":{"rendered":"Difusi\u00f3n a las instituciones"},"content":{"rendered":"<div class=\"fusion-fullwidth fullwidth-box fusion-builder-row-1 nonhundred-percent-fullwidth non-hundred-percent-height-scrolling\" style=\"--awb-border-radius-top-left:0px;--awb-border-radius-top-right:0px;--awb-border-radius-bottom-right:0px;--awb-border-radius-bottom-left:0px;--awb-flex-wrap:wrap;\" ><div class=\"fusion-builder-row fusion-row\"><div class=\"fusion-layout-column fusion_builder_column fusion-builder-column-0 fusion_builder_column_1_1 1_1 fusion-one-full fusion-column-first fusion-column-last\" style=\"--awb-bg-size:cover;\"><div class=\"fusion-column-wrapper fusion-flex-column-wrapper-legacy\"><div class=\"fusion-text fusion-text-1\"><h3 style=\"text-align: center;\">Difusi\u00f3n a las instituciones<\/h3>\n<\/div><div class=\"fusion-text fusion-text-2\"><p>Las instituciones son organizaciones tales como centros de tratamiento, hospitales, salas de psiquiatr\u00eda y refugios para crisis o abuso que brindan servicios a personas alcoh\u00f3licas y a sus familiares. Las organizaciones pueden ofrecer servicios residenciales y no residenciales. Algunas instituciones, tales como los centros correccionales o los refugios para crisis o abuso no son accesibles al p\u00fablico en general.<\/p>\n<p>Las actividades de difusi\u00f3n en las instituciones implican llevar informaci\u00f3n y reuniones de presentaci\u00f3n de Al\u2011Anon a quienes reciben atenci\u00f3n residencial o no residencial. Nuestro objetivo es animar a los miembros de la familia a que asistan a reuniones de Al\u2011Anon en su comunidad.<\/p>\n<p>El papel que desempe\u00f1amos en los centros correccionales es ayudarles a formar grupos de \u00abacceso limitado\u00bb de Al\u2011Anon o Alateen. Las ramas de servicio de Al\u2011Anon, por ejemplo: Zonas, distritos, o Servicios de Informaci\u00f3n de Al\u2011Anon apadrinan a estos grupos. Ellos proporcionan voluntarios de Al\u2011Anon para que ayuden con las reuniones y la literatura de los grupos.<\/p>\n<p>A continuaci\u00f3n le ofrecemos una lista con algunos de los instrumentos de servicio disponibles para su uso. Por favor observe que algunos de los instrumentos en la lista est\u00e1n disponibles en l\u00ednea; los dem\u00e1s puede pedirlos por medio de su Centro de Distribuci\u00f3n de Publicaciones (CDP) o de la Oficina de Servicio Mundial (OSM).<\/p>\n<ul>\n<li><a href=\"\/pdf\/BestOfPO-ES.pdf\"><em>Lo mejor de la Difusi\u00f3n P\u00fablica<\/em><\/a><\/li>\n<li><a href=\"\/pdf\/P81ES.pdf\"><em>Lo que sucede luego del tratamiento<\/em> (P-81ES)<\/a><\/li>\n<li><a href=\"\/pdf\/P82ES.pdf\"><em>Viviendo en un albergue<\/em> (P-82ES)<\/a><\/li>\n<li><a href=\"\/pdf\/P89ES.pdf\"><em>\u00bfDudas acaso de tu cordura?<\/em> (P-89ES)<\/a><\/li>\n<\/ul>\n<\/div><div class=\"fusion-clearfix\"><\/div><\/div><\/div><\/div><\/div>\n","protected":false},"excerpt":{"rendered":"","protected":false},"author":36,"featured_media":0,"parent":11575,"menu_order":0,"comment_status":"closed","ping_status":"closed","template":"","meta":{"footnotes":""},"class_list":["post-11561","page","type-page","status-publish","hentry"],"yoast_head":"<!-- This site is optimized with the Yoast SEO plugin v27.4 - https:\/\/yoast.com\/product\/yoast-seo-wordpress\/ -->\n<title>Difusi\u00f3n a las instituciones - Al-Anon Family Groups<\/title>\n<meta name=\"robots\" content=\"index, follow, max-snippet:-1, max-image-preview:large, max-video-preview:-1\" \/>\n<link rel=\"canonical\" href=\"https:\/\/al-anon.org\/es\/para-los-miembros\/difusion-publica\/difusion-las-instituciones\/\" \/>\n<meta property=\"og:locale\" content=\"es_ES\" \/>\n<meta property=\"og:type\" content=\"article\" \/>\n<meta property=\"og:title\" content=\"Difusi\u00f3n a las instituciones - Al-Anon Family Groups\" \/>\n<meta property=\"og:url\" content=\"https:\/\/al-anon.org\/es\/para-los-miembros\/difusion-publica\/difusion-las-instituciones\/\" \/>\n<meta property=\"og:site_name\" content=\"Al-Anon Family Groups\" \/>\n<meta property=\"article:publisher\" content=\"http:\/\/www.facebook.com\/AlAnonFamilyGroupsWSO\" \/>\n<meta property=\"article:modified_time\" content=\"2019-05-14T18:11:31+00:00\" \/>\n<meta name=\"twitter:card\" content=\"summary_large_image\" \/>\n<meta name=\"twitter:site\" content=\"@AlAnon_WSO\" \/>\n<meta name=\"twitter:label1\" content=\"Tiempo de lectura\" \/>\n\t<meta name=\"twitter:data1\" content=\"2 minutos\" \/>\n<script type=\"application\/ld+json\" class=\"yoast-schema-graph\">{\"@context\":\"https:\\\/\\\/schema.org\",\"@graph\":[{\"@type\":\"WebPage\",\"@id\":\"https:\\\/\\\/al-anon.org\\\/es\\\/para-los-miembros\\\/difusion-publica\\\/difusion-las-instituciones\\\/\",\"url\":\"https:\\\/\\\/al-anon.org\\\/es\\\/para-los-miembros\\\/difusion-publica\\\/difusion-las-instituciones\\\/\",\"name\":\"Difusi\u00f3n a las instituciones - Al-Anon Family Groups\",\"isPartOf\":{\"@id\":\"https:\\\/\\\/al-anon.org\\\/es\\\/#website\"},\"datePublished\":\"2017-10-31T17:58:26+00:00\",\"dateModified\":\"2019-05-14T18:11:31+00:00\",\"breadcrumb\":{\"@id\":\"https:\\\/\\\/al-anon.org\\\/es\\\/para-los-miembros\\\/difusion-publica\\\/difusion-las-instituciones\\\/#breadcrumb\"},\"inLanguage\":\"es\",\"potentialAction\":[{\"@type\":\"ReadAction\",\"target\":[\"https:\\\/\\\/al-anon.org\\\/es\\\/para-los-miembros\\\/difusion-publica\\\/difusion-las-instituciones\\\/\"]}]},{\"@type\":\"BreadcrumbList\",\"@id\":\"https:\\\/\\\/al-anon.org\\\/es\\\/para-los-miembros\\\/difusion-publica\\\/difusion-las-instituciones\\\/#breadcrumb\",\"itemListElement\":[{\"@type\":\"ListItem\",\"position\":1,\"name\":\"Para los miembros\",\"item\":\"https:\\\/\\\/al-anon.org\\\/es\\\/para-los-miembros\\\/\"},{\"@type\":\"ListItem\",\"position\":2,\"name\":\"Difusi\u00f3n p\u00fablica\",\"item\":\"https:\\\/\\\/al-anon.org\\\/es\\\/para-los-miembros\\\/difusion-publica\\\/\"},{\"@type\":\"ListItem\",\"position\":3,\"name\":\"Difusi\u00f3n a las instituciones\"}]},{\"@type\":\"WebSite\",\"@id\":\"https:\\\/\\\/al-anon.org\\\/es\\\/#website\",\"url\":\"https:\\\/\\\/al-anon.org\\\/es\\\/\",\"name\":\"Al-Anon Family Groups\",\"description\":\"Help and hope for families and friends of alcoholics\",\"publisher\":{\"@id\":\"https:\\\/\\\/al-anon.org\\\/es\\\/#organization\"},\"potentialAction\":[{\"@type\":\"SearchAction\",\"target\":{\"@type\":\"EntryPoint\",\"urlTemplate\":\"https:\\\/\\\/al-anon.org\\\/es\\\/?s={search_term_string}\"},\"query-input\":{\"@type\":\"PropertyValueSpecification\",\"valueRequired\":true,\"valueName\":\"search_term_string\"}}],\"inLanguage\":\"es\"},{\"@type\":\"Organization\",\"@id\":\"https:\\\/\\\/al-anon.org\\\/es\\\/#organization\",\"name\":\"Al-Anon Family Group Headquarters, Inc.\",\"url\":\"https:\\\/\\\/al-anon.org\\\/es\\\/\",\"logo\":{\"@type\":\"ImageObject\",\"inLanguage\":\"es\",\"@id\":\"https:\\\/\\\/al-anon.org\\\/es\\\/#\\\/schema\\\/logo\\\/image\\\/\",\"url\":\"https:\\\/\\\/al-anon.org\\\/wp-content\\\/uploads\\\/2017\\\/04\\\/AFGlogo-e1492189694634.jpg\",\"contentUrl\":\"https:\\\/\\\/al-anon.org\\\/wp-content\\\/uploads\\\/2017\\\/04\\\/AFGlogo-e1492189694634.jpg\",\"width\":167,\"height\":50,\"caption\":\"Al-Anon Family Group Headquarters, Inc.\"},\"image\":{\"@id\":\"https:\\\/\\\/al-anon.org\\\/es\\\/#\\\/schema\\\/logo\\\/image\\\/\"},\"sameAs\":[\"http:\\\/\\\/www.facebook.com\\\/AlAnonFamilyGroupsWSO\",\"https:\\\/\\\/x.com\\\/AlAnon_WSO\",\"http:\\\/\\\/www.instagram.com\\\/alanon_wso\",\"https:\\\/\\\/www.linkedin.com\\\/company\\\/al-anon-wso\\\/\",\"https:\\\/\\\/www.youtube.com\\\/user\\\/AlAnonFamilyGroupHQ\\\/\"]}]}<\/script>\n<!-- \/ Yoast SEO plugin. -->","yoast_head_json":{"title":"Difusi\u00f3n a las instituciones - Al-Anon Family Groups","robots":{"index":"index","follow":"follow","max-snippet":"max-snippet:-1","max-image-preview":"max-image-preview:large","max-video-preview":"max-video-preview:-1"},"canonical":"https:\/\/al-anon.org\/es\/para-los-miembros\/difusion-publica\/difusion-las-instituciones\/","og_locale":"es_ES","og_type":"article","og_title":"Difusi\u00f3n a las instituciones - Al-Anon Family Groups","og_url":"https:\/\/al-anon.org\/es\/para-los-miembros\/difusion-publica\/difusion-las-instituciones\/","og_site_name":"Al-Anon Family Groups","article_publisher":"http:\/\/www.facebook.com\/AlAnonFamilyGroupsWSO","article_modified_time":"2019-05-14T18:11:31+00:00","twitter_card":"summary_large_image","twitter_site":"@AlAnon_WSO","twitter_misc":{"Tiempo de lectura":"2 minutos"},"schema":{"@context":"https:\/\/schema.org","@graph":[{"@type":"WebPage","@id":"https:\/\/al-anon.org\/es\/para-los-miembros\/difusion-publica\/difusion-las-instituciones\/","url":"https:\/\/al-anon.org\/es\/para-los-miembros\/difusion-publica\/difusion-las-instituciones\/","name":"Difusi\u00f3n a las instituciones - Al-Anon Family Groups","isPartOf":{"@id":"https:\/\/al-anon.org\/es\/#website"},"datePublished":"2017-10-31T17:58:26+00:00","dateModified":"2019-05-14T18:11:31+00:00","breadcrumb":{"@id":"https:\/\/al-anon.org\/es\/para-los-miembros\/difusion-publica\/difusion-las-instituciones\/#breadcrumb"},"inLanguage":"es","potentialAction":[{"@type":"ReadAction","target":["https:\/\/al-anon.org\/es\/para-los-miembros\/difusion-publica\/difusion-las-instituciones\/"]}]},{"@type":"BreadcrumbList","@id":"https:\/\/al-anon.org\/es\/para-los-miembros\/difusion-publica\/difusion-las-instituciones\/#breadcrumb","itemListElement":[{"@type":"ListItem","position":1,"name":"Para los miembros","item":"https:\/\/al-anon.org\/es\/para-los-miembros\/"},{"@type":"ListItem","position":2,"name":"Difusi\u00f3n p\u00fablica","item":"https:\/\/al-anon.org\/es\/para-los-miembros\/difusion-publica\/"},{"@type":"ListItem","position":3,"name":"Difusi\u00f3n a las instituciones"}]},{"@type":"WebSite","@id":"https:\/\/al-anon.org\/es\/#website","url":"https:\/\/al-anon.org\/es\/","name":"Al-Anon Family Groups","description":"Help and hope for families and friends of alcoholics","publisher":{"@id":"https:\/\/al-anon.org\/es\/#organization"},"potentialAction":[{"@type":"SearchAction","target":{"@type":"EntryPoint","urlTemplate":"https:\/\/al-anon.org\/es\/?s={search_term_string}"},"query-input":{"@type":"PropertyValueSpecification","valueRequired":true,"valueName":"search_term_string"}}],"inLanguage":"es"},{"@type":"Organization","@id":"https:\/\/al-anon.org\/es\/#organization","name":"Al-Anon Family Group Headquarters, Inc.","url":"https:\/\/al-anon.org\/es\/","logo":{"@type":"ImageObject","inLanguage":"es","@id":"https:\/\/al-anon.org\/es\/#\/schema\/logo\/image\/","url":"https:\/\/al-anon.org\/wp-content\/uploads\/2017\/04\/AFGlogo-e1492189694634.jpg","contentUrl":"https:\/\/al-anon.org\/wp-content\/uploads\/2017\/04\/AFGlogo-e1492189694634.jpg","width":167,"height":50,"caption":"Al-Anon Family Group Headquarters, Inc."},"image":{"@id":"https:\/\/al-anon.org\/es\/#\/schema\/logo\/image\/"},"sameAs":["http:\/\/www.facebook.com\/AlAnonFamilyGroupsWSO","https:\/\/x.com\/AlAnon_WSO","http:\/\/www.instagram.com\/alanon_wso","https:\/\/www.linkedin.com\/company\/al-anon-wso\/","https:\/\/www.youtube.com\/user\/AlAnonFamilyGroupHQ\/"]}]}},"_links":{"self":[{"href":"https:\/\/al-anon.org\/es\/wp-json\/wp\/v2\/pages\/11561","targetHints":{"allow":["GET"]}}],"collection":[{"href":"https:\/\/al-anon.org\/es\/wp-json\/wp\/v2\/pages"}],"about":[{"href":"https:\/\/al-anon.org\/es\/wp-json\/wp\/v2\/types\/page"}],"author":[{"embeddable":true,"href":"https:\/\/al-anon.org\/es\/wp-json\/wp\/v2\/users\/36"}],"replies":[{"embeddable":true,"href":"https:\/\/al-anon.org\/es\/wp-json\/wp\/v2\/comments?post=11561"}],"version-history":[{"count":7,"href":"https:\/\/al-anon.org\/es\/wp-json\/wp\/v2\/pages\/11561\/revisions"}],"predecessor-version":[{"id":24946,"href":"https:\/\/al-anon.org\/es\/wp-json\/wp\/v2\/pages\/11561\/revisions\/24946"}],"up":[{"embeddable":true,"href":"https:\/\/al-anon.org\/es\/wp-json\/wp\/v2\/pages\/11575"}],"wp:attachment":[{"href":"https:\/\/al-anon.org\/es\/wp-json\/wp\/v2\/media?parent=11561"}],"curies":[{"name":"wp","href":"https:\/\/api.w.org\/{rel}","templated":true}]}}