{"id":11446,"date":"2017-10-30T12:21:13","date_gmt":"2017-10-30T16:21:13","guid":{"rendered":"https:\/\/al-anon.org\/?page_id=11446\/"},"modified":"2019-05-14T15:44:42","modified_gmt":"2019-05-14T19:44:42","slug":"paises-que-cuentan-con-una-estructura-de-servicio-nacional-o-una-oficina-de-servicios-generales","status":"publish","type":"page","link":"https:\/\/al-anon.org\/es\/para-los-miembros\/internacional\/paises-que-cuentan-con-una-estructura-de-servicio-nacional-o-una-oficina-de-servicios-generales\/","title":{"rendered":"Pa\u00edses que cuentan con una estructura de servicio nacional o una Oficina de Servicios Generales"},"content":{"rendered":"<div class=\"fusion-fullwidth fullwidth-box fusion-builder-row-1 nonhundred-percent-fullwidth non-hundred-percent-height-scrolling\" style=\"--awb-border-radius-top-left:0px;--awb-border-radius-top-right:0px;--awb-border-radius-bottom-right:0px;--awb-border-radius-bottom-left:0px;--awb-flex-wrap:wrap;\" ><div class=\"fusion-builder-row fusion-row\"><div class=\"fusion-layout-column fusion_builder_column fusion-builder-column-0 fusion_builder_column_1_1 1_1 fusion-one-full fusion-column-first fusion-column-last\" style=\"--awb-bg-size:cover;\"><div class=\"fusion-column-wrapper fusion-flex-column-wrapper-legacy\"><div class=\"fusion-text fusion-text-1\"><h3 style=\"text-align: center;\">Pa\u00edses que cuentan con una estructura de servicio nacional o una Oficina de Servicios Generales<\/h3>\n<\/div><div class=\"fusion-text fusion-text-2\"><p>El t\u00e9rmino: Oficina de Servicios Generales (OSG), se le concede a una estructura de servicio nacional en un pa\u00eds fuera de la estructura de la Conferencia de Servicio Mundial. Las Oficinas de Servicios Generales se vinculan con la Oficina de Servicio Mundial por medio del Comit\u00e9 de Coordinaci\u00f3n Internacional.<\/p>\n<p>Los miembros que viven en pa\u00edses que cuentan con una estructura de servicio nacional o una Oficina de Servicios Generales deber\u00e1n ponerse en contacto con esa oficina cuando tengan preguntas relacionadas con la estructura de servicio. Para informaci\u00f3n sobre el contacto de su estructura de servicio, visite\u00a0\u00ab<a href=\"https:\/\/al-anon.org\/es\/reuniones-de-al-anon\/contactos-de-al-anon-a-nivel-mundial\/\">Contactos de Al-Anon a nivel mundial<\/a>\u00bb en el sitio web de la Oficina de Servicio Mundial.<\/p>\n<p>Seguidamente aparecen enlaces para acceder a informaci\u00f3n \u00fatil para pa\u00edses que planean formar un Servicio de Informaci\u00f3n de Al\u2011Anon<\/p>\n<ul>\n<li><a href=\"\/pdf\/SP2427_2014.pdf\"><em>Manual de Servicio de Al\u2011Anon y Alateen<\/em> (SP\u201124\/27)<\/a><\/li>\n<li><a href=\"https:\/\/al-anon.org\/es\/para-los-miembros\/internacional\/resumen-de-la-reunion-de-servicios-generales-de-al-anon-internacional-rsgai\/\">Resumen de la Reuni\u00f3n de Servicios Generales de Al\u2011Anon Internacional (RSGAI) (publicado solo en ingl\u00e9s)<\/a><\/li>\n<li><a href=\"\/member-resources\/world-service-conference-summary\/\">Resumen de la Conferencia de Servicio Mundial (CSM) (publicado solo en ingl\u00e9s)<\/a><\/li>\n<\/ul>\n<p>Para m\u00e1s informaci\u00f3n, env\u00ede un correo electr\u00f3nico a: <a href=\"mailto:wso@al-anon.org?subject=Internacional\">wso@al-anon.org.<\/a><\/p>\n<\/div><div class=\"fusion-clearfix\"><\/div><\/div><\/div><\/div><\/div>\n","protected":false},"excerpt":{"rendered":"","protected":false},"author":36,"featured_media":0,"parent":12390,"menu_order":0,"comment_status":"closed","ping_status":"closed","template":"","meta":{"footnotes":""},"class_list":["post-11446","page","type-page","status-publish","hentry"],"yoast_head":"<!-- This site is optimized with the Yoast SEO plugin v27.5 - https:\/\/yoast.com\/product\/yoast-seo-wordpress\/ -->\n<title>Pa\u00edses que cuentan con una estructura de servicio nacional o una Oficina de Servicios Generales - Al-Anon Family Groups<\/title>\n<meta name=\"robots\" content=\"index, follow, max-snippet:-1, max-image-preview:large, max-video-preview:-1\" \/>\n<link rel=\"canonical\" href=\"https:\/\/al-anon.org\/es\/para-los-miembros\/internacional\/paises-que-cuentan-con-una-estructura-de-servicio-nacional-o-una-oficina-de-servicios-generales\/\" \/>\n<meta property=\"og:locale\" content=\"es_ES\" \/>\n<meta property=\"og:type\" content=\"article\" \/>\n<meta property=\"og:title\" content=\"Pa\u00edses que cuentan con una estructura de servicio nacional o una Oficina de Servicios Generales - Al-Anon Family Groups\" \/>\n<meta property=\"og:url\" content=\"https:\/\/al-anon.org\/es\/para-los-miembros\/internacional\/paises-que-cuentan-con-una-estructura-de-servicio-nacional-o-una-oficina-de-servicios-generales\/\" \/>\n<meta property=\"og:site_name\" content=\"Al-Anon Family Groups\" \/>\n<meta property=\"article:publisher\" content=\"http:\/\/www.facebook.com\/AlAnonFamilyGroupsWSO\" \/>\n<meta property=\"article:modified_time\" content=\"2019-05-14T19:44:42+00:00\" \/>\n<meta name=\"twitter:card\" content=\"summary_large_image\" \/>\n<meta name=\"twitter:site\" content=\"@AlAnon_WSO\" \/>\n<meta name=\"twitter:label1\" content=\"Tiempo de lectura\" \/>\n\t<meta name=\"twitter:data1\" content=\"2 minutos\" \/>\n<script type=\"application\/ld+json\" class=\"yoast-schema-graph\">{\"@context\":\"https:\\\/\\\/schema.org\",\"@graph\":[{\"@type\":\"WebPage\",\"@id\":\"https:\\\/\\\/al-anon.org\\\/es\\\/para-los-miembros\\\/internacional\\\/paises-que-cuentan-con-una-estructura-de-servicio-nacional-o-una-oficina-de-servicios-generales\\\/\",\"url\":\"https:\\\/\\\/al-anon.org\\\/es\\\/para-los-miembros\\\/internacional\\\/paises-que-cuentan-con-una-estructura-de-servicio-nacional-o-una-oficina-de-servicios-generales\\\/\",\"name\":\"Pa\u00edses que cuentan con una estructura de servicio nacional o una Oficina de Servicios Generales - Al-Anon Family Groups\",\"isPartOf\":{\"@id\":\"https:\\\/\\\/al-anon.org\\\/es\\\/#website\"},\"datePublished\":\"2017-10-30T16:21:13+00:00\",\"dateModified\":\"2019-05-14T19:44:42+00:00\",\"breadcrumb\":{\"@id\":\"https:\\\/\\\/al-anon.org\\\/es\\\/para-los-miembros\\\/internacional\\\/paises-que-cuentan-con-una-estructura-de-servicio-nacional-o-una-oficina-de-servicios-generales\\\/#breadcrumb\"},\"inLanguage\":\"es\",\"potentialAction\":[{\"@type\":\"ReadAction\",\"target\":[\"https:\\\/\\\/al-anon.org\\\/es\\\/para-los-miembros\\\/internacional\\\/paises-que-cuentan-con-una-estructura-de-servicio-nacional-o-una-oficina-de-servicios-generales\\\/\"]}]},{\"@type\":\"BreadcrumbList\",\"@id\":\"https:\\\/\\\/al-anon.org\\\/es\\\/para-los-miembros\\\/internacional\\\/paises-que-cuentan-con-una-estructura-de-servicio-nacional-o-una-oficina-de-servicios-generales\\\/#breadcrumb\",\"itemListElement\":[{\"@type\":\"ListItem\",\"position\":1,\"name\":\"Para los miembros\",\"item\":\"https:\\\/\\\/al-anon.org\\\/es\\\/para-los-miembros\\\/\"},{\"@type\":\"ListItem\",\"position\":2,\"name\":\"Internacional\",\"item\":\"https:\\\/\\\/al-anon.org\\\/es\\\/para-los-miembros\\\/internacional\\\/\"},{\"@type\":\"ListItem\",\"position\":3,\"name\":\"Pa\u00edses que cuentan con una estructura de servicio nacional o una Oficina de Servicios Generales\"}]},{\"@type\":\"WebSite\",\"@id\":\"https:\\\/\\\/al-anon.org\\\/es\\\/#website\",\"url\":\"https:\\\/\\\/al-anon.org\\\/es\\\/\",\"name\":\"Al-Anon Family Groups\",\"description\":\"Help and hope for families and friends of alcoholics\",\"publisher\":{\"@id\":\"https:\\\/\\\/al-anon.org\\\/es\\\/#organization\"},\"potentialAction\":[{\"@type\":\"SearchAction\",\"target\":{\"@type\":\"EntryPoint\",\"urlTemplate\":\"https:\\\/\\\/al-anon.org\\\/es\\\/?s={search_term_string}\"},\"query-input\":{\"@type\":\"PropertyValueSpecification\",\"valueRequired\":true,\"valueName\":\"search_term_string\"}}],\"inLanguage\":\"es\"},{\"@type\":\"Organization\",\"@id\":\"https:\\\/\\\/al-anon.org\\\/es\\\/#organization\",\"name\":\"Al-Anon Family Group Headquarters, Inc.\",\"url\":\"https:\\\/\\\/al-anon.org\\\/es\\\/\",\"logo\":{\"@type\":\"ImageObject\",\"inLanguage\":\"es\",\"@id\":\"https:\\\/\\\/al-anon.org\\\/es\\\/#\\\/schema\\\/logo\\\/image\\\/\",\"url\":\"https:\\\/\\\/al-anon.org\\\/wp-content\\\/uploads\\\/2017\\\/04\\\/AFGlogo-e1492189694634.jpg\",\"contentUrl\":\"https:\\\/\\\/al-anon.org\\\/wp-content\\\/uploads\\\/2017\\\/04\\\/AFGlogo-e1492189694634.jpg\",\"width\":167,\"height\":50,\"caption\":\"Al-Anon Family Group Headquarters, Inc.\"},\"image\":{\"@id\":\"https:\\\/\\\/al-anon.org\\\/es\\\/#\\\/schema\\\/logo\\\/image\\\/\"},\"sameAs\":[\"http:\\\/\\\/www.facebook.com\\\/AlAnonFamilyGroupsWSO\",\"https:\\\/\\\/x.com\\\/AlAnon_WSO\",\"http:\\\/\\\/www.instagram.com\\\/alanon_wso\",\"https:\\\/\\\/www.linkedin.com\\\/company\\\/al-anon-wso\\\/\",\"https:\\\/\\\/www.youtube.com\\\/user\\\/AlAnonFamilyGroupHQ\\\/\"]}]}<\/script>\n<!-- \/ Yoast SEO plugin. -->","yoast_head_json":{"title":"Pa\u00edses que cuentan con una estructura de servicio nacional o una Oficina de Servicios Generales - Al-Anon Family Groups","robots":{"index":"index","follow":"follow","max-snippet":"max-snippet:-1","max-image-preview":"max-image-preview:large","max-video-preview":"max-video-preview:-1"},"canonical":"https:\/\/al-anon.org\/es\/para-los-miembros\/internacional\/paises-que-cuentan-con-una-estructura-de-servicio-nacional-o-una-oficina-de-servicios-generales\/","og_locale":"es_ES","og_type":"article","og_title":"Pa\u00edses que cuentan con una estructura de servicio nacional o una Oficina de Servicios Generales - Al-Anon Family Groups","og_url":"https:\/\/al-anon.org\/es\/para-los-miembros\/internacional\/paises-que-cuentan-con-una-estructura-de-servicio-nacional-o-una-oficina-de-servicios-generales\/","og_site_name":"Al-Anon Family Groups","article_publisher":"http:\/\/www.facebook.com\/AlAnonFamilyGroupsWSO","article_modified_time":"2019-05-14T19:44:42+00:00","twitter_card":"summary_large_image","twitter_site":"@AlAnon_WSO","twitter_misc":{"Tiempo de lectura":"2 minutos"},"schema":{"@context":"https:\/\/schema.org","@graph":[{"@type":"WebPage","@id":"https:\/\/al-anon.org\/es\/para-los-miembros\/internacional\/paises-que-cuentan-con-una-estructura-de-servicio-nacional-o-una-oficina-de-servicios-generales\/","url":"https:\/\/al-anon.org\/es\/para-los-miembros\/internacional\/paises-que-cuentan-con-una-estructura-de-servicio-nacional-o-una-oficina-de-servicios-generales\/","name":"Pa\u00edses que cuentan con una estructura de servicio nacional o una Oficina de Servicios Generales - Al-Anon Family Groups","isPartOf":{"@id":"https:\/\/al-anon.org\/es\/#website"},"datePublished":"2017-10-30T16:21:13+00:00","dateModified":"2019-05-14T19:44:42+00:00","breadcrumb":{"@id":"https:\/\/al-anon.org\/es\/para-los-miembros\/internacional\/paises-que-cuentan-con-una-estructura-de-servicio-nacional-o-una-oficina-de-servicios-generales\/#breadcrumb"},"inLanguage":"es","potentialAction":[{"@type":"ReadAction","target":["https:\/\/al-anon.org\/es\/para-los-miembros\/internacional\/paises-que-cuentan-con-una-estructura-de-servicio-nacional-o-una-oficina-de-servicios-generales\/"]}]},{"@type":"BreadcrumbList","@id":"https:\/\/al-anon.org\/es\/para-los-miembros\/internacional\/paises-que-cuentan-con-una-estructura-de-servicio-nacional-o-una-oficina-de-servicios-generales\/#breadcrumb","itemListElement":[{"@type":"ListItem","position":1,"name":"Para los miembros","item":"https:\/\/al-anon.org\/es\/para-los-miembros\/"},{"@type":"ListItem","position":2,"name":"Internacional","item":"https:\/\/al-anon.org\/es\/para-los-miembros\/internacional\/"},{"@type":"ListItem","position":3,"name":"Pa\u00edses que cuentan con una estructura de servicio nacional o una Oficina de Servicios Generales"}]},{"@type":"WebSite","@id":"https:\/\/al-anon.org\/es\/#website","url":"https:\/\/al-anon.org\/es\/","name":"Al-Anon Family Groups","description":"Help and hope for families and friends of alcoholics","publisher":{"@id":"https:\/\/al-anon.org\/es\/#organization"},"potentialAction":[{"@type":"SearchAction","target":{"@type":"EntryPoint","urlTemplate":"https:\/\/al-anon.org\/es\/?s={search_term_string}"},"query-input":{"@type":"PropertyValueSpecification","valueRequired":true,"valueName":"search_term_string"}}],"inLanguage":"es"},{"@type":"Organization","@id":"https:\/\/al-anon.org\/es\/#organization","name":"Al-Anon Family Group Headquarters, Inc.","url":"https:\/\/al-anon.org\/es\/","logo":{"@type":"ImageObject","inLanguage":"es","@id":"https:\/\/al-anon.org\/es\/#\/schema\/logo\/image\/","url":"https:\/\/al-anon.org\/wp-content\/uploads\/2017\/04\/AFGlogo-e1492189694634.jpg","contentUrl":"https:\/\/al-anon.org\/wp-content\/uploads\/2017\/04\/AFGlogo-e1492189694634.jpg","width":167,"height":50,"caption":"Al-Anon Family Group Headquarters, Inc."},"image":{"@id":"https:\/\/al-anon.org\/es\/#\/schema\/logo\/image\/"},"sameAs":["http:\/\/www.facebook.com\/AlAnonFamilyGroupsWSO","https:\/\/x.com\/AlAnon_WSO","http:\/\/www.instagram.com\/alanon_wso","https:\/\/www.linkedin.com\/company\/al-anon-wso\/","https:\/\/www.youtube.com\/user\/AlAnonFamilyGroupHQ\/"]}]}},"_links":{"self":[{"href":"https:\/\/al-anon.org\/es\/wp-json\/wp\/v2\/pages\/11446","targetHints":{"allow":["GET"]}}],"collection":[{"href":"https:\/\/al-anon.org\/es\/wp-json\/wp\/v2\/pages"}],"about":[{"href":"https:\/\/al-anon.org\/es\/wp-json\/wp\/v2\/types\/page"}],"author":[{"embeddable":true,"href":"https:\/\/al-anon.org\/es\/wp-json\/wp\/v2\/users\/36"}],"replies":[{"embeddable":true,"href":"https:\/\/al-anon.org\/es\/wp-json\/wp\/v2\/comments?post=11446"}],"version-history":[{"count":9,"href":"https:\/\/al-anon.org\/es\/wp-json\/wp\/v2\/pages\/11446\/revisions"}],"predecessor-version":[{"id":24966,"href":"https:\/\/al-anon.org\/es\/wp-json\/wp\/v2\/pages\/11446\/revisions\/24966"}],"up":[{"embeddable":true,"href":"https:\/\/al-anon.org\/es\/wp-json\/wp\/v2\/pages\/12390"}],"wp:attachment":[{"href":"https:\/\/al-anon.org\/es\/wp-json\/wp\/v2\/media?parent=11446"}],"curies":[{"name":"wp","href":"https:\/\/api.w.org\/{rel}","templated":true}]}}