{"id":11434,"date":"2017-10-30T11:08:02","date_gmt":"2017-10-30T15:08:02","guid":{"rendered":"https:\/\/al-anon.org\/?page_id=11434\/"},"modified":"2017-11-30T15:03:35","modified_gmt":"2017-11-30T20:03:35","slug":"paises-con-una-estructura-de-servicio-en-desarrollo","status":"publish","type":"page","link":"https:\/\/al-anon.org\/es\/para-los-miembros\/internacional\/paises-con-una-estructura-de-servicio-en-desarrollo\/","title":{"rendered":"Pa\u00edses con una estructura de servicio en desarrollo"},"content":{"rendered":"<div class=\"fusion-fullwidth fullwidth-box fusion-builder-row-1 nonhundred-percent-fullwidth non-hundred-percent-height-scrolling\" style=\"--awb-border-radius-top-left:0px;--awb-border-radius-top-right:0px;--awb-border-radius-bottom-right:0px;--awb-border-radius-bottom-left:0px;--awb-flex-wrap:wrap;\" ><div class=\"fusion-builder-row fusion-row\"><div class=\"fusion-layout-column fusion_builder_column fusion-builder-column-0 fusion_builder_column_1_1 1_1 fusion-one-full fusion-column-first fusion-column-last\" style=\"--awb-bg-size:cover;\"><div class=\"fusion-column-wrapper fusion-flex-column-wrapper-legacy\"><div class=\"fusion-text fusion-text-1\"><h3 style=\"text-align: center;\">Pa\u00edses con una estructura de servicio en desarrollo<\/h3>\n<\/div><div class=\"fusion-text fusion-text-2\"><p>Las estructuras en desarrollo se definen como pa\u00edses que tienen un Servicio de Informaci\u00f3n de Al\u2011Anon o una estructura de servicio nacional en periodo de prueba. La experiencia ha demostrado que es esencial para el bienestar de los grupos de Al\u2011Anon proveer una estructura de servicio s\u00f3lida. Los pa\u00edses con estructuras en desarrollo se vinculan con la Oficina de Servicio Mundial por medio del Comit\u00e9 de Coordinaci\u00f3n Internacional. Los miembros que viven en pa\u00edses que tienen estructuras en desarrollo deber\u00e1n ponerse en contacto con su estructura cuando tengan preguntas relaciones con el servicio. Para informaci\u00f3n sobre el contacto de su estructura de servicio, visite \u00ab<a href=\"https:\/\/al-anon.org\/es\/reuniones-de-al-anon\/contactos-de-al-anon-a-nivel-mundial\/\">Contactos de Al-Anon a nivel mundial<\/a>\u00bb en el sitio web de la Oficina de Servicio Mundial para la difusi\u00f3n p\u00fablica.<\/p>\n<p><strong>Traducci\u00f3n de Literatura Aprobada por la Conferencia de Al\u2011Anon<\/strong> \u2011 Todas las solicitudes para traducir o reimprimir las publicaciones de la Literatura Aprobada por la Conferencia de Al\u2011Anon deben ser sometidas a la OSM para su revisi\u00f3n y aprobaci\u00f3n <span style=\"text-decoration: underline;\"><strong>antes<\/strong><\/span> de que se conceda el permiso de traducir o reimprimir. Para m\u00e1s informaci\u00f3n, env\u00ede un correo electr\u00f3nico a: <a href=\"mailto:wso@al-anon.org?subject=Internacional\">wso@al-anon.org.<\/a><\/p>\n<p>El permiso para publicar la Literatura Aprobada por la Conferencia se otorga <span style=\"text-decoration: underline;\"><strong>\u00fanicamente<\/strong><\/span> a las entidades nacionales de Servicios Generales de Al\u2011Anon en los pa\u00edses fuera de los Estados Unidos y el Canad\u00e1. En ocasiones, ese permiso se concede a los Comit\u00e9s de Servicio Central de Al\u2011Anon, Centros de Servicio y hasta a un grupo, con una cl\u00e1usula se\u00f1alando que ese derecho de publicaci\u00f3n caducar\u00e1 cuando se establezca una entidad de Servicios Generales de Al\u2011Anon.<\/p>\n<p>Para m\u00e1s informaci\u00f3n, env\u00ede un correo electr\u00f3nico a: <a href=\"mailto:wso@al-anon.org?subject=Internacional\">wso@al-anon.org.<\/a><\/p>\n<\/div><div class=\"fusion-clearfix\"><\/div><\/div><\/div><\/div><\/div>\n","protected":false},"excerpt":{"rendered":"","protected":false},"author":36,"featured_media":0,"parent":12390,"menu_order":0,"comment_status":"closed","ping_status":"closed","template":"","meta":{"footnotes":""},"class_list":["post-11434","page","type-page","status-publish","hentry"],"yoast_head":"<!-- This site is optimized with the Yoast SEO plugin v27.5 - https:\/\/yoast.com\/product\/yoast-seo-wordpress\/ -->\n<title>Pa\u00edses con una estructura de servicio en desarrollo - Al-Anon Family Groups<\/title>\n<meta name=\"robots\" content=\"index, follow, max-snippet:-1, max-image-preview:large, max-video-preview:-1\" \/>\n<link rel=\"canonical\" href=\"https:\/\/al-anon.org\/es\/para-los-miembros\/internacional\/paises-con-una-estructura-de-servicio-en-desarrollo\/\" \/>\n<meta property=\"og:locale\" content=\"es_ES\" \/>\n<meta property=\"og:type\" content=\"article\" \/>\n<meta property=\"og:title\" content=\"Pa\u00edses con una estructura de servicio en desarrollo - Al-Anon Family Groups\" \/>\n<meta property=\"og:url\" content=\"https:\/\/al-anon.org\/es\/para-los-miembros\/internacional\/paises-con-una-estructura-de-servicio-en-desarrollo\/\" \/>\n<meta property=\"og:site_name\" content=\"Al-Anon Family Groups\" \/>\n<meta property=\"article:publisher\" content=\"http:\/\/www.facebook.com\/AlAnonFamilyGroupsWSO\" \/>\n<meta property=\"article:modified_time\" content=\"2017-11-30T20:03:35+00:00\" \/>\n<meta name=\"twitter:card\" content=\"summary_large_image\" \/>\n<meta name=\"twitter:site\" content=\"@AlAnon_WSO\" \/>\n<meta name=\"twitter:label1\" content=\"Tiempo de lectura\" \/>\n\t<meta name=\"twitter:data1\" content=\"2 minutos\" \/>\n<script type=\"application\/ld+json\" class=\"yoast-schema-graph\">{\"@context\":\"https:\\\/\\\/schema.org\",\"@graph\":[{\"@type\":\"WebPage\",\"@id\":\"https:\\\/\\\/al-anon.org\\\/es\\\/para-los-miembros\\\/internacional\\\/paises-con-una-estructura-de-servicio-en-desarrollo\\\/\",\"url\":\"https:\\\/\\\/al-anon.org\\\/es\\\/para-los-miembros\\\/internacional\\\/paises-con-una-estructura-de-servicio-en-desarrollo\\\/\",\"name\":\"Pa\u00edses con una estructura de servicio en desarrollo - Al-Anon Family Groups\",\"isPartOf\":{\"@id\":\"https:\\\/\\\/al-anon.org\\\/es\\\/#website\"},\"datePublished\":\"2017-10-30T15:08:02+00:00\",\"dateModified\":\"2017-11-30T20:03:35+00:00\",\"breadcrumb\":{\"@id\":\"https:\\\/\\\/al-anon.org\\\/es\\\/para-los-miembros\\\/internacional\\\/paises-con-una-estructura-de-servicio-en-desarrollo\\\/#breadcrumb\"},\"inLanguage\":\"es\",\"potentialAction\":[{\"@type\":\"ReadAction\",\"target\":[\"https:\\\/\\\/al-anon.org\\\/es\\\/para-los-miembros\\\/internacional\\\/paises-con-una-estructura-de-servicio-en-desarrollo\\\/\"]}]},{\"@type\":\"BreadcrumbList\",\"@id\":\"https:\\\/\\\/al-anon.org\\\/es\\\/para-los-miembros\\\/internacional\\\/paises-con-una-estructura-de-servicio-en-desarrollo\\\/#breadcrumb\",\"itemListElement\":[{\"@type\":\"ListItem\",\"position\":1,\"name\":\"Para los miembros\",\"item\":\"https:\\\/\\\/al-anon.org\\\/es\\\/para-los-miembros\\\/\"},{\"@type\":\"ListItem\",\"position\":2,\"name\":\"Internacional\",\"item\":\"https:\\\/\\\/al-anon.org\\\/es\\\/para-los-miembros\\\/internacional\\\/\"},{\"@type\":\"ListItem\",\"position\":3,\"name\":\"Pa\u00edses con una estructura de servicio en desarrollo\"}]},{\"@type\":\"WebSite\",\"@id\":\"https:\\\/\\\/al-anon.org\\\/es\\\/#website\",\"url\":\"https:\\\/\\\/al-anon.org\\\/es\\\/\",\"name\":\"Al-Anon Family Groups\",\"description\":\"Help and hope for families and friends of alcoholics\",\"publisher\":{\"@id\":\"https:\\\/\\\/al-anon.org\\\/es\\\/#organization\"},\"potentialAction\":[{\"@type\":\"SearchAction\",\"target\":{\"@type\":\"EntryPoint\",\"urlTemplate\":\"https:\\\/\\\/al-anon.org\\\/es\\\/?s={search_term_string}\"},\"query-input\":{\"@type\":\"PropertyValueSpecification\",\"valueRequired\":true,\"valueName\":\"search_term_string\"}}],\"inLanguage\":\"es\"},{\"@type\":\"Organization\",\"@id\":\"https:\\\/\\\/al-anon.org\\\/es\\\/#organization\",\"name\":\"Al-Anon Family Group Headquarters, Inc.\",\"url\":\"https:\\\/\\\/al-anon.org\\\/es\\\/\",\"logo\":{\"@type\":\"ImageObject\",\"inLanguage\":\"es\",\"@id\":\"https:\\\/\\\/al-anon.org\\\/es\\\/#\\\/schema\\\/logo\\\/image\\\/\",\"url\":\"https:\\\/\\\/al-anon.org\\\/wp-content\\\/uploads\\\/2017\\\/04\\\/AFGlogo-e1492189694634.jpg\",\"contentUrl\":\"https:\\\/\\\/al-anon.org\\\/wp-content\\\/uploads\\\/2017\\\/04\\\/AFGlogo-e1492189694634.jpg\",\"width\":167,\"height\":50,\"caption\":\"Al-Anon Family Group Headquarters, Inc.\"},\"image\":{\"@id\":\"https:\\\/\\\/al-anon.org\\\/es\\\/#\\\/schema\\\/logo\\\/image\\\/\"},\"sameAs\":[\"http:\\\/\\\/www.facebook.com\\\/AlAnonFamilyGroupsWSO\",\"https:\\\/\\\/x.com\\\/AlAnon_WSO\",\"http:\\\/\\\/www.instagram.com\\\/alanon_wso\",\"https:\\\/\\\/www.linkedin.com\\\/company\\\/al-anon-wso\\\/\",\"https:\\\/\\\/www.youtube.com\\\/user\\\/AlAnonFamilyGroupHQ\\\/\"]}]}<\/script>\n<!-- \/ Yoast SEO plugin. -->","yoast_head_json":{"title":"Pa\u00edses con una estructura de servicio en desarrollo - Al-Anon Family Groups","robots":{"index":"index","follow":"follow","max-snippet":"max-snippet:-1","max-image-preview":"max-image-preview:large","max-video-preview":"max-video-preview:-1"},"canonical":"https:\/\/al-anon.org\/es\/para-los-miembros\/internacional\/paises-con-una-estructura-de-servicio-en-desarrollo\/","og_locale":"es_ES","og_type":"article","og_title":"Pa\u00edses con una estructura de servicio en desarrollo - Al-Anon Family Groups","og_url":"https:\/\/al-anon.org\/es\/para-los-miembros\/internacional\/paises-con-una-estructura-de-servicio-en-desarrollo\/","og_site_name":"Al-Anon Family Groups","article_publisher":"http:\/\/www.facebook.com\/AlAnonFamilyGroupsWSO","article_modified_time":"2017-11-30T20:03:35+00:00","twitter_card":"summary_large_image","twitter_site":"@AlAnon_WSO","twitter_misc":{"Tiempo de lectura":"2 minutos"},"schema":{"@context":"https:\/\/schema.org","@graph":[{"@type":"WebPage","@id":"https:\/\/al-anon.org\/es\/para-los-miembros\/internacional\/paises-con-una-estructura-de-servicio-en-desarrollo\/","url":"https:\/\/al-anon.org\/es\/para-los-miembros\/internacional\/paises-con-una-estructura-de-servicio-en-desarrollo\/","name":"Pa\u00edses con una estructura de servicio en desarrollo - Al-Anon Family Groups","isPartOf":{"@id":"https:\/\/al-anon.org\/es\/#website"},"datePublished":"2017-10-30T15:08:02+00:00","dateModified":"2017-11-30T20:03:35+00:00","breadcrumb":{"@id":"https:\/\/al-anon.org\/es\/para-los-miembros\/internacional\/paises-con-una-estructura-de-servicio-en-desarrollo\/#breadcrumb"},"inLanguage":"es","potentialAction":[{"@type":"ReadAction","target":["https:\/\/al-anon.org\/es\/para-los-miembros\/internacional\/paises-con-una-estructura-de-servicio-en-desarrollo\/"]}]},{"@type":"BreadcrumbList","@id":"https:\/\/al-anon.org\/es\/para-los-miembros\/internacional\/paises-con-una-estructura-de-servicio-en-desarrollo\/#breadcrumb","itemListElement":[{"@type":"ListItem","position":1,"name":"Para los miembros","item":"https:\/\/al-anon.org\/es\/para-los-miembros\/"},{"@type":"ListItem","position":2,"name":"Internacional","item":"https:\/\/al-anon.org\/es\/para-los-miembros\/internacional\/"},{"@type":"ListItem","position":3,"name":"Pa\u00edses con una estructura de servicio en desarrollo"}]},{"@type":"WebSite","@id":"https:\/\/al-anon.org\/es\/#website","url":"https:\/\/al-anon.org\/es\/","name":"Al-Anon Family Groups","description":"Help and hope for families and friends of alcoholics","publisher":{"@id":"https:\/\/al-anon.org\/es\/#organization"},"potentialAction":[{"@type":"SearchAction","target":{"@type":"EntryPoint","urlTemplate":"https:\/\/al-anon.org\/es\/?s={search_term_string}"},"query-input":{"@type":"PropertyValueSpecification","valueRequired":true,"valueName":"search_term_string"}}],"inLanguage":"es"},{"@type":"Organization","@id":"https:\/\/al-anon.org\/es\/#organization","name":"Al-Anon Family Group Headquarters, Inc.","url":"https:\/\/al-anon.org\/es\/","logo":{"@type":"ImageObject","inLanguage":"es","@id":"https:\/\/al-anon.org\/es\/#\/schema\/logo\/image\/","url":"https:\/\/al-anon.org\/wp-content\/uploads\/2017\/04\/AFGlogo-e1492189694634.jpg","contentUrl":"https:\/\/al-anon.org\/wp-content\/uploads\/2017\/04\/AFGlogo-e1492189694634.jpg","width":167,"height":50,"caption":"Al-Anon Family Group Headquarters, Inc."},"image":{"@id":"https:\/\/al-anon.org\/es\/#\/schema\/logo\/image\/"},"sameAs":["http:\/\/www.facebook.com\/AlAnonFamilyGroupsWSO","https:\/\/x.com\/AlAnon_WSO","http:\/\/www.instagram.com\/alanon_wso","https:\/\/www.linkedin.com\/company\/al-anon-wso\/","https:\/\/www.youtube.com\/user\/AlAnonFamilyGroupHQ\/"]}]}},"_links":{"self":[{"href":"https:\/\/al-anon.org\/es\/wp-json\/wp\/v2\/pages\/11434","targetHints":{"allow":["GET"]}}],"collection":[{"href":"https:\/\/al-anon.org\/es\/wp-json\/wp\/v2\/pages"}],"about":[{"href":"https:\/\/al-anon.org\/es\/wp-json\/wp\/v2\/types\/page"}],"author":[{"embeddable":true,"href":"https:\/\/al-anon.org\/es\/wp-json\/wp\/v2\/users\/36"}],"replies":[{"embeddable":true,"href":"https:\/\/al-anon.org\/es\/wp-json\/wp\/v2\/comments?post=11434"}],"version-history":[{"count":8,"href":"https:\/\/al-anon.org\/es\/wp-json\/wp\/v2\/pages\/11434\/revisions"}],"predecessor-version":[{"id":12779,"href":"https:\/\/al-anon.org\/es\/wp-json\/wp\/v2\/pages\/11434\/revisions\/12779"}],"up":[{"embeddable":true,"href":"https:\/\/al-anon.org\/es\/wp-json\/wp\/v2\/pages\/12390"}],"wp:attachment":[{"href":"https:\/\/al-anon.org\/es\/wp-json\/wp\/v2\/media?parent=11434"}],"curies":[{"name":"wp","href":"https:\/\/api.w.org\/{rel}","templated":true}]}}