{"id":10289,"date":"2017-10-23T17:23:49","date_gmt":"2017-10-23T21:23:49","guid":{"rendered":"https:\/\/al-anon.org\/?page_id=10289\/"},"modified":"2019-05-14T12:52:50","modified_gmt":"2019-05-14T16:52:50","slug":"alateen","status":"publish","type":"page","link":"https:\/\/al-anon.org\/es\/para-los-miembros\/recursos-para-los-grupos\/alateen\/","title":{"rendered":"Alateen"},"content":{"rendered":"<div class=\"fusion-fullwidth fullwidth-box fusion-builder-row-1 nonhundred-percent-fullwidth non-hundred-percent-height-scrolling\" style=\"--awb-border-radius-top-left:0px;--awb-border-radius-top-right:0px;--awb-border-radius-bottom-right:0px;--awb-border-radius-bottom-left:0px;--awb-flex-wrap:wrap;\" ><div class=\"fusion-builder-row fusion-row\"><div class=\"fusion-layout-column fusion_builder_column fusion-builder-column-0 fusion_builder_column_1_1 1_1 fusion-one-full fusion-column-first fusion-column-last\" style=\"--awb-bg-size:cover;\"><div class=\"fusion-column-wrapper fusion-flex-column-wrapper-legacy\"><div class=\"fusion-title title fusion-title-1 fusion-sep-none fusion-title-center fusion-title-text fusion-title-size-two\" style=\"--awb-margin-top-small:0px;--awb-margin-right-small:0px;--awb-margin-bottom-small:20px;--awb-margin-left-small:0px;\"><h2 class=\"fusion-title-heading title-heading-center fusion-responsive-typography-calculated\" style=\"margin:0;--fontSize:35;line-height:1.29;\"><h2>\u00a1Bienvenido a la p\u00e1gina de inicio de \u00abAlateen\u00bb!<\/h2>\n<p>&nbsp;<\/p><\/h2><\/div><div class=\"fusion-text fusion-text-1\"><p>Alateen, para los familiares y amigos m\u00e1s j\u00f3venes, es parte de Grupos de Familia Al\u2011Anon. Los materiales que se incluyen en esta secci\u00f3n brindan informaci\u00f3n \u00fatil para empezar un grupo de Alateen y servir en un grupo, as\u00ed como ideas para las reuniones para los miembros de Alateen. Escoja un tema y empiece a navegar.<\/p>\n<p>&nbsp;<\/p>\n<\/div><div class=\"fusion-clearfix\"><\/div><\/div><\/div><div class=\"fusion-layout-column fusion_builder_column fusion-builder-column-1 fusion_builder_column_1_2 1_2 fusion-one-half fusion-column-first\" style=\"--awb-bg-size:cover;--awb-margin-bottom:15px;width:48%; margin-right: 4%;\"><div class=\"fusion-column-wrapper fusion-flex-column-wrapper-legacy\"><div class=\"fusion-image-element fusion-image-align-center in-legacy-container\" style=\"text-align:center;--awb-caption-title-font-family:var(--h2_typography-font-family);--awb-caption-title-font-weight:var(--h2_typography-font-weight);--awb-caption-title-font-style:var(--h2_typography-font-style);--awb-caption-title-size:var(--h2_typography-font-size);--awb-caption-title-transform:var(--h2_typography-text-transform);--awb-caption-title-line-height:var(--h2_typography-line-height);--awb-caption-title-letter-spacing:var(--h2_typography-letter-spacing);\"><div class=\"imageframe-align-center\"><span class=\" fusion-imageframe imageframe-none imageframe-1 hover-type-none homepage-push-img\"><img decoding=\"async\" width=\"1200\" height=\"400\" alt=\"Alateen participation in events\" title=\"olderteens\" src=\"\/wp-content\/uploads\/olderteens-1200x400.jpg\" class=\"img-responsive wp-image-21818\" srcset=\"https:\/\/al-anon.org\/wp-content\/uploads\/olderteens-200x67.jpg 200w, https:\/\/al-anon.org\/wp-content\/uploads\/olderteens-400x133.jpg 400w, https:\/\/al-anon.org\/wp-content\/uploads\/olderteens-600x200.jpg 600w, https:\/\/al-anon.org\/wp-content\/uploads\/olderteens-800x267.jpg 800w, https:\/\/al-anon.org\/wp-content\/uploads\/olderteens.jpg 1200w\" sizes=\"(max-width: 950px) 100vw, 800px\" \/><\/span><\/div><\/div><div class=\"fusion-text fusion-text-2\"><h4 style=\"text-align: center;\"><a href=\"https:\/\/al-anon.org\/es\/para-los-miembros\/recursos-para-los-grupos\/alateen\/participacion-de-alateen-en-eventos\/\"><strong>Participaci\u00f3n de Alateen en eventos<\/strong><\/a><\/h4>\n<\/div><div class=\"fusion-clearfix\"><\/div><\/div><\/div><div class=\"fusion-layout-column fusion_builder_column fusion-builder-column-2 fusion_builder_column_1_2 1_2 fusion-one-half fusion-column-last\" style=\"--awb-bg-size:cover;--awb-margin-bottom:15px;width:48%;\"><div class=\"fusion-column-wrapper fusion-flex-column-wrapper-legacy\"><div class=\"fusion-image-element fusion-image-align-center in-legacy-container\" style=\"text-align:center;--awb-caption-title-font-family:var(--h2_typography-font-family);--awb-caption-title-font-weight:var(--h2_typography-font-weight);--awb-caption-title-font-style:var(--h2_typography-font-style);--awb-caption-title-size:var(--h2_typography-font-size);--awb-caption-title-transform:var(--h2_typography-text-transform);--awb-caption-title-line-height:var(--h2_typography-line-height);--awb-caption-title-letter-spacing:var(--h2_typography-letter-spacing);\"><div class=\"imageframe-align-center\"><span class=\" fusion-imageframe imageframe-none imageframe-2 hover-type-none homepage-push-img\"><img decoding=\"async\" width=\"1200\" height=\"400\" alt=\"Starting an Alateen Group\" title=\"Literature-alateen\" src=\"\/wp-content\/uploads\/Literature-alateen-1200x400.jpg\" class=\"img-responsive wp-image-22396\" srcset=\"https:\/\/al-anon.org\/wp-content\/uploads\/Literature-alateen-200x67.jpg 200w, https:\/\/al-anon.org\/wp-content\/uploads\/Literature-alateen-400x133.jpg 400w, https:\/\/al-anon.org\/wp-content\/uploads\/Literature-alateen-600x200.jpg 600w, https:\/\/al-anon.org\/wp-content\/uploads\/Literature-alateen-800x267.jpg 800w, https:\/\/al-anon.org\/wp-content\/uploads\/Literature-alateen.jpg 1200w\" sizes=\"(max-width: 950px) 100vw, 800px\" \/><\/span><\/div><\/div><div class=\"fusion-text fusion-text-3\"><h4 style=\"text-align: center;\"><a href=\"https:\/\/al-anon.org\/es\/para-los-miembros\/recursos-para-los-grupos\/alateen\/para-empezar-un-grupo-de-alateen\/\"><strong>Para empezar un grupo de Alateen<\/strong><\/a><\/h4>\n<\/div><div class=\"fusion-clearfix\"><\/div><\/div><\/div><\/div><\/div>\n","protected":false},"excerpt":{"rendered":"","protected":false},"author":36,"featured_media":9777,"parent":10284,"menu_order":0,"comment_status":"closed","ping_status":"closed","template":"","meta":{"footnotes":""},"class_list":["post-10289","page","type-page","status-publish","has-post-thumbnail","hentry"],"yoast_head":"<!-- This site is optimized with the Yoast SEO plugin v27.5 - https:\/\/yoast.com\/product\/yoast-seo-wordpress\/ -->\n<title>Alateen - Al-Anon Family Groups<\/title>\n<meta name=\"description\" content=\"Los materiales que se incluyen en esta secci\u00f3n brindan informaci\u00f3n \u00fatil para empezar un grupo de Alateen y servir en un grupo, as\u00ed como ideas para las reuniones para los miembros de Alateen.\" \/>\n<meta name=\"robots\" content=\"index, follow, max-snippet:-1, max-image-preview:large, max-video-preview:-1\" \/>\n<link rel=\"canonical\" href=\"https:\/\/al-anon.org\/es\/para-los-miembros\/recursos-para-los-grupos\/alateen\/\" \/>\n<meta property=\"og:locale\" content=\"es_ES\" \/>\n<meta property=\"og:type\" content=\"article\" \/>\n<meta property=\"og:title\" content=\"Alateen - Al-Anon Family Groups\" \/>\n<meta property=\"og:description\" content=\"Los materiales que se incluyen en esta secci\u00f3n brindan informaci\u00f3n \u00fatil para empezar un grupo de Alateen y servir en un grupo, as\u00ed como ideas para las reuniones para los miembros de Alateen.\" \/>\n<meta property=\"og:url\" content=\"https:\/\/al-anon.org\/es\/para-los-miembros\/recursos-para-los-grupos\/alateen\/\" \/>\n<meta property=\"og:site_name\" content=\"Al-Anon Family Groups\" \/>\n<meta property=\"article:publisher\" content=\"http:\/\/www.facebook.com\/AlAnonFamilyGroupsWSO\" \/>\n<meta property=\"article:modified_time\" content=\"2019-05-14T16:52:50+00:00\" \/>\n<meta property=\"og:image\" content=\"https:\/\/al-anon.org\/wp-content\/uploads\/teens.jpg\" \/>\n\t<meta property=\"og:image:width\" content=\"1200\" \/>\n\t<meta property=\"og:image:height\" content=\"419\" \/>\n\t<meta property=\"og:image:type\" content=\"image\/jpeg\" \/>\n<meta name=\"twitter:card\" content=\"summary_large_image\" \/>\n<meta name=\"twitter:site\" content=\"@AlAnon_WSO\" \/>\n<meta name=\"twitter:label1\" content=\"Tiempo de lectura\" \/>\n\t<meta name=\"twitter:data1\" content=\"3 minutos\" \/>\n<script type=\"application\/ld+json\" class=\"yoast-schema-graph\">{\"@context\":\"https:\\\/\\\/schema.org\",\"@graph\":[{\"@type\":\"WebPage\",\"@id\":\"https:\\\/\\\/al-anon.org\\\/es\\\/para-los-miembros\\\/recursos-para-los-grupos\\\/alateen\\\/\",\"url\":\"https:\\\/\\\/al-anon.org\\\/es\\\/para-los-miembros\\\/recursos-para-los-grupos\\\/alateen\\\/\",\"name\":\"Alateen - Al-Anon Family Groups\",\"isPartOf\":{\"@id\":\"https:\\\/\\\/al-anon.org\\\/es\\\/#website\"},\"primaryImageOfPage\":{\"@id\":\"https:\\\/\\\/al-anon.org\\\/es\\\/para-los-miembros\\\/recursos-para-los-grupos\\\/alateen\\\/#primaryimage\"},\"image\":{\"@id\":\"https:\\\/\\\/al-anon.org\\\/es\\\/para-los-miembros\\\/recursos-para-los-grupos\\\/alateen\\\/#primaryimage\"},\"thumbnailUrl\":\"https:\\\/\\\/al-anon.org\\\/wp-content\\\/uploads\\\/teens.jpg\",\"datePublished\":\"2017-10-23T21:23:49+00:00\",\"dateModified\":\"2019-05-14T16:52:50+00:00\",\"description\":\"Los materiales que se incluyen en esta secci\u00f3n brindan informaci\u00f3n \u00fatil para empezar un grupo de Alateen y servir en un grupo, as\u00ed como ideas para las reuniones para los miembros de Alateen.\",\"breadcrumb\":{\"@id\":\"https:\\\/\\\/al-anon.org\\\/es\\\/para-los-miembros\\\/recursos-para-los-grupos\\\/alateen\\\/#breadcrumb\"},\"inLanguage\":\"es\",\"potentialAction\":[{\"@type\":\"ReadAction\",\"target\":[\"https:\\\/\\\/al-anon.org\\\/es\\\/para-los-miembros\\\/recursos-para-los-grupos\\\/alateen\\\/\"]}]},{\"@type\":\"ImageObject\",\"inLanguage\":\"es\",\"@id\":\"https:\\\/\\\/al-anon.org\\\/es\\\/para-los-miembros\\\/recursos-para-los-grupos\\\/alateen\\\/#primaryimage\",\"url\":\"https:\\\/\\\/al-anon.org\\\/wp-content\\\/uploads\\\/teens.jpg\",\"contentUrl\":\"https:\\\/\\\/al-anon.org\\\/wp-content\\\/uploads\\\/teens.jpg\",\"width\":1200,\"height\":419},{\"@type\":\"BreadcrumbList\",\"@id\":\"https:\\\/\\\/al-anon.org\\\/es\\\/para-los-miembros\\\/recursos-para-los-grupos\\\/alateen\\\/#breadcrumb\",\"itemListElement\":[{\"@type\":\"ListItem\",\"position\":1,\"name\":\"Para los miembros\",\"item\":\"https:\\\/\\\/al-anon.org\\\/es\\\/para-los-miembros\\\/\"},{\"@type\":\"ListItem\",\"position\":2,\"name\":\"Recursos para los grupos\",\"item\":\"https:\\\/\\\/al-anon.org\\\/es\\\/para-los-miembros\\\/recursos-para-los-grupos\\\/\"},{\"@type\":\"ListItem\",\"position\":3,\"name\":\"Alateen\"}]},{\"@type\":\"WebSite\",\"@id\":\"https:\\\/\\\/al-anon.org\\\/es\\\/#website\",\"url\":\"https:\\\/\\\/al-anon.org\\\/es\\\/\",\"name\":\"Al-Anon Family Groups\",\"description\":\"Help and hope for families and friends of alcoholics\",\"publisher\":{\"@id\":\"https:\\\/\\\/al-anon.org\\\/es\\\/#organization\"},\"potentialAction\":[{\"@type\":\"SearchAction\",\"target\":{\"@type\":\"EntryPoint\",\"urlTemplate\":\"https:\\\/\\\/al-anon.org\\\/es\\\/?s={search_term_string}\"},\"query-input\":{\"@type\":\"PropertyValueSpecification\",\"valueRequired\":true,\"valueName\":\"search_term_string\"}}],\"inLanguage\":\"es\"},{\"@type\":\"Organization\",\"@id\":\"https:\\\/\\\/al-anon.org\\\/es\\\/#organization\",\"name\":\"Al-Anon Family Group Headquarters, Inc.\",\"url\":\"https:\\\/\\\/al-anon.org\\\/es\\\/\",\"logo\":{\"@type\":\"ImageObject\",\"inLanguage\":\"es\",\"@id\":\"https:\\\/\\\/al-anon.org\\\/es\\\/#\\\/schema\\\/logo\\\/image\\\/\",\"url\":\"https:\\\/\\\/al-anon.org\\\/wp-content\\\/uploads\\\/2017\\\/04\\\/AFGlogo-e1492189694634.jpg\",\"contentUrl\":\"https:\\\/\\\/al-anon.org\\\/wp-content\\\/uploads\\\/2017\\\/04\\\/AFGlogo-e1492189694634.jpg\",\"width\":167,\"height\":50,\"caption\":\"Al-Anon Family Group Headquarters, Inc.\"},\"image\":{\"@id\":\"https:\\\/\\\/al-anon.org\\\/es\\\/#\\\/schema\\\/logo\\\/image\\\/\"},\"sameAs\":[\"http:\\\/\\\/www.facebook.com\\\/AlAnonFamilyGroupsWSO\",\"https:\\\/\\\/x.com\\\/AlAnon_WSO\",\"http:\\\/\\\/www.instagram.com\\\/alanon_wso\",\"https:\\\/\\\/www.linkedin.com\\\/company\\\/al-anon-wso\\\/\",\"https:\\\/\\\/www.youtube.com\\\/user\\\/AlAnonFamilyGroupHQ\\\/\"]}]}<\/script>\n<!-- \/ Yoast SEO plugin. -->","yoast_head_json":{"title":"Alateen - Al-Anon Family Groups","description":"Los materiales que se incluyen en esta secci\u00f3n brindan informaci\u00f3n \u00fatil para empezar un grupo de Alateen y servir en un grupo, as\u00ed como ideas para las reuniones para los miembros de Alateen.","robots":{"index":"index","follow":"follow","max-snippet":"max-snippet:-1","max-image-preview":"max-image-preview:large","max-video-preview":"max-video-preview:-1"},"canonical":"https:\/\/al-anon.org\/es\/para-los-miembros\/recursos-para-los-grupos\/alateen\/","og_locale":"es_ES","og_type":"article","og_title":"Alateen - Al-Anon Family Groups","og_description":"Los materiales que se incluyen en esta secci\u00f3n brindan informaci\u00f3n \u00fatil para empezar un grupo de Alateen y servir en un grupo, as\u00ed como ideas para las reuniones para los miembros de Alateen.","og_url":"https:\/\/al-anon.org\/es\/para-los-miembros\/recursos-para-los-grupos\/alateen\/","og_site_name":"Al-Anon Family Groups","article_publisher":"http:\/\/www.facebook.com\/AlAnonFamilyGroupsWSO","article_modified_time":"2019-05-14T16:52:50+00:00","og_image":[{"width":1200,"height":419,"url":"https:\/\/al-anon.org\/wp-content\/uploads\/teens.jpg","type":"image\/jpeg"}],"twitter_card":"summary_large_image","twitter_site":"@AlAnon_WSO","twitter_misc":{"Tiempo de lectura":"3 minutos"},"schema":{"@context":"https:\/\/schema.org","@graph":[{"@type":"WebPage","@id":"https:\/\/al-anon.org\/es\/para-los-miembros\/recursos-para-los-grupos\/alateen\/","url":"https:\/\/al-anon.org\/es\/para-los-miembros\/recursos-para-los-grupos\/alateen\/","name":"Alateen - Al-Anon Family Groups","isPartOf":{"@id":"https:\/\/al-anon.org\/es\/#website"},"primaryImageOfPage":{"@id":"https:\/\/al-anon.org\/es\/para-los-miembros\/recursos-para-los-grupos\/alateen\/#primaryimage"},"image":{"@id":"https:\/\/al-anon.org\/es\/para-los-miembros\/recursos-para-los-grupos\/alateen\/#primaryimage"},"thumbnailUrl":"https:\/\/al-anon.org\/wp-content\/uploads\/teens.jpg","datePublished":"2017-10-23T21:23:49+00:00","dateModified":"2019-05-14T16:52:50+00:00","description":"Los materiales que se incluyen en esta secci\u00f3n brindan informaci\u00f3n \u00fatil para empezar un grupo de Alateen y servir en un grupo, as\u00ed como ideas para las reuniones para los miembros de Alateen.","breadcrumb":{"@id":"https:\/\/al-anon.org\/es\/para-los-miembros\/recursos-para-los-grupos\/alateen\/#breadcrumb"},"inLanguage":"es","potentialAction":[{"@type":"ReadAction","target":["https:\/\/al-anon.org\/es\/para-los-miembros\/recursos-para-los-grupos\/alateen\/"]}]},{"@type":"ImageObject","inLanguage":"es","@id":"https:\/\/al-anon.org\/es\/para-los-miembros\/recursos-para-los-grupos\/alateen\/#primaryimage","url":"https:\/\/al-anon.org\/wp-content\/uploads\/teens.jpg","contentUrl":"https:\/\/al-anon.org\/wp-content\/uploads\/teens.jpg","width":1200,"height":419},{"@type":"BreadcrumbList","@id":"https:\/\/al-anon.org\/es\/para-los-miembros\/recursos-para-los-grupos\/alateen\/#breadcrumb","itemListElement":[{"@type":"ListItem","position":1,"name":"Para los miembros","item":"https:\/\/al-anon.org\/es\/para-los-miembros\/"},{"@type":"ListItem","position":2,"name":"Recursos para los grupos","item":"https:\/\/al-anon.org\/es\/para-los-miembros\/recursos-para-los-grupos\/"},{"@type":"ListItem","position":3,"name":"Alateen"}]},{"@type":"WebSite","@id":"https:\/\/al-anon.org\/es\/#website","url":"https:\/\/al-anon.org\/es\/","name":"Al-Anon Family Groups","description":"Help and hope for families and friends of alcoholics","publisher":{"@id":"https:\/\/al-anon.org\/es\/#organization"},"potentialAction":[{"@type":"SearchAction","target":{"@type":"EntryPoint","urlTemplate":"https:\/\/al-anon.org\/es\/?s={search_term_string}"},"query-input":{"@type":"PropertyValueSpecification","valueRequired":true,"valueName":"search_term_string"}}],"inLanguage":"es"},{"@type":"Organization","@id":"https:\/\/al-anon.org\/es\/#organization","name":"Al-Anon Family Group Headquarters, Inc.","url":"https:\/\/al-anon.org\/es\/","logo":{"@type":"ImageObject","inLanguage":"es","@id":"https:\/\/al-anon.org\/es\/#\/schema\/logo\/image\/","url":"https:\/\/al-anon.org\/wp-content\/uploads\/2017\/04\/AFGlogo-e1492189694634.jpg","contentUrl":"https:\/\/al-anon.org\/wp-content\/uploads\/2017\/04\/AFGlogo-e1492189694634.jpg","width":167,"height":50,"caption":"Al-Anon Family Group Headquarters, Inc."},"image":{"@id":"https:\/\/al-anon.org\/es\/#\/schema\/logo\/image\/"},"sameAs":["http:\/\/www.facebook.com\/AlAnonFamilyGroupsWSO","https:\/\/x.com\/AlAnon_WSO","http:\/\/www.instagram.com\/alanon_wso","https:\/\/www.linkedin.com\/company\/al-anon-wso\/","https:\/\/www.youtube.com\/user\/AlAnonFamilyGroupHQ\/"]}]}},"_links":{"self":[{"href":"https:\/\/al-anon.org\/es\/wp-json\/wp\/v2\/pages\/10289","targetHints":{"allow":["GET"]}}],"collection":[{"href":"https:\/\/al-anon.org\/es\/wp-json\/wp\/v2\/pages"}],"about":[{"href":"https:\/\/al-anon.org\/es\/wp-json\/wp\/v2\/types\/page"}],"author":[{"embeddable":true,"href":"https:\/\/al-anon.org\/es\/wp-json\/wp\/v2\/users\/36"}],"replies":[{"embeddable":true,"href":"https:\/\/al-anon.org\/es\/wp-json\/wp\/v2\/comments?post=10289"}],"version-history":[{"count":9,"href":"https:\/\/al-anon.org\/es\/wp-json\/wp\/v2\/pages\/10289\/revisions"}],"predecessor-version":[{"id":24928,"href":"https:\/\/al-anon.org\/es\/wp-json\/wp\/v2\/pages\/10289\/revisions\/24928"}],"up":[{"embeddable":true,"href":"https:\/\/al-anon.org\/es\/wp-json\/wp\/v2\/pages\/10284"}],"wp:featuredmedia":[{"embeddable":true,"href":"https:\/\/al-anon.org\/es\/wp-json\/wp\/v2\/media\/9777"}],"wp:attachment":[{"href":"https:\/\/al-anon.org\/es\/wp-json\/wp\/v2\/media?parent=10289"}],"curies":[{"name":"wp","href":"https:\/\/api.w.org\/{rel}","templated":true}]}}